{"id":389,"date":"2017-09-27T13:47:40","date_gmt":"2017-09-27T11:47:40","guid":{"rendered":"https:\/\/webs.uab.cat\/erdisc\/projectes\/"},"modified":"2023-10-30T13:41:16","modified_gmt":"2023-10-30T11:41:16","slug":"projectes","status":"publish","type":"page","link":"https:\/\/webs.uab.cat\/erdisc\/projectes\/","title":{"rendered":"Projectes"},"content":{"rendered":"\n<h2 class=\"wp-block-heading alignwide\"><strong>Diversitat cultural i intercultural<\/strong><\/h2>\n\n\n\n<div class=\"wp-block-columns alignwide is-layout-flex wp-container-core-columns-is-layout-9d6595d7 wp-block-columns-is-layout-flex\">\n<div class=\"wp-block-column is-layout-flow wp-block-column-is-layout-flow\">\n<figure class=\"wp-block-image size-large\"><a href=\"https:\/\/www.sirius-migrationeducation.org\/sirius-3-0-project\/\" target=\"_blank\" rel=\"noopener\"><img loading=\"lazy\" decoding=\"async\" width=\"1024\" height=\"361\" src=\"https:\/\/webs.uab.cat\/erdisc\/wp-content\/uploads\/sites\/359\/2023\/10\/Sirius-3.0-1-1024x361.png\" alt=\"\" class=\"wp-image-1968\" srcset=\"https:\/\/webs.uab.cat\/erdisc\/wp-content\/uploads\/sites\/359\/2023\/10\/Sirius-3.0-1-1024x361.png 1024w, https:\/\/webs.uab.cat\/erdisc\/wp-content\/uploads\/sites\/359\/2023\/10\/Sirius-3.0-1-300x106.png 300w, https:\/\/webs.uab.cat\/erdisc\/wp-content\/uploads\/sites\/359\/2023\/10\/Sirius-3.0-1-768x271.png 768w, https:\/\/webs.uab.cat\/erdisc\/wp-content\/uploads\/sites\/359\/2023\/10\/Sirius-3.0-1-1536x541.png 1536w, https:\/\/webs.uab.cat\/erdisc\/wp-content\/uploads\/sites\/359\/2023\/10\/Sirius-3.0-1-1200x423.png 1200w, https:\/\/webs.uab.cat\/erdisc\/wp-content\/uploads\/sites\/359\/2023\/10\/Sirius-3.0-1.png 1563w\" sizes=\"auto, (max-width: 1024px) 100vw, 1024px\" \/><\/a><\/figure>\n\n\n\n<figure class=\"wp-block-image size-full\"><a href=\"https:\/\/afersreligiosos.gencat.cat\/ca\/inici\/index.html\" target=\"_blank\" rel=\"noreferrer noopener\"><img loading=\"lazy\" decoding=\"async\" width=\"643\" height=\"227\" src=\"https:\/\/webs.uab.cat\/erdisc\/wp-content\/uploads\/sites\/359\/2023\/10\/RELIG23.jpg\" alt=\"\" class=\"wp-image-1944\" srcset=\"https:\/\/webs.uab.cat\/erdisc\/wp-content\/uploads\/sites\/359\/2023\/10\/RELIG23.jpg 643w, https:\/\/webs.uab.cat\/erdisc\/wp-content\/uploads\/sites\/359\/2023\/10\/RELIG23-300x106.jpg 300w\" sizes=\"auto, (max-width: 643px) 100vw, 643px\" \/><\/a><\/figure>\n<\/div>\n\n\n\n<div class=\"wp-block-column is-layout-flow wp-block-column-is-layout-flow\">\n<figure class=\"wp-block-image size-full\"><a href=\"https:\/\/education.ec.europa.eu\/\" target=\"_blank\" rel=\"noreferrer noopener\"><img loading=\"lazy\" decoding=\"async\" width=\"643\" height=\"227\" src=\"https:\/\/webs.uab.cat\/erdisc\/wp-content\/uploads\/sites\/359\/2023\/10\/ELNE.jpg\" alt=\"\" class=\"wp-image-1940\" srcset=\"https:\/\/webs.uab.cat\/erdisc\/wp-content\/uploads\/sites\/359\/2023\/10\/ELNE.jpg 643w, https:\/\/webs.uab.cat\/erdisc\/wp-content\/uploads\/sites\/359\/2023\/10\/ELNE-300x106.jpg 300w\" sizes=\"auto, (max-width: 643px) 100vw, 643px\" \/><\/a><\/figure>\n\n\n\n<figure class=\"wp-block-image size-full\"><a href=\"https:\/\/slidomigration.eu\/en\/accueil-english\/\" target=\"_blank\" rel=\"noopener\"><img loading=\"lazy\" decoding=\"async\" width=\"643\" height=\"227\" src=\"https:\/\/webs.uab.cat\/erdisc\/wp-content\/uploads\/sites\/359\/2023\/07\/SlidingDoors.jpg\" alt=\"Projecte de recerca que t\u00e9 com a objectiu analitzar els processos d'integraci\u00f3 de les persones migrants des d'una perspectiva sociohist\u00f2rica \u00e0mplia. El projecte es tracta doncs d'entendre aquestes q\u00fcestions combinant treball acad\u00e8mic i societat civil i implicant els habitants de nou pa\u00efsos europeus per tal de fer, al final del projecte, recomanacions a les diferents institucions europees.\" class=\"wp-image-1708\" srcset=\"https:\/\/webs.uab.cat\/erdisc\/wp-content\/uploads\/sites\/359\/2023\/07\/SlidingDoors.jpg 643w, https:\/\/webs.uab.cat\/erdisc\/wp-content\/uploads\/sites\/359\/2023\/07\/SlidingDoors-300x106.jpg 300w\" sizes=\"auto, (max-width: 643px) 100vw, 643px\" \/><\/a><\/figure>\n<\/div>\n<\/div>\n\n\n\n<div class=\"wp-block-buttons is-content-justification-center is-layout-flex wp-container-core-buttons-is-layout-16018d1d wp-block-buttons-is-layout-flex\">\n<div class=\"wp-block-button has-custom-font-size is-style-outline has-normal-font-size is-style-outline--1\"><a class=\"wp-block-button__link wp-element-button\" href=\"https:\/\/webs.uab.cat\/erdisc\/projectes\/projectes-finalitzats\/\" target=\"_blank\" rel=\"noreferrer noopener\">projectes ANTERIORS<\/a><\/div>\n<\/div>\n\n\n\n<h2 class=\"wp-block-heading alignwide\"><strong>Educaci\u00f3 inclusiva i comunit\u00e0ria<\/strong><\/h2>\n\n\n\n<div class=\"wp-block-columns alignwide is-layout-flex wp-container-core-columns-is-layout-9d6595d7 wp-block-columns-is-layout-flex\">\n<div class=\"wp-block-column is-layout-flow wp-block-column-is-layout-flow\">\n<figure class=\"wp-block-image size-full\"><a href=\"https:\/\/www.zabala.eu\/projects\/lets-care\/\" target=\"_blank\" rel=\"noopener\"><img loading=\"lazy\" decoding=\"async\" width=\"643\" height=\"227\" src=\"https:\/\/webs.uab.cat\/erdisc\/wp-content\/uploads\/sites\/359\/2023\/07\/Letscare-4.jpg\" alt=\"Projecte que pret\u00e9n millorar la dimensi\u00f3 de la cura de la inclusi\u00f3 educativa i \u00e8xit escolar; identificar els determinants que afecten la seguretat dels estudiants com a causa arrel del baix rendiment, desvinculaci\u00f3 i deserci\u00f3 escolar, en 4 nivells diferents: individual, relacional, comunitari i pol\u00edtic.\nEs tracta d'una investigaci\u00f3 multinivell, multifase i interseccional, que explora diferents contextos educatius europeus. S'implementar\u00e0 a 120 escoles, 18.000 alumnes i 2.400 professors de 6 pa\u00efsos europeus en 4 etapes escolars, amb especial atenci\u00f3 als estudiants amb m\u00faltiples desavantatges. LETS CARE, amb el suport d'un consorci d'experts, implementar\u00e0 un enfocament metodol\u00f2gic hol\u00edstic, incloent-hi mecanismes de cocreaci\u00f3, i traduir\u00e0 les troballes de la investigaci\u00f3 en un enfocament pol\u00edtic, mitjan\u00e7ant la formulaci\u00f3 de pol\u00edtiques noves basades en l'evid\u00e8ncia, la sensibilitzaci\u00f3 sobre les escoles segures i la lluita contra l'exclusi\u00f3 social dels alumnes desafavorits.\" class=\"wp-image-1654\" srcset=\"https:\/\/webs.uab.cat\/erdisc\/wp-content\/uploads\/sites\/359\/2023\/07\/Letscare-4.jpg 643w, https:\/\/webs.uab.cat\/erdisc\/wp-content\/uploads\/sites\/359\/2023\/07\/Letscare-4-300x106.jpg 300w\" sizes=\"auto, (max-width: 643px) 100vw, 643px\" \/><\/a><\/figure>\n\n\n\n<figure class=\"wp-block-image size-full\"><img loading=\"lazy\" decoding=\"async\" width=\"643\" height=\"227\" src=\"https:\/\/webs.uab.cat\/erdisc\/wp-content\/uploads\/sites\/359\/2023\/07\/Plansseg.jpg\" alt=\"Projecte de recerca acci\u00f3 qu\u00e9 t\u00e9 com a objectiu promoure un proc\u00e9s de modelatge, a trav\u00e9s de l'acompanyament a 2 ens locals (Sabadell i Sant Cugat) per impulsar una estrat\u00e8gia local per fer front a la segregaci\u00f3 escolar.\" class=\"wp-image-1672\" srcset=\"https:\/\/webs.uab.cat\/erdisc\/wp-content\/uploads\/sites\/359\/2023\/07\/Plansseg.jpg 643w, https:\/\/webs.uab.cat\/erdisc\/wp-content\/uploads\/sites\/359\/2023\/07\/Plansseg-300x106.jpg 300w\" sizes=\"auto, (max-width: 643px) 100vw, 643px\" \/><\/figure>\n\n\n\n<figure class=\"wp-block-image size-full\"><a href=\"https:\/\/projectes.xtec.cat\/educacioinclusiva\/categoria\/projectes\/tapsei\/\" target=\"_blank\" rel=\"noreferrer noopener\"><img loading=\"lazy\" decoding=\"async\" width=\"643\" height=\"227\" src=\"https:\/\/webs.uab.cat\/erdisc\/wp-content\/uploads\/sites\/359\/2023\/07\/Tapsei.jpg\" alt=\"La Taula de Participaci\u00f3 per un Sistema Educatiu Inclusiu (TAPSEI) pret\u00e9n esdevenir un espai de trobada de la comunitat educativa per dialogar i compartir reflexions sobre com arrelar la cultura de la diversitat al cor del sistema educatiu. \" class=\"wp-image-1745\" srcset=\"https:\/\/webs.uab.cat\/erdisc\/wp-content\/uploads\/sites\/359\/2023\/07\/Tapsei.jpg 643w, https:\/\/webs.uab.cat\/erdisc\/wp-content\/uploads\/sites\/359\/2023\/07\/Tapsei-300x106.jpg 300w\" sizes=\"auto, (max-width: 643px) 100vw, 643px\" \/><\/a><\/figure>\n<\/div>\n\n\n\n<div class=\"wp-block-column is-layout-flow wp-block-column-is-layout-flow\">\n<figure class=\"wp-block-image size-full\"><img loading=\"lazy\" decoding=\"async\" width=\"643\" height=\"227\" src=\"https:\/\/webs.uab.cat\/erdisc\/wp-content\/uploads\/sites\/359\/2023\/07\/Incluedux.jpg\" alt=\"Projecte de recerca que s\u2019orienta a la identificaci\u00f3 i comprensi\u00f3 de les pr\u00e0ctiques d\u2019adaptaci\u00f3 a la crisi de la Covid-19 per elaborar propostes per a la generalitzaci\u00f3 d\u2019aquestes pr\u00e0ctiques, com a estrat\u00e8gia per a fer front a l\u2019eixamplament de les desigualtats educatives als centres educatius situats en contextos de vulnerabilitat.\" class=\"wp-image-1658\" srcset=\"https:\/\/webs.uab.cat\/erdisc\/wp-content\/uploads\/sites\/359\/2023\/07\/Incluedux.jpg 643w, https:\/\/webs.uab.cat\/erdisc\/wp-content\/uploads\/sites\/359\/2023\/07\/Incluedux-300x106.jpg 300w\" sizes=\"auto, (max-width: 643px) 100vw, 643px\" \/><\/figure>\n\n\n\n<figure class=\"wp-block-image size-full\"><a href=\"https:\/\/www.diba.cat\/es\/web\/educacio\/cataleg\/suport-families\/ede\" target=\"_blank\" rel=\"noreferrer noopener\"><img loading=\"lazy\" decoding=\"async\" width=\"643\" height=\"227\" src=\"https:\/\/webs.uab.cat\/erdisc\/wp-content\/uploads\/sites\/359\/2023\/07\/Nodum2.jpg\" alt=\"Projecte de recerca-acci\u00f3  que s\u2019orienta a l\u2019enfortiment dels vincles entre les fam\u00edlies, el professorat i la comunitat per tal d\u2019afavorir la implicaci\u00f3 familiar, que \u00e9s concebuda com un factor clau de l\u2019\u00e8xit educatiu de l\u2019alumnat. L\u2019\u00e8xit educatiu \u00e9s concebut des d\u2019una perspectiva \u00e0mplia que es relaciona, no nom\u00e9s amb els resultats acad\u00e8mics, sin\u00f3 tamb\u00e9 amb altres aspectes com l\u2019adhesi\u00f3 educativa, que t\u00e9 una component relacional molt forta en la mesura que ateny al sentiment de pertinen\u00e7a i al sentit percebut en l\u2019educaci\u00f3. \" class=\"wp-image-1688\" srcset=\"https:\/\/webs.uab.cat\/erdisc\/wp-content\/uploads\/sites\/359\/2023\/07\/Nodum2.jpg 643w, https:\/\/webs.uab.cat\/erdisc\/wp-content\/uploads\/sites\/359\/2023\/07\/Nodum2-300x106.jpg 300w\" sizes=\"auto, (max-width: 643px) 100vw, 643px\" \/><\/a><\/figure>\n\n\n\n<figure class=\"wp-block-image size-full\"><img loading=\"lazy\" decoding=\"async\" width=\"643\" height=\"227\" src=\"https:\/\/webs.uab.cat\/erdisc\/wp-content\/uploads\/sites\/359\/2023\/07\/Plansedu.jpg\" alt=\"Projecte de recerca acci\u00f3 que t\u00e9 com a objectiu generar un model de treball que faciliti l'impuls dels Plans Locals d'Educaci\u00f3 als ens locals. Per fer-ho es promou un procc\u00e9s d'acompanyament a 2 ens locals (l'Ametlla del Vall\u00e8s i Nav\u00e0s) orientat al disseny i impuls dels seus plans locals d'educaci\u00f3, prenent com a base la diagnosi efectuada. Tota aquesta tasca es promou de manera col.laborativa amb la DIBA.\" class=\"wp-image-1683\" srcset=\"https:\/\/webs.uab.cat\/erdisc\/wp-content\/uploads\/sites\/359\/2023\/07\/Plansedu.jpg 643w, https:\/\/webs.uab.cat\/erdisc\/wp-content\/uploads\/sites\/359\/2023\/07\/Plansedu-300x106.jpg 300w\" sizes=\"auto, (max-width: 643px) 100vw, 643px\" \/><\/figure>\n<\/div>\n<\/div>\n\n\n\n<div class=\"wp-block-buttons is-content-justification-center is-layout-flex wp-container-core-buttons-is-layout-16018d1d wp-block-buttons-is-layout-flex\">\n<div class=\"wp-block-button has-custom-font-size is-style-outline has-normal-font-size is-style-outline--2\"><a class=\"wp-block-button__link wp-element-button\" href=\"https:\/\/webs.uab.cat\/erdisc\/projectes\/projectes-finalitzats\/\" target=\"_blank\" rel=\"noreferrer noopener\">projectes ANTERIORS<\/a><\/div>\n<\/div>\n\n\n\n<h2 class=\"wp-block-heading alignwide\">Participaci\u00f3 i empoderament<\/h2>\n\n\n\n<div class=\"wp-block-columns alignwide is-layout-flex wp-container-core-columns-is-layout-9d6595d7 wp-block-columns-is-layout-flex\">\n<div class=\"wp-block-column is-layout-flow wp-block-column-is-layout-flow\">\n<figure class=\"wp-block-image size-full\"><a href=\"https:\/\/sites.google.com\/view\/plataformakabua\/\" target=\"_blank\" rel=\"noopener\"><img loading=\"lazy\" decoding=\"async\" width=\"643\" height=\"227\" src=\"https:\/\/webs.uab.cat\/erdisc\/wp-content\/uploads\/sites\/359\/2023\/07\/Kabua2.jpg\" alt=\"La Plataforma d\u2019Acci\u00f3 Social Kabua neix com a una eina centrada en el treball sociocomunitari, amb la finalitat de proveir un servei pedag\u00f2gic de suport i refer\u00e8ncia a professionals, joves i fam\u00edlies; en una societat complexa en constant evoluci\u00f3 i canvi, que necessita de noves maneres d\u2019entendre l\u2019educaci\u00f3, a l\u2019igual que el seu comprom\u00eds amb la societat i el planeta.\" class=\"wp-image-1677\" srcset=\"https:\/\/webs.uab.cat\/erdisc\/wp-content\/uploads\/sites\/359\/2023\/07\/Kabua2.jpg 643w, https:\/\/webs.uab.cat\/erdisc\/wp-content\/uploads\/sites\/359\/2023\/07\/Kabua2-300x106.jpg 300w\" sizes=\"auto, (max-width: 643px) 100vw, 643px\" \/><\/a><\/figure>\n<\/div>\n\n\n\n<div class=\"wp-block-column is-layout-flow wp-block-column-is-layout-flow\">\n<figure class=\"wp-block-image size-full\"><img loading=\"lazy\" decoding=\"async\" width=\"643\" height=\"227\" src=\"https:\/\/webs.uab.cat\/erdisc\/wp-content\/uploads\/sites\/359\/2023\/07\/Democ.jpg\" alt=\"\" class=\"wp-image-1720\" srcset=\"https:\/\/webs.uab.cat\/erdisc\/wp-content\/uploads\/sites\/359\/2023\/07\/Democ.jpg 643w, https:\/\/webs.uab.cat\/erdisc\/wp-content\/uploads\/sites\/359\/2023\/07\/Democ-300x106.jpg 300w\" sizes=\"auto, (max-width: 643px) 100vw, 643px\" \/><\/figure>\n<\/div>\n<\/div>\n\n\n\n<div class=\"wp-block-buttons is-content-justification-center is-layout-flex wp-container-core-buttons-is-layout-16018d1d wp-block-buttons-is-layout-flex\">\n<div class=\"wp-block-button has-custom-font-size is-style-outline has-normal-font-size is-style-outline--3\"><a class=\"wp-block-button__link wp-element-button\" href=\"https:\/\/webs.uab.cat\/erdisc\/projectes\/projectes-finalitzats\/\" target=\"_blank\" rel=\"noreferrer noopener\">projectes ANTERIORS<\/a><\/div>\n<\/div>\n","protected":false},"excerpt":{"rendered":"<p>Diversitat cultural i intercultural Educaci\u00f3 inclusiva i comunit\u00e0ria Participaci\u00f3 i empoderament<\/p>\n","protected":false},"author":20,"featured_media":0,"parent":0,"menu_order":4,"comment_status":"closed","ping_status":"closed","template":"","meta":{"footnotes":""},"class_list":["post-389","page","type-page","status-publish","hentry"],"_links":{"self":[{"href":"https:\/\/webs.uab.cat\/erdisc\/wp-json\/wp\/v2\/pages\/389","targetHints":{"allow":["GET"]}}],"collection":[{"href":"https:\/\/webs.uab.cat\/erdisc\/wp-json\/wp\/v2\/pages"}],"about":[{"href":"https:\/\/webs.uab.cat\/erdisc\/wp-json\/wp\/v2\/types\/page"}],"author":[{"embeddable":true,"href":"https:\/\/webs.uab.cat\/erdisc\/wp-json\/wp\/v2\/users\/20"}],"replies":[{"embeddable":true,"href":"https:\/\/webs.uab.cat\/erdisc\/wp-json\/wp\/v2\/comments?post=389"}],"version-history":[{"count":33,"href":"https:\/\/webs.uab.cat\/erdisc\/wp-json\/wp\/v2\/pages\/389\/revisions"}],"predecessor-version":[{"id":2189,"href":"https:\/\/webs.uab.cat\/erdisc\/wp-json\/wp\/v2\/pages\/389\/revisions\/2189"}],"wp:attachment":[{"href":"https:\/\/webs.uab.cat\/erdisc\/wp-json\/wp\/v2\/media?parent=389"}],"curies":[{"name":"wp","href":"https:\/\/api.w.org\/{rel}","templated":true}]}}