{"id":147,"date":"2009-05-25T13:07:54","date_gmt":"2009-05-25T11:07:54","guid":{"rendered":"https:\/\/webs.uab.cat\/erife\/inici\/"},"modified":"2026-01-27T21:12:36","modified_gmt":"2026-01-27T19:12:36","slug":"inici","status":"publish","type":"page","link":"https:\/\/webs.uab.cat\/erife\/","title":{"rendered":"Inici"},"content":{"rendered":"\n<h1 class=\"wp-block-heading\">Presentaci\u00f3 ERIFE SINTE-UAB<\/h1>\n\n\n\n<div class=\"wp-block-media-text is-stacked-on-mobile\" style=\"grid-template-columns:27% auto\"><figure class=\"wp-block-media-text__media\"><img loading=\"lazy\" decoding=\"async\" width=\"123\" height=\"105\" src=\"https:\/\/webs.uab.cat\/erife\/wp-content\/uploads\/sites\/388\/2025\/02\/Logo-SINTE-colores-planos.avif\" alt=\"\" class=\"wp-image-689 size-full\" \/><\/figure><div class=\"wp-block-media-text__content\">\n<p class=\"has-small-font-size\"><a href=\"https:\/\/www.sinte.me\/\">SINTE<\/a>&nbsp;<br><strong>Seminari Interuniversitari sobre Identitat i Noves Traject\u00f2ries Educatives<\/strong><br>Seminario Interuniversitario sobre Identidad y Nuevas Trayectorias Educativas<br>Seminar on Identity &amp; New Trajectories in Education<\/p>\n<\/div><\/div>\n\n\n\n<h2 class=\"wp-block-heading\">ERIFE: Equip de Recerca sobre Inf\u00e0ncia, Fam\u00edlia i Educaci\u00f3<\/h2>\n\n\n\n<p>L\u2019ERIFE es constitueix com a equip de recerca al 2006 per ocupar-se de comprendre els aspectes psicosocioeducatius de l\u2019atenci\u00f3 a la primera inf\u00e0ncia i les seves fam\u00edlies; tant en els contextos escolars, com en els contextos generats per altres tipus de serveis psicosocioeducatius. La constituci\u00f3 com a equip formalitzat al 2013, ajuda a visibilitzar la recerca a la universitat en aquest \u00e0mbit de coneixement i tamb\u00e9 a accedir a participar en possibles convocat\u00f2ries p\u00fabliques o privades de finan\u00e7ament i\/o col\u00b7laborar en recerques competitives en els nivells catal\u00e0, estatal i internacional.<\/p>\n\n\n\n<p>L\u2019equip ERIFE \u00e9s un equip divers on hi participen de forma regular persones vinculades a la universitat i persones vinculades al territori (amb perfils de mestres, pedagogs, psicopedagogs i Educaci\u00f3 Social). Tamb\u00e9 hi ha altres participacions m\u00e9s puntuals en funci\u00f3 del Projecte en que s\u2019est\u00e0 treballant.<\/p>\n\n\n\n<p><strong>Investigadora Principal<\/strong><\/p>\n\n\n\n<p>S\u00edlvia Blanch Gelabert<\/p>\n\n\n\n<p><strong>Coordinadores<\/strong><\/p>\n\n\n\n<p>S\u00edlvia Blanch Gelabert i Maite Mas<\/p>\n\n\n\n<p><strong>&nbsp;Els continguts d&#8217;aquesta p\u00e0gina web es&nbsp;poden utilitzar, sempre i quan&nbsp;se&#8217;n citi&nbsp;la seva refer\u00e8ncia<\/strong><\/p>\n\n\n\n<p><em>Equip de Recerca sobre Inf\u00e0ncia, Fam\u00edlia i Educaci\u00f3.&nbsp;<\/em>Barcelona: Universitat Aut\u00f2noma de Barcelona. Recuperat de&nbsp;<a href=\"http:\/\/grupsderecerca.uab.cat\/erife\/\">https:\/\/webs.uab.cat\/erife\/<\/a><\/p>\n\n\n\n<figure class=\"wp-block-gallery has-nested-images columns-default is-cropped wp-block-gallery-1 is-layout-flex wp-block-gallery-is-layout-flex\">\n<figure class=\"wp-block-image size-large\"><img loading=\"lazy\" decoding=\"async\" width=\"1024\" height=\"768\" data-id=\"739\" src=\"https:\/\/webs.uab.cat\/erife\/wp-content\/uploads\/sites\/388\/2025\/02\/WhatsApp-Image-2025-02-10-at-3.18.09-PM-1024x768.jpeg\" alt=\"\" class=\"wp-image-739\" srcset=\"https:\/\/webs.uab.cat\/erife\/wp-content\/uploads\/sites\/388\/2025\/02\/WhatsApp-Image-2025-02-10-at-3.18.09-PM-1024x768.jpeg 1024w, https:\/\/webs.uab.cat\/erife\/wp-content\/uploads\/sites\/388\/2025\/02\/WhatsApp-Image-2025-02-10-at-3.18.09-PM-300x225.jpeg 300w, https:\/\/webs.uab.cat\/erife\/wp-content\/uploads\/sites\/388\/2025\/02\/WhatsApp-Image-2025-02-10-at-3.18.09-PM-768x576.jpeg 768w, https:\/\/webs.uab.cat\/erife\/wp-content\/uploads\/sites\/388\/2025\/02\/WhatsApp-Image-2025-02-10-at-3.18.09-PM-1536x1152.jpeg 1536w, https:\/\/webs.uab.cat\/erife\/wp-content\/uploads\/sites\/388\/2025\/02\/WhatsApp-Image-2025-02-10-at-3.18.09-PM-1200x900.jpeg 1200w, https:\/\/webs.uab.cat\/erife\/wp-content\/uploads\/sites\/388\/2025\/02\/WhatsApp-Image-2025-02-10-at-3.18.09-PM-1980x1485.jpeg 1980w, https:\/\/webs.uab.cat\/erife\/wp-content\/uploads\/sites\/388\/2025\/02\/WhatsApp-Image-2025-02-10-at-3.18.09-PM.jpeg 2048w\" sizes=\"auto, (max-width: 1024px) 100vw, 1024px\" \/><\/figure>\n<\/figure>\n\n\n\n<p>Actualment, l\u2019ERIFE forma part de SINTE-UAB (Seminari Interuniversitari sobre Identitat i Noves Traject\u00f2ries Educatives), grup de recerca reconegut i finan\u00e7at per la Generalitat de Catalunya i coordinat per la Dra. Montserrat Castell\u00f3.<\/p>\n\n\n\n<p>SINTE inici\u00e0 la seva traject\u00f2ria l\u2019any 1992 i actualment cobreix tres eixos estrat\u00e8gics: \u200b<br>&nbsp;<\/p>\n\n\n\n<ul class=\"wp-block-list\">\n<li><a href=\"https:\/\/www.sinte.me\/projectes\">Desenvolupament de la identitat investigadora.<\/a><\/li>\n<\/ul>\n\n\n\n<p>El primer eix t\u00e9 per finalitat fer efectius els principis de la recerca i la innovaci\u00f3 responsables en contextos de formaci\u00f3 tant d\u2019investigadors novells com de professionals innovadors.&nbsp;<\/p>\n\n\n\n<ul class=\"wp-block-list\">\n<li><a href=\"https:\/\/www.sinte.me\/projectes\">Desenvolupament de la identitat professional dels educadors.<\/a><\/li>\n<\/ul>\n\n\n\n<p>Aquest eix inclou projectes sobre la identitat docent tant dels futurs mestres i professors en actiu dels diferents nivells educatius, incl\u00f2s l\u2019universitari, com d\u2019altres professionals de l\u2019Educaci\u00f3.<\/p>\n\n\n\n<ul class=\"wp-block-list\">\n<li><a href=\"https:\/\/www.sinte.me\/projectes\">Desenvolupament i intervenci\u00f3 en contextos de diversitat, inclusi\u00f3 i cooperaci\u00f3.<\/a><\/li>\n<\/ul>\n\n\n\n<p>El darrer eix est\u00e0 centrat en el disseny d\u2019entorns d\u2019aprenentatge inclusiu i entre iguals, aix\u00ed com el desenvolupament de la identitat de comunitats minoritzades en entorns de diversitat cultural i d\u2019exclusi\u00f3 social i l\u2019estudi i diagn\u00f2stic de necessitats en l\u2019\u00e0mbit del benestar infantil, atenci\u00f3 preco\u00e7, protecci\u00f3 de menors i la intervenci\u00f3 amb fam\u00edlies.<\/p>\n\n\n\n<p>En conjunt, s\u2019orienta a la&nbsp;co-creaci\u00f3&nbsp;de propostes de recerca per tal de generar&nbsp;innovaci\u00f3 sostenible&nbsp;en els contextos educatius amb tots els agents implicats en el canvi (societat, professionals, administraci\u00f3 i acad\u00e8mia). L\u2019activitat s&#8217;emmarca en els principis de RRI -Recerca i Innovaci\u00f3 Responsable-, la consecuci\u00f3 de l\u2019agenda educativa 2030 i la Innovaci\u00f3 educativa i transformaci\u00f3 digital. <strong>SINTE Web<\/strong> <a href=\"https:\/\/www.sinte.me\/\">https:\/\/www.sinte.me\/<\/a><\/p>\n\n\n\n<p>L\u2019ERIFE es troba en la l\u00ednia <a href=\"https:\/\/www.sinte.me\/projectes\">Desenvolupament i intervenci\u00f3 en contextos de diversitat, inclusi\u00f3 i cooperaci\u00f3.<\/a><\/p>\n\n\n\n<p><\/p>\n\n\n\n<p><\/p>\n","protected":false},"excerpt":{"rendered":"<p>Presentaci\u00f3 ERIFE SINTE-UAB SINTE&nbsp;Seminari Interuniversitari sobre Identitat i Noves Traject\u00f2ries EducativesSeminario Interuniversitario sobre Identidad y Nuevas Trayectorias EducativasSeminar on Identity &amp; New Trajectories in Education ERIFE: Equip de Recerca sobre Inf\u00e0ncia, Fam\u00edlia i Educaci\u00f3 L\u2019ERIFE es constitueix com a equip de recerca al 2006 per ocupar-se de comprendre els aspectes psicosocioeducatius de l\u2019atenci\u00f3 a la [&hellip;]<\/p>\n","protected":false},"author":20,"featured_media":0,"parent":0,"menu_order":0,"comment_status":"closed","ping_status":"closed","template":"","meta":{"footnotes":""},"class_list":["post-147","page","type-page","status-publish","hentry"],"_links":{"self":[{"href":"https:\/\/webs.uab.cat\/erife\/wp-json\/wp\/v2\/pages\/147","targetHints":{"allow":["GET"]}}],"collection":[{"href":"https:\/\/webs.uab.cat\/erife\/wp-json\/wp\/v2\/pages"}],"about":[{"href":"https:\/\/webs.uab.cat\/erife\/wp-json\/wp\/v2\/types\/page"}],"author":[{"embeddable":true,"href":"https:\/\/webs.uab.cat\/erife\/wp-json\/wp\/v2\/users\/20"}],"replies":[{"embeddable":true,"href":"https:\/\/webs.uab.cat\/erife\/wp-json\/wp\/v2\/comments?post=147"}],"version-history":[{"count":11,"href":"https:\/\/webs.uab.cat\/erife\/wp-json\/wp\/v2\/pages\/147\/revisions"}],"predecessor-version":[{"id":822,"href":"https:\/\/webs.uab.cat\/erife\/wp-json\/wp\/v2\/pages\/147\/revisions\/822"}],"wp:attachment":[{"href":"https:\/\/webs.uab.cat\/erife\/wp-json\/wp\/v2\/media?parent=147"}],"curies":[{"name":"wp","href":"https:\/\/api.w.org\/{rel}","templated":true}]}}