{"id":158,"date":"2009-05-25T13:33:55","date_gmt":"2009-05-25T11:33:55","guid":{"rendered":"https:\/\/webs.uab.cat\/erife\/historia-del-grup\/"},"modified":"2025-02-06T11:57:41","modified_gmt":"2025-02-06T09:57:41","slug":"historia-del-grup","status":"publish","type":"page","link":"https:\/\/webs.uab.cat\/erife\/historia-del-grup\/","title":{"rendered":"Hist\u00f2ria del grup"},"content":{"rendered":"\n<p>Constituir-se com a equip de recerca interdepartamental permet seguir encarnant, a la pr\u00e0ctica, els tipus d\u2019estudis sobre les tem\u00e0tiques que unes persones que configuraven un grup informal de treball, estudi i recerca ja havien iniciat l\u2019any 2006. Aquesta col\u00b7laboraci\u00f3 interdepartamental permet mirar la inf\u00e0ncia, les fam\u00edlies i les intervencions psicosocioeducatives de manera hol\u00edstica, des perspectives disciplin\u00e0ries complement\u00e0ries.<\/p>\n\n\n\n<p>La proposta de formar un equip interdepartamental, amb dues persones coordinadores que cooperen i es complementen, mant\u00e9 i crea sin\u00e8rgies valuoses per a la recerca psicoeducativa tant del diagn\u00f2stic com de la intervenci\u00f3. Alhora, s\u2019acosta a la tend\u00e8ncia evidenciada a Europa i a Am\u00e8rica del Nord en l\u2019\u00e0rea d\u2019educaci\u00f3 en que la cooperaci\u00f3 \u00e9s generalitzada i imprescindible. Hi ha exemples a diferents nivells, tant en la recerca psicoeducativa com en el camp de la intervenci\u00f3 psicol\u00f2gica i educativa, per exemple amb l\u2019anomenat \u201cCoteaching\u201d (mestres que cooperen dins una mateixa aula com a Reggio-Emilia) o la codirecci\u00f3 d\u2019institucions (dues persones que dirigeixen conjuntament com en el cas del centre Josep Miquel C\u00e9spedes de Sant Adri\u00e0 del Bes\u00f2s, per exemple). D\u2019altra banda, tamb\u00e9 cal destacar la llarga tradici\u00f3 de col\u00b7laboraci\u00f3 informal i formal entre el departament de Pedagogia Aplicada i el de Psicologia B\u00e0sica, Evolutiva i de l\u2019Educaci\u00f3, tant en doc\u00e8ncia a la Universitat Aut\u00f2noma de Barcelona, la recerca i en la formaci\u00f3 continuada d\u2019educadors i docents fora de la nostra instituci\u00f3 universit\u00e0ria.<\/p>\n\n\n\n<figure class=\"wp-block-image size-large\"><img loading=\"lazy\" decoding=\"async\" width=\"1024\" height=\"790\" src=\"https:\/\/webs.uab.cat\/erife\/wp-content\/uploads\/sites\/388\/2025\/02\/WhatsApp-Image-2025-02-06-at-10.57.09-AM-1024x790.jpeg\" alt=\"\" class=\"wp-image-709\" srcset=\"https:\/\/webs.uab.cat\/erife\/wp-content\/uploads\/sites\/388\/2025\/02\/WhatsApp-Image-2025-02-06-at-10.57.09-AM-1024x790.jpeg 1024w, https:\/\/webs.uab.cat\/erife\/wp-content\/uploads\/sites\/388\/2025\/02\/WhatsApp-Image-2025-02-06-at-10.57.09-AM-300x231.jpeg 300w, https:\/\/webs.uab.cat\/erife\/wp-content\/uploads\/sites\/388\/2025\/02\/WhatsApp-Image-2025-02-06-at-10.57.09-AM-768x592.jpeg 768w, https:\/\/webs.uab.cat\/erife\/wp-content\/uploads\/sites\/388\/2025\/02\/WhatsApp-Image-2025-02-06-at-10.57.09-AM-1200x926.jpeg 1200w, https:\/\/webs.uab.cat\/erife\/wp-content\/uploads\/sites\/388\/2025\/02\/WhatsApp-Image-2025-02-06-at-10.57.09-AM.jpeg 1277w\" sizes=\"auto, (max-width: 1024px) 100vw, 1024px\" \/><\/figure>\n\n\n\n<p class=\"has-text-align-center\"><\/p>\n","protected":false},"excerpt":{"rendered":"<p>Constituir-se com a equip de recerca interdepartamental permet seguir encarnant, a la pr\u00e0ctica, els tipus d\u2019estudis sobre les tem\u00e0tiques que unes persones que configuraven un grup informal de treball, estudi i recerca ja havien iniciat l\u2019any 2006. Aquesta col\u00b7laboraci\u00f3 interdepartamental permet mirar la inf\u00e0ncia, les fam\u00edlies i les intervencions psicosocioeducatives de manera hol\u00edstica, des perspectives [&hellip;]<\/p>\n","protected":false},"author":20,"featured_media":0,"parent":0,"menu_order":0,"comment_status":"closed","ping_status":"closed","template":"","meta":{"footnotes":""},"class_list":["post-158","page","type-page","status-publish","hentry"],"_links":{"self":[{"href":"https:\/\/webs.uab.cat\/erife\/wp-json\/wp\/v2\/pages\/158","targetHints":{"allow":["GET"]}}],"collection":[{"href":"https:\/\/webs.uab.cat\/erife\/wp-json\/wp\/v2\/pages"}],"about":[{"href":"https:\/\/webs.uab.cat\/erife\/wp-json\/wp\/v2\/types\/page"}],"author":[{"embeddable":true,"href":"https:\/\/webs.uab.cat\/erife\/wp-json\/wp\/v2\/users\/20"}],"replies":[{"embeddable":true,"href":"https:\/\/webs.uab.cat\/erife\/wp-json\/wp\/v2\/comments?post=158"}],"version-history":[{"count":2,"href":"https:\/\/webs.uab.cat\/erife\/wp-json\/wp\/v2\/pages\/158\/revisions"}],"predecessor-version":[{"id":712,"href":"https:\/\/webs.uab.cat\/erife\/wp-json\/wp\/v2\/pages\/158\/revisions\/712"}],"wp:attachment":[{"href":"https:\/\/webs.uab.cat\/erife\/wp-json\/wp\/v2\/media?parent=158"}],"curies":[{"name":"wp","href":"https:\/\/api.w.org\/{rel}","templated":true}]}}