{"id":231,"date":"2014-10-22T19:55:26","date_gmt":"2014-10-22T17:55:26","guid":{"rendered":"https:\/\/webs.uab.cat\/erife\/videos-radios-diaris\/"},"modified":"2023-03-14T08:35:19","modified_gmt":"2023-03-14T06:35:19","slug":"videos-radios-diaris","status":"publish","type":"page","link":"https:\/\/webs.uab.cat\/erife\/videos-radios-diaris\/","title":{"rendered":"V\u00eddeos, r\u00e0dios, diaris"},"content":{"rendered":"\n<h2 class=\"wp-block-heading\"><strong>V\u00eddeos<\/strong><\/h2>\n\n\n\n<p>Blanch, S. et al. (2013). <em>Les matem\u00e0tiques en la vida quotidiana de l\u2019escola. Per a infants de 0 a 6 anys<\/em>. Projecte elaborat per mestres la Xarxa de Terrassa 0-6 del districte 1, coordinat per S\u00edlvia Blanch. El projecte per objectiu evidenciar la import\u00e0ncia de les activitats quotidianes per al desenvolupament i aprenentatge dels infants, focalitzant en l\u2019adquisici\u00f3 de compet\u00e8ncies matem\u00e0tiques. Est\u00e0 orientat les persones que tenen cura dels infants, fam\u00edlies i professionals.<\/p>\n\n\n\n<figure class=\"wp-block-embed is-type-video is-provider-youtube wp-block-embed-youtube wp-embed-aspect-16-9 wp-has-aspect-ratio\"><div class=\"wp-block-embed__wrapper\">\n<iframe loading=\"lazy\" title=\"Matem\u00e0tiques infantil 0 6\" width=\"580\" height=\"326\" src=\"https:\/\/www.youtube.com\/embed\/8Cyay89QK0Y?feature=oembed\" frameborder=\"0\" allow=\"accelerometer; autoplay; clipboard-write; encrypted-media; gyroscope; picture-in-picture; web-share\" referrerpolicy=\"strict-origin-when-cross-origin\" allowfullscreen><\/iframe>\n<\/div><\/figure>\n\n\n\n<h2 class=\"wp-block-heading\"><strong>R\u00e0dio i Televisi\u00f3<\/strong><\/h2>\n\n\n\n<p>Radio 4. participaci\u00f3 de S\u00edlvia Blanch al programa &#8220;Passi\u00f3 per la comunicaci\u00f3&#8221; del programa del mat\u00ed de R\u00e0dio 4.(5\/11\/2018).&nbsp;<a href=\"http:\/\/mvod.lvlt.rtve.es\/resources\/TE_SMATIR4\/mp3\/2\/6\/1541416359862.mp3\" target=\"_blank\" rel=\"noopener\">mvod.lvlt.rtve.es\/resources\/TE_SMATIR4\/mp3\/2\/6\/1541416359862.mp3<\/a>&nbsp;(des del minut 29&#8242;)<\/p>\n\n\n\n<p>Betev\u00e9. Participaci\u00f3 de S\u00edlvia Blanch al Programa de Televisi\u00f3 Del Mat\u00ed per parlar&nbsp; sobre &#8220;<em>Com S\u2019han D\u2019implicar Els Pares Per Millorar El Rendiment Escolar Dels Fills<\/em>&#8220;. (09\/10\/18).&nbsp;<a href=\"https:\/\/beteve.cat\/el-mati-de-barcelona-910fm\/la-implicacio-dels-pares-clau-per-millorar-el-rendiment-academic-dels-fills\/\">https:\/\/beteve.cat\/el-mati-de-barcelona-910fm\/la-implicacio-dels-pares-clau-per-millorar-el-rendiment-academic-dels-fills\/<\/a><\/p>\n\n\n\n<p>Tv1. S\u00edlvia Blanch participa al Reportatge sobre el Joc. 01\/07\/18<\/p>\n\n\n\n<figure class=\"wp-block-image\"><img loading=\"lazy\" decoding=\"async\" width=\"414\" height=\"224\" src=\"https:\/\/webs.uab.cat\/erife\/wp-content\/uploads\/sites\/388\/2014\/10\/tv1_joc_0.png\" alt=\"\" class=\"wp-image-228\" srcset=\"https:\/\/webs.uab.cat\/erife\/wp-content\/uploads\/sites\/388\/2014\/10\/tv1_joc_0.png 414w, https:\/\/webs.uab.cat\/erife\/wp-content\/uploads\/sites\/388\/2014\/10\/tv1_joc_0-300x162.png 300w\" sizes=\"auto, (max-width: 414px) 100vw, 414px\" \/><\/figure>\n\n\n\n<p>S\u00edlvia Blanch De l&#8217;equip &nbsp;Col\u00b7labora En Una Not\u00edcia De TVE1 Parlant Sobre La Import\u00e0ncia Del Vincle Amb Els Fills I Filles Per Potenciar La Confian\u00e7a, Resoldre Els Conflictes Mirant Les Conseq\u00fc\u00e8ncies I Evitar Els C\u00e0stigs Per No Ser Productius (1\/8\/2016)<\/p>\n\n\n\n<p>Tert\u00falia d&#8217;educaci\u00f3 sobre escoles innovadores a la TV2, al programa &#8220;Al Vespre a la 2&#8221; amb l&#8217;Escola Mare de D\u00e9u de Montserrat de Terrassa i S\u00edlvia Blanch (Universitat Aut\u00f2noma de Barcelona). Podeu veure la tert\u00falia i els v\u00eddeos de l&#8217;escola i del programa LECXIT (Fundaci\u00f3 Jaume Bofill). Veure-ho a: &nbsp;<a href=\"http:\/\/rtve.es\/v\/3528848\/\" target=\"_blank\" rel=\"noopener\">rtve.es\/v\/3528848\/<\/a><a href=\"rtve.es\/v\/3528848\/\">&nbsp;<\/a>(minut 34&#8217;aprox.)&#8221;<\/p>\n\n\n\n<p>Blanch, S. , G\u00f3mez, A. i Pedrosa, E. &nbsp;(2014). <em>El Joc com a Eina d\u2019aprenentatge<\/em>. L\u2019ofici d\u2019Educar, programa de Catalunya r\u00e0dio sobre el joc on ha participat la S\u00edlvia Blanch (23\/08\/2014)<\/p>\n\n\n\n<p><a id=\"yui_3_16_0_1_1413903452564_148314\" href=\"http:\/\/www.catradio.cat\/audio\/829190\/Ofici-deducar-El-joc-com-a-aprenentatge\" target=\"_blank\" rel=\"nofollow noopener\">http:\/\/www.catradio.cat\/audio\/829190\/Ofici-deducar-El-joc-com-a-aprenentatge<\/a><\/p>\n\n\n\n<p>Participaci\u00f3 del Xavier Gimeno i l&#8217;Arnau Careta per parlar del programa &#8220;<em>Aprenem plegats&#8221;. dins la secci\u00f3 de&nbsp;<\/em>Justa la fusta, programa de la radio desvern&nbsp; que parla de l&#8217;espai d&#8217;aprenentatge compartit entre pares i fills. (2014)<\/p>\n\n\n\n<p>http:\/\/www.radiodesvern.com\/audio\/2013\/octubre\/161013_xginmeno_xerrada_adolescents.htm<\/p>\n\n\n\n<p>http:\/\/www.radiodesvern.com\/audio\/2013\/juny\/120613_xgimeno_aprenem_plegats.htm<\/p>\n\n\n\n<p>http:\/\/www.radiodesvern.com\/audio\/2014\/gener\/160114_xgimeno_acareta_aprenem_plegats.htm<\/p>\n\n\n\n<p><a href=\"http:\/\/santjust.net\/media\/uploads\/espais_radio\/2014\/octubre\/311014_XARXA_0-6_xavier_gimeno.mp3\">http:\/\/santjust.net\/media\/uploads\/espais_radio\/2014\/octubre\/311014_XARXA_0-6_xavier_gimeno.mp3<\/a><\/p>\n\n\n\n<h2 class=\"wp-block-heading\"><strong>Diaris i revistes<\/strong><\/h2>\n\n\n\n<p><strong>El diario.es<\/strong>. Participaci\u00f3 de la S\u00edlvia Blanch a l&#8217;article de David Noriega a la secci\u00f3 de familia sobre el control d&#8217;esfinters dels m\u00e9s petits (06\/09\/18).&nbsp;<a href=\"https:\/\/www.eldiario.es\/nidos\/llamamos-angustia-familias-empiezan-colegio_0_811569249.html\">https:\/\/www.eldiario.es\/nidos\/llamamos-angustia-familias-empiezan-colegio_0_811569249.html<\/a><\/p>\n\n\n\n<p>&#8211;<strong>Article al Diari d&#8217;Educaci\u00f3 <\/strong>de S\u00edlvia Blanch&nbsp;:<em>Creant complicitats entre les fam\u00edlies i l&#8217;escola.<\/em><br><a href=\"http:\/\/diarieducacio.cat\/creant-complicitats-families-lescola\/\" target=\"_blank\" rel=\"noopener\">http:\/\/diarieducacio.cat\/creant-complicitats-families-lescola\/<\/a>&nbsp;28\/6\/2017<\/p>\n\n\n\n<p><strong>Article al Diari d&#8217;Educaci\u00f3<\/strong>&nbsp;de S\u00edlvia Blanch amb Neus Ballesteros i S\u00edlvia Blanch (26\/04\/2017):<strong><em>&nbsp;<\/em><\/strong><em>Com acollir i acompanyar el dol a l&#8217;etapa d&#8217;Educaci\u00f3 Infantil<\/em><br><a href=\"http:\/\/diarieducacio.cat\/acollir-acompanyar-dol-letapa-deducacio-infantil\/\" target=\"_blank\" rel=\"noopener\">http:\/\/diarieducacio.cat\/acollir-acompanyar-dol-letapa-deducacio-infantil\/<\/a><\/p>\n\n\n\n<p><strong>Diari ARA.&nbsp;<\/strong>Participaci\u00f3 de la S\u00edlvia Blanch a la secci\u00f3 de l&#8217;Ara criatures:&nbsp;<strong>&#8220;<\/strong><em>Innovaci\u00f3 educativa en l\u2019etapa 0-3<\/em><strong>&#8221;&nbsp;<\/strong>article d&#8217;Ainhoa Boix (27\/05\/2017)<br><a href=\"http:\/\/criatures.ara.cat\/escola\/Innovacio-educativa-etapa-0-3-escola-bressol_0_1803419657.html\">http:\/\/criatures.ara.cat\/escola\/Innovacio-educativa-etapa-0-3-escola-bressol_0_1803419657.html<\/a><\/p>\n\n\n\n<p><strong>La Vanguardia.&nbsp;<\/strong>Participaci\u00f3 de la S\u00edlvia Blanch a l&#8217;article&nbsp;&nbsp; : &#8220;<em>Nens de 0-3. A casa o a l&#8217;escola<\/em>?&#8221;&nbsp; de Carina Farreras, (29\/05\/2017)<br>http:\/\/lavanguardia.com\/encatala\/20170529\/423018906847\/crianca-escole-casa.htm<\/p>\n\n\n\n<p><strong>Diari Ara<\/strong>. Participaci\u00f3 de la S\u00edlvia Blanch a l&#8217;article d&#8217;Educaci\u00f3:<a href=\"http:\/\/grupsderecerca.uab.cat\/erife\/sites\/grupsderecerca.uab.cat.erife\/files\/millor%20amic.pdf\"> L\u2019escola on s\u2019obliga a tenir m\u00e9s d\u2019un millor amic.<\/a>&nbsp;(23\/05\/15)<\/p>\n\n\n\n<p><strong>Diari de l&#8217;educaci\u00f3<\/strong> ( 2015) . Entrevista a S\u00edlvia Blanch sobre &#8221; A criar fills se n&#8217;apr\u00e8n?&#8221;.&nbsp;<a href=\"http:\/\/diarieducacio.cat\/silvia-blanch-els-sermons-ens-deixen-tranquils-als-pares-pero-no-son-gaire-efectius\/\">&nbsp;http:\/\/diarieducacio.cat\/silvia-blanch-els-sermons-ens-deixen-tranquils-als-pares-pero-no-son-gaire-efectius\/<\/a><\/p>\n\n\n\n<p><strong>Debats d\u2019Educaci\u00f3. Fundaci\u00f3 Bofill i UOC.&nbsp;<\/strong>Blanch, S. (2014). Les tres coses que he apr\u00e8s en relaci\u00f3 amb la fam\u00edlia. . <a id=\"yui_3_16_0_1_1413903452564_148326\" href=\"http:\/\/les3coses.debats.cat\/ca\/community\/silvia-blanch-gelabert\" target=\"_blank\" rel=\"nofollow noopener\">http:\/\/les3coses.debats.cat\/ca\/community\/silvia-blanch-gelabert<\/a><\/p>\n\n\n\n<p><strong>diari ARA,&nbsp;<\/strong>Participaci\u00f3 de la S\u00edlvia Blanch a l&#8217;article&nbsp;<strong>:<\/strong> <em>La bufetada \u00e9s \u201cinacceptable\u201d i demostra la frustraci\u00f3 dels pares, <\/em>escrit per Mario Mart\u00edn Matas. ( 2015 )<\/p>\n\n\n\n<p><a href=\"http:\/\/www.ara.cat\/tema_del_dia\/bufetada-inacceptable-demostra-frustracio-pares_0_1314468584.html#a_comments\">http:\/\/www.ara.cat\/tema_del_dia\/bufetada-inacceptable-demostra-frustracio-pares_0_1314468584.html#a_comments<\/a><\/p>\n","protected":false},"excerpt":{"rendered":"<p>V\u00eddeos Blanch, S. et al. (2013). Les matem\u00e0tiques en la vida quotidiana de l\u2019escola. Per a infants de 0 a 6 anys. Projecte elaborat per mestres la Xarxa de Terrassa 0-6 del districte 1, coordinat per S\u00edlvia Blanch. El projecte per objectiu evidenciar la import\u00e0ncia de les activitats quotidianes per al desenvolupament i aprenentatge dels [&hellip;]<\/p>\n","protected":false},"author":20,"featured_media":0,"parent":0,"menu_order":0,"comment_status":"closed","ping_status":"closed","template":"","meta":{"footnotes":""},"class_list":["post-231","page","type-page","status-publish","hentry"],"_links":{"self":[{"href":"https:\/\/webs.uab.cat\/erife\/wp-json\/wp\/v2\/pages\/231","targetHints":{"allow":["GET"]}}],"collection":[{"href":"https:\/\/webs.uab.cat\/erife\/wp-json\/wp\/v2\/pages"}],"about":[{"href":"https:\/\/webs.uab.cat\/erife\/wp-json\/wp\/v2\/types\/page"}],"author":[{"embeddable":true,"href":"https:\/\/webs.uab.cat\/erife\/wp-json\/wp\/v2\/users\/20"}],"replies":[{"embeddable":true,"href":"https:\/\/webs.uab.cat\/erife\/wp-json\/wp\/v2\/comments?post=231"}],"version-history":[{"count":1,"href":"https:\/\/webs.uab.cat\/erife\/wp-json\/wp\/v2\/pages\/231\/revisions"}],"predecessor-version":[{"id":621,"href":"https:\/\/webs.uab.cat\/erife\/wp-json\/wp\/v2\/pages\/231\/revisions\/621"}],"wp:attachment":[{"href":"https:\/\/webs.uab.cat\/erife\/wp-json\/wp\/v2\/media?parent=231"}],"curies":[{"name":"wp","href":"https:\/\/api.w.org\/{rel}","templated":true}]}}