{"id":243,"date":"2014-10-30T17:10:00","date_gmt":"2014-10-30T15:10:00","guid":{"rendered":"https:\/\/webs.uab.cat\/erife\/videos\/"},"modified":"2023-03-14T08:36:42","modified_gmt":"2023-03-14T06:36:42","slug":"videos","status":"publish","type":"page","link":"https:\/\/webs.uab.cat\/erife\/videos\/","title":{"rendered":"Videos"},"content":{"rendered":"\n<p id=\"yui_3_16_0_1_1401291669711_10280\"><strong id=\"yui_3_16_0_1_1401291669711_10279\"><strong>v\u00eddeo YOUTUBE: <\/strong><\/strong>Ex-ET. La inclusi\u00f3 de la difer\u00e8ncia<\/p>\n\n\n\n<p id=\"yui_3_16_0_1_1401291669711_10283\"><a id=\"yui_3_16_0_1_1401291669711_10281\" href=\"http:\/\/www.youtube.com\/watch?v=Fce5uG18ZTI&amp;feature=kp\" target=\"_blank\" rel=\"nofollow noopener\">http:\/\/www.youtube.com\/watch?v=Fce5uG18ZTI&amp;feature=kp<\/a><\/p>\n","protected":false},"excerpt":{"rendered":"<p>v\u00eddeo YOUTUBE: Ex-ET. La inclusi\u00f3 de la difer\u00e8ncia http:\/\/www.youtube.com\/watch?v=Fce5uG18ZTI&amp;feature=kp<\/p>\n","protected":false},"author":20,"featured_media":0,"parent":0,"menu_order":0,"comment_status":"closed","ping_status":"closed","template":"","meta":{"footnotes":""},"class_list":["post-243","page","type-page","status-publish","hentry"],"_links":{"self":[{"href":"https:\/\/webs.uab.cat\/erife\/wp-json\/wp\/v2\/pages\/243","targetHints":{"allow":["GET"]}}],"collection":[{"href":"https:\/\/webs.uab.cat\/erife\/wp-json\/wp\/v2\/pages"}],"about":[{"href":"https:\/\/webs.uab.cat\/erife\/wp-json\/wp\/v2\/types\/page"}],"author":[{"embeddable":true,"href":"https:\/\/webs.uab.cat\/erife\/wp-json\/wp\/v2\/users\/20"}],"replies":[{"embeddable":true,"href":"https:\/\/webs.uab.cat\/erife\/wp-json\/wp\/v2\/comments?post=243"}],"version-history":[{"count":1,"href":"https:\/\/webs.uab.cat\/erife\/wp-json\/wp\/v2\/pages\/243\/revisions"}],"predecessor-version":[{"id":627,"href":"https:\/\/webs.uab.cat\/erife\/wp-json\/wp\/v2\/pages\/243\/revisions\/627"}],"wp:attachment":[{"href":"https:\/\/webs.uab.cat\/erife\/wp-json\/wp\/v2\/media?parent=243"}],"curies":[{"name":"wp","href":"https:\/\/api.w.org\/{rel}","templated":true}]}}