{"id":244,"date":"2014-10-30T17:11:07","date_gmt":"2014-10-30T15:11:07","guid":{"rendered":"https:\/\/webs.uab.cat\/erife\/altres\/"},"modified":"2025-02-06T12:30:06","modified_gmt":"2025-02-06T10:30:06","slug":"altres","status":"publish","type":"page","link":"https:\/\/webs.uab.cat\/erife\/altres\/","title":{"rendered":"Altres"},"content":{"rendered":"\n<p><strong>Escola i Fam\u00edlia, Xtec<\/strong> (Xarxa Telem\u00e0tica Educativa de Catalunya).&nbsp;<\/p>\n\n\n\n<p><a href=\"http:\/\/xtec.gencat.cat\/ca\/comunitat\/escolaifamilia\/\">http:\/\/xtec.gencat.cat\/ca\/comunitat\/escolaifamilia\/<\/a><\/p>\n\n\n\n<p><strong>Junts per Educaci\u00f3&nbsp;<\/strong><\/p>\n\n\n\n<p><a href=\"http:\/\/familiaiescola.gencat.cat\/ca\/escolaritat\/participacio-compromis\/participacio-coresponsabilitzacio\/participacio-funcionament-centre\/ampa\/\">http:\/\/familiaiescola.gencat.cat\/ca\/escolaritat\/participacio-compromis\/participacio-coresponsabilitzacio\/participacio-funcionament-centre\/ampa\/<\/a><\/p>\n\n\n\n<p><strong>Fam\u00edlies,<\/strong> Departament de Treball, Afers Socials i Fam\u00edlies<\/p>\n\n\n\n<p><a href=\"http:\/\/treballiaferssocials.gencat.cat\/ca\/ambits_tematics\/families\/\">http:\/\/treballiaferssocials.gencat.cat\/ca\/ambits_tematics\/families\/<\/a><\/p>\n\n\n\n<p><strong>Ofici d&#8217;Educar.<\/strong>Programa de r\u00e0dio dirigit per Elisabet Pedrosa sobre educaci\u00f3<\/p>\n\n\n\n<p><a href=\"https:\/\/www.ccma.cat\/catradio\/alacarta\/lofici-deducar\/\">https:\/\/www.ccma.cat\/catradio\/alacarta\/lofici-deducar\/<\/a><\/p>\n\n\n\n<p><strong>Gurasotasuna<\/strong>. Web del Govern del Pa\u00eds Vasc sobre la parentalitat positiva. Al web s&#8217;hi poden trobar escrits, investigacions, programes i materials de consulta a m\u00e9s d&#8217;un blog per interactuar.<\/p>\n\n\n\n<p><a href=\"http:\/\/www.gizartelan.ejgv.euskadi.net\/r45-gurahome\/es\" target=\"_blank\" rel=\"noopener\">http:\/\/www.gizartelan.ejgv.euskadi.net\/r45-gurahome\/es<\/a><\/p>\n\n\n\n<p><strong>Fundaci\u00f3 Bernard Van Leer<\/strong>. Aquesta fundaci\u00f3 publica articles, informes i llibres relacionats amb la petita inf\u00e0ncia i les seves fam\u00edlies. Els articles reflexionen sobre diferents \u00e0rees i tem\u00e0tiques amb experi\u00e8ncies d&#8217;arreu del m\u00f3n.<\/p>\n\n\n\n<p><a href=\"http:\/\/www.bernardvanleer.org\/Spanish\/Home\/Our-publications\/Browse_by_series.html?ps_page=1&amp;getSeries=6#.VEinvvmsV8\" target=\"_blank\" rel=\"noopener\">http:\/\/www.bernardvanleer.org\/Spanish\/Home\/Our-publications\/Browse_by_series.html?ps_page=1&amp;getSeries=6#.VEinvvmsV8<\/a><\/p>\n\n\n\n<p><strong><strong>XELL: <\/strong><\/strong>Xarxa d\u2019Escoles Lliures<\/p>\n\n\n\n<p><a id=\"yui_3_16_0_1_1401291669711_10255\" href=\"http:\/\/www.educaciolliure.org\/\" target=\"_blank\" rel=\"nofollow noopener\">http:\/\/www.educaciolliure.org\/<\/a><\/p>\n\n\n\n<p><strong>Diputaci\u00f3 de Barcelona: Programa Fam\u00edlies i escoles<\/strong><\/p>\n\n\n\n<p><a id=\"yui_3_16_0_1_1429773835012_28774\" href=\"http:\/\/www.laxarxa.com\/familiesiescola\" target=\"_blank\" rel=\"nofollow noopener\">http:\/\/www.laxarxa.com\/familiesiescola<\/a><a id=\"yui_3_16_0_1_1429773835012_28774\" href=\"http:\/\/www.laxarxa.com\/familiesiescola\" target=\"_blank\" rel=\"nofollow noopener\">.<\/a><\/p>\n\n\n\n<p><strong>Buenos Tratos:<\/strong> Bloc de Jos\u00e9 Luis Gonzalo Marrod\u00e1n que difon els principis i ingredients que contribueixen a la formaci\u00f3 de relacions d&#8217;attachament segur en la fam\u00edlia i en la comunitat. Tamb\u00e9 convida a fomentar una pr\u00e0ctica professional \u00f2ptima i a construir societats que protegeixin els m\u00e9s vulnerables i marginats. Jos\u00e9 Luis \u00e9s Psic\u00f2leg cl\u00ednic i psicoterapeuta, formador i docent del Postgrau en Traumaterapia Sist\u00e8mica-Infantil de Barudy y Dantagnan i membre de la Red APEGA de professionals.<\/p>\n\n\n\n<p><a href=\"http:\/\/www.buenostratos.com\/\">http:\/\/www.buenostratos.com\/<\/a><\/p>\n\n\n\n<p><strong>Let Grow:<\/strong> Organitzaci\u00f3 no govenamental que promou una major independ\u00e8ncia i resili\u00e8ncia per als infants americans. \u00c9s va crear a 2017 per Lenore Skenazy junt a Jonathan Haidt (New York University), Peter Gray (Boston College) i Daniel Shuchman (empresari novaiorqu\u00e8s i fundador de FIRE: The Foundation for Individual Rights and Expression.<\/p>\n\n\n\n<p><a href=\"https:\/\/letgrow.org\/\">https:\/\/letgrow.org\/<\/a><\/p>\n\n\n\n<p><strong>After Babel<\/strong>: P\u00e0gina web amb publicacions de Jonathan Haidt (New York University) que complementen el seu llibre &#8220;La generaci\u00f3 ansiosa. \u00bfPor qu\u00e9 las redes sociales estan causando una epidemia de enfermedades mentales entre nuestros j\u00f3venes&#8221; publicat el 2024 per Deusto. Els temes que es publiquen en aquest entorn abasten consells de la generaci\u00f3 Z per a la generaci\u00f3 Z, cr\u00e9ixer sota vigil\u00e0ncia constant, qu\u00e8 poden fer les universitats, qu\u00e8 poden fer les organitzacions amb treballadors al seu c\u00e0rrec, com afecten les xarxes socials als nens i joves, com afecte la pornografia a les nenes, com les forces del mercat porten segles incentivant l&#8217;addicci\u00f3. &#8220;Las nuevas tecnolog\u00edas van a trastornar nuestras vidas a un ritmo cada a\u00f1o m\u00e1s r\u00e1pido. \u00danete a m\u00ed en After Babel para estudiar que est\u00e1 ocurriendo, c\u00f3mo nos est\u00e1 afectando y c\u00f3mo criar hijos que puedan prosperar en medio de la confusi\u00f3n&#8221; (Haidt, 2024, p. 342).<\/p>\n\n\n\n<p><a href=\"https:\/\/www.afterbabel.com\/\">https:\/\/www.afterbabel.com\/<\/a><\/p>\n\n\n\n<p><strong>Asociaci\u00f3n Infancias:<\/strong> Col\u00b7lectiu interprofessional per al bon desenvolupament de la inf\u00e0ncia. En el Facebook es publiquen not\u00edcies com les xerrades que s&#8217;ofereixen en format h\u00edbrid en el marc del programa &#8220;LA MESA CAMILLA: Espacio de reflexi\u00f3n interprofesional sobre la infancia y sus entornos&#8221;; que vol promoure la trobada i la formaci\u00f3 entre diferents professionals interessats en el bon desenvolupament de la inf\u00e0ncia; tamb\u00e9, el di\u00e0leg, la reflexi\u00f3 i la col\u00b7laboraci\u00f3 entre tots els implicats en la crian\u00e7a i educaci\u00f3 dels infants.<\/p>\n\n\n\n<p><a href=\"https:\/\/www.facebook.com\/alicanteinfancias\/\">https:\/\/www.facebook.com\/alicanteinfancias\/<\/a><\/p>\n\n\n\n<p><strong>La newsletter de Sonia Kliass:<\/strong> Un espai creat en 2024 on Sonia Kliass comparteix informaci\u00f3 que ajuda a educar amb consci\u00e8ncia. Ella \u00e9s psic\u00f2loga especialitzada en inf\u00e0ncia, realitza formaci\u00f3 i assessorament a fam\u00edlies en l&#8217;educaci\u00f3 dels infants i a professionals de la educaci\u00f3 infantil.<\/p>\n\n\n\n<p><a href=\"https:\/\/soniakliass.substack.com\/\">https:\/\/soniakliass.substack.com\/<\/a><\/p>\n\n\n\n<p><strong>Miradas que escuchan:<\/strong> Canal de YouTube de Mari Carmen D\u00edez Navarro on explica les seves viv\u00e8ncies com a mestra a parvulari. Ella \u00e9s una referent en temes de crian\u00e7a i educaci\u00f3 infantil amb una \u00e0mplia traject\u00f2ria que ha documentat d&#8217;una manera etnogr\u00e0fica.<\/p>\n\n\n\n<p><a href=\"http:\/\/www.youtube.com\/@miradasqueescuchan-maricar4573\">http:\/\/www.youtube.com\/@miradasqueescuchan-maricar4573<\/a><\/p>\n","protected":false},"excerpt":{"rendered":"<p>Escola i Fam\u00edlia, Xtec (Xarxa Telem\u00e0tica Educativa de Catalunya).&nbsp; http:\/\/xtec.gencat.cat\/ca\/comunitat\/escolaifamilia\/ Junts per Educaci\u00f3&nbsp; http:\/\/familiaiescola.gencat.cat\/ca\/escolaritat\/participacio-compromis\/participacio-coresponsabilitzacio\/participacio-funcionament-centre\/ampa\/ Fam\u00edlies, Departament de Treball, Afers Socials i Fam\u00edlies http:\/\/treballiaferssocials.gencat.cat\/ca\/ambits_tematics\/families\/ Ofici d&#8217;Educar.Programa de r\u00e0dio dirigit per Elisabet Pedrosa sobre educaci\u00f3 https:\/\/www.ccma.cat\/catradio\/alacarta\/lofici-deducar\/ Gurasotasuna. Web del Govern del Pa\u00eds Vasc sobre la parentalitat positiva. Al web s&#8217;hi poden trobar escrits, investigacions, programes i materials [&hellip;]<\/p>\n","protected":false},"author":20,"featured_media":0,"parent":0,"menu_order":0,"comment_status":"closed","ping_status":"closed","template":"","meta":{"footnotes":""},"class_list":["post-244","page","type-page","status-publish","hentry"],"_links":{"self":[{"href":"https:\/\/webs.uab.cat\/erife\/wp-json\/wp\/v2\/pages\/244","targetHints":{"allow":["GET"]}}],"collection":[{"href":"https:\/\/webs.uab.cat\/erife\/wp-json\/wp\/v2\/pages"}],"about":[{"href":"https:\/\/webs.uab.cat\/erife\/wp-json\/wp\/v2\/types\/page"}],"author":[{"embeddable":true,"href":"https:\/\/webs.uab.cat\/erife\/wp-json\/wp\/v2\/users\/20"}],"replies":[{"embeddable":true,"href":"https:\/\/webs.uab.cat\/erife\/wp-json\/wp\/v2\/comments?post=244"}],"version-history":[{"count":2,"href":"https:\/\/webs.uab.cat\/erife\/wp-json\/wp\/v2\/pages\/244\/revisions"}],"predecessor-version":[{"id":719,"href":"https:\/\/webs.uab.cat\/erife\/wp-json\/wp\/v2\/pages\/244\/revisions\/719"}],"wp:attachment":[{"href":"https:\/\/webs.uab.cat\/erife\/wp-json\/wp\/v2\/media?parent=244"}],"curies":[{"name":"wp","href":"https:\/\/api.w.org\/{rel}","templated":true}]}}