{"id":256,"date":"2015-03-18T19:55:31","date_gmt":"2015-03-18T17:55:31","guid":{"rendered":"https:\/\/webs.uab.cat\/erife\/collaboracions-0\/"},"modified":"2023-03-14T08:37:11","modified_gmt":"2023-03-14T06:37:11","slug":"collaboracions-0","status":"publish","type":"page","link":"https:\/\/webs.uab.cat\/erife\/collaboracions-0\/","title":{"rendered":"Col\u00b7laboracions"},"content":{"rendered":"\n<p><strong><a id=\"yui_3_16_0_1_1426621376089_57915\" href=\"http:\/\/paginabes.blogspot.com.es\/p\/blog-page.html\" target=\"_blank\" rel=\"nofollow noopener\">BES: Barcelona Espai de Supervisi\u00f3<\/a><\/strong><\/p>\n\n\n\n<p>El BES \u00e9s un equip intergeneracional de professionals dels camps de l\u2019educaci\u00f3, la psicologia, la psicopedagogia i l&#8217;art que treballen des del 2005 per procurar espais de benestar en els \u00e0mbits de conviv\u00e8ncia de les fam\u00edlies i els professionals que treballen amb elles.<\/p>\n\n\n\n<p><strong><a id=\"yui_3_16_0_1_1426621376089_57956\" href=\"http:\/\/pagines.uab.cat\/ice\/content\/benvinguda\" target=\"_blank\" rel=\"nofollow noopener\">ICE UAB<\/a> <\/strong><\/p>\n\n\n\n<p>ICE UAB- Institut de Ci\u00e8ncies de l&#8217;Educaci\u00f3 de la Universitat Aut\u00f2noma de Barcelona. Col\u00b7laboraci\u00f3 amb l&#8217;equip PEIF (Programa Educatiu per a Infants i Fam\u00edlies).<\/p>\n\n\n\n<p><a href=\"http:\/\/www.apefac.cat\/\">APEFAC<\/a><\/p>\n\n\n\n<p>Associaci\u00f3 d&#8217;Espais Familiars a Catalunya. Col\u00b7laboraci\u00f3 en promoure recerca conjunta.<\/p>\n\n\n\n<p><strong><a href=\"https:\/\/lasalateatre.cat\/\">LaSala<\/a><\/strong>&nbsp;Miguel Hernandez de Sabadell<\/p>\n\n\n\n<p>LaSala \u00e9s un centre cultural de creaci\u00f3, producci\u00f3 i exhibici\u00f3 adre\u00e7at a les&nbsp; fam\u00edlies i escoles de l\u2019entorn.<\/p>\n","protected":false},"excerpt":{"rendered":"<p>BES: Barcelona Espai de Supervisi\u00f3 El BES \u00e9s un equip intergeneracional de professionals dels camps de l\u2019educaci\u00f3, la psicologia, la psicopedagogia i l&#8217;art que treballen des del 2005 per procurar espais de benestar en els \u00e0mbits de conviv\u00e8ncia de les fam\u00edlies i els professionals que treballen amb elles. ICE UAB ICE UAB- Institut de Ci\u00e8ncies [&hellip;]<\/p>\n","protected":false},"author":20,"featured_media":0,"parent":0,"menu_order":0,"comment_status":"closed","ping_status":"closed","template":"","meta":{"footnotes":""},"class_list":["post-256","page","type-page","status-publish","hentry"],"_links":{"self":[{"href":"https:\/\/webs.uab.cat\/erife\/wp-json\/wp\/v2\/pages\/256","targetHints":{"allow":["GET"]}}],"collection":[{"href":"https:\/\/webs.uab.cat\/erife\/wp-json\/wp\/v2\/pages"}],"about":[{"href":"https:\/\/webs.uab.cat\/erife\/wp-json\/wp\/v2\/types\/page"}],"author":[{"embeddable":true,"href":"https:\/\/webs.uab.cat\/erife\/wp-json\/wp\/v2\/users\/20"}],"replies":[{"embeddable":true,"href":"https:\/\/webs.uab.cat\/erife\/wp-json\/wp\/v2\/comments?post=256"}],"version-history":[{"count":1,"href":"https:\/\/webs.uab.cat\/erife\/wp-json\/wp\/v2\/pages\/256\/revisions"}],"predecessor-version":[{"id":629,"href":"https:\/\/webs.uab.cat\/erife\/wp-json\/wp\/v2\/pages\/256\/revisions\/629"}],"wp:attachment":[{"href":"https:\/\/webs.uab.cat\/erife\/wp-json\/wp\/v2\/media?parent=256"}],"curies":[{"name":"wp","href":"https:\/\/api.w.org\/{rel}","templated":true}]}}