{"id":292,"date":"2016-10-20T15:47:14","date_gmt":"2016-10-20T13:47:14","guid":{"rendered":"https:\/\/webs.uab.cat\/erife\/equip\/"},"modified":"2026-02-02T23:38:40","modified_gmt":"2026-02-02T21:38:40","slug":"equip","status":"publish","type":"page","link":"https:\/\/webs.uab.cat\/erife\/equip\/","title":{"rendered":"Equip"},"content":{"rendered":"\n<p><a><strong>ERIFE<\/strong><\/a><\/p>\n\n\n\n<p><strong>EQUIP DE RECERCA SOBRE INF\u00c0NCIA, FAM\u00cdLIA I EDUCACI\u00d3<\/strong><\/p>\n\n\n\n<p><strong>SINTE-UAB<\/strong><\/p>\n\n\n\n<p><strong>Universitat Aut\u00f2noma de Barcelona<\/strong><\/p>\n\n\n\n<p>L\u2019equip ERIFE \u00e9s un equip divers on hi participen de forma regular persones vinculades a la universitat i persones vinculades al territori (amb perfils de mestres, pedagogs, psicopedagogs i Educaci\u00f3 Social). Tamb\u00e9 hi ha altres participacions m\u00e9s puntuals en funci\u00f3 del Projecte en que s\u2019est\u00e0 treballant.<\/p>\n\n\n\n<p><strong>Investigadora Principal<\/strong><\/p>\n\n\n\n<p>S\u00edlvia Blanch Gelabert<\/p>\n\n\n\n<p><strong>Coordinadores<\/strong><\/p>\n\n\n\n<p>S\u00edlvia Blanch Gelabert i Maite Mas<\/p>\n\n\n\n<figure class=\"wp-block-image size-full is-resized\"><img loading=\"lazy\" decoding=\"async\" width=\"431\" height=\"559\" src=\"https:\/\/webs.uab.cat\/erife\/wp-content\/uploads\/sites\/388\/2024\/12\/Silvia.jpg\" alt=\"\" class=\"wp-image-659\" style=\"width:147px;height:auto\" srcset=\"https:\/\/webs.uab.cat\/erife\/wp-content\/uploads\/sites\/388\/2024\/12\/Silvia.jpg 431w, https:\/\/webs.uab.cat\/erife\/wp-content\/uploads\/sites\/388\/2024\/12\/Silvia-231x300.jpg 231w\" sizes=\"auto, (max-width: 431px) 100vw, 431px\" \/><\/figure>\n\n\n\n<p><strong>S\u00edlvia Blanch Gelabert @silblagel<\/strong><\/p>\n\n\n\n<p>Doctora en Psicologia de l\u2019Educaci\u00f3 i professora agregada del Departament de Psicologia B\u00e0sica, Evolutiva i de l\u2019Educaci\u00f3 de la Universitat Aut\u00f2noma de Barcelona. Llicenciada en Psicologia Cl\u00ednica. Actualment, \u00e9s vicedegana de pr\u00e0ctiques de la Facultat d\u2019Educaci\u00f3 (UAB), co-IP de l\u2019equip ERIFE i membre de&nbsp;<a href=\"https:\/\/www.sinte.me\/\" target=\"_blank\" rel=\"noreferrer noopener\">SINTE-UAB.<\/a>&nbsp;Formadora de formadors a l\u2019equip ICE-UAB i membre fundadora del Barcelona Espai Supervisi\u00f3 (BES). Fa formaci\u00f3 vinculada a l\u2019educaci\u00f3, a la petita inf\u00e0ncia, espais familiar, el rol dels professionals, &nbsp;fam\u00edlies, treball en Xarxa, innovaci\u00f3, art i educaci\u00f3, per professorat i mestres. Tamb\u00e9 supervisi\u00f3 d\u2019equips i acompanyament a fam\u00edlies. \u00c9s coordinadora dels manuals d\u2019educaci\u00f3 infantil i prim\u00e0ria de Wolters Kluwer, ha liderat i col\u00b7laborat en diverses investigacions i ha publicat nombrosos articles, cap\u00edtols de llibre i llibres relacionats amb la psicologia de l\u2019educaci\u00f3. Per a m\u00e9s informaci\u00f3 sobre recerca:&nbsp;&nbsp;<a href=\"https:\/\/portalrecerca.uab.cat\/ca\/persons\/silvia-blanch-gelabert-7\" target=\"_blank\" rel=\"noreferrer noopener\">https:\/\/portalrecerca.uab.cat\/ca\/persons\/silvia-blanch-gelabert-7<\/a><\/p>\n\n\n\n<p><a href=\"mailto:Silvia.blanch@uab.cat\">Silvia.blanch@uab.cat<\/a><\/p>\n\n\n\n<figure class=\"wp-block-image size-full is-resized\"><img loading=\"lazy\" decoding=\"async\" width=\"216\" height=\"382\" src=\"https:\/\/webs.uab.cat\/erife\/wp-content\/uploads\/sites\/388\/2016\/10\/maite.jpg\" alt=\"maite.jpg\" class=\"wp-image-280\" style=\"width:137px;height:auto\" srcset=\"https:\/\/webs.uab.cat\/erife\/wp-content\/uploads\/sites\/388\/2016\/10\/maite.jpg 216w, https:\/\/webs.uab.cat\/erife\/wp-content\/uploads\/sites\/388\/2016\/10\/maite-170x300.jpg 170w\" sizes=\"auto, (max-width: 216px) 100vw, 216px\" \/><\/figure>\n\n\n\n<p><strong>Maite Mas (UAB)<\/strong><\/p>\n\n\n\n<p class=\"has-text-align-left\">Doctora i Llicenciada en Pedagogia. M\u00e0ster en Direcci\u00f3 i Gesti\u00f3 de Centres Educatius. M\u00e0ster en Psicoterapia Anal\u00edtica Grupal. S\u00f2cia del BES (Barcelona Espai Supervisi\u00f3). Fa supervisi\u00f3 i formaci\u00f3 d\u2019equips de l&#8217;\u00e0mbit educatiu al BES, \u00e9s professora en el grau d\u2019Educaci\u00f3 Infantil de la Universitat de Vic-Universitat Central de Catalunya (campus Manresa) i pedagoga al Centre per a la innovaci\u00f3 en Aprenentatge i Coneixement (CLIK) de la Universitat Pompeu Fabra. Co-coordinadora del Grup de Recerca en Inf\u00e0ncia, Fam\u00edla i Educaci\u00f3 (ERIFE) de Universitat Aut\u00f2noma de Barcelona.&nbsp;<\/p>\n\n\n\n<p><a href=\"Teresa.Mas@uab.cat\" data-type=\"link\" data-id=\"Teresa.Mas@uab.cat\">Teresa.Mas@uab.cat<\/a><\/p>\n\n\n\n<figure class=\"wp-block-image size-full is-resized\"><img loading=\"lazy\" decoding=\"async\" width=\"1125\" height=\"1500\" src=\"https:\/\/webs.uab.cat\/erife\/wp-content\/uploads\/sites\/388\/2025\/02\/AnaMForestello.jpg\" alt=\"\" class=\"wp-image-701\" style=\"width:143px;height:auto\" srcset=\"https:\/\/webs.uab.cat\/erife\/wp-content\/uploads\/sites\/388\/2025\/02\/AnaMForestello.jpg 1125w, https:\/\/webs.uab.cat\/erife\/wp-content\/uploads\/sites\/388\/2025\/02\/AnaMForestello-225x300.jpg 225w, https:\/\/webs.uab.cat\/erife\/wp-content\/uploads\/sites\/388\/2025\/02\/AnaMForestello-768x1024.jpg 768w\" sizes=\"auto, (max-width: 1125px) 100vw, 1125px\" \/><\/figure>\n\n\n\n<p><strong>Ana Mar\u00eda Forestello<\/strong><\/p>\n\n\n\n<p><a href=\"mailto:anamaria.forestello@espaibes.cat\">anamaria.forestello@espaibes.cat<\/a> \/\/ <a href=\"mailto:anamaria.forestello@upf.edu\">anamaria.forestello@upf.edu<\/a> \/\/ <a href=\"mailto:aforestello@umanresa.cat\">aforestello@umanresa.cat<\/a><\/p>\n\n\n\n<p>Llicenciada i Doctora en Psicologia per la UAB. Professora Lectora de la UAB on realitzo la meva doc\u00e8ncia en el Grau d\u2019Educaci\u00f3 Infantil. He treballat 29 anys a l\u2019escola Bressol i actualment realitzo assessoraments a escoles bressol per l\u2019ICE de la UAB.<\/p>\n\n\n\n<p>Soc membre del GREP (Grup de Recerca en Educaci\u00f3 Psicomotriu) i de l\u2019ERIFE (Equip de Recerca en Inf\u00e0ncia, Fam\u00edlia i Escola) i la meva recerca sempre s\u2019ha centrat en la primera inf\u00e0ncia i en crear espais d\u2019aprenentatge de qualitat a l\u2019escola. He creat RE EDUCA, un projecte educatiu que posa en relleu la creativitat i la sostenibilitat, on col\u00b7laboro amb el Projecte FAIG, un programa experimental de suport a la innovaci\u00f3 del Departament d\u2019Educaci\u00f3 de Catalunya promogut per la Direcci\u00f3 General d\u2019Innovaci\u00f3, Digitalitzaci\u00f3 i Curr\u00edculum.<\/p>\n\n\n\n<figure class=\"wp-block-image size-full is-resized\"><img loading=\"lazy\" decoding=\"async\" width=\"516\" height=\"600\" src=\"https:\/\/webs.uab.cat\/erife\/wp-content\/uploads\/sites\/388\/2016\/10\/img_8133.jpg\" alt=\"img_8133.jpg\" class=\"wp-image-286\" style=\"width:137px;height:auto\" srcset=\"https:\/\/webs.uab.cat\/erife\/wp-content\/uploads\/sites\/388\/2016\/10\/img_8133.jpg 516w, https:\/\/webs.uab.cat\/erife\/wp-content\/uploads\/sites\/388\/2016\/10\/img_8133-258x300.jpg 258w\" sizes=\"auto, (max-width: 516px) 100vw, 516px\" \/><\/figure>\n\n\n\n<p><strong>Pere Peris (BES; jubilat UAB)<\/strong><\/p>\n\n\n\n<p>Doctor en pedagogia. Mestre d\u2019educaci\u00f3 infantil. M\u00e0ster en psicoter\u00e0pia anal\u00edtic grupal. Catedr\u00e0tic d\u2019ensenyament secundari en l\u2019especialitat d\u2019intervenci\u00f3 sociocomunit\u00e0ria. Ha treballat 12 anys de mestre d\u2019educaci\u00f3 infantil. Professor associat al Departament de Pedagogia Aplicada de la Universitat Aut\u00f2noma de Barcelona del 1993 al 2012. Ha fet formaci\u00f3 per a habilitaci\u00f3 d\u2019educadores en educaci\u00f3 infantil, ha elaborat, en col\u00b7laboraci\u00f3 les guies d\u2019evid\u00e8ncies per l\u2019Institut Catal\u00e0 de les Qualificacions&nbsp; en l\u2019\u00e0mbit de l\u2019educaci\u00f3 infantil, i ha elaborat materials sobre promoci\u00f3 de l\u2019autonomia personal i social, per enc\u00e0rrec del MEC.<\/p>\n\n\n\n<p>Ha estat professor de Formaci\u00f3 Professional, de la fam\u00edlia de Serveis Socioculturals i a la Comunitat, en el Cicle Formatiu de Grau Superior (CFGS) Integraci\u00f3 Social i en el CFGS Educaci\u00f3 Infantil. Tamb\u00e9 responsable de la formaci\u00f3 en el centre de treball (pr\u00e0ctiques) d\u2019aquests cicles formatius. Col\u00b7laborador en l\u2019assessoria al Grup de Treball per a la Inf\u00e0ncia de Gav\u00e0.&nbsp;<\/p>\n\n\n\n<p>Actualment \u00e9s membre de l\u2019equip&nbsp;<a href=\"http:\/\/espaibes.cat\/\">BES<\/a>&nbsp;(Barcelona Espai Supervisi\u00f3). <a href=\"mailto:perepauperis@gmail.com\">perepauperis@gmail.com<\/a><\/p>\n\n\n\n<figure class=\"wp-block-image size-full is-resized\"><img loading=\"lazy\" decoding=\"async\" width=\"504\" height=\"777\" src=\"https:\/\/webs.uab.cat\/erife\/wp-content\/uploads\/sites\/388\/2025\/02\/Arnau-ERIFE.jpg\" alt=\"\" class=\"wp-image-704\" style=\"width:142px;height:auto\" srcset=\"https:\/\/webs.uab.cat\/erife\/wp-content\/uploads\/sites\/388\/2025\/02\/Arnau-ERIFE.jpg 504w, https:\/\/webs.uab.cat\/erife\/wp-content\/uploads\/sites\/388\/2025\/02\/Arnau-ERIFE-195x300.jpg 195w\" sizes=\"auto, (max-width: 504px) 100vw, 504px\" \/><\/figure>\n\n\n\n<p><strong>Arnau Careta (UAB i BES)<\/strong><\/p>\n\n\n\n<p>Assessor, supervisor i formador d\u2019equips i professionals dels \u00e0mbits educatiu i social, orientador familiar i terapeuta amb infants i joves. Cofundador de l\u2019empresa Barcelona Espai de Supervisi\u00f3 (www.espaibes.cat), l\u2019associaci\u00f3 En Tribu Esparreguera, i la companyia de teatre social Varietats a l\u2019Ombra. Organitzacions totes tres que es dediquen, d\u2019una o altra manera, a cuidar a persones i equips, des d\u2019infants i fam\u00edlies fins a professionals i organitzacions.<\/p>\n\n\n\n<p>Especialment vinculat a la formaci\u00f3 universit\u00e0ria en l\u2019atenci\u00f3 a inf\u00e0ncia i fam\u00edlies. Professor associat del Departament de Psicologia B\u00e0sica, Evolutiva i de l\u2019Educaci\u00f3 de la Universitat Aut\u00f2noma de Barcelona (UAB), professor col\u00b7laborador a la Facultat de Educaci\u00f3 de la Universitat de Barcelona (UB), membre de l\u2019ERIFE (Equip de Recerca sobre Inf\u00e0ncia, Fam\u00edlia i Educaci\u00f3 de la UAB) i de l\u2019Equip 0-6 de l\u2019Institut de Ci\u00e8ncies de l\u2019Educaci\u00f3 de la UAB.<\/p>\n\n\n\n<p><a href=\"arnau.careta@uab.cat\" data-type=\"link\" data-id=\"arnau.careta@uab.cat\">arnau.careta@uab.cat&nbsp;<\/a><\/p>\n\n\n\n<figure class=\"wp-block-image size-full is-resized\"><img loading=\"lazy\" decoding=\"async\" width=\"1352\" height=\"1514\" src=\"https:\/\/webs.uab.cat\/erife\/wp-content\/uploads\/sites\/388\/2026\/01\/Foto-orl.png\" alt=\"\" class=\"wp-image-824\" style=\"width:142px;height:auto\" srcset=\"https:\/\/webs.uab.cat\/erife\/wp-content\/uploads\/sites\/388\/2026\/01\/Foto-orl.png 1352w, https:\/\/webs.uab.cat\/erife\/wp-content\/uploads\/sites\/388\/2026\/01\/Foto-orl-268x300.png 268w, https:\/\/webs.uab.cat\/erife\/wp-content\/uploads\/sites\/388\/2026\/01\/Foto-orl-914x1024.png 914w, https:\/\/webs.uab.cat\/erife\/wp-content\/uploads\/sites\/388\/2026\/01\/Foto-orl-768x860.png 768w, https:\/\/webs.uab.cat\/erife\/wp-content\/uploads\/sites\/388\/2026\/01\/Foto-orl-1200x1344.png 1200w\" sizes=\"auto, (max-width: 1352px) 100vw, 1352px\" \/><\/figure>\n\n\n\n<p><strong>Andy Morodo<\/strong><\/p>\n\n\n\n<p><em>Doctor en Psicologia de l\u2019Educaci\u00f3 i professor Lector a la Facultat de Ci\u00e8ncies de l\u2019Educaci\u00f3 de la Universitat Aut\u00f2noma de Barcelona, al Grau en Educaci\u00f3 Prim\u00e0ria i al M\u00e0ster de Formaci\u00f3 de Professorat. Assessor i formador de docents i equips directius de totes les etapes educatives. Recentment, s\u2019ha focalitzat en la rellev\u00e0ncia de la compet\u00e8ncia digital, la intel\u00b7lig\u00e8ncia artificial generativa i la compet\u00e8ncia de gesti\u00f3 d\u2019aula per a la millora dels processos d\u2019ensenyament-aprenentatge<\/em>.<\/p>\n\n\n\n<p><a href=\"mailto:Andy.Morodo@uab.cat\">Andy.Morodo@uab.cat<\/a> <\/p>\n\n\n\n<p><strong>DOCTORANDES:<\/strong><\/p>\n\n\n\n<figure class=\"wp-block-image size-full is-resized\"><img loading=\"lazy\" decoding=\"async\" width=\"313\" height=\"456\" src=\"https:\/\/webs.uab.cat\/erife\/wp-content\/uploads\/sites\/388\/2024\/12\/Diney.jpg\" alt=\"\" class=\"wp-image-649\" style=\"width:112px;height:auto\" srcset=\"https:\/\/webs.uab.cat\/erife\/wp-content\/uploads\/sites\/388\/2024\/12\/Diney.jpg 313w, https:\/\/webs.uab.cat\/erife\/wp-content\/uploads\/sites\/388\/2024\/12\/Diney-206x300.jpg 206w\" sizes=\"auto, (max-width: 313px) 100vw, 313px\" \/><\/figure>\n\n\n\n<p><strong>Diney Pacheco Vidarte<\/strong><\/p>\n\n\n\n<p>Llicenciada en Educaci\u00f3 Infantil per la Universitat Santiago de Cali i M\u00e0ster en Psicopedagogia per la Universitat de Barcelona. Actualment, cursa el Mestratge en Psicologia de l&#8217;Educaci\u00f3 i \u00e9s doctoranda en Psicologia de l&#8217;Educaci\u00f3 per la Universitat Aut\u00f2noma de Barcelona. \u00c9s membre del equip de recerca ERIFE (Equip de Recerca en la Formaci\u00f3 d&#8217;Educadors) de la Universitat de Barcelona.<\/p>\n\n\n\n<p>Professora associada a la facultat de educaci\u00f3 de la Universitat Santiago de Cali, enfocada en l&#8217;orientaci\u00f3 d&#8217;assignatures relacionades amb l&#8217;educaci\u00f3 i la psicopedagogia, aix\u00ed com en la intervenci\u00f3 psicopedag\u00f2gica per al desenvolupament infantil i la inclusi\u00f3 educativa. Ha participat en projectes de recerca en educaci\u00f3 per a la pau, estimulaci\u00f3 primerenca i contextos de vulnerabilitat social. Fundadora del Gabinet Psicopedag\u00f2gic Cervell a la ciutat de Cali Col\u00f2mbia, un centre dedicat a l&#8217;estimulaci\u00f3 i l&#8217;acompanyament integral de nens, joves i fam\u00edlies. Ha participat com a ponent TED, abordant la import\u00e0ncia de l&#8217;estimulaci\u00f3 primerenca en entorns adversos. <\/p>\n\n\n\n<p><a href=\"mailto:Diney.Pacheco@autonoma.cat\">Diney.Pacheco@autonoma.cat<\/a><\/p>\n\n\n\n<figure class=\"wp-block-image size-full is-resized\"><img loading=\"lazy\" decoding=\"async\" width=\"292\" height=\"438\" src=\"https:\/\/webs.uab.cat\/erife\/wp-content\/uploads\/sites\/388\/2024\/12\/Claudia.jpg\" alt=\"\" class=\"wp-image-652\" style=\"width:121px;height:auto\" srcset=\"https:\/\/webs.uab.cat\/erife\/wp-content\/uploads\/sites\/388\/2024\/12\/Claudia.jpg 292w, https:\/\/webs.uab.cat\/erife\/wp-content\/uploads\/sites\/388\/2024\/12\/Claudia-200x300.jpg 200w\" sizes=\"auto, (max-width: 292px) 100vw, 292px\" \/><\/figure>\n\n\n\n<p><strong>Claudia Sandoval<\/strong><\/p>\n\n\n\n<p>Licenciada en Fonoaudiologia per Universidad Mayor de Chile, especialista en educaci\u00f3 inclusiva i discapacitat. M\u00e0ster en Neuroci\u00e8ncies de l\u2019Educaci\u00f3. He estat professora al Postgrau de Primer Cicle en Context d&#8217;Interculturalitat i en Grau de Pedagogia en Educaci\u00f3 B\u00e0sica amb Menci\u00f3 en Llenguatge i Comunicaci\u00f3 a la Universitat Cat\u00f2lica de Temuco, Chile. Actualment, doctoranda del Doctorat Interuniversitari de Psicologia de l&#8217;Educaci\u00f3 a la Universitat Aut\u00f2noma de Barcelona i part de l&#8217;equip de recerca ERIFE (Equip de Recerca sobre Inf\u00e0ncia, Fam\u00edlia i Educaci\u00f3).<br>Actualment, la investigaci\u00f3 se centra en la interrelaci\u00f3 entre la inf\u00e0ncia, la fam\u00edlia i l&#8217;escola, abordant temes clau en el desenvolupament cognitiu, emocional i social dels nens i les nenes en contextos educatius. Professora en assignatura d&#8217;Inclusi\u00f3 Educativa en Educaci\u00f3 Infantil a la Universitat Aut\u00f2noma de Barcelona.&nbsp;<br>&nbsp;&nbsp;<br><a href=\"mailto:ClaudiaAlejandra.Sandoval@autonoma.cat\">ClaudiaAlejandra.Sandoval@autonoma.cat<\/a><\/p>\n\n\n\n<figure class=\"wp-block-image size-full is-resized\"><img loading=\"lazy\" decoding=\"async\" width=\"204\" height=\"356\" src=\"https:\/\/webs.uab.cat\/erife\/wp-content\/uploads\/sites\/388\/2024\/12\/Leticia.png\" alt=\"\" class=\"wp-image-656\" style=\"width:119px;height:auto\" srcset=\"https:\/\/webs.uab.cat\/erife\/wp-content\/uploads\/sites\/388\/2024\/12\/Leticia.png 204w, https:\/\/webs.uab.cat\/erife\/wp-content\/uploads\/sites\/388\/2024\/12\/Leticia-172x300.png 172w\" sizes=\"auto, (max-width: 204px) 100vw, 204px\" \/><\/figure>\n\n\n\n<p><strong>Leticia Delgado<\/strong><\/p>\n\n\n\n<p>M\u00e0ster en Recerca i Canvi Educatiu per la Universitat de Barcelona. Llicenciada en Psicologia Cl\u00ednica i Psicologia Comunit\u00e0ria. Especialista en les seg\u00fcents \u00e0rees: Did\u00e0ctica Universit\u00e0ria, Educaci\u00f3 Inclusiva i TEA. Actualment membre actiu de la Societat Paraguaiana de Psicologia (S.P.A.), Psic\u00f2loga del nivell inicial del Ministeri de Educacion i Ci\u00e8ncies del Paraguai i doctoranda del Doctorat Interuniversitari de Psicologia de l&#8217;Educaci\u00f3 en la Universitat de Barcelona, sent part de l\u2019equip de recerca ERIFE, amb una recerca centrada en el analisis de la intervenci\u00f3 del psic\u00f2leg per a una educaci\u00f3 infantil de qualitat.<\/p>\n\n\n\n<p><a href=\"leticiarocio.delgado@autonoma.cat\" data-type=\"link\" data-id=\"leticiarocio.delgado@autonoma.cat\">leticiarocio.delgado@autonoma.cat&nbsp;<\/a><\/p>\n\n\n\n<figure class=\"wp-block-image size-full is-resized\"><img loading=\"lazy\" decoding=\"async\" width=\"1483\" height=\"2045\" src=\"https:\/\/webs.uab.cat\/erife\/wp-content\/uploads\/sites\/388\/2026\/02\/Carla-Rodriguez.jpeg\" alt=\"\" class=\"wp-image-830\" style=\"width:119px;height:auto\" srcset=\"https:\/\/webs.uab.cat\/erife\/wp-content\/uploads\/sites\/388\/2026\/02\/Carla-Rodriguez.jpeg 1483w, https:\/\/webs.uab.cat\/erife\/wp-content\/uploads\/sites\/388\/2026\/02\/Carla-Rodriguez-218x300.jpeg 218w, https:\/\/webs.uab.cat\/erife\/wp-content\/uploads\/sites\/388\/2026\/02\/Carla-Rodriguez-743x1024.jpeg 743w, https:\/\/webs.uab.cat\/erife\/wp-content\/uploads\/sites\/388\/2026\/02\/Carla-Rodriguez-768x1059.jpeg 768w, https:\/\/webs.uab.cat\/erife\/wp-content\/uploads\/sites\/388\/2026\/02\/Carla-Rodriguez-1114x1536.jpeg 1114w, https:\/\/webs.uab.cat\/erife\/wp-content\/uploads\/sites\/388\/2026\/02\/Carla-Rodriguez-1200x1655.jpeg 1200w\" sizes=\"auto, (max-width: 1483px) 100vw, 1483px\" \/><\/figure>\n\n\n\n<p><strong>Carla Rodr\u00edguez<\/strong><\/p>\n\n\n\n<p>Educadora de\u00a0P\u00e1rvulos\u00a0i Llicenciada en Educaci\u00f3, amb\u00a0Mag\u00edster\u00a0en Mesurament i Avaluaci\u00f3 de Programes Educacionals per la Pontif\u00edcia Universitat Cat\u00f2lica de Xile. Posseeix un Diplomat en Infantesa i Pol\u00edtiques P\u00fabliques per la Universitat de Xile, a m\u00e9s de formaci\u00f3 en Ioga i\u00a0Mindfulness\u00a0per a nens.<\/p>\n\n\n\n<p><br>Ha participat en recerques amb focus en tutories en la formaci\u00f3 inicial docent, sobre aprenentatge de les matem\u00e0tiques i g\u00e8nere en la primera inf\u00e0ncia, liderant recerques relacionades amb l&#8217;efecte de cursar educaci\u00f3 inicial a Xile com a t\u00edtol de Grau de\u00a0Mag\u00edster\u00a0i la sistematitzaci\u00f3 de la implementaci\u00f3 del Programa Nacional de Lectura en jardins infantils\u00a0JUNJI\u00a0com a acad\u00e8mica de la Universitat Major.<\/p>\n\n\n\n<p><br>S&#8217;exerceix en educaci\u00f3 inicial i doc\u00e8ncia universit\u00e0ria de pregrau i postgrau, les seves \u00e0rees han estat pr\u00e0ctiques pedag\u00f2giques, avaluaci\u00f3, pol\u00edtiques p\u00fabliques i psicomotricitat infantil en programes de formaci\u00f3 d&#8217;educadores de\u00a0p\u00e1rvulos\u00a0a Xile. Actualment \u00e9s estudiant del Doctorat Interuniversitari de Psicologia de l&#8217;Educaci\u00f3 de la Facultat d&#8217;Educaci\u00f3 de la Universitat Aut\u00f2noma de Barcelona i exerceix com a tutora de formaci\u00f3 pr\u00e0ctica en la carrera d&#8217;Educaci\u00f3\u00a0Parvularia\u00a0del Programa\u00a0Advance\u00a0de la Universitat Sant Sebasti\u00e0, a m\u00e9s d&#8217;impartir el curs de Planificaci\u00f3 i avaluaci\u00f3 en educaci\u00f3 inicial postgrau de la Universitat Major.<\/p>\n\n\n\n<p><a href=\"mailto:Carla.RodriguezSe@autonoma.cat\">Carla.RodriguezSe@autonoma.cat<\/a><\/p>\n\n\n\n<p><strong>Persones que han col\u00b7laborat amb l\u2019ERIFE i a qui li agra\u00efm la seva contribuci\u00f3:<\/strong> <strong><\/strong><\/p>\n\n\n\n<p>Laia Ballart, Anna Ciraso, Xavier Gimeno,&nbsp; Isabel Guibourg, Anna Rodriguez, Nerea Aller, Montserrat Gonz\u00e1lez, Esther Secanilla i Cristina Reche. <strong><\/strong><\/p>\n\n\n\n<p><\/p>\n","protected":false},"excerpt":{"rendered":"<p>ERIFE EQUIP DE RECERCA SOBRE INF\u00c0NCIA, FAM\u00cdLIA I EDUCACI\u00d3 SINTE-UAB Universitat Aut\u00f2noma de Barcelona L\u2019equip ERIFE \u00e9s un equip divers on hi participen de forma regular persones vinculades a la universitat i persones vinculades al territori (amb perfils de mestres, pedagogs, psicopedagogs i Educaci\u00f3 Social). Tamb\u00e9 hi ha altres participacions m\u00e9s puntuals en funci\u00f3 del [&hellip;]<\/p>\n","protected":false},"author":20,"featured_media":0,"parent":0,"menu_order":0,"comment_status":"closed","ping_status":"closed","template":"","meta":{"footnotes":""},"class_list":["post-292","page","type-page","status-publish","hentry"],"_links":{"self":[{"href":"https:\/\/webs.uab.cat\/erife\/wp-json\/wp\/v2\/pages\/292","targetHints":{"allow":["GET"]}}],"collection":[{"href":"https:\/\/webs.uab.cat\/erife\/wp-json\/wp\/v2\/pages"}],"about":[{"href":"https:\/\/webs.uab.cat\/erife\/wp-json\/wp\/v2\/types\/page"}],"author":[{"embeddable":true,"href":"https:\/\/webs.uab.cat\/erife\/wp-json\/wp\/v2\/users\/20"}],"replies":[{"embeddable":true,"href":"https:\/\/webs.uab.cat\/erife\/wp-json\/wp\/v2\/comments?post=292"}],"version-history":[{"count":19,"href":"https:\/\/webs.uab.cat\/erife\/wp-json\/wp\/v2\/pages\/292\/revisions"}],"predecessor-version":[{"id":886,"href":"https:\/\/webs.uab.cat\/erife\/wp-json\/wp\/v2\/pages\/292\/revisions\/886"}],"wp:attachment":[{"href":"https:\/\/webs.uab.cat\/erife\/wp-json\/wp\/v2\/media?parent=292"}],"curies":[{"name":"wp","href":"https:\/\/api.w.org\/{rel}","templated":true}]}}