{"id":402,"date":"2015-09-28T10:22:09","date_gmt":"2015-09-28T10:22:09","guid":{"rendered":"https:\/\/webs.uab.cat\/escola-doctorat\/escola-destiu-de-doctorat-2015\/"},"modified":"2015-09-28T10:22:09","modified_gmt":"2015-09-28T10:22:09","slug":"escola-destiu-de-doctorat-2015","status":"publish","type":"page","link":"https:\/\/webs.uab.cat\/escola-doctorat\/escola-destiu-de-doctorat-2015\/","title":{"rendered":"Escola d\u2019estiu de doctorat 2015"},"content":{"rendered":"<table style=\"width: 862px;\" border=\"0\" cellspacing=\"0\" cellpadding=\"10\">\n<tbody>\n<tr>\n<td colspan=\"2\"><strong>Professors convidats<\/strong><\/td>\n<\/tr>\n<tr>\n<td width=\"15\">&nbsp;<\/td>\n<td width=\"807\"><strong>Prof. Luis Pegenaute (Universitat Pompeu Fabra)&nbsp;<\/strong><br \/> <em>Historia e historiograf\u00eda de la traducci\u00f3n<\/em><\/td>\n<\/tr>\n<tr>\n<td>&nbsp;<\/td>\n<td><strong>Prof. Diego Saglia (Universit\u00e1 di Parma)&nbsp;<\/strong><br \/> <em>Translation, Culture, and \u201cCultural Translation\u201d<\/em><\/td>\n<\/tr>\n<tr>\n<td>&nbsp;<\/td>\n<td><strong>Prof. Alan K. Melby (Brigham Young University)&nbsp;<\/strong><br \/> <em>Machine Translation and Quality<\/em><\/td>\n<\/tr>\n<tr>\n<td>&nbsp;<\/td>\n<td><strong>Prof. Jennifer Robertson (University of Michigan)&nbsp;<\/strong><br \/> <em>Robo sapiens japanicus:&nbsp; Human-robot coexistence and the future of \u201csociety\u201d in Japan<\/em><\/td>\n<\/tr>\n<tr>\n<td>&nbsp;<\/td>\n<td><strong>Prof. Marco Ceresa (Universit\u00e0&nbsp;<em>Ca\u2019Foscari)&nbsp;<\/em><\/strong><br \/> <em>China Chic and China Shock in 20th Century Literary and Visual Writing: Investigating Modern Chinoiserie<\/em><\/td>\n<\/tr>\n<tr>\n<td colspan=\"2\"><strong>Tallers oferts per personal de la UAB<\/strong><\/td>\n<\/tr>\n<tr>\n<td>&nbsp;<\/td>\n<td><strong>Dra. Amparo Hurtado, Dra. Sara Rovira.&nbsp;<\/strong><br \/> Taller 1.&nbsp;<em>Difusi\u00f3n de la investigaci\u00f3n y evaluaci\u00f3n para la selecci\u00f3n de publicaciones en revistas y editoriales.<\/em><\/td>\n<\/tr>\n<tr>\n<td>&nbsp;<\/td>\n<td><strong>Dr. Artur Lozano<\/strong>.<br \/> Taller 2.&nbsp;<em>GTD o \u201cGet Things Done\u201d en investigaci\u00f3n: t\u00e9cnicas e instrumentos para la eficiencia y la gesti\u00f3n<\/em><\/td>\n<\/tr>\n<tr>\n<td>&nbsp;<\/td>\n<td><strong>Dr. Adri\u00e0 Mart\u00edn<\/strong>.<br \/> Taller 3.&nbsp;&nbsp;<em>L&#8217;automatitzaci\u00f3 de l&#8217;edici\u00f3 en una tesi doctoral: processament de textos i PDF<\/em><\/td>\n<\/tr>\n<tr>\n<td>&nbsp;<\/td>\n<td><strong>Dra. Carme Mangiron<\/strong>.<br \/> Taller 4.&nbsp;<em>C\u00f3mo presentar una comunicaci\u00f3n en un congreso<\/em><\/td>\n<\/tr>\n<tr>\n<td colspan=\"2\"><strong><span>Professors coordinadors de seminaris<\/span><\/strong><\/td>\n<\/tr>\n<tr>\n<td>&nbsp;<\/td>\n<td>\n<p><strong>Dra. Montserrat Bacard\u00ed<br \/> Dra. Pilar Orero<br \/> Dra. Pilar S\u00e1nchez-Gij\u00f3n<\/strong><strong><br \/> Dr. Blai Guarn\u00e9<br \/> Dr. Joaqu\u00edn Beltr\u00e1n<br \/> <\/strong><\/p>\n<\/td>\n<\/tr>\n<\/tbody>\n<\/table>\n","protected":false},"excerpt":{"rendered":"<p>Professors convidats &nbsp; Prof. Luis Pegenaute (Universitat Pompeu Fabra)&nbsp; Historia e historiograf\u00eda de la traducci\u00f3n &nbsp; Prof. Diego Saglia (Universit\u00e1 di Parma)&nbsp; Translation, Culture, and \u201cCultural Translation\u201d &nbsp; Prof. Alan K. Melby (Brigham Young University)&nbsp; Machine Translation and Quality &nbsp; Prof. Jennifer Robertson (University of Michigan)&nbsp; Robo sapiens japanicus:&nbsp; Human-robot coexistence and the future of [&hellip;]<\/p>\n","protected":false},"author":20,"featured_media":0,"parent":0,"menu_order":0,"comment_status":"closed","ping_status":"closed","template":"","meta":{"footnotes":""},"class_list":["post-402","page","type-page","status-publish","hentry"],"_links":{"self":[{"href":"https:\/\/webs.uab.cat\/escola-doctorat\/wp-json\/wp\/v2\/pages\/402","targetHints":{"allow":["GET"]}}],"collection":[{"href":"https:\/\/webs.uab.cat\/escola-doctorat\/wp-json\/wp\/v2\/pages"}],"about":[{"href":"https:\/\/webs.uab.cat\/escola-doctorat\/wp-json\/wp\/v2\/types\/page"}],"author":[{"embeddable":true,"href":"https:\/\/webs.uab.cat\/escola-doctorat\/wp-json\/wp\/v2\/users\/20"}],"replies":[{"embeddable":true,"href":"https:\/\/webs.uab.cat\/escola-doctorat\/wp-json\/wp\/v2\/comments?post=402"}],"version-history":[{"count":0,"href":"https:\/\/webs.uab.cat\/escola-doctorat\/wp-json\/wp\/v2\/pages\/402\/revisions"}],"wp:attachment":[{"href":"https:\/\/webs.uab.cat\/escola-doctorat\/wp-json\/wp\/v2\/media?parent=402"}],"curies":[{"name":"wp","href":"https:\/\/api.w.org\/{rel}","templated":true}]}}