{"id":408,"date":"2017-10-04T12:37:04","date_gmt":"2017-10-04T12:37:04","guid":{"rendered":"https:\/\/webs.uab.cat\/escola-doctorat\/escola-destiu-de-doctorat-2017\/"},"modified":"2017-10-04T12:37:04","modified_gmt":"2017-10-04T12:37:04","slug":"escola-destiu-de-doctorat-2017","status":"publish","type":"page","link":"https:\/\/webs.uab.cat\/escola-doctorat\/escola-destiu-de-doctorat-2017\/","title":{"rendered":"Escola d\u2019estiu de doctorat 2017"},"content":{"rendered":"<table border=\"0\" cellpadding=\"10\" cellspacing=\"0\" style=\"width:862px\">\n<tbody>\n<tr>\n<td colspan=\"2\"><strong>Professors convidats<\/strong><\/td>\n<\/tr>\n<tr>\n<td>&nbsp;<\/td>\n<td><strong>Prof. Joss Moorkens, Dublin City University&nbsp;<\/strong><br \/>\n\t\t\t<em>Translator-Computer Interaction<\/em><\/td>\n<\/tr>\n<tr>\n<td>&nbsp;<\/td>\n<td><strong>Prof. Ana Rojo L\u00f3pez, Universidad de Murcia<\/strong><br \/>\n\t\t\t<em>Metodolog\u00eda de la investigaci\u00f3n en traducci\u00f3n<\/em><\/td>\n<\/tr>\n<tr>\n<td>&nbsp;<\/td>\n<td><strong>Prof. Tiziana Lippiello, Universit\u00e0 Ca&#8217;Foscari, Venezia &nbsp;<\/strong><br \/>\n\t\t\t<em>The encounter between East and West,&nbsp;from the viewpoint of history of ideas, religions and thought<\/em><\/td>\n<\/tr>\n<tr>\n<td>&nbsp;<\/td>\n<td><strong>Prof. James Newman, Bath Spa University<\/strong><br \/>\n\t\t\t<em>Pac-Man Fever! Mazes, merchandising and videogaming&#8217;s&nbsp;first cultural icon<\/em><\/td>\n<\/tr>\n<tr>\n<td>&nbsp;<\/td>\n<td>&nbsp;<\/td>\n<\/tr>\n<tr>\n<td colspan=\"2\"><strong>Tallers oferts per personal de la UAB<\/strong><\/td>\n<\/tr>\n<tr>\n<td>&nbsp;<\/td>\n<td><strong>Dra. Makiko Fukuda<\/strong>&nbsp;(Castell\u00e0)<br \/>\n\t\t\tTaller 1. &nbsp;Metodolog\u00eda de trabajo de campo<\/td>\n<\/tr>\n<tr>\n<td>&nbsp;<\/td>\n<td><strong>Dr. Ramon Farr\u00e9s<\/strong>&nbsp;(Castell\u00e0)<br \/>\n\t\t\tTaller 2. Presentaciones orales<\/td>\n<\/tr>\n<tr>\n<td>&nbsp;<\/td>\n<td><strong>Dr. Christian Olalla&nbsp;<\/strong>(Angl\u00e8s)<br \/>\n\t\t\tTaller 3. How to write an academic paper<\/td>\n<\/tr>\n<tr>\n<td>&nbsp;<\/td>\n<td><strong>Dr. Carles Biosca<\/strong>&nbsp;(Castell\u00e0)<br \/>\n\t\t\tTaller 4. &nbsp;Gu\u00eda de errores comunes al hacer una tesis doctoral<\/td>\n<\/tr>\n<tr>\n<td>&nbsp;<\/td>\n<td>&nbsp;<\/td>\n<\/tr>\n<tr>\n<td colspan=\"2\"><strong>Professors coordinadors de seminaris<\/strong><\/td>\n<\/tr>\n<tr>\n<td>&nbsp;<\/td>\n<td>\n<p><strong>Dr. Jordi Mas<br \/>\n\t\t\tDra. Amelia S\u00e1iz<br \/>\n\t\t\tDr. Blai Guarn\u00e9<br \/>\n\t\t\tDra. Marisa Presas<\/strong><\/p>\n<\/td>\n<\/tr>\n<\/tbody>\n<\/table>\n","protected":false},"excerpt":{"rendered":"<p>Professors convidats &nbsp; Prof. Joss Moorkens, Dublin City University&nbsp; Translator-Computer Interaction &nbsp; Prof. Ana Rojo L\u00f3pez, Universidad de Murcia Metodolog\u00eda de la investigaci\u00f3n en traducci\u00f3n &nbsp; Prof. Tiziana Lippiello, Universit\u00e0 Ca&#8217;Foscari, Venezia &nbsp; The encounter between East and West,&nbsp;from the viewpoint of history of ideas, religions and thought &nbsp; Prof. James Newman, Bath Spa University [&hellip;]<\/p>\n","protected":false},"author":20,"featured_media":0,"parent":0,"menu_order":0,"comment_status":"closed","ping_status":"closed","template":"","meta":{"footnotes":""},"class_list":["post-408","page","type-page","status-publish","hentry"],"_links":{"self":[{"href":"https:\/\/webs.uab.cat\/escola-doctorat\/wp-json\/wp\/v2\/pages\/408","targetHints":{"allow":["GET"]}}],"collection":[{"href":"https:\/\/webs.uab.cat\/escola-doctorat\/wp-json\/wp\/v2\/pages"}],"about":[{"href":"https:\/\/webs.uab.cat\/escola-doctorat\/wp-json\/wp\/v2\/types\/page"}],"author":[{"embeddable":true,"href":"https:\/\/webs.uab.cat\/escola-doctorat\/wp-json\/wp\/v2\/users\/20"}],"replies":[{"embeddable":true,"href":"https:\/\/webs.uab.cat\/escola-doctorat\/wp-json\/wp\/v2\/comments?post=408"}],"version-history":[{"count":0,"href":"https:\/\/webs.uab.cat\/escola-doctorat\/wp-json\/wp\/v2\/pages\/408\/revisions"}],"wp:attachment":[{"href":"https:\/\/webs.uab.cat\/escola-doctorat\/wp-json\/wp\/v2\/media?parent=408"}],"curies":[{"name":"wp","href":"https:\/\/api.w.org\/{rel}","templated":true}]}}