{"id":120,"date":"2015-03-09T09:51:13","date_gmt":"2015-03-09T07:51:13","guid":{"rendered":"https:\/\/webs.uab.cat\/esid\/guies-dus-de-programari-i-material\/"},"modified":"2023-02-22T10:55:58","modified_gmt":"2023-02-22T08:55:58","slug":"guies-dus-de-programari-i-material","status":"publish","type":"page","link":"https:\/\/webs.uab.cat\/esid\/guies-dus-de-programari-i-material\/","title":{"rendered":"Guies d&#8217;\u00fas de programari i material"},"content":{"rendered":"\n<p><span style=\"font-size: small;\">Aqu\u00ed trobareu algunes guies d&#8217;\u00fas de programari i d&#8217;alguns dels materials dels que disposem (us recomanem que visiteu peri\u00f2dicament aquesta plana ja que estem elaborant m\u00e9s guies i les anirem penjant prograssivament):<\/span><\/p>\n\n\n\n<p><span style=\"font-size: small;\"><strong>+\u00a0<\/strong><span style=\"text-decoration: underline;\"><strong>BIOPAC<\/strong><\/span>: Informaci\u00f3 sobre el conjunt d&#8217;eines que comformen el\u00a0<a href=\"http:\/\/webs.uab.cat\/esid\/materials-del-biopac\" target=\"_blank\" rel=\"noreferrer noopener\">BIOPAC<\/a>. Tamb\u00e9 en\u00a0<a href=\"https:\/\/webs.uab.cat\/esid\/wp-content\/uploads\/sites\/349\/2017\/07\/EINES-DEL-BIOPAC_0.pdf\" data-type=\"attachment\" data-id=\"124\" target=\"_blank\" rel=\"noreferrer noopener\">PDF<\/a>.<\/span><\/p>\n\n\n\n<p><span style=\"font-size: small;\"><strong>+\u00a0<span style=\"text-decoration: underline;\">Mendeley:<\/span><\/strong> Guia molt pr\u00e0ctica per a inciar-se en la utilitzaci\u00f3 d&#8217;aquest programa. Tamb\u00e9 disponible en <a href=\"https:\/\/webs.uab.cat\/esid\/wp-content\/uploads\/sites\/349\/2017\/07\/MANUAL-MENDELEY.pdf\" data-type=\"attachment\" data-id=\"127\" target=\"_blank\" rel=\"noreferrer noopener\">PDF<\/a>.<\/span><\/p>\n\n\n\n<p><span style=\"font-size: small;\"><strong>+\u00a0<\/strong><span style=\"text-decoration: underline;\"><strong>Moodle Avan\u00e7at<\/strong><\/span>: Guia de Moodle avan\u00e7at, material utilitzat per fer la sessi\u00f3 de formaci\u00f3\u00a0en\u00a0<a href=\"https:\/\/webs.uab.cat\/esid\/wp-content\/uploads\/sites\/349\/2017\/12\/manual_moodle_avancat_2012.pdf\" data-type=\"attachment\" data-id=\"161\" target=\"_blank\" rel=\"noreferrer noopener\">PDF.<\/a><\/span><\/p>\n\n\n\n<p><span style=\"font-size: small;\"><strong>+ <span style=\"text-decoration: underline;\">Pantalles t\u00e0ctils Wacom<\/span><\/strong>: Guia d&#8217;\u00fas de les pantalles t\u00e0ctils Wacom que trobareu en algunes aules de la facultat. <a href=\"https:\/\/webs.uab.cat\/esid\/book\/pantalles-tactil-wacom\/\" data-type=\"book\" data-id=\"209\" target=\"_blank\" rel=\"noreferrer noopener\">Guia \u00fas Wacom<\/a>. Tamb\u00e9 en <a href=\"https:\/\/webs.uab.cat\/esid\/wp-content\/uploads\/sites\/349\/2017\/07\/manual-WACOM.pdf\" data-type=\"attachment\" data-id=\"122\" target=\"_blank\" rel=\"noreferrer noopener\">PDF.<\/a><\/span><\/p>\n\n\n\n<p><span style=\"font-size: small;\"><strong>+\u00a0<\/strong><span style=\"text-decoration: underline;\"><strong>Prezi:<\/strong><\/span><strong>\u00a0<\/strong>A difer\u00e8ncia d&#8217;altres programes de presentacions, Prezi no realitza presentacions lineals, sin\u00f3 que ofereix la possibilitat de fer\u00a0mapes d&#8217;idees\u00a0a trav\u00e9s dels quals flueix la presentaci\u00f3. A continuaci\u00f3, adjuntem una guia\u00a0d&#8217;\u00fas del programa\u00a0en\u00a0<a href=\"https:\/\/webs.uab.cat\/esid\/wp-content\/uploads\/sites\/349\/2017\/07\/Manual-PREZI-FINAL-2.pdf\" data-type=\"attachment\" data-id=\"126\" target=\"_blank\" rel=\"noreferrer noopener\">PDF<\/a>.<\/span><\/p>\n\n\n\n<p><strong><span style=\"font-size: small;\">+\u00a0<\/span><span style=\"text-decoration: underline;\"><span style=\"font-size: small;\">Scrivener:<\/span><\/span><span style=\"font-size: small;\">\u00a0<\/span><\/strong><span style=\"font-size: 12px;\">Scrivener \u00e9s una eina pensada per<\/span><strong>\u00a0facilitar l&#8217;escriptura<\/strong><span style=\"font-size: 12px;\">\u00a0de textos de gran volum, com poden ser articles cient\u00edfics, tesis doctorals, etc. Compta amb nombroses funcionalitats que permeten una organitzaci\u00f3 del material i una escriptura flu\u00efda i eficient.\u00a0Des de l&#8217;ESID hem elaborat una\u00a0<\/span><strong><a href=\"https:\/\/webs.uab.cat\/esid\/wp-content\/uploads\/sites\/349\/2017\/07\/ESID_Manual-SCRIVENER-FormaciA\u00b3n-.pdf\" data-type=\"attachment\" data-id=\"125\" target=\"_blank\" rel=\"noreferrer noopener\">guia d&#8217;us<\/a><\/strong><span style=\"font-size: 12px;\">\u00a0d&#8217;aquest programa per tal de facilitar-vos la iniciaci\u00f3, i un v\u00eddeo tutorial que trobareu en aquest\u00a0<\/span><strong><a rel=\"noopener\" href=\"https:\/\/vimeo.com\/130870514\" target=\"_blank\">enlla\u00e7<\/a><\/strong><span style=\"font-size: 12px;\">.<\/span><\/p>\n\n\n\n<p><span style=\"font-size: small;\"><span style=\"font-size: small;\"><strong>+\u00a0<\/strong><span style=\"text-decoration: underline;\"><strong>Zotero<\/strong><\/span>:\u00a0<a href=\"https:\/\/webs.uab.cat\/esid\/book\/manual-de-formacio-sobre-zotero\/\" data-type=\"book\" data-id=\"203\" target=\"_blank\" rel=\"noreferrer noopener\">Guia d&#8217;instal\u00b7laci\u00f3 i petit manual d&#8217;\u00fas<\/a>. Tamb\u00e9 en\u00a0<a href=\"https:\/\/webs.uab.cat\/esid\/wp-content\/uploads\/sites\/349\/2017\/07\/manual-Zotero.pdf\" data-type=\"attachment\" data-id=\"121\" target=\"_blank\" rel=\"noreferrer noopener\">PDF.<\/a><\/span><\/span><\/p>\n\n\n\n<p><strong>+ <span style=\"text-decoration: underline;\">Nebula<\/span><\/strong>: manual\u00a0<span style=\"font-size: 12px; line-height: 1.5;\">destinat a totes aquelles persones que s&#8217;inicien en aquesta plataforma online.\u00a0Descarrega&#8217;l en <a href=\"https:\/\/webs.uab.cat\/esid\/wp-content\/uploads\/sites\/349\/2017\/07\/Nebula.pdf\" data-type=\"attachment\" data-id=\"129\" target=\"_blank\" rel=\"noreferrer noopener\">PDF<\/a>.<\/span><\/p>\n\n\n\n<p><span style=\"font-size: 12px; line-height: 1.5;\"><strong>+&nbsp;<span style=\"text-decoration: underline;\">MRT<\/span><\/strong>: manual d&#8217;\u00fas sobre el programa MRT, el qual&nbsp;ens permet crear, gestionar i analitzar respostes d&#8217;ex\u00e0mens d&#8217;opci\u00f3 m\u00faltiple.&nbsp;Descarrega&#8217;l en&nbsp;<a href=\"http:\/\/serveis.uab.cat\/esid\/sites\/serveis.uab.cat.esid\/files\/tutorial%20MRT.pdf\" target=\"_blank\" rel=\"noopener\">PDF<\/a>. Per altra banda, podeu descarregar els seg\u00fcents arxius complementaris:<\/span><\/p>\n\n\n\n<ul class=\"wp-block-list\"><li>Programari MRT<\/li><li>Programari Tester<\/li><li><a href=\"https:\/\/webs.uab.cat\/esid\/wp-content\/uploads\/sites\/349\/2017\/07\/Items-Infantil-Pull-Revisat.txt\" data-type=\"attachment\" data-id=\"131\" target=\"_blank\" rel=\"noreferrer noopener\">Exemples Items Infantil Pull (Revisat)<\/a><\/li><li>Historia. Descarrega&#8217;l en <a href=\"https:\/\/webs.uab.cat\/esid\/wp-content\/uploads\/sites\/349\/2017\/07\/Historia.txt\" data-type=\"attachment\" data-id=\"132\" target=\"_blank\" rel=\"noreferrer noopener\">TXT <\/a>o <a rel=\"noopener\" href=\"http:\/\/serveis.uab.cat\/esid\/sites\/serveis.uab.cat.esid\/files\/Historia.mrt\" target=\"_blank\">MRT<\/a><\/li><\/ul>\n\n\n\n<p><span style=\"font-size: 12px; line-height: 1.5;\"><strong>+ <span style=\"text-decoration: underline;\">Eines de col\u00b7laboraci\u00f3 Google<\/span>:<\/strong>\u00a0Disponible en\u00a0<a href=\"https:\/\/webs.uab.cat\/esid\/wp-content\/uploads\/sites\/349\/2017\/07\/Curs-Eines-de-Collaboracio-de-Google.pdf\" data-type=\"attachment\" data-id=\"130\" target=\"_blank\" rel=\"noreferrer noopener\">PDF<\/a>.<\/span><\/p>\n","protected":false},"excerpt":{"rendered":"<p>Aqu\u00ed trobareu algunes guies d&#8217;\u00fas de programari i d&#8217;alguns dels materials dels que disposem (us recomanem que visiteu peri\u00f2dicament aquesta plana ja que estem elaborant m\u00e9s guies i les anirem penjant prograssivament): +\u00a0BIOPAC: Informaci\u00f3 sobre el conjunt d&#8217;eines que comformen el\u00a0BIOPAC. Tamb\u00e9 en\u00a0PDF. +\u00a0Mendeley: Guia molt pr\u00e0ctica per a inciar-se en la utilitzaci\u00f3 d&#8217;aquest programa. [&hellip;]<\/p>\n","protected":false},"author":20,"featured_media":0,"parent":0,"menu_order":0,"comment_status":"closed","ping_status":"closed","template":"","meta":{"footnotes":""},"class_list":["post-120","page","type-page","status-publish","hentry"],"_links":{"self":[{"href":"https:\/\/webs.uab.cat\/esid\/wp-json\/wp\/v2\/pages\/120","targetHints":{"allow":["GET"]}}],"collection":[{"href":"https:\/\/webs.uab.cat\/esid\/wp-json\/wp\/v2\/pages"}],"about":[{"href":"https:\/\/webs.uab.cat\/esid\/wp-json\/wp\/v2\/types\/page"}],"author":[{"embeddable":true,"href":"https:\/\/webs.uab.cat\/esid\/wp-json\/wp\/v2\/users\/20"}],"replies":[{"embeddable":true,"href":"https:\/\/webs.uab.cat\/esid\/wp-json\/wp\/v2\/comments?post=120"}],"version-history":[{"count":1,"href":"https:\/\/webs.uab.cat\/esid\/wp-json\/wp\/v2\/pages\/120\/revisions"}],"predecessor-version":[{"id":423,"href":"https:\/\/webs.uab.cat\/esid\/wp-json\/wp\/v2\/pages\/120\/revisions\/423"}],"wp:attachment":[{"href":"https:\/\/webs.uab.cat\/esid\/wp-json\/wp\/v2\/media?parent=120"}],"curies":[{"name":"wp","href":"https:\/\/api.w.org\/{rel}","templated":true}]}}