{"id":135,"date":"2012-02-15T16:09:37","date_gmt":"2012-02-15T14:09:37","guid":{"rendered":"https:\/\/webs.uab.cat\/esid\/xat\/"},"modified":"2012-02-15T16:09:37","modified_gmt":"2012-02-15T14:09:37","slug":"xat","status":"publish","type":"page","link":"https:\/\/webs.uab.cat\/esid\/xat\/","title":{"rendered":"Xat"},"content":{"rendered":"<p>Aquesta eina ens permet crear un Xat per a discussions en directe o diferents prop\u00f2sits.<\/p>\n<p>Despr\u00e9s d\u2019activar l\u2019edici\u00f3, ens dirigim a l\u2019apartat on ha d\u2019apar\u00e8ixer el xat i obrim el desplegable \u201cAfegeix una activitat\u201d per seleccionar \u201cXat\u201d. En el panell de configuraci\u00f3 hi posem el t\u00edtol i una petita descripci\u00f3.<\/p>\n<p>Al ser un xat en directe, es important estipular en quin per\u00edode de temps estar\u00e0 actiu i si es repetir\u00e0 durant el temps. Un cop configurat ja podem desar-lo.<\/p>\n<p>Un cop seguides les instruccions, el xat permetr\u00e0 que els estudiants hi entrin en l\u2019horari estipulat.<\/p>\n<p><object width=\"600\" height=\"330\"><param name=\"allowfullscreen\" value=\"true\"><param name=\"allowscriptaccess\" value=\"always\"><param name=\"movie\" value=\"http:\/\/vimeo.com\/moogaloop.swf?clip_id=34122573&amp;server=vimeo.com&amp;show_title=0&amp;show_byline=0&amp;show_portrait=0&amp;color=00adef&amp;fullscreen=1&amp;autoplay=0&amp;loop=0\"><\/object><\/p>\n<p><a href=\"http:\/\/vimeo.com\/34122573\">Com crear un xat<\/a> from <a href=\"http:\/\/vimeo.com\/esid\">ESID<\/a> on <a href=\"http:\/\/vimeo.com\">Vimeo<\/a>.<\/p>\n","protected":false},"excerpt":{"rendered":"<p>Aquesta eina ens permet crear un Xat per a discussions en directe o diferents prop\u00f2sits. Despr\u00e9s d\u2019activar l\u2019edici\u00f3, ens dirigim a l\u2019apartat on ha d\u2019apar\u00e8ixer el xat i obrim el desplegable \u201cAfegeix una activitat\u201d per seleccionar \u201cXat\u201d. En el panell de configuraci\u00f3 hi posem el t\u00edtol i una petita descripci\u00f3. Al ser un xat en [&hellip;]<\/p>\n","protected":false},"author":20,"featured_media":0,"parent":0,"menu_order":0,"comment_status":"closed","ping_status":"closed","template":"","meta":{"footnotes":""},"class_list":["post-135","page","type-page","status-publish","hentry"],"_links":{"self":[{"href":"https:\/\/webs.uab.cat\/esid\/wp-json\/wp\/v2\/pages\/135","targetHints":{"allow":["GET"]}}],"collection":[{"href":"https:\/\/webs.uab.cat\/esid\/wp-json\/wp\/v2\/pages"}],"about":[{"href":"https:\/\/webs.uab.cat\/esid\/wp-json\/wp\/v2\/types\/page"}],"author":[{"embeddable":true,"href":"https:\/\/webs.uab.cat\/esid\/wp-json\/wp\/v2\/users\/20"}],"replies":[{"embeddable":true,"href":"https:\/\/webs.uab.cat\/esid\/wp-json\/wp\/v2\/comments?post=135"}],"version-history":[{"count":0,"href":"https:\/\/webs.uab.cat\/esid\/wp-json\/wp\/v2\/pages\/135\/revisions"}],"wp:attachment":[{"href":"https:\/\/webs.uab.cat\/esid\/wp-json\/wp\/v2\/media?parent=135"}],"curies":[{"name":"wp","href":"https:\/\/api.w.org\/{rel}","templated":true}]}}