{"id":140,"date":"2012-03-27T11:45:28","date_gmt":"2012-03-27T09:45:28","guid":{"rendered":"https:\/\/webs.uab.cat\/esid\/com-arribar\/"},"modified":"2012-03-27T11:45:28","modified_gmt":"2012-03-27T09:45:28","slug":"com-arribar","status":"publish","type":"page","link":"https:\/\/webs.uab.cat\/esid\/com-arribar\/","title":{"rendered":"Com arribar"},"content":{"rendered":"<p><strong><span style=\"font-size: small;\"><img decoding=\"async\" style=\"display: block; margin-left: auto; margin-right: auto;\" src=\"http:\/\/serveis.uab.cat\/esid\/sites\/serveis.uab.cat.esid\/files\/planolpsico_antic.jpg\" alt=\"\"><\/span><\/strong><\/p>\n<p style=\"text-align: right;\"><span style=\"font-size: xx-small;\">*PL\u00c0NOL DE LA FACULTAT DE PSICOLOGIA<\/span><\/p>\n<p style=\"text-align: justify;\"><span style=\"text-decoration: underline;\"><strong><span style=\"font-size: small;\">PUNTS BLAUS<\/span><\/strong><\/span><br \/><span style=\"font-size: small;\"><strong>1.<\/strong> Bar de Lletres i Psicologia.<\/span><br \/><span style=\"font-size: small;\"><strong>4.<\/strong> Departament de Psicobiologia i Metodologia de les Ci\u00e8ncies del Comportament.<\/span><br \/><span style=\"font-size: small;\"><strong>6.<\/strong> Despatxos B5b (interdepertamentals).<\/span><br \/><span style=\"font-size: small;\"><strong>7.<\/strong> Servei d&#8217;Inform\u00e0tica, aules d&#8217;inform\u00e0tica (P31-P35).<\/span><br \/><span style=\"font-size: small;\"><strong>7. Espai de Suport i Innovaci\u00f3 Docent (ESID), laboratoris docents (P36-P38) i PIAP.<\/strong><\/span><\/p>\n<p><span style=\"text-decoration: underline;\"><strong><span style=\"font-size: small;\">PUNTS NEGRES<\/span><\/strong><\/span><br \/><span style=\"font-size: small;\"><strong>1.<\/strong> Sala de Juntes<\/span><br \/><span style=\"font-size: small;\"><strong>2.<\/strong> Sala de Graus<\/span><br \/><span style=\"font-size: small;\"><strong>3.<\/strong> Aules P21-P24<\/span><br \/><span style=\"font-size: small;\"><strong>4.<\/strong> Deganat de Psicologia i Gesti\u00f3 Acad\u00e8mica<\/span><\/p>\n<p><span style=\"text-decoration: underline;\"><strong><span style=\"font-size: small;\">PUNTS VERDS<\/span><\/strong><\/span><br \/><span style=\"font-size: small;\"><strong>4.<\/strong> Departament de Psicologia Social i Departament de Psicologia Cl\u00ednica i de la Salut.<\/span><br \/><span style=\"font-size: small;\"><strong>5.<\/strong> Planta 1: Departament de Psicologia B\u00e0sica, Evolutiva i de l&#8217;Educaci\u00f3, despatxos de Psicologia Cl\u00ednica.<\/span><br \/><span style=\"font-size: small;\"><strong>6.<\/strong> Aules P1-P6 (planta 0), aules P7-P18 i aula Magna (planta -1).<\/span><\/p>\n","protected":false},"excerpt":{"rendered":"<p>*PL\u00c0NOL DE LA FACULTAT DE PSICOLOGIA PUNTS BLAUS1. Bar de Lletres i Psicologia.4. Departament de Psicobiologia i Metodologia de les Ci\u00e8ncies del Comportament.6. Despatxos B5b (interdepertamentals).7. Servei d&#8217;Inform\u00e0tica, aules d&#8217;inform\u00e0tica (P31-P35).7. Espai de Suport i Innovaci\u00f3 Docent (ESID), laboratoris docents (P36-P38) i PIAP. PUNTS NEGRES1. Sala de Juntes2. Sala de Graus3. Aules P21-P244. Deganat de [&hellip;]<\/p>\n","protected":false},"author":20,"featured_media":141,"parent":0,"menu_order":0,"comment_status":"closed","ping_status":"closed","template":"","meta":{"footnotes":""},"class_list":["post-140","page","type-page","status-publish","has-post-thumbnail","hentry"],"_links":{"self":[{"href":"https:\/\/webs.uab.cat\/esid\/wp-json\/wp\/v2\/pages\/140","targetHints":{"allow":["GET"]}}],"collection":[{"href":"https:\/\/webs.uab.cat\/esid\/wp-json\/wp\/v2\/pages"}],"about":[{"href":"https:\/\/webs.uab.cat\/esid\/wp-json\/wp\/v2\/types\/page"}],"author":[{"embeddable":true,"href":"https:\/\/webs.uab.cat\/esid\/wp-json\/wp\/v2\/users\/20"}],"replies":[{"embeddable":true,"href":"https:\/\/webs.uab.cat\/esid\/wp-json\/wp\/v2\/comments?post=140"}],"version-history":[{"count":0,"href":"https:\/\/webs.uab.cat\/esid\/wp-json\/wp\/v2\/pages\/140\/revisions"}],"wp:featuredmedia":[{"embeddable":true,"href":"https:\/\/webs.uab.cat\/esid\/wp-json\/wp\/v2\/media\/141"}],"wp:attachment":[{"href":"https:\/\/webs.uab.cat\/esid\/wp-json\/wp\/v2\/media?parent=140"}],"curies":[{"name":"wp","href":"https:\/\/api.w.org\/{rel}","templated":true}]}}