{"id":144,"date":"2013-10-17T12:37:20","date_gmt":"2013-10-17T10:37:20","guid":{"rendered":"https:\/\/webs.uab.cat\/esid\/formacio\/"},"modified":"2023-02-22T10:42:11","modified_gmt":"2023-02-22T08:42:11","slug":"formacio","status":"publish","type":"page","link":"https:\/\/webs.uab.cat\/esid\/formacio\/","title":{"rendered":"Formaci\u00f3"},"content":{"rendered":"\n<p>L&#8217;ESID programa diferents activitats formatives sobre diverses aplicacions digitals o la utilitzaci\u00f3 d&#8217;equipaments, segons les necessitats de l&#8217;equip docent de la Facultat de Psicologia:<\/p>\n\n\n\n<ul class=\"wp-block-list\" id=\"block-55dfaf7d-8012-41cb-9ddd-3302661e0950\"><li>Cursos a mida per a respondre a <strong>demandes concretes\u00a0<\/strong>de formaci\u00f3 amb una visi\u00f3 totalment aplicada en l\u2019\u00e0mbit docent.<\/li><li>Cursos sobre la utilitzaci\u00f3 d&#8217;<strong>equipaments tecnol\u00f2gics<\/strong> de la Facultat de Psicologia.<\/li><\/ul>\n\n\n\n<p>Si creus que seria interessant oferir un curs sobre algun recurs en concret, <a href=\"https:\/\/webs.uab.cat\/esid\/webform\/contactar\/\" data-type=\"webform\" data-id=\"348\">contacta amb nosaltres<\/a>.<\/p>\n\n\n\n<p>Per consultar les activitats que oferirem, podeu fer-ho a trav\u00e9s de la nostra\u00a0<a href=\"https:\/\/webs.uab.cat\/esid\/agenda\">Agenda<\/a>.<\/p>\n\n\n\n<p><span style=\"font-size: small;\">.<\/span><\/p>\n","protected":false},"excerpt":{"rendered":"<p>L&#8217;ESID programa diferents activitats formatives sobre diverses aplicacions digitals o la utilitzaci\u00f3 d&#8217;equipaments, segons les necessitats de l&#8217;equip docent de la Facultat de Psicologia: Cursos a mida per a respondre a demandes concretes\u00a0de formaci\u00f3 amb una visi\u00f3 totalment aplicada en l\u2019\u00e0mbit docent. Cursos sobre la utilitzaci\u00f3 d&#8217;equipaments tecnol\u00f2gics de la Facultat de Psicologia. Si creus [&hellip;]<\/p>\n","protected":false},"author":20,"featured_media":0,"parent":0,"menu_order":0,"comment_status":"closed","ping_status":"closed","template":"","meta":{"footnotes":""},"class_list":["post-144","page","type-page","status-publish","hentry"],"_links":{"self":[{"href":"https:\/\/webs.uab.cat\/esid\/wp-json\/wp\/v2\/pages\/144","targetHints":{"allow":["GET"]}}],"collection":[{"href":"https:\/\/webs.uab.cat\/esid\/wp-json\/wp\/v2\/pages"}],"about":[{"href":"https:\/\/webs.uab.cat\/esid\/wp-json\/wp\/v2\/types\/page"}],"author":[{"embeddable":true,"href":"https:\/\/webs.uab.cat\/esid\/wp-json\/wp\/v2\/users\/20"}],"replies":[{"embeddable":true,"href":"https:\/\/webs.uab.cat\/esid\/wp-json\/wp\/v2\/comments?post=144"}],"version-history":[{"count":2,"href":"https:\/\/webs.uab.cat\/esid\/wp-json\/wp\/v2\/pages\/144\/revisions"}],"predecessor-version":[{"id":407,"href":"https:\/\/webs.uab.cat\/esid\/wp-json\/wp\/v2\/pages\/144\/revisions\/407"}],"wp:attachment":[{"href":"https:\/\/webs.uab.cat\/esid\/wp-json\/wp\/v2\/media?parent=144"}],"curies":[{"name":"wp","href":"https:\/\/api.w.org\/{rel}","templated":true}]}}