{"id":153,"date":"2013-10-17T12:37:39","date_gmt":"2013-10-17T10:37:39","guid":{"rendered":"https:\/\/webs.uab.cat\/esid\/recursos-2\/"},"modified":"2023-05-04T14:06:36","modified_gmt":"2023-05-04T12:06:36","slug":"recursos-2","status":"publish","type":"page","link":"https:\/\/webs.uab.cat\/esid\/recursos-2\/","title":{"rendered":"Recursos"},"content":{"rendered":"\n<figure class=\"wp-block-gallery has-nested-images columns-default is-cropped wp-block-gallery-1 is-layout-flex wp-block-gallery-is-layout-flex\">\n<figure class=\"wp-block-image size-large\"><img loading=\"lazy\" decoding=\"async\" width=\"2048\" height=\"1536\" data-id=\"418\" src=\"https:\/\/webs.uab.cat\/esid\/wp-content\/uploads\/sites\/349\/2023\/02\/P1010002.jpg\" alt=\"\" class=\"wp-image-418\" srcset=\"https:\/\/webs.uab.cat\/esid\/wp-content\/uploads\/sites\/349\/2023\/02\/P1010002.jpg 2048w, https:\/\/webs.uab.cat\/esid\/wp-content\/uploads\/sites\/349\/2023\/02\/P1010002-300x225.jpg 300w, https:\/\/webs.uab.cat\/esid\/wp-content\/uploads\/sites\/349\/2023\/02\/P1010002-1024x768.jpg 1024w, https:\/\/webs.uab.cat\/esid\/wp-content\/uploads\/sites\/349\/2023\/02\/P1010002-768x576.jpg 768w, https:\/\/webs.uab.cat\/esid\/wp-content\/uploads\/sites\/349\/2023\/02\/P1010002-1536x1152.jpg 1536w, https:\/\/webs.uab.cat\/esid\/wp-content\/uploads\/sites\/349\/2023\/02\/P1010002-1200x900.jpg 1200w, https:\/\/webs.uab.cat\/esid\/wp-content\/uploads\/sites\/349\/2023\/02\/P1010002-1980x1485.jpg 1980w\" sizes=\"auto, (max-width: 2048px) 100vw, 2048px\" \/><figcaption>OLYMPUS DIGITAL CAMERA<\/figcaption><\/figure>\n\n\n\n<figure class=\"wp-block-image size-large\"><img loading=\"lazy\" decoding=\"async\" width=\"2048\" height=\"1536\" data-id=\"417\" src=\"https:\/\/webs.uab.cat\/esid\/wp-content\/uploads\/sites\/349\/2023\/02\/P1010012_0.jpg\" alt=\"\" class=\"wp-image-417\" srcset=\"https:\/\/webs.uab.cat\/esid\/wp-content\/uploads\/sites\/349\/2023\/02\/P1010012_0.jpg 2048w, https:\/\/webs.uab.cat\/esid\/wp-content\/uploads\/sites\/349\/2023\/02\/P1010012_0-300x225.jpg 300w, https:\/\/webs.uab.cat\/esid\/wp-content\/uploads\/sites\/349\/2023\/02\/P1010012_0-1024x768.jpg 1024w, https:\/\/webs.uab.cat\/esid\/wp-content\/uploads\/sites\/349\/2023\/02\/P1010012_0-768x576.jpg 768w, https:\/\/webs.uab.cat\/esid\/wp-content\/uploads\/sites\/349\/2023\/02\/P1010012_0-1536x1152.jpg 1536w, https:\/\/webs.uab.cat\/esid\/wp-content\/uploads\/sites\/349\/2023\/02\/P1010012_0-1200x900.jpg 1200w, https:\/\/webs.uab.cat\/esid\/wp-content\/uploads\/sites\/349\/2023\/02\/P1010012_0-1980x1485.jpg 1980w\" sizes=\"auto, (max-width: 2048px) 100vw, 2048px\" \/><figcaption>OLYMPUS DIGITAL CAMERA<\/figcaption><\/figure>\n\n\n\n<figure class=\"wp-block-image size-large\"><img loading=\"lazy\" decoding=\"async\" width=\"2048\" height=\"1536\" data-id=\"416\" src=\"https:\/\/webs.uab.cat\/esid\/wp-content\/uploads\/sites\/349\/2023\/02\/P1010004.jpg\" alt=\"\" class=\"wp-image-416\" srcset=\"https:\/\/webs.uab.cat\/esid\/wp-content\/uploads\/sites\/349\/2023\/02\/P1010004.jpg 2048w, https:\/\/webs.uab.cat\/esid\/wp-content\/uploads\/sites\/349\/2023\/02\/P1010004-300x225.jpg 300w, https:\/\/webs.uab.cat\/esid\/wp-content\/uploads\/sites\/349\/2023\/02\/P1010004-1024x768.jpg 1024w, https:\/\/webs.uab.cat\/esid\/wp-content\/uploads\/sites\/349\/2023\/02\/P1010004-768x576.jpg 768w, https:\/\/webs.uab.cat\/esid\/wp-content\/uploads\/sites\/349\/2023\/02\/P1010004-1536x1152.jpg 1536w, https:\/\/webs.uab.cat\/esid\/wp-content\/uploads\/sites\/349\/2023\/02\/P1010004-1200x900.jpg 1200w, https:\/\/webs.uab.cat\/esid\/wp-content\/uploads\/sites\/349\/2023\/02\/P1010004-1980x1485.jpg 1980w\" sizes=\"auto, (max-width: 2048px) 100vw, 2048px\" \/><figcaption>OLYMPUS DIGITAL CAMERA<\/figcaption><\/figure>\n\n\n\n<figure class=\"wp-block-image size-large\"><img loading=\"lazy\" decoding=\"async\" width=\"2048\" height=\"1536\" data-id=\"415\" src=\"https:\/\/webs.uab.cat\/esid\/wp-content\/uploads\/sites\/349\/2023\/02\/P1010009.jpg\" alt=\"\" class=\"wp-image-415\" srcset=\"https:\/\/webs.uab.cat\/esid\/wp-content\/uploads\/sites\/349\/2023\/02\/P1010009.jpg 2048w, https:\/\/webs.uab.cat\/esid\/wp-content\/uploads\/sites\/349\/2023\/02\/P1010009-300x225.jpg 300w, https:\/\/webs.uab.cat\/esid\/wp-content\/uploads\/sites\/349\/2023\/02\/P1010009-1024x768.jpg 1024w, https:\/\/webs.uab.cat\/esid\/wp-content\/uploads\/sites\/349\/2023\/02\/P1010009-768x576.jpg 768w, https:\/\/webs.uab.cat\/esid\/wp-content\/uploads\/sites\/349\/2023\/02\/P1010009-1536x1152.jpg 1536w, https:\/\/webs.uab.cat\/esid\/wp-content\/uploads\/sites\/349\/2023\/02\/P1010009-1200x900.jpg 1200w, https:\/\/webs.uab.cat\/esid\/wp-content\/uploads\/sites\/349\/2023\/02\/P1010009-1980x1485.jpg 1980w\" sizes=\"auto, (max-width: 2048px) 100vw, 2048px\" \/><figcaption>OLYMPUS DIGITAL CAMERA<\/figcaption><\/figure>\n\n\n\n<figure class=\"wp-block-image size-large\"><img loading=\"lazy\" decoding=\"async\" width=\"2048\" height=\"1536\" data-id=\"414\" src=\"https:\/\/webs.uab.cat\/esid\/wp-content\/uploads\/sites\/349\/2023\/02\/P1010017.jpg\" alt=\"\" class=\"wp-image-414\" srcset=\"https:\/\/webs.uab.cat\/esid\/wp-content\/uploads\/sites\/349\/2023\/02\/P1010017.jpg 2048w, https:\/\/webs.uab.cat\/esid\/wp-content\/uploads\/sites\/349\/2023\/02\/P1010017-300x225.jpg 300w, https:\/\/webs.uab.cat\/esid\/wp-content\/uploads\/sites\/349\/2023\/02\/P1010017-1024x768.jpg 1024w, https:\/\/webs.uab.cat\/esid\/wp-content\/uploads\/sites\/349\/2023\/02\/P1010017-768x576.jpg 768w, https:\/\/webs.uab.cat\/esid\/wp-content\/uploads\/sites\/349\/2023\/02\/P1010017-1536x1152.jpg 1536w, https:\/\/webs.uab.cat\/esid\/wp-content\/uploads\/sites\/349\/2023\/02\/P1010017-1200x900.jpg 1200w, https:\/\/webs.uab.cat\/esid\/wp-content\/uploads\/sites\/349\/2023\/02\/P1010017-1980x1485.jpg 1980w\" sizes=\"auto, (max-width: 2048px) 100vw, 2048px\" \/><figcaption>OLYMPUS DIGITAL CAMERA<\/figcaption><\/figure>\n\n\n\n<figure class=\"wp-block-image size-large\"><img loading=\"lazy\" decoding=\"async\" width=\"2048\" height=\"1536\" data-id=\"413\" src=\"https:\/\/webs.uab.cat\/esid\/wp-content\/uploads\/sites\/349\/2023\/02\/P1010018.jpg\" alt=\"\" class=\"wp-image-413\" srcset=\"https:\/\/webs.uab.cat\/esid\/wp-content\/uploads\/sites\/349\/2023\/02\/P1010018.jpg 2048w, https:\/\/webs.uab.cat\/esid\/wp-content\/uploads\/sites\/349\/2023\/02\/P1010018-300x225.jpg 300w, https:\/\/webs.uab.cat\/esid\/wp-content\/uploads\/sites\/349\/2023\/02\/P1010018-1024x768.jpg 1024w, https:\/\/webs.uab.cat\/esid\/wp-content\/uploads\/sites\/349\/2023\/02\/P1010018-768x576.jpg 768w, https:\/\/webs.uab.cat\/esid\/wp-content\/uploads\/sites\/349\/2023\/02\/P1010018-1536x1152.jpg 1536w, https:\/\/webs.uab.cat\/esid\/wp-content\/uploads\/sites\/349\/2023\/02\/P1010018-1200x900.jpg 1200w, https:\/\/webs.uab.cat\/esid\/wp-content\/uploads\/sites\/349\/2023\/02\/P1010018-1980x1485.jpg 1980w\" sizes=\"auto, (max-width: 2048px) 100vw, 2048px\" \/><figcaption>OLYMPUS DIGITAL CAMERA<\/figcaption><\/figure>\n\n\n\n<figure class=\"wp-block-image size-large\"><img loading=\"lazy\" decoding=\"async\" width=\"2048\" height=\"1536\" data-id=\"412\" src=\"https:\/\/webs.uab.cat\/esid\/wp-content\/uploads\/sites\/349\/2023\/02\/P1010021.jpg\" alt=\"\" class=\"wp-image-412\" srcset=\"https:\/\/webs.uab.cat\/esid\/wp-content\/uploads\/sites\/349\/2023\/02\/P1010021.jpg 2048w, https:\/\/webs.uab.cat\/esid\/wp-content\/uploads\/sites\/349\/2023\/02\/P1010021-300x225.jpg 300w, https:\/\/webs.uab.cat\/esid\/wp-content\/uploads\/sites\/349\/2023\/02\/P1010021-1024x768.jpg 1024w, https:\/\/webs.uab.cat\/esid\/wp-content\/uploads\/sites\/349\/2023\/02\/P1010021-768x576.jpg 768w, https:\/\/webs.uab.cat\/esid\/wp-content\/uploads\/sites\/349\/2023\/02\/P1010021-1536x1152.jpg 1536w, https:\/\/webs.uab.cat\/esid\/wp-content\/uploads\/sites\/349\/2023\/02\/P1010021-1200x900.jpg 1200w, https:\/\/webs.uab.cat\/esid\/wp-content\/uploads\/sites\/349\/2023\/02\/P1010021-1980x1485.jpg 1980w\" sizes=\"auto, (max-width: 2048px) 100vw, 2048px\" \/><figcaption>OLYMPUS DIGITAL CAMERA<\/figcaption><\/figure>\n\n\n\n<figure class=\"wp-block-image size-large\"><img loading=\"lazy\" decoding=\"async\" width=\"2048\" height=\"1536\" data-id=\"411\" src=\"https:\/\/webs.uab.cat\/esid\/wp-content\/uploads\/sites\/349\/2023\/02\/P1010025.jpg\" alt=\"\" class=\"wp-image-411\" srcset=\"https:\/\/webs.uab.cat\/esid\/wp-content\/uploads\/sites\/349\/2023\/02\/P1010025.jpg 2048w, https:\/\/webs.uab.cat\/esid\/wp-content\/uploads\/sites\/349\/2023\/02\/P1010025-300x225.jpg 300w, https:\/\/webs.uab.cat\/esid\/wp-content\/uploads\/sites\/349\/2023\/02\/P1010025-1024x768.jpg 1024w, https:\/\/webs.uab.cat\/esid\/wp-content\/uploads\/sites\/349\/2023\/02\/P1010025-768x576.jpg 768w, https:\/\/webs.uab.cat\/esid\/wp-content\/uploads\/sites\/349\/2023\/02\/P1010025-1536x1152.jpg 1536w, https:\/\/webs.uab.cat\/esid\/wp-content\/uploads\/sites\/349\/2023\/02\/P1010025-1200x900.jpg 1200w, https:\/\/webs.uab.cat\/esid\/wp-content\/uploads\/sites\/349\/2023\/02\/P1010025-1980x1485.jpg 1980w\" sizes=\"auto, (max-width: 2048px) 100vw, 2048px\" \/><figcaption>OLYMPUS DIGITAL CAMERA<\/figcaption><\/figure>\n<\/figure>\n\n\n\n<p>L&#8217;<span class=\"hiddenSpellError\">ESID<\/span>&nbsp;posa a disposici\u00f3 de tot el professorat un recull de material, recursos i diversos enlla\u00e7os que \u00fas poden ser d&#8217;utilitat a l&#8217;hora de preparar les vostres classes o confer\u00e8ncies acad\u00e8miques. Tamb\u00e9 trobareu diversos&nbsp;programes, aplicacions, manuals, i eines electr\u00f2niques que us poden fer m\u00e9s f\u00e0cil les vostres tasques docents i d&#8217;investigaci\u00f3. Per conseg\u00fcent, en aquesta secci\u00f3 podreu trobar:<\/p>\n\n\n\n<ul class=\"has-small-font-size wp-block-list\"><li><a href=\"https:\/\/webs.uab.cat\/esid\/peticio-de-material-docent-a-laula\/\" data-type=\"page\" data-id=\"517\" target=\"_blank\" rel=\"noreferrer noopener\">Formularis de petici\u00f3 de material docent per fer-ne \u00fas a l&#8217;aula. <\/a><\/li><li><a rel=\"noreferrer noopener\" href=\"https:\/\/webs.uab.cat\/esid\/convocatoria_de_compra\" data-type=\"URL\" data-id=\"https:\/\/webs.uab.cat\/esid\/convocatoria_de_compra\" target=\"_blank\">Formularis de petici\u00f3 de compra de material docent.<\/a><\/li><li> Gu\u00edes d&#8217;\u00fas de programari i materials electr\u00f2nics. <\/li><li>Recursos inform\u00e0tics\u00a0\u00fatils en els camps de la docencia i la investigaci\u00f3.<\/li><\/ul>\n\n\n\n<p class=\"has-small-font-size\">Per qualsevol dubte o problema que puguis tenir amb els materials, a l&#8217;hora de fer una petici\u00f3 de compra, etc.. <span style=\"font-family: Arial;font-size: 12px\">&nbsp;<\/span><a href=\"http:\/\/webs.uab.cat\/esid\/contactar\" target=\"_blank\" rel=\"noreferrer noopener\">contacta amb nosaltres<\/a><span style=\"font-family: Arial;font-size: 12px\">.<\/span><\/p>\n","protected":false},"excerpt":{"rendered":"<p>L&#8217;ESID&nbsp;posa a disposici\u00f3 de tot el professorat un recull de material, recursos i diversos enlla\u00e7os que \u00fas poden ser d&#8217;utilitat a l&#8217;hora de preparar les vostres classes o confer\u00e8ncies acad\u00e8miques. Tamb\u00e9 trobareu diversos&nbsp;programes, aplicacions, manuals, i eines electr\u00f2niques que us poden fer m\u00e9s f\u00e0cil les vostres tasques docents i d&#8217;investigaci\u00f3. Per conseg\u00fcent, en aquesta secci\u00f3 [&hellip;]<\/p>\n","protected":false},"author":20,"featured_media":0,"parent":0,"menu_order":0,"comment_status":"closed","ping_status":"closed","template":"","meta":{"footnotes":""},"class_list":["post-153","page","type-page","status-publish","hentry"],"_links":{"self":[{"href":"https:\/\/webs.uab.cat\/esid\/wp-json\/wp\/v2\/pages\/153","targetHints":{"allow":["GET"]}}],"collection":[{"href":"https:\/\/webs.uab.cat\/esid\/wp-json\/wp\/v2\/pages"}],"about":[{"href":"https:\/\/webs.uab.cat\/esid\/wp-json\/wp\/v2\/types\/page"}],"author":[{"embeddable":true,"href":"https:\/\/webs.uab.cat\/esid\/wp-json\/wp\/v2\/users\/20"}],"replies":[{"embeddable":true,"href":"https:\/\/webs.uab.cat\/esid\/wp-json\/wp\/v2\/comments?post=153"}],"version-history":[{"count":8,"href":"https:\/\/webs.uab.cat\/esid\/wp-json\/wp\/v2\/pages\/153\/revisions"}],"predecessor-version":[{"id":522,"href":"https:\/\/webs.uab.cat\/esid\/wp-json\/wp\/v2\/pages\/153\/revisions\/522"}],"wp:attachment":[{"href":"https:\/\/webs.uab.cat\/esid\/wp-json\/wp\/v2\/media?parent=153"}],"curies":[{"name":"wp","href":"https:\/\/api.w.org\/{rel}","templated":true}]}}