{"id":156,"date":"2013-11-27T11:08:09","date_gmt":"2013-11-27T09:08:09","guid":{"rendered":"https:\/\/webs.uab.cat\/esid\/qui-som\/"},"modified":"2025-05-09T11:41:46","modified_gmt":"2025-05-09T09:41:46","slug":"qui-som","status":"publish","type":"page","link":"https:\/\/webs.uab.cat\/esid\/qui-som\/","title":{"rendered":"Qui som"},"content":{"rendered":"\n<h2 class=\"wp-block-heading\"><strong>Secretari de la Facultat de Psicologia i Vicedeg\u00e0 d&#8217;Economia<\/strong><\/h2>\n\n\n\n<div class=\"wp-block-media-text is-stacked-on-mobile\" style=\"grid-template-columns:17% auto\"><figure class=\"wp-block-media-text__media\"><img loading=\"lazy\" decoding=\"async\" width=\"109\" height=\"137\" src=\"https:\/\/webs.uab.cat\/esid\/wp-content\/uploads\/sites\/349\/2023\/02\/blasco-blasco.jpg\" alt=\"\" class=\"wp-image-401 size-full\" \/><\/figure><div class=\"wp-block-media-text__content\">\n<p><strong>Tom\u00e1s Blasco Blasco<\/strong><\/p>\n<\/div><\/div>\n\n\n\n<h2 class=\"wp-block-heading\"><strong>Personal T\u00e8cnic, de Gesti\u00f3 i d\u00b4Administraci\u00f3 i Serveis<\/strong> (PTGAS)<\/h2>\n\n\n\n<div class=\"wp-block-media-text is-stacked-on-mobile\" style=\"grid-template-columns:17% auto\"><figure class=\"wp-block-media-text__media\"><img loading=\"lazy\" decoding=\"async\" width=\"400\" height=\"433\" src=\"https:\/\/webs.uab.cat\/esid\/wp-content\/uploads\/sites\/349\/2023\/02\/Foto_jordi.jpg\" alt=\"\" class=\"wp-image-402 size-full\" srcset=\"https:\/\/webs.uab.cat\/esid\/wp-content\/uploads\/sites\/349\/2023\/02\/Foto_jordi.jpg 400w, https:\/\/webs.uab.cat\/esid\/wp-content\/uploads\/sites\/349\/2023\/02\/Foto_jordi-277x300.jpg 277w\" sizes=\"auto, (max-width: 400px) 100vw, 400px\" \/><\/figure><div class=\"wp-block-media-text__content\">\n<p><strong>Jordi&nbsp;<\/strong><strong>Rodr\u00edguez Rodr\u00edguez<\/strong><\/p>\n<\/div><\/div>\n\n\n\n<h2 class=\"wp-block-heading\"><strong>Assistents<\/strong><\/h2>\n\n\n\n<p>El col\u00b7lectiu d\u2019<strong>Assistents<\/strong>\u00a0est\u00e0 format per estudiants.<\/p>\n\n\n\n<h2 class=\"wp-block-heading\">Qu\u00e8 fem<\/h2>\n\n\n\n<p>Col\u00b7laboren amb el deganat de la facultat, coordinats per l\u2019ESID, en qualitat de becaris. L\u2019objectiu principal dels assistents \u00e9s donar suport a professorat i alumnat en el pr\u00e9stec d\u00b4instruments d\u00b4avaluaci\u00f3 psicol\u00f2gica i logop\u00e8dica, aix\u00ed com a la seva catalogaci\u00f3 i explicaci\u00f3 del cat\u00e0leg disponible.<\/p>\n","protected":false},"excerpt":{"rendered":"<p>Secretari de la Facultat de Psicologia i Vicedeg\u00e0 d&#8217;Economia Tom\u00e1s Blasco Blasco Personal T\u00e8cnic, de Gesti\u00f3 i d\u00b4Administraci\u00f3 i Serveis (PTGAS) Jordi&nbsp;Rodr\u00edguez Rodr\u00edguez Assistents El col\u00b7lectiu d\u2019Assistents\u00a0est\u00e0 format per estudiants. Qu\u00e8 fem Col\u00b7laboren amb el deganat de la facultat, coordinats per l\u2019ESID, en qualitat de becaris. L\u2019objectiu principal dels assistents \u00e9s donar suport a professorat [&hellip;]<\/p>\n","protected":false},"author":20,"featured_media":0,"parent":0,"menu_order":0,"comment_status":"closed","ping_status":"closed","template":"","meta":{"footnotes":""},"class_list":["post-156","page","type-page","status-publish","hentry"],"_links":{"self":[{"href":"https:\/\/webs.uab.cat\/esid\/wp-json\/wp\/v2\/pages\/156","targetHints":{"allow":["GET"]}}],"collection":[{"href":"https:\/\/webs.uab.cat\/esid\/wp-json\/wp\/v2\/pages"}],"about":[{"href":"https:\/\/webs.uab.cat\/esid\/wp-json\/wp\/v2\/types\/page"}],"author":[{"embeddable":true,"href":"https:\/\/webs.uab.cat\/esid\/wp-json\/wp\/v2\/users\/20"}],"replies":[{"embeddable":true,"href":"https:\/\/webs.uab.cat\/esid\/wp-json\/wp\/v2\/comments?post=156"}],"version-history":[{"count":4,"href":"https:\/\/webs.uab.cat\/esid\/wp-json\/wp\/v2\/pages\/156\/revisions"}],"predecessor-version":[{"id":617,"href":"https:\/\/webs.uab.cat\/esid\/wp-json\/wp\/v2\/pages\/156\/revisions\/617"}],"wp:attachment":[{"href":"https:\/\/webs.uab.cat\/esid\/wp-json\/wp\/v2\/media?parent=156"}],"curies":[{"name":"wp","href":"https:\/\/api.w.org\/{rel}","templated":true}]}}