{"id":162,"date":"2015-01-08T12:04:46","date_gmt":"2015-01-08T10:04:46","guid":{"rendered":"https:\/\/webs.uab.cat\/esid\/inici\/"},"modified":"2026-01-15T14:27:45","modified_gmt":"2026-01-15T12:27:45","slug":"inici","status":"publish","type":"page","link":"https:\/\/webs.uab.cat\/esid\/","title":{"rendered":"ESID"},"content":{"rendered":"\n<p class=\"has-large-font-size\"><\/p>\n\n\n\n<article class=\"wp-block-group has-small-font-size\"><div class=\"wp-block-group__inner-container is-layout-flow wp-block-group-is-layout-flow\">\n<div class=\"wp-block-group\"><div class=\"wp-block-group__inner-container is-layout-flow wp-block-group-is-layout-flow\">\n<div class=\"wp-block-group has-small-font-size\"><div class=\"wp-block-group__inner-container is-layout-flow wp-block-group-is-layout-flow\">\n<p class=\"has-small-font-size\">La intenci\u00f3 d&#8217;aquest web \u00e9s agrupar diversos serveis dirigits a facilitar la tasca docent dintre de la facultat:<\/p>\n\n\n\n<div class=\"wp-block-group\"><div class=\"wp-block-group__inner-container is-layout-flow wp-block-group-is-layout-flow\">\n<ul class=\"wp-block-list has-small-font-size\">\n<li>A l&#8217;apartat&nbsp;<strong><a href=\"http:\/\/webs.uab.cat\/esid\/qui-som\">Qui som&nbsp;<\/a><\/strong>hi trobareu l&#8217;organigrama dels membres que conformen l&#8217;equip de suport d&#8217;investigaci\u00f3 docent de la Facultat de Psicologia.<\/li>\n<\/ul>\n\n\n\n<ul class=\"wp-block-list has-small-font-size\">\n<li>A l&#8217;apartat de&nbsp;<strong><a href=\"https:\/\/webs.uab.cat\/esid\/formacio\/\" data-type=\"page\" data-id=\"144\">Formaci\u00f3&nbsp;<\/a><\/strong>hi trobareu informaci\u00f3 sobre els diversos cursos formatius en noves TIC,&nbsp;dirigits a l&#8217;equip docent de la Facultat de Psicologia.&nbsp;<\/li>\n<\/ul>\n\n\n\n<ul class=\"wp-block-list has-small-font-size\">\n<li>A l&#8217;apartat de&nbsp;<strong><a href=\"http:\/\/webs.uab.cat\/esid\/recursos-2\">Recursos&nbsp;<\/a><\/strong>hi trobareu material docent, documents i software que us faran m\u00e9s f\u00e0cil la tasca docent i acad\u00e8mica. Els recursos estan a disposici\u00f3 tant per a l&#8217;equip docent com l&#8217;alumnat de la Facultat de Psicologia.<\/li>\n<\/ul>\n\n\n\n<ul class=\"wp-block-list has-small-font-size\">\n<li>A l&#8217;apartat de <strong><a href=\"https:\/\/webs.uab.cat\/esid\/prestec-dinstruments-davaluacio-psicologica\/\" data-type=\"webform\" data-id=\"349\" target=\"_blank\" rel=\"noreferrer noopener\">Serveis de test<\/a>&nbsp;<\/strong>hi&nbsp;trobareu l&#8217;acc\u00e9s directe al nostre cat\u00e0leg d&#8217;instruments d&#8217;avaluaci\u00f3 psicol\u00f2gica, aix\u00ed com a la normativa de pr\u00e9stec.<\/li>\n<\/ul>\n<\/div><\/div>\n\n\n\n<p><span style=\"font-family: Arial\">A continuaci\u00f3, us deixem les seg\u00fcents dades per si voleu contactar amb nosaltres:<\/span><\/p>\n<\/div><\/div>\n\n\n\n<ul class=\"wp-block-list has-small-font-size\">\n<li>Edifici B &#8211; Campus UAB &#8211;&nbsp;Facultat de Psicologia i de Logop\u00e8dia, 08193 Cerdanyola del Vall\u00e9s,&nbsp;Bellaterra<\/li>\n\n\n\n<li>Tel\u00e8fon: 93 581 28 73 <\/li>\n\n\n\n<li>Correu electronic:&nbsp;esid@uab.cat <\/li>\n<\/ul>\n<\/div><\/div>\n<\/div><\/article>\n\n\n\n<div class=\"wp-block-group is-vertical is-layout-flex wp-container-core-group-is-layout-8cf370e7 wp-block-group-is-layout-flex\"><\/div>\n","protected":false},"excerpt":{"rendered":"<p>La intenci\u00f3 d&#8217;aquest web \u00e9s agrupar diversos serveis dirigits a facilitar la tasca docent dintre de la facultat: A continuaci\u00f3, us deixem les seg\u00fcents dades per si voleu contactar amb nosaltres:<\/p>\n","protected":false},"author":20,"featured_media":0,"parent":0,"menu_order":0,"comment_status":"closed","ping_status":"closed","template":"","meta":{"footnotes":""},"class_list":["post-162","page","type-page","status-publish","hentry"],"_links":{"self":[{"href":"https:\/\/webs.uab.cat\/esid\/wp-json\/wp\/v2\/pages\/162","targetHints":{"allow":["GET"]}}],"collection":[{"href":"https:\/\/webs.uab.cat\/esid\/wp-json\/wp\/v2\/pages"}],"about":[{"href":"https:\/\/webs.uab.cat\/esid\/wp-json\/wp\/v2\/types\/page"}],"author":[{"embeddable":true,"href":"https:\/\/webs.uab.cat\/esid\/wp-json\/wp\/v2\/users\/20"}],"replies":[{"embeddable":true,"href":"https:\/\/webs.uab.cat\/esid\/wp-json\/wp\/v2\/comments?post=162"}],"version-history":[{"count":33,"href":"https:\/\/webs.uab.cat\/esid\/wp-json\/wp\/v2\/pages\/162\/revisions"}],"predecessor-version":[{"id":655,"href":"https:\/\/webs.uab.cat\/esid\/wp-json\/wp\/v2\/pages\/162\/revisions\/655"}],"wp:attachment":[{"href":"https:\/\/webs.uab.cat\/esid\/wp-json\/wp\/v2\/media?parent=162"}],"curies":[{"name":"wp","href":"https:\/\/api.w.org\/{rel}","templated":true}]}}