{"id":166,"date":"2015-03-09T09:34:38","date_gmt":"2015-03-09T07:34:38","guid":{"rendered":"https:\/\/webs.uab.cat\/esid\/manual-de-prezi\/"},"modified":"2023-02-22T10:57:03","modified_gmt":"2023-02-22T08:57:03","slug":"manual-de-prezi","status":"publish","type":"page","link":"https:\/\/webs.uab.cat\/esid\/manual-de-prezi\/","title":{"rendered":"Manual de Prezi"},"content":{"rendered":"\n<p>A difer\u00e8ncia d&#8217;altres programes de presentacions, Prezi no realitza presentacions lineals, sin\u00f3 que ofereix la possibilitat de fer <strong>mapes d&#8217;idees<\/strong> a trav\u00e9s dels quals flueix la presentaci\u00f3.&nbsp;<\/p>\n\n\n\n<p><span style=\"font-size: 12px; line-height: 1.5;\">Des de l&#8217;ESID hem elaborat una <strong><a href=\"http:\/\/serveis.uab.cat\/esid\/sites\/serveis.uab.cat.esid\/files\/Manual%20PREZI%20(FINAL%202).pdf\">guia <\/a><a href=\"https:\/\/webs.uab.cat\/esid\/wp-content\/uploads\/sites\/349\/2017\/07\/Manual-PREZI-FINAL-2.pdf\" data-type=\"attachment\" data-id=\"126\">d&#8217;\u00fas<\/a><\/strong> del programa per tal de facilitar-vos la iniciaci\u00f3.<\/span><\/p>\n\n\n<div class=\"wp-block-image\">\n<figure class=\"aligncenter\"><img decoding=\"async\" src=\"http:\/\/serveis.uab.cat\/esid\/sites\/serveis.uab.cat.esid\/files\/prezi_horizontal.jpg\" alt=\"\"\/><\/figure>\n<\/div>","protected":false},"excerpt":{"rendered":"<p>A difer\u00e8ncia d&#8217;altres programes de presentacions, Prezi no realitza presentacions lineals, sin\u00f3 que ofereix la possibilitat de fer mapes d&#8217;idees a trav\u00e9s dels quals flueix la presentaci\u00f3.&nbsp; Des de l&#8217;ESID hem elaborat una guia d&#8217;\u00fas del programa per tal de facilitar-vos la iniciaci\u00f3.<\/p>\n","protected":false},"author":20,"featured_media":0,"parent":0,"menu_order":0,"comment_status":"closed","ping_status":"closed","template":"","meta":{"footnotes":""},"class_list":["post-166","page","type-page","status-publish","hentry"],"_links":{"self":[{"href":"https:\/\/webs.uab.cat\/esid\/wp-json\/wp\/v2\/pages\/166","targetHints":{"allow":["GET"]}}],"collection":[{"href":"https:\/\/webs.uab.cat\/esid\/wp-json\/wp\/v2\/pages"}],"about":[{"href":"https:\/\/webs.uab.cat\/esid\/wp-json\/wp\/v2\/types\/page"}],"author":[{"embeddable":true,"href":"https:\/\/webs.uab.cat\/esid\/wp-json\/wp\/v2\/users\/20"}],"replies":[{"embeddable":true,"href":"https:\/\/webs.uab.cat\/esid\/wp-json\/wp\/v2\/comments?post=166"}],"version-history":[{"count":1,"href":"https:\/\/webs.uab.cat\/esid\/wp-json\/wp\/v2\/pages\/166\/revisions"}],"predecessor-version":[{"id":425,"href":"https:\/\/webs.uab.cat\/esid\/wp-json\/wp\/v2\/pages\/166\/revisions\/425"}],"wp:attachment":[{"href":"https:\/\/webs.uab.cat\/esid\/wp-json\/wp\/v2\/media?parent=166"}],"curies":[{"name":"wp","href":"https:\/\/api.w.org\/{rel}","templated":true}]}}