{"id":168,"date":"2015-03-09T09:51:49","date_gmt":"2015-03-09T07:51:49","guid":{"rendered":"https:\/\/webs.uab.cat\/esid\/manual-de-scrivener\/"},"modified":"2023-02-22T10:56:35","modified_gmt":"2023-02-22T08:56:35","slug":"manual-de-scrivener","status":"publish","type":"page","link":"https:\/\/webs.uab.cat\/esid\/manual-de-scrivener\/","title":{"rendered":"Manual de Scrivener"},"content":{"rendered":"\n<p>Scrivener \u00e9s una eina pensada per<strong> facilitar l&#8217;escriptura<\/strong> de textos de gran volum, com poden ser articles cient\u00edfics, tesis doctorals, etc. Compta amb nombroses funcionalitats que permeten una organitzaci\u00f3 del material i una escriptura flu\u00efda i eficient.&nbsp;<\/p>\n\n\n\n<p>Des de l&#8217;ESID hem elaborat una <strong><a href=\"https:\/\/webs.uab.cat\/esid\/wp-content\/uploads\/sites\/349\/2017\/07\/ESID_Manual-SCRIVENER-FormaciA\u00b3n-.pdf\" data-type=\"attachment\" data-id=\"125\">guia d&#8217;us<\/a><\/strong> d&#8217;aquest programa per tal de facilitar-vos la iniciaci\u00f3, i un v\u00eddeo tutorial que trobareu en aquest <strong><a rel=\"noopener\" href=\"https:\/\/vimeo.com\/130870514\" target=\"_blank\">enlla\u00e7<\/a><\/strong>.<\/p>\n\n\n<div class=\"wp-block-image\">\n<figure class=\"aligncenter\"><img decoding=\"async\" src=\"http:\/\/serveis.uab.cat\/esid\/sites\/serveis.uab.cat.esid\/files\/images.jpg\" alt=\"\"\/><\/figure>\n<\/div>","protected":false},"excerpt":{"rendered":"<p>Scrivener \u00e9s una eina pensada per facilitar l&#8217;escriptura de textos de gran volum, com poden ser articles cient\u00edfics, tesis doctorals, etc. Compta amb nombroses funcionalitats que permeten una organitzaci\u00f3 del material i una escriptura flu\u00efda i eficient.&nbsp; Des de l&#8217;ESID hem elaborat una guia d&#8217;us d&#8217;aquest programa per tal de facilitar-vos la iniciaci\u00f3, i un [&hellip;]<\/p>\n","protected":false},"author":20,"featured_media":0,"parent":0,"menu_order":0,"comment_status":"closed","ping_status":"closed","template":"","meta":{"footnotes":""},"class_list":["post-168","page","type-page","status-publish","hentry"],"_links":{"self":[{"href":"https:\/\/webs.uab.cat\/esid\/wp-json\/wp\/v2\/pages\/168","targetHints":{"allow":["GET"]}}],"collection":[{"href":"https:\/\/webs.uab.cat\/esid\/wp-json\/wp\/v2\/pages"}],"about":[{"href":"https:\/\/webs.uab.cat\/esid\/wp-json\/wp\/v2\/types\/page"}],"author":[{"embeddable":true,"href":"https:\/\/webs.uab.cat\/esid\/wp-json\/wp\/v2\/users\/20"}],"replies":[{"embeddable":true,"href":"https:\/\/webs.uab.cat\/esid\/wp-json\/wp\/v2\/comments?post=168"}],"version-history":[{"count":1,"href":"https:\/\/webs.uab.cat\/esid\/wp-json\/wp\/v2\/pages\/168\/revisions"}],"predecessor-version":[{"id":424,"href":"https:\/\/webs.uab.cat\/esid\/wp-json\/wp\/v2\/pages\/168\/revisions\/424"}],"wp:attachment":[{"href":"https:\/\/webs.uab.cat\/esid\/wp-json\/wp\/v2\/media?parent=168"}],"curies":[{"name":"wp","href":"https:\/\/api.w.org\/{rel}","templated":true}]}}