{"id":173,"date":"2015-03-16T11:17:52","date_gmt":"2015-03-16T09:17:52","guid":{"rendered":"https:\/\/webs.uab.cat\/esid\/programari-interactiu\/"},"modified":"2023-02-22T11:08:26","modified_gmt":"2023-02-22T09:08:26","slug":"programari-interactiu","status":"publish","type":"page","link":"https:\/\/webs.uab.cat\/esid\/programari-interactiu\/","title":{"rendered":"Programari interactiu"},"content":{"rendered":"\n<p>Aquest apartat intenta reunir aquells programes interactius m\u00e9s pr\u00e0ctics i utilitzats del moment. Juntament amb cada proposta de programa, us oferirem manuals d&#8217;\u00fas elaborats des del mateix ESID.&nbsp;<\/p>\n\n\n\n<p><span style=\"text-decoration: underline;\"><strong>+ Plickers:<\/strong><\/span><strong>\u00a0<\/strong><span style=\"font-size: 12px;\">\u00a0\u00e9s una<a href=\"https:\/\/www.plickers.com\/\"> eina de suport web<\/a> que permet als mestres recollir retroalimentaci\u00f3 en temps real dels seus estudiants. Aquesta eina permet recollir dades per a utilitzar en avaluacions formatives. Ofereix la possibilitat d&#8217;utilitzar enquestes, m\u00faltiples preguntes, preguntes de vertader\/fals&#8230; Aix\u00ed, s&#8217;obtenen dades \u00a0dels estudiants, tant a nivell individual com grupal, fins i tot en forma de representaci\u00f3 gr\u00e0fica. Una altra avantatge \u00e9s que els estudiants poden participar mitjan\u00e7ant qualsevol ordinador o dispositiu m\u00f3vil.\u00a0Des de l&#8217;ESID hem elaborat una<\/span><a href=\"https:\/\/webs.uab.cat\/esid\/wp-content\/uploads\/sites\/349\/2023\/02\/MANUAL-PLICKERS-1.1_0.pdf\">\u00a0<strong>guia d&#8217;\u00fas<\/strong><\/a><span style=\"font-size: 12px;\">\u00a0d&#8217;aquest programa per tal de facilitar-vos la iniciaci\u00f3 en el seu \u00fas.\u00a0<\/span><\/p>\n\n\n\n<figure class=\"wp-block-image\"><img decoding=\"async\" src=\"http:\/\/serveis.uab.cat\/esid\/sites\/serveis.uab.cat.esid\/files\/plickers2.png\" alt=\"\"\/><\/figure>\n\n\n\n<p><strong><span style=\"text-decoration: underline;\">&nbsp;<\/span><\/strong><\/p>\n\n\n\n<p><strong><span style=\"text-decoration: underline;\">+Socrative:<\/span>\u00a0<\/strong><span style=\"font-size: 12px;\">Aquesta <\/span><strong><a href=\"https:\/\/www.socrative.com\/\">aplicaci\u00f3 <\/a><\/strong><span style=\"font-size: 12px;\">permet als mestres avaluar en temps real els q\u00fcestionaris i altres activitats que estiguin realitzant els alumnes. No parlem nom\u00e9s d&#8217;una simple correcci\u00f3 autom\u00e0tica de preguntes, sin\u00f3 que el Socrative ens pot proporcionar informes personalitzats de cada alumne a partir de l&#8217;an\u00e0lisi de les seves dades. A m\u00e9s, les seves possibilitats d&#8217;\u00fas tamb\u00e9 s&#8217;extenen al treball col\u00b7laboratiu entre professors i, fins i tot, certa gamificaci\u00f3 de l&#8217;aula gr\u00e0cies als formats de minijocs que ofereix per ser combinats amb la mat\u00e8ria curricular.\u00a0Des de l&#8217;ESID us oferim un\u00a0<\/span><a href=\"https:\/\/webs.uab.cat\/esid\/wp-content\/uploads\/sites\/349\/2017\/07\/MANUALSOCRATIVE1.1.pdf\" data-type=\"attachment\" data-id=\"175\">manual d&#8217;\u00fas<\/a><span style=\"font-size: 12px;\">.\u00a0<\/span><\/p>\n\n\n\n<figure class=\"wp-block-image\"><img decoding=\"async\" src=\"http:\/\/serveis.uab.cat\/esid\/sites\/serveis.uab.cat.esid\/files\/logo.png\" alt=\"\"\/><\/figure>\n","protected":false},"excerpt":{"rendered":"<p>Aquest apartat intenta reunir aquells programes interactius m\u00e9s pr\u00e0ctics i utilitzats del moment. Juntament amb cada proposta de programa, us oferirem manuals d&#8217;\u00fas elaborats des del mateix ESID.&nbsp; + Plickers:\u00a0\u00a0\u00e9s una eina de suport web que permet als mestres recollir retroalimentaci\u00f3 en temps real dels seus estudiants. Aquesta eina permet recollir dades per a utilitzar [&hellip;]<\/p>\n","protected":false},"author":20,"featured_media":0,"parent":0,"menu_order":0,"comment_status":"closed","ping_status":"closed","template":"","meta":{"footnotes":""},"class_list":["post-173","page","type-page","status-publish","hentry"],"_links":{"self":[{"href":"https:\/\/webs.uab.cat\/esid\/wp-json\/wp\/v2\/pages\/173","targetHints":{"allow":["GET"]}}],"collection":[{"href":"https:\/\/webs.uab.cat\/esid\/wp-json\/wp\/v2\/pages"}],"about":[{"href":"https:\/\/webs.uab.cat\/esid\/wp-json\/wp\/v2\/types\/page"}],"author":[{"embeddable":true,"href":"https:\/\/webs.uab.cat\/esid\/wp-json\/wp\/v2\/users\/20"}],"replies":[{"embeddable":true,"href":"https:\/\/webs.uab.cat\/esid\/wp-json\/wp\/v2\/comments?post=173"}],"version-history":[{"count":1,"href":"https:\/\/webs.uab.cat\/esid\/wp-json\/wp\/v2\/pages\/173\/revisions"}],"predecessor-version":[{"id":431,"href":"https:\/\/webs.uab.cat\/esid\/wp-json\/wp\/v2\/pages\/173\/revisions\/431"}],"wp:attachment":[{"href":"https:\/\/webs.uab.cat\/esid\/wp-json\/wp\/v2\/media?parent=173"}],"curies":[{"name":"wp","href":"https:\/\/api.w.org\/{rel}","templated":true}]}}