{"id":187,"date":"2015-04-27T12:38:00","date_gmt":"2015-04-27T10:38:00","guid":{"rendered":"https:\/\/webs.uab.cat\/esid\/material-disponible-lesid\/"},"modified":"2023-04-18T13:56:33","modified_gmt":"2023-04-18T11:56:33","slug":"material-disponible-lesid","status":"publish","type":"page","link":"https:\/\/webs.uab.cat\/esid\/material-disponible-lesid\/","title":{"rendered":"Material disponible a l&#8217;ESID"},"content":{"rendered":"<p>En aquest apartat trobareu un cat\u00e0leg amb tot el material que disposem f\u00edsicament a l&#8217;Espai de Suport i Innovaci\u00f3 Docent. Es tracta d&#8217;una primera aproximaci\u00f3 al CAT\u00c0LEG complet que molt aviat podreu visitar en aquest mateix apartat.<\/p>\n<p>Podeu fer clic dins de cada secci\u00f3 per a veure una descripci\u00f3 detallada dels recursos els quals disposem:<\/p>\n<p><span style=\"text-decoration: underline\"><strong>Psicologia<\/strong><\/span><\/p>\n<ul>\n<li><a href=\"https:\/\/webs.uab.cat\/esid\/wp-content\/uploads\/sites\/349\/2017\/07\/experimentacio.pdf\" target=\"_blank\" rel=\"noopener\">Material d&#8217;experimentaci\u00f3<\/a><\/li>\n<li><a href=\"https:\/\/webs.uab.cat\/esid\/wp-content\/uploads\/sites\/349\/2017\/07\/material-audiovisual.pdf\" target=\"_blank\" rel=\"noopener\">Material audiovisual i de so<\/a><\/li>\n<li><a href=\"https:\/\/webs.uab.cat\/esid\/wp-content\/uploads\/sites\/349\/2017\/07\/MATERIAL-De-docencia.pdf\" target=\"_blank\" rel=\"noopener\">Material de doc\u00e8ncia<\/a><\/li>\n<li><a href=\"https:\/\/webs.uab.cat\/esid\/wp-content\/uploads\/sites\/349\/2017\/07\/clinica.pdf\" target=\"_blank\" rel=\"noopener\">Material de cl\u00ednica<\/a><\/li>\n<\/ul>\n<p><span style=\"text-decoration: underline\"><strong>Logop\u00e8dia<\/strong><\/span><\/p>\n<ul>\n<li>\n<div><a href=\"https:\/\/webs.uab.cat\/esid\/wp-content\/uploads\/sites\/349\/2017\/07\/llibres-logopedia.pdf\" target=\"_blank\" rel=\"noopener\">Llibres<\/a><\/div>\n<\/li>\n<li>\n<div><a href=\"https:\/\/webs.uab.cat\/esid\/wp-content\/uploads\/sites\/349\/2017\/07\/jocs-logopedia.pdf\" target=\"_blank\" rel=\"noopener\">Jocs<\/a><\/div>\n<\/li>\n<li>\n<div><a href=\"https:\/\/webs.uab.cat\/esid\/wp-content\/uploads\/sites\/349\/2017\/07\/logopedia-material-audiovisual.pdf\" target=\"_blank\" rel=\"noopener\">Material audiovisual i de so<\/a><\/div>\n<\/li>\n<li>\n<div><a href=\"https:\/\/webs.uab.cat\/esid\/wp-content\/uploads\/sites\/349\/2017\/07\/logopedia-experimentacio.pdf\" target=\"_blank\" rel=\"noopener\">Experimentaci\u00f3<\/a><\/div>\n<\/li>\n<\/ul>\n","protected":false},"excerpt":{"rendered":"<p>En aquest apartat trobareu un cat\u00e0leg amb tot el material que disposem f\u00edsicament a l&#8217;Espai de Suport i Innovaci\u00f3 Docent. Es tracta d&#8217;una primera aproximaci\u00f3 al CAT\u00c0LEG complet que molt aviat podreu visitar en aquest mateix apartat. Podeu fer clic dins de cada secci\u00f3 per a veure una descripci\u00f3 detallada dels recursos els quals disposem: [&hellip;]<\/p>\n","protected":false},"author":20,"featured_media":0,"parent":0,"menu_order":0,"comment_status":"closed","ping_status":"closed","template":"","meta":{"footnotes":""},"class_list":["post-187","page","type-page","status-publish","hentry"],"_links":{"self":[{"href":"https:\/\/webs.uab.cat\/esid\/wp-json\/wp\/v2\/pages\/187","targetHints":{"allow":["GET"]}}],"collection":[{"href":"https:\/\/webs.uab.cat\/esid\/wp-json\/wp\/v2\/pages"}],"about":[{"href":"https:\/\/webs.uab.cat\/esid\/wp-json\/wp\/v2\/types\/page"}],"author":[{"embeddable":true,"href":"https:\/\/webs.uab.cat\/esid\/wp-json\/wp\/v2\/users\/20"}],"replies":[{"embeddable":true,"href":"https:\/\/webs.uab.cat\/esid\/wp-json\/wp\/v2\/comments?post=187"}],"version-history":[{"count":4,"href":"https:\/\/webs.uab.cat\/esid\/wp-json\/wp\/v2\/pages\/187\/revisions"}],"predecessor-version":[{"id":505,"href":"https:\/\/webs.uab.cat\/esid\/wp-json\/wp\/v2\/pages\/187\/revisions\/505"}],"wp:attachment":[{"href":"https:\/\/webs.uab.cat\/esid\/wp-json\/wp\/v2\/media?parent=187"}],"curies":[{"name":"wp","href":"https:\/\/api.w.org\/{rel}","templated":true}]}}