{"id":605,"date":"2025-05-09T10:58:09","date_gmt":"2025-05-09T08:58:09","guid":{"rendered":"https:\/\/webs.uab.cat\/esid\/?page_id=605"},"modified":"2025-05-09T11:07:37","modified_gmt":"2025-05-09T09:07:37","slug":"contactar","status":"publish","type":"page","link":"https:\/\/webs.uab.cat\/esid\/contactar\/","title":{"rendered":"Contactar"},"content":{"rendered":"\n<p class=\"has-text-align-center has-normal-font-size\"><strong>Si necessiteu contactar amb nosaltres teniu diverses opcions:<\/strong><\/p>\n\n\n\n<ul class=\"wp-block-list has-groc-caputxina-background-color has-background\">\n<li>Ens trobareu al final del passad\u00eds de les aules d\u2019inform\u00e0tica de la Facultat de Psicologia i Logop\u00e8dia (<strong>despatx B5b\/-113<\/strong>)<\/li>\n\n\n\n<li>Trucant al tel\u00e8fon <strong>93 581 28 73<\/strong>, o tamb\u00e9 a trav\u00e9s de la <strong>extensi\u00f3 2873<\/strong>.<\/li>\n\n\n\n<li>Enviant un correu a <a href=\"mailto:esid@uab.cat\"><strong>esid@uab.cat<\/strong><\/a>.<\/li>\n<\/ul>\n\n\n\n<p><\/p>\n","protected":false},"excerpt":{"rendered":"<p>Si necessiteu contactar amb nosaltres teniu diverses opcions:<\/p>\n","protected":false},"author":950,"featured_media":0,"parent":0,"menu_order":0,"comment_status":"closed","ping_status":"closed","template":"","meta":{"footnotes":""},"class_list":["post-605","page","type-page","status-publish","hentry"],"_links":{"self":[{"href":"https:\/\/webs.uab.cat\/esid\/wp-json\/wp\/v2\/pages\/605","targetHints":{"allow":["GET"]}}],"collection":[{"href":"https:\/\/webs.uab.cat\/esid\/wp-json\/wp\/v2\/pages"}],"about":[{"href":"https:\/\/webs.uab.cat\/esid\/wp-json\/wp\/v2\/types\/page"}],"author":[{"embeddable":true,"href":"https:\/\/webs.uab.cat\/esid\/wp-json\/wp\/v2\/users\/950"}],"replies":[{"embeddable":true,"href":"https:\/\/webs.uab.cat\/esid\/wp-json\/wp\/v2\/comments?post=605"}],"version-history":[{"count":3,"href":"https:\/\/webs.uab.cat\/esid\/wp-json\/wp\/v2\/pages\/605\/revisions"}],"predecessor-version":[{"id":611,"href":"https:\/\/webs.uab.cat\/esid\/wp-json\/wp\/v2\/pages\/605\/revisions\/611"}],"wp:attachment":[{"href":"https:\/\/webs.uab.cat\/esid\/wp-json\/wp\/v2\/media?parent=605"}],"curies":[{"name":"wp","href":"https:\/\/api.w.org\/{rel}","templated":true}]}}