{"id":94,"date":"2011-03-14T15:02:49","date_gmt":"2011-03-14T13:02:49","guid":{"rendered":"https:\/\/webs.uab.cat\/esid\/formacio-docents\/"},"modified":"2011-03-14T15:02:49","modified_gmt":"2011-03-14T13:02:49","slug":"formacio-docents","status":"publish","type":"page","link":"https:\/\/webs.uab.cat\/esid\/formacio-docents\/","title":{"rendered":"Formaci\u00f3 per a docents"},"content":{"rendered":"<p><span style=\"font-size: small;\">A la facultat oferim de forma peri\u00f2dica diversos cursos de formaci\u00f3 en recursos docents.<\/span><\/p>\n<p><span style=\"font-size: small;\">+&nbsp;Formaci\u00f3 sobre el Moodle de la Facultat.&nbsp;<\/span><em style=\"font-family: verdana, arial, helvetica, sans-serif; font-size: small;\"><span style=\"color: #cc0000;\">tancat<\/span><\/em><\/p>\n<p><span style=\"font-size: small;\"><strong>+<\/strong> Setmana de la Formaci\u00f3 del 6 al 10 de febrer. <span style=\"color: #008000;\"><em><span style=\"color: #ff0000; font-style: italic; font-weight: bold; font-size: small;\">tancat<\/span><\/em><\/span><\/span><\/p>\n<p><span style=\"font-size: small;\"><strong>+<\/strong> Formaci\u00f3 sobre els equipaments audiovisuals de la Facultat. <span style=\"color: #ff0000;\"><strong><em>tancat<\/em><\/strong><\/span><\/span><\/p>\n<p><span style=\"color: #ff0000; font-size: small;\"><em><br \/><\/em><\/span><\/p>\n<p><span style=\"font-size: small;\">Si creus que seria interessant oferir un curs sobre algun recurs en concret, <a href=\"http:\/\/serveis.uab.cat\/esid\/content\/contactar\">contacta<\/a> amb nosaltres.<\/span><\/p>\n","protected":false},"excerpt":{"rendered":"<p>A la facultat oferim de forma peri\u00f2dica diversos cursos de formaci\u00f3 en recursos docents. +&nbsp;Formaci\u00f3 sobre el Moodle de la Facultat.&nbsp;tancat + Setmana de la Formaci\u00f3 del 6 al 10 de febrer. tancat + Formaci\u00f3 sobre els equipaments audiovisuals de la Facultat. tancat Si creus que seria interessant oferir un curs sobre algun recurs en [&hellip;]<\/p>\n","protected":false},"author":20,"featured_media":0,"parent":0,"menu_order":0,"comment_status":"closed","ping_status":"closed","template":"","meta":{"footnotes":""},"class_list":["post-94","page","type-page","status-publish","hentry"],"_links":{"self":[{"href":"https:\/\/webs.uab.cat\/esid\/wp-json\/wp\/v2\/pages\/94","targetHints":{"allow":["GET"]}}],"collection":[{"href":"https:\/\/webs.uab.cat\/esid\/wp-json\/wp\/v2\/pages"}],"about":[{"href":"https:\/\/webs.uab.cat\/esid\/wp-json\/wp\/v2\/types\/page"}],"author":[{"embeddable":true,"href":"https:\/\/webs.uab.cat\/esid\/wp-json\/wp\/v2\/users\/20"}],"replies":[{"embeddable":true,"href":"https:\/\/webs.uab.cat\/esid\/wp-json\/wp\/v2\/comments?post=94"}],"version-history":[{"count":0,"href":"https:\/\/webs.uab.cat\/esid\/wp-json\/wp\/v2\/pages\/94\/revisions"}],"wp:attachment":[{"href":"https:\/\/webs.uab.cat\/esid\/wp-json\/wp\/v2\/media?parent=94"}],"curies":[{"name":"wp","href":"https:\/\/api.w.org\/{rel}","templated":true}]}}