{"id":1236,"date":"2023-10-24T07:49:12","date_gmt":"2023-10-24T05:49:12","guid":{"rendered":"https:\/\/webs.uab.cat\/estudiabcd\/?page_id=1236"},"modified":"2025-11-12T16:27:03","modified_gmt":"2025-11-12T14:27:03","slug":"laboratori-1","status":"publish","type":"page","link":"https:\/\/webs.uab.cat\/estudiabcd\/informacio-families\/laboratori-1\/","title":{"rendered":"Laboratori 2"},"content":{"rendered":"\n<p>Benvingudes fam\u00edlies a l\u2019estudi ABCD! Us deixem informaci\u00f3 sobre la fase &#8220;Laboratori 2 (tamb\u00e9 denominat laboratori 1)&#8221; que es dur\u00e0 a terme del novembre de 2023 al juny del 2024.<\/p>\n\n\n\n<h4 class=\"wp-block-heading\">Documentaci\u00f3<\/h4>\n\n\n\n<ul class=\"wp-block-list\">\n<li><strong>Full d\u2019informaci\u00f3<\/strong><\/li>\n<\/ul>\n\n\n\n<div data-wp-interactive=\"core\/file\" class=\"wp-block-file\"><object data-wp-bind--hidden=\"!state.hasPdfPreview\" hidden class=\"wp-block-file__embed\" data=\"https:\/\/webs.uab.cat\/estudiabcd\/wp-content\/uploads\/sites\/244\/2023\/10\/FullInformacio_Laboratori1.pdf\" type=\"application\/pdf\" style=\"width:100%;height:600px\" aria-label=\"Incrustaci\u00f3 del fitxer FullInformacio_Laboratori1.\"><\/object><a id=\"wp-block-file--media-c018bc3e-1463-4a03-abb1-55ca43ce33fa\" href=\"https:\/\/webs.uab.cat\/estudiabcd\/wp-content\/uploads\/sites\/244\/2023\/10\/FullInformacio_Laboratori1.pdf\">FullInformacio_Laboratori1<\/a><a href=\"https:\/\/webs.uab.cat\/estudiabcd\/wp-content\/uploads\/sites\/244\/2023\/10\/FullInformacio_Laboratori1.pdf\" class=\"wp-block-file__button wp-element-button\" download aria-describedby=\"wp-block-file--media-c018bc3e-1463-4a03-abb1-55ca43ce33fa\">Baixa<\/a><\/div>\n\n\n\n<ul class=\"wp-block-list\">\n<li><strong>Document de protecci\u00f3 de dades personals<\/strong><\/li>\n<\/ul>\n\n\n\n<div data-wp-interactive=\"core\/file\" class=\"wp-block-file\"><object data-wp-bind--hidden=\"!state.hasPdfPreview\" hidden class=\"wp-block-file__embed\" data=\"https:\/\/webs.uab.cat\/estudiabcd\/wp-content\/uploads\/sites\/244\/2023\/10\/ProteccioDades_Laboratori1.pdf\" type=\"application\/pdf\" style=\"width:100%;height:600px\" aria-label=\"Incrustaci\u00f3 del fitxer ProteccioDades_Laboratori1.\"><\/object><a id=\"wp-block-file--media-c5372f40-d567-47a3-a332-823fe9fc1c9d\" href=\"https:\/\/webs.uab.cat\/estudiabcd\/wp-content\/uploads\/sites\/244\/2023\/10\/ProteccioDades_Laboratori1.pdf\">ProteccioDades_Laboratori1<\/a><a href=\"https:\/\/webs.uab.cat\/estudiabcd\/wp-content\/uploads\/sites\/244\/2023\/10\/ProteccioDades_Laboratori1.pdf\" class=\"wp-block-file__button wp-element-button\" download aria-describedby=\"wp-block-file--media-c5372f40-d567-47a3-a332-823fe9fc1c9d\">Baixa<\/a><\/div>\n\n\n\n<ul class=\"wp-block-list\">\n<li><strong>Infografia sobre el procediment<\/strong><\/li>\n<\/ul>\n\n\n\n<div data-wp-interactive=\"core\/file\" class=\"wp-block-file\"><object data-wp-bind--hidden=\"!state.hasPdfPreview\" hidden class=\"wp-block-file__embed\" data=\"https:\/\/webs.uab.cat\/estudiabcd\/wp-content\/uploads\/sites\/244\/2023\/10\/Infografia_Laboratori1.pdf\" type=\"application\/pdf\" style=\"width:100%;height:600px\" aria-label=\"Incrustaci\u00f3 del fitxer Infografia_Laboratori1.\"><\/object><a id=\"wp-block-file--media-e98a949e-4ccc-4df6-bded-1c05fd8871b7\" href=\"https:\/\/webs.uab.cat\/estudiabcd\/wp-content\/uploads\/sites\/244\/2023\/10\/Infografia_Laboratori1.pdf\">Infografia_Laboratori1<\/a><a href=\"https:\/\/webs.uab.cat\/estudiabcd\/wp-content\/uploads\/sites\/244\/2023\/10\/Infografia_Laboratori1.pdf\" class=\"wp-block-file__button wp-element-button\" download aria-describedby=\"wp-block-file--media-e98a949e-4ccc-4df6-bded-1c05fd8871b7\">Baixa<\/a><\/div>\n","protected":false},"excerpt":{"rendered":"<p>Benvingudes fam\u00edlies a l\u2019estudi ABCD! Us deixem informaci\u00f3 sobre la fase &#8220;Laboratori 2 (tamb\u00e9 denominat laboratori 1)&#8221; que es dur\u00e0 a terme del novembre de 2023 al juny del 2024. Documentaci\u00f3<\/p>\n","protected":false},"author":2773,"featured_media":0,"parent":249,"menu_order":0,"comment_status":"closed","ping_status":"closed","template":"","meta":{"footnotes":""},"class_list":["post-1236","page","type-page","status-publish","hentry"],"_links":{"self":[{"href":"https:\/\/webs.uab.cat\/estudiabcd\/wp-json\/wp\/v2\/pages\/1236","targetHints":{"allow":["GET"]}}],"collection":[{"href":"https:\/\/webs.uab.cat\/estudiabcd\/wp-json\/wp\/v2\/pages"}],"about":[{"href":"https:\/\/webs.uab.cat\/estudiabcd\/wp-json\/wp\/v2\/types\/page"}],"author":[{"embeddable":true,"href":"https:\/\/webs.uab.cat\/estudiabcd\/wp-json\/wp\/v2\/users\/2773"}],"replies":[{"embeddable":true,"href":"https:\/\/webs.uab.cat\/estudiabcd\/wp-json\/wp\/v2\/comments?post=1236"}],"version-history":[{"count":8,"href":"https:\/\/webs.uab.cat\/estudiabcd\/wp-json\/wp\/v2\/pages\/1236\/revisions"}],"predecessor-version":[{"id":3006,"href":"https:\/\/webs.uab.cat\/estudiabcd\/wp-json\/wp\/v2\/pages\/1236\/revisions\/3006"}],"up":[{"embeddable":true,"href":"https:\/\/webs.uab.cat\/estudiabcd\/wp-json\/wp\/v2\/pages\/249"}],"wp:attachment":[{"href":"https:\/\/webs.uab.cat\/estudiabcd\/wp-json\/wp\/v2\/media?parent=1236"}],"curies":[{"name":"wp","href":"https:\/\/api.w.org\/{rel}","templated":true}]}}