{"id":140,"date":"2022-09-14T14:20:46","date_gmt":"2022-09-14T12:20:46","guid":{"rendered":"https:\/\/blogs.uab.cat\/abcd\/?page_id=140"},"modified":"2025-11-07T16:46:21","modified_gmt":"2025-11-07T14:46:21","slug":"collaboradors","status":"publish","type":"page","link":"https:\/\/webs.uab.cat\/estudiabcd\/equip-i-context\/collaboradors\/","title":{"rendered":"Col\u00b7laboradors\/es"},"content":{"rendered":"\n<div class=\"wp-block-media-text alignfull is-stacked-on-mobile\" style=\"grid-template-columns:15% auto\"><figure class=\"wp-block-media-text__media\"><img loading=\"lazy\" decoding=\"async\" width=\"326\" height=\"494\" src=\"https:\/\/webs.uab.cat\/estudiabcd\/wp-content\/uploads\/sites\/244\/2023\/02\/Captura-de-pantalla-2023-02-21-a-las-17.04.50.png\" alt=\"\" class=\"wp-image-1002 size-full\" srcset=\"https:\/\/webs.uab.cat\/estudiabcd\/wp-content\/uploads\/sites\/244\/2023\/02\/Captura-de-pantalla-2023-02-21-a-las-17.04.50.png 326w, https:\/\/webs.uab.cat\/estudiabcd\/wp-content\/uploads\/sites\/244\/2023\/02\/Captura-de-pantalla-2023-02-21-a-las-17.04.50-198x300.png 198w\" sizes=\"auto, (max-width: 326px) 100vw, 326px\" \/><\/figure><div class=\"wp-block-media-text__content\">\n<p><strong>Montserrat P\u00e0mias<\/strong><\/p>\n\n\n\n<p>Llicenciada en Medicina per la Universidad de Navarra. Doctora en Medicina per la Universitat Aut\u00f2noma de Barcelona. Especialista en Psiquiatria. Cap de Servei de Psiquiatria Infantil i Juvenil a la Corporaci\u00f3 Sanit\u00e0ria Parc Taul\u00ed de Sabadell (Barcelona). Professora associada a la Universitat Aut\u00f2noma de Barcelona (Departament de Psiquiatria i Medicina Legal, Facultat de Medicina) i a la Universitat Internacional de Catalunya (Facultat de Medicina i de Psicologia). Presidenta de la Societat Catalana de Psiquiatria Infanto-Juvenil (2012-17). Ha participat en m\u00e9s de 30 grups de treball en el Departament de Salut de la Generalitat de Catalunya, coordinant el grup per a la implementaci\u00f3 de la Guia cl\u00ednica del TDAH i del pacient cr\u00f2nic complex en Psiquiatria infantil. Ha participat en m\u00e9s de 20 articles cient\u00edfics en revistes indexades, i \u00e9s membre del CIBERSAM. Les seves \u00e0rees d\u2019inter\u00e8s assistencial i cient\u00edfic inclouen el TDAH, l\u2019autisme, trastorns de la conducta aliment\u00e0ria, trastorns de l\u00b4estat d\u2019\u00e0nim i conducta autol\u00edtica en nens i adolescents; gesti\u00f3 i recursos de Psiquiatria infantil comunit\u00e0ria; Psiquiatria comunit\u00e0ria i treball interdisciplinari en salut mental.<\/p>\n<\/div><\/div>\n\n\n\n<div class=\"wp-block-media-text alignfull is-stacked-on-mobile\" style=\"grid-template-columns:15% auto\"><figure class=\"wp-block-media-text__media\"><img loading=\"lazy\" decoding=\"async\" width=\"284\" height=\"366\" src=\"https:\/\/webs.uab.cat\/estudiabcd\/wp-content\/uploads\/sites\/244\/2023\/02\/Captura-de-pantalla-2023-02-21-a-las-17.06.34.png\" alt=\"\" class=\"wp-image-1008 size-full\" srcset=\"https:\/\/webs.uab.cat\/estudiabcd\/wp-content\/uploads\/sites\/244\/2023\/02\/Captura-de-pantalla-2023-02-21-a-las-17.06.34.png 284w, https:\/\/webs.uab.cat\/estudiabcd\/wp-content\/uploads\/sites\/244\/2023\/02\/Captura-de-pantalla-2023-02-21-a-las-17.06.34-233x300.png 233w\" sizes=\"auto, (max-width: 284px) 100vw, 284px\" \/><\/figure><div class=\"wp-block-media-text__content\">\n<p><strong>Laura L\u00f3pez-Romero<\/strong><\/p>\n\n\n\n<p>Doctora en Psicologia Cl\u00ednica i Psicobiologia per la Universitat de Santiago de Compostel\u00b7la (USC), on actualment treballa com a investigadora postdoctoral del programa Ram\u00f3n y Cajal en la Unitat de Recerca de les Conductes de Risc i els Trastorns en el Desenvolupament (UNDERISK). La seva traject\u00f2ria investigadora se centra en l&#8217;\u00e0mbit de la psicopatologia del desenvolupament, amb especial inter\u00e8s en els problemes de conducta durant la inf\u00e0ncia i l&#8217;adolesc\u00e8ncia, el paper dels trets psicop\u00e0tics en la identificaci\u00f3 de perfils de risc i els factors que incideixen en el desenvolupament socioemocional. Ha participat en diversos projectes competitius i col\u00b7laboracions internacionals, i \u00e9s autora de m\u00e9s de cinquanta publicacions en revistes d&#8217;impacte nacional i internacional.<\/p>\n<\/div><\/div>\n","protected":false},"excerpt":{"rendered":"<p>Montserrat P\u00e0mias Llicenciada en Medicina per la Universidad de Navarra. Doctora en Medicina per la Universitat Aut\u00f2noma de Barcelona. Especialista en Psiquiatria. Cap de Servei de Psiquiatria Infantil i Juvenil a la Corporaci\u00f3 Sanit\u00e0ria Parc Taul\u00ed de Sabadell (Barcelona). Professora associada a la Universitat Aut\u00f2noma de Barcelona (Departament de Psiquiatria i Medicina Legal, Facultat de [&hellip;]<\/p>\n","protected":false},"author":544,"featured_media":0,"parent":22,"menu_order":2,"comment_status":"closed","ping_status":"closed","template":"","meta":{"footnotes":""},"class_list":["post-140","page","type-page","status-publish","hentry"],"_links":{"self":[{"href":"https:\/\/webs.uab.cat\/estudiabcd\/wp-json\/wp\/v2\/pages\/140","targetHints":{"allow":["GET"]}}],"collection":[{"href":"https:\/\/webs.uab.cat\/estudiabcd\/wp-json\/wp\/v2\/pages"}],"about":[{"href":"https:\/\/webs.uab.cat\/estudiabcd\/wp-json\/wp\/v2\/types\/page"}],"author":[{"embeddable":true,"href":"https:\/\/webs.uab.cat\/estudiabcd\/wp-json\/wp\/v2\/users\/544"}],"replies":[{"embeddable":true,"href":"https:\/\/webs.uab.cat\/estudiabcd\/wp-json\/wp\/v2\/comments?post=140"}],"version-history":[{"count":11,"href":"https:\/\/webs.uab.cat\/estudiabcd\/wp-json\/wp\/v2\/pages\/140\/revisions"}],"predecessor-version":[{"id":2936,"href":"https:\/\/webs.uab.cat\/estudiabcd\/wp-json\/wp\/v2\/pages\/140\/revisions\/2936"}],"up":[{"embeddable":true,"href":"https:\/\/webs.uab.cat\/estudiabcd\/wp-json\/wp\/v2\/pages\/22"}],"wp:attachment":[{"href":"https:\/\/webs.uab.cat\/estudiabcd\/wp-json\/wp\/v2\/media?parent=140"}],"curies":[{"name":"wp","href":"https:\/\/api.w.org\/{rel}","templated":true}]}}