{"id":249,"date":"2021-08-08T14:25:11","date_gmt":"2021-08-08T12:25:11","guid":{"rendered":"https:\/\/blogs.uab.cat\/abcd\/?page_id=7"},"modified":"2025-12-03T17:35:45","modified_gmt":"2025-12-03T15:35:45","slug":"informacio-families","status":"publish","type":"page","link":"https:\/\/webs.uab.cat\/estudiabcd\/informacio-families\/","title":{"rendered":"Informaci\u00f3 per fam\u00edlies"},"content":{"rendered":"\n<p class=\"has-text-align-left\">A continuaci\u00f3 trobareu tota la informaci\u00f3 referent a la participaci\u00f3 en les diferents etapes de l&#8217;estudi ABCD (<strong>fases comunit\u00e0ries i laboratoris<\/strong>).<\/p>\n\n\n\n<div class=\"wp-block-buttons is-layout-flex wp-block-buttons-is-layout-flex\">\n<div class=\"wp-block-button\"><a class=\"wp-block-button__link wp-element-button\" href=\"https:\/\/webs.uab.cat\/estudiabcd\/fase-1-families\/\">FASE 1 <\/a><\/div>\n<\/div>\n\n\n\n<div class=\"wp-block-buttons is-layout-flex wp-block-buttons-is-layout-flex\">\n<div class=\"wp-block-button\"><a class=\"wp-block-button__link wp-element-button\" href=\"https:\/\/webs.uab.cat\/estudiabcd\/2024\/04\/17\/benvingudes-families-a-la-fase-2-de-lestudi-abcd\/\">fASE 2<\/a><\/div>\n\n\n\n<div class=\"wp-block-button\"><a class=\"wp-block-button__link wp-element-button\" href=\"https:\/\/webs.uab.cat\/estudiabcd\/informacio-families\/laboratori-1\/\">lABORATORI 2<\/a><\/div>\n<\/div>\n\n\n\n<div class=\"wp-block-buttons is-layout-flex wp-block-buttons-is-layout-flex\">\n<div class=\"wp-block-button\"><a class=\"wp-block-button__link wp-element-button\" href=\"https:\/\/webs.uab.cat\/estudiabcd\/2025\/02\/03\/fase-3-families\/\">faSE 3<\/a><\/div>\n\n\n\n<div class=\"wp-block-button\"><a class=\"wp-block-button__link wp-element-button\" href=\"https:\/\/webs.uab.cat\/estudiabcd\/laboratori-3a\/\">LABORATORI 3<\/a><\/div>\n<\/div>\n\n\n\n<div class=\"wp-block-buttons is-layout-flex wp-block-buttons-is-layout-flex\">\n<div class=\"wp-block-button\"><a class=\"wp-block-button__link wp-element-button\" href=\"https:\/\/webs.uab.cat\/estudiabcd\/fase-4-families\/\">FASE 4<\/a><\/div>\n\n\n\n<div class=\"wp-block-button\"><a class=\"wp-block-button__link wp-element-button\" href=\"https:\/\/webs.uab.cat\/estudiabcd\/laboratori-4\/\">LABORATORI 4<\/a><\/div>\n<\/div>\n\n\n\n<p><\/p>\n","protected":false},"excerpt":{"rendered":"<p>A continuaci\u00f3 trobareu tota la informaci\u00f3 referent a la participaci\u00f3 en les diferents etapes de l&#8217;estudi ABCD (fases comunit\u00e0ries i laboratoris).<\/p>\n","protected":false},"author":544,"featured_media":0,"parent":0,"menu_order":3,"comment_status":"closed","ping_status":"closed","template":"","meta":{"footnotes":""},"class_list":["post-249","page","type-page","status-publish","hentry"],"_links":{"self":[{"href":"https:\/\/webs.uab.cat\/estudiabcd\/wp-json\/wp\/v2\/pages\/249","targetHints":{"allow":["GET"]}}],"collection":[{"href":"https:\/\/webs.uab.cat\/estudiabcd\/wp-json\/wp\/v2\/pages"}],"about":[{"href":"https:\/\/webs.uab.cat\/estudiabcd\/wp-json\/wp\/v2\/types\/page"}],"author":[{"embeddable":true,"href":"https:\/\/webs.uab.cat\/estudiabcd\/wp-json\/wp\/v2\/users\/544"}],"replies":[{"embeddable":true,"href":"https:\/\/webs.uab.cat\/estudiabcd\/wp-json\/wp\/v2\/comments?post=249"}],"version-history":[{"count":44,"href":"https:\/\/webs.uab.cat\/estudiabcd\/wp-json\/wp\/v2\/pages\/249\/revisions"}],"predecessor-version":[{"id":3027,"href":"https:\/\/webs.uab.cat\/estudiabcd\/wp-json\/wp\/v2\/pages\/249\/revisions\/3027"}],"wp:attachment":[{"href":"https:\/\/webs.uab.cat\/estudiabcd\/wp-json\/wp\/v2\/media?parent=249"}],"curies":[{"name":"wp","href":"https:\/\/api.w.org\/{rel}","templated":true}]}}