{"id":2724,"date":"2025-10-30T17:26:49","date_gmt":"2025-10-30T15:26:49","guid":{"rendered":"https:\/\/webs.uab.cat\/estudiabcd\/?page_id=2724"},"modified":"2026-03-19T14:11:41","modified_gmt":"2026-03-19T12:11:41","slug":"fase-4-families","status":"publish","type":"page","link":"https:\/\/webs.uab.cat\/estudiabcd\/fase-4-families\/","title":{"rendered":"Fase 4"},"content":{"rendered":"\n<p>\u00a1Benvolgudes fam\u00edlies a la Fase 4&nbsp;de l\u2019estudi ABCD! <\/p>\n\n\n\n<p>Us compartim un v\u00eddeo que es va crear a la Fase 1 i que us ajudar\u00e0 a entendre l\u2019estudi:&nbsp;<a href=\"https:\/\/videosdigitals.uab.cat\/video\/41\/playVideo.html?serial=642&amp;file=17168.mp4\">feu clic aqu\u00ed<\/a>.&nbsp;<\/p>\n\n\n\n<p>Durant el mes d&#8217;abril es repartir\u00e0 el material a les escoles i les nenes i els nens el portaran a casa. Totes les fam\u00edlies amb una filla o fill en quart de prim\u00e0ria en un centre escolar de Sabadell estan convidades a participar.&nbsp;<\/p>\n\n\n\n<div class=\"wp-block-columns alignfull is-layout-flex wp-container-core-columns-is-layout-9d6595d7 wp-block-columns-is-layout-flex\">\n<div class=\"wp-block-column is-layout-flow wp-block-column-is-layout-flow\">\n<ul class=\"wp-block-list\">\n<li><strong>Infografia de participaci\u00f3 Fase 4<\/strong><\/li>\n<\/ul>\n\n\n\n<div data-wp-interactive=\"core\/file\" class=\"wp-block-file\"><object data-wp-bind--hidden=\"!state.hasPdfPreview\" hidden class=\"wp-block-file__embed\" data=\"https:\/\/webs.uab.cat\/estudiabcd\/wp-content\/uploads\/sites\/244\/2026\/03\/2_ACBD_F4_Infografia_CAT_DEF-2.pdf\" type=\"application\/pdf\" style=\"width:100%;height:600px\" aria-label=\"Incrustaci\u00f3 del fitxer Infografia de participaci\u00f3 Fase 4.\"><\/object><a id=\"wp-block-file--media-29bf531f-8e68-4b2f-8614-b5a3bdaba4f5\" href=\"https:\/\/webs.uab.cat\/estudiabcd\/wp-content\/uploads\/sites\/244\/2026\/03\/2_ACBD_F4_Infografia_CAT_DEF-2.pdf\">Infografia de participaci\u00f3 Fase 4<\/a><a href=\"https:\/\/webs.uab.cat\/estudiabcd\/wp-content\/uploads\/sites\/244\/2026\/03\/2_ACBD_F4_Infografia_CAT_DEF-2.pdf\" class=\"wp-block-file__button wp-element-button\" download aria-describedby=\"wp-block-file--media-29bf531f-8e68-4b2f-8614-b5a3bdaba4f5\">Baixa<\/a><\/div>\n<\/div>\n\n\n\n<div class=\"wp-block-column is-layout-flow wp-block-column-is-layout-flow\">\n<ul class=\"wp-block-list\">\n<li><strong>Full d&#8217;informaci\u00f3 fam\u00edlies Fase 4<\/strong><\/li>\n<\/ul>\n\n\n\n<div data-wp-interactive=\"core\/file\" class=\"wp-block-file\"><object data-wp-bind--hidden=\"!state.hasPdfPreview\" hidden class=\"wp-block-file__embed\" data=\"https:\/\/webs.uab.cat\/estudiabcd\/wp-content\/uploads\/sites\/244\/2026\/03\/1c_ABCD_Fase4_FullInfo_FAM_CAT_DEF-2.pdf\" type=\"application\/pdf\" style=\"width:100%;height:600px\" aria-label=\"Incrustaci\u00f3 del fitxer Full d&apos;informaci\u00f3 fam\u00edlies Fase 4.\"><\/object><a id=\"wp-block-file--media-247eca49-5714-47cd-90f9-b0ad526bad07\" href=\"https:\/\/webs.uab.cat\/estudiabcd\/wp-content\/uploads\/sites\/244\/2026\/03\/1c_ABCD_Fase4_FullInfo_FAM_CAT_DEF-2.pdf\">Full d&#8217;informaci\u00f3 fam\u00edlies Fase 4<\/a><a href=\"https:\/\/webs.uab.cat\/estudiabcd\/wp-content\/uploads\/sites\/244\/2026\/03\/1c_ABCD_Fase4_FullInfo_FAM_CAT_DEF-2.pdf\" class=\"wp-block-file__button wp-element-button\" download aria-describedby=\"wp-block-file--media-247eca49-5714-47cd-90f9-b0ad526bad07\">Baixa<\/a><\/div>\n<\/div>\n\n\n\n<div class=\"wp-block-column is-layout-flow wp-block-column-is-layout-flow\">\n<ul class=\"wp-block-list\">\n<li><strong>Tractament de les dades personals<\/strong><\/li>\n<\/ul>\n\n\n\n<div data-wp-interactive=\"core\/file\" class=\"wp-block-file\"><object data-wp-bind--hidden=\"!state.hasPdfPreview\" hidden class=\"wp-block-file__embed\" data=\"https:\/\/webs.uab.cat\/estudiabcd\/wp-content\/uploads\/sites\/244\/2026\/03\/1B_ABCD_TractamentDadesCompletWeb_F4_CAT_DEF-1.pdf\" type=\"application\/pdf\" style=\"width:100%;height:600px\" aria-label=\"Incrustaci\u00f3 del fitxer Tractament de les dades personals.\"><\/object><a id=\"wp-block-file--media-28541328-555c-4d9c-8bad-b30bb66c62f6\" href=\"https:\/\/webs.uab.cat\/estudiabcd\/wp-content\/uploads\/sites\/244\/2026\/03\/1B_ABCD_TractamentDadesCompletWeb_F4_CAT_DEF-1.pdf\">Tractament de les dades personals<\/a><a href=\"https:\/\/webs.uab.cat\/estudiabcd\/wp-content\/uploads\/sites\/244\/2026\/03\/1B_ABCD_TractamentDadesCompletWeb_F4_CAT_DEF-1.pdf\" class=\"wp-block-file__button wp-element-button\" download aria-describedby=\"wp-block-file--media-28541328-555c-4d9c-8bad-b30bb66c62f6\">Baixa<\/a><\/div>\n<\/div>\n<\/div>\n","protected":false},"excerpt":{"rendered":"<p>\u00a1Benvolgudes fam\u00edlies a la Fase 4&nbsp;de l\u2019estudi ABCD! Us compartim un v\u00eddeo que es va crear a la Fase 1 i que us ajudar\u00e0 a entendre l\u2019estudi:&nbsp;feu clic aqu\u00ed.&nbsp; Durant el mes d&#8217;abril es repartir\u00e0 el material a les escoles i les nenes i els nens el portaran a casa. Totes les fam\u00edlies amb una [&hellip;]<\/p>\n","protected":false},"author":3109,"featured_media":0,"parent":0,"menu_order":0,"comment_status":"closed","ping_status":"closed","template":"","meta":{"footnotes":""},"class_list":["post-2724","page","type-page","status-publish","hentry"],"_links":{"self":[{"href":"https:\/\/webs.uab.cat\/estudiabcd\/wp-json\/wp\/v2\/pages\/2724","targetHints":{"allow":["GET"]}}],"collection":[{"href":"https:\/\/webs.uab.cat\/estudiabcd\/wp-json\/wp\/v2\/pages"}],"about":[{"href":"https:\/\/webs.uab.cat\/estudiabcd\/wp-json\/wp\/v2\/types\/page"}],"author":[{"embeddable":true,"href":"https:\/\/webs.uab.cat\/estudiabcd\/wp-json\/wp\/v2\/users\/3109"}],"replies":[{"embeddable":true,"href":"https:\/\/webs.uab.cat\/estudiabcd\/wp-json\/wp\/v2\/comments?post=2724"}],"version-history":[{"count":7,"href":"https:\/\/webs.uab.cat\/estudiabcd\/wp-json\/wp\/v2\/pages\/2724\/revisions"}],"predecessor-version":[{"id":3340,"href":"https:\/\/webs.uab.cat\/estudiabcd\/wp-json\/wp\/v2\/pages\/2724\/revisions\/3340"}],"wp:attachment":[{"href":"https:\/\/webs.uab.cat\/estudiabcd\/wp-json\/wp\/v2\/media?parent=2724"}],"curies":[{"name":"wp","href":"https:\/\/api.w.org\/{rel}","templated":true}]}}