{"id":291,"date":"2021-08-08T14:27:12","date_gmt":"2021-08-08T12:27:12","guid":{"rendered":"https:\/\/webs.uab.cat\/projecteabcd\/objetivos\/"},"modified":"2025-11-04T16:39:06","modified_gmt":"2025-11-04T14:39:06","slug":"objetivos","status":"publish","type":"page","link":"https:\/\/webs.uab.cat\/estudiabcd\/sobre-el-proyecto\/objetivos\/?lang=es","title":{"rendered":"Objetivos"},"content":{"rendered":"\n<div class=\"wp-block-media-text is-stacked-on-mobile is-vertically-aligned-center\" style=\"grid-template-columns:15% auto\"><figure class=\"wp-block-media-text__media\"><img loading=\"lazy\" decoding=\"async\" width=\"120\" height=\"612\" src=\"https:\/\/webs.uab.cat\/estudiabcd\/wp-content\/uploads\/sites\/244\/2023\/05\/image-1-e1762188419587.png\" alt=\"\" class=\"wp-image-1175 size-full\" srcset=\"https:\/\/webs.uab.cat\/estudiabcd\/wp-content\/uploads\/sites\/244\/2023\/05\/image-1-e1762188419587.png 120w, https:\/\/webs.uab.cat\/estudiabcd\/wp-content\/uploads\/sites\/244\/2023\/05\/image-1-e1762188419587-59x300.png 59w\" sizes=\"auto, (max-width: 120px) 100vw, 120px\" \/><\/figure><div class=\"wp-block-media-text__content\">\n<h3 class=\"wp-block-heading\">Adaptaci\u00f3n<\/h3>\n\n\n\n<p>Conocer conductas que faciliten o dificulten la adaptaci\u00f3n, el bienestar socioemocional y la convivencia escolar.<\/p>\n\n\n\n<h3 class=\"wp-block-heading\">Bienestar<\/h3>\n\n\n\n<p>Detectar caracter\u00edsticas temperamentales, cognitivas, emocionales y endocrinas de estas conductas.<\/p>\n\n\n\n<h3 class=\"wp-block-heading\">Convivencia <\/h3>\n\n\n\n<p>Conocer las trayectorias de desarrollo de estas conductas.<\/p>\n\n\n\n<h3 class=\"wp-block-heading\">Desarrollo<\/h3>\n\n\n\n<p>Prevenir problemas de salud mental y promover el bienestar emocional, avanzando hacia una escuela respetuosa con la diversidad y m\u00e1s inclusiva.<\/p>\n<\/div><\/div>\n\n\n\n<h2 class=\"wp-block-heading\"><\/h2>\n","protected":false},"excerpt":{"rendered":"<p>Adaptaci\u00f3n Conocer conductas que faciliten o dificulten la adaptaci\u00f3n, el bienestar socioemocional y la convivencia escolar. Bienestar Detectar caracter\u00edsticas temperamentales, cognitivas, emocionales y endocrinas de estas conductas. Convivencia Conocer las trayectorias de desarrollo de estas conductas. Desarrollo Prevenir problemas de salud mental y promover el bienestar emocional, avanzando hacia una escuela respetuosa con la diversidad [&hellip;]<\/p>\n","protected":false},"author":544,"featured_media":0,"parent":279,"menu_order":0,"comment_status":"closed","ping_status":"closed","template":"","meta":{"footnotes":""},"class_list":["post-291","page","type-page","status-publish","hentry"],"_links":{"self":[{"href":"https:\/\/webs.uab.cat\/estudiabcd\/wp-json\/wp\/v2\/pages\/291","targetHints":{"allow":["GET"]}}],"collection":[{"href":"https:\/\/webs.uab.cat\/estudiabcd\/wp-json\/wp\/v2\/pages"}],"about":[{"href":"https:\/\/webs.uab.cat\/estudiabcd\/wp-json\/wp\/v2\/types\/page"}],"author":[{"embeddable":true,"href":"https:\/\/webs.uab.cat\/estudiabcd\/wp-json\/wp\/v2\/users\/544"}],"replies":[{"embeddable":true,"href":"https:\/\/webs.uab.cat\/estudiabcd\/wp-json\/wp\/v2\/comments?post=291"}],"version-history":[{"count":9,"href":"https:\/\/webs.uab.cat\/estudiabcd\/wp-json\/wp\/v2\/pages\/291\/revisions"}],"predecessor-version":[{"id":2845,"href":"https:\/\/webs.uab.cat\/estudiabcd\/wp-json\/wp\/v2\/pages\/291\/revisions\/2845"}],"up":[{"embeddable":true,"href":"https:\/\/webs.uab.cat\/estudiabcd\/wp-json\/wp\/v2\/pages\/279"}],"wp:attachment":[{"href":"https:\/\/webs.uab.cat\/estudiabcd\/wp-json\/wp\/v2\/media?parent=291"}],"curies":[{"name":"wp","href":"https:\/\/api.w.org\/{rel}","templated":true}]}}