{"id":296,"date":"2021-08-08T14:28:02","date_gmt":"2021-08-08T12:28:02","guid":{"rendered":"https:\/\/webs.uab.cat\/projecteabcd\/contact\/"},"modified":"2025-12-03T17:44:53","modified_gmt":"2025-12-03T15:44:53","slug":"contact","status":"publish","type":"page","link":"https:\/\/webs.uab.cat\/estudiabcd\/contact\/?lang=en","title":{"rendered":"Contact"},"content":{"rendered":"\n<div class=\"wp-block-columns alignwide is-layout-flex wp-container-core-columns-is-layout-9d6595d7 wp-block-columns-is-layout-flex\">\n<div class=\"wp-block-column is-layout-flow wp-block-column-is-layout-flow\">\n<div class=\"wp-block-group has-background\" style=\"background-color:#ffffff\"><div class=\"wp-block-group__inner-container is-layout-flow wp-block-group-is-layout-flow\">\n<h2 class=\"wp-block-heading has-text-align-center\">Community phases<\/h2>\n\n\n\n<p class=\"has-text-align-center\">Phases 1, 2, 3 and 4<\/p>\n\n\n\n<details class=\"wp-block-mamaduka-toggles wp-block-toggles\"><summary>Responsible <\/summary><div class=\"wp-block-toggles__content\">\n<p>Dra. Beatriz Molinuevo <\/p>\n<\/div><\/details>\n\n\n\n<details class=\"wp-block-mamaduka-toggles wp-block-toggles\"><summary>E-mail<\/summary><div class=\"wp-block-toggles__content\">\n<p><strong>gr.abcd@uab.cat<\/strong><\/p>\n<\/div><\/details>\n\n\n\n<details class=\"wp-block-mamaduka-toggles wp-block-toggles\"><summary>WhatsApp<\/summary><div class=\"wp-block-toggles__content\">\n<p><strong>+<\/strong> <strong>34 650 035 001<\/strong><\/p>\n\n\n\n<p>Horario de atenci\u00f3n: de lunes a viernes, de 9 a 18 h.<\/p>\n\n\n\n<p>Seg\u00fan las&nbsp;condiciones legales de WhatsApp, el sistema puede acceder peri\u00f3dicamente a la lista de posibles contactos del tel\u00e9fono utilizado por la Biblioteca. Al utilizar este servicio de mensajer\u00eda instant\u00e1nea, se entiende que los usuarios aceptan las condiciones legales indicadas.<\/p>\n\n\n\n<p><\/p>\n<\/div><\/details>\n\n\n\n<details class=\"wp-block-mamaduka-toggles wp-block-toggles\"><summary>Address<\/summary><div class=\"wp-block-toggles__content\">\n<p><a href=\"https:\/\/inc.uab.cat\/ca\">Institut de Neuroci\u00e8ncies<\/a><br>Facultat de Medicina, Campus de Bellaterra,<br>s\/n 08193 Bellaterra (Cerdanyola del Vall\u00e8s)<\/p>\n<\/div><\/details>\n<\/div><\/div>\n<\/div>\n\n\n\n<div class=\"wp-block-column is-layout-flow wp-block-column-is-layout-flow\">\n<div class=\"wp-block-group has-background\" style=\"background-color:#ffffff\"><div class=\"wp-block-group__inner-container is-layout-flow wp-block-group-is-layout-flow\">\n<h2 class=\"wp-block-heading has-text-align-center\">Laboratories<\/h2>\n\n\n\n<p class=\"has-text-align-center\">Laboratories 2, 3 and 4<\/p>\n\n\n\n<details class=\"wp-block-mamaduka-toggles wp-block-toggles\"><summary>Responsible<\/summary><div class=\"wp-block-toggles__content\">\n<p>Dra. Roser Nadal<\/p>\n<\/div><\/details>\n\n\n\n<details class=\"wp-block-mamaduka-toggles wp-block-toggles\"><summary>E-mail<\/summary><div class=\"wp-block-toggles__content\">\n<p><strong>pr.emocions.conducta@uab.cat<\/strong><\/p>\n<\/div><\/details>\n\n\n\n<details class=\"wp-block-mamaduka-toggles wp-block-toggles\"><summary>WhatsApp<\/summary><div class=\"wp-block-toggles__content\">\n<p><strong>+34 696 517 413<\/strong><\/p>\n\n\n\n<p>Horario de atenci\u00f3n: de lunes a viernes, de 9 a 18 h.<\/p>\n\n\n\n<p>Seg\u00fan las&nbsp;condiciones legales de WhatsApp, el sistema puede acceder peri\u00f3dicamente a la lista de posibles contactos del tel\u00e9fono utilizado por la Biblioteca. Al utilizar este servicio de mensajer\u00eda instant\u00e1nea, se entiende que los usuarios aceptan las condiciones legales indicadas.<\/p>\n\n\n\n<p><\/p>\n<\/div><\/details>\n\n\n\n<details class=\"wp-block-mamaduka-toggles wp-block-toggles\"><summary>Address<\/summary><div class=\"wp-block-toggles__content\">\n<p><a href=\"https:\/\/inc.uab.cat\/ca\">Institut de Neuroci\u00e8ncies<\/a><br>Facultat de Medicina, Campus de Bellaterra,<br>s\/n 08193 Bellaterra (Cerdanyola del Vall\u00e8s)<\/p>\n<\/div><\/details>\n<\/div><\/div>\n<\/div>\n<\/div>\n\n\n\n<div class=\"wp-block-columns alignwide is-layout-flex wp-container-core-columns-is-layout-9d6595d7 wp-block-columns-is-layout-flex\">\n<div class=\"wp-block-column is-layout-flow wp-block-column-is-layout-flow\">\n<div class=\"wp-block-group has-background\" style=\"background-color:#ffffff\"><div class=\"wp-block-group__inner-container is-layout-flow wp-block-group-is-layout-flow\">\n<h2 class=\"wp-block-heading has-text-align-center\">Broadcast channel on WhatsApp<\/h2>\n\n\n\n<p class=\"has-text-align-center\">We have a dissemination channel on WhatsApp to keep in touch in an agile and direct way. Personal and confidential information will not be shared in this space.<\/p>\n\n\n\n<div class=\"wp-block-buttons is-content-justification-center is-layout-flex wp-container-core-buttons-is-layout-16018d1d wp-block-buttons-is-layout-flex\">\n<div class=\"wp-block-button is-style-outline is-style-outline--1\"><a class=\"wp-block-button__link wp-element-button\" href=\"https:\/\/www.whatsapp.com\/channel\/0029VbBAPQXJJhzOgQqLSu3o\">join<\/a><\/div>\n<\/div>\n\n\n\n<p>You can also join by reading with your mobile the following QR:<\/p>\n\n\n\n<figure class=\"wp-block-image size-full is-resized\"><img loading=\"lazy\" decoding=\"async\" width=\"262\" height=\"261\" src=\"https:\/\/webs.uab.cat\/estudiabcd\/wp-content\/uploads\/sites\/244\/2025\/11\/image.png\" alt=\"\" class=\"wp-image-2940\" style=\"width:117px;height:auto\" srcset=\"https:\/\/webs.uab.cat\/estudiabcd\/wp-content\/uploads\/sites\/244\/2025\/11\/image.png 262w, https:\/\/webs.uab.cat\/estudiabcd\/wp-content\/uploads\/sites\/244\/2025\/11\/image-150x150.png 150w\" sizes=\"auto, (max-width: 262px) 100vw, 262px\" \/><\/figure>\n<\/div><\/div>\n<\/div>\n\n\n\n<div class=\"wp-block-column is-layout-flow wp-block-column-is-layout-flow\">\n<div class=\"wp-block-group has-background\" style=\"background-color:#ffffff\"><div class=\"wp-block-group__inner-container is-layout-flow wp-block-group-is-layout-flow\">\n<h2 class=\"wp-block-heading has-text-align-center\">Newsletter<\/h2>\n\n\n\n<p class=\"has-text-align-center\">You will soon be able to access updated information about the study through our newsletter<\/p>\n\n\n\n<div class=\"wp-block-buttons is-content-justification-center is-layout-flex wp-container-core-buttons-is-layout-16018d1d wp-block-buttons-is-layout-flex\">\n<div class=\"wp-block-button is-style-outline is-style-outline--2\"><a class=\"wp-block-button__link wp-element-button\">join (soon)<\/a><\/div>\n<\/div>\n<\/div><\/div>\n<\/div>\n<\/div>\n","protected":false},"excerpt":{"rendered":"<p>Community phases Phases 1, 2, 3 and 4 Laboratories Laboratories 2, 3 and 4 Broadcast channel on WhatsApp We have a dissemination channel on WhatsApp to keep in touch in an agile and direct way. Personal and confidential information will not be shared in this space. You can also join by reading with your mobile [&hellip;]<\/p>\n","protected":false},"author":544,"featured_media":0,"parent":0,"menu_order":5,"comment_status":"closed","ping_status":"closed","template":"","meta":{"footnotes":""},"class_list":["post-296","page","type-page","status-publish","hentry"],"_links":{"self":[{"href":"https:\/\/webs.uab.cat\/estudiabcd\/wp-json\/wp\/v2\/pages\/296","targetHints":{"allow":["GET"]}}],"collection":[{"href":"https:\/\/webs.uab.cat\/estudiabcd\/wp-json\/wp\/v2\/pages"}],"about":[{"href":"https:\/\/webs.uab.cat\/estudiabcd\/wp-json\/wp\/v2\/types\/page"}],"author":[{"embeddable":true,"href":"https:\/\/webs.uab.cat\/estudiabcd\/wp-json\/wp\/v2\/users\/544"}],"replies":[{"embeddable":true,"href":"https:\/\/webs.uab.cat\/estudiabcd\/wp-json\/wp\/v2\/comments?post=296"}],"version-history":[{"count":9,"href":"https:\/\/webs.uab.cat\/estudiabcd\/wp-json\/wp\/v2\/pages\/296\/revisions"}],"predecessor-version":[{"id":3140,"href":"https:\/\/webs.uab.cat\/estudiabcd\/wp-json\/wp\/v2\/pages\/296\/revisions\/3140"}],"wp:attachment":[{"href":"https:\/\/webs.uab.cat\/estudiabcd\/wp-json\/wp\/v2\/media?parent=296"}],"curies":[{"name":"wp","href":"https:\/\/api.w.org\/{rel}","templated":true}]}}