{"id":3171,"date":"2026-01-16T15:57:37","date_gmt":"2026-01-16T13:57:37","guid":{"rendered":"https:\/\/webs.uab.cat\/estudiabcd\/?page_id=3171"},"modified":"2026-04-15T16:44:05","modified_gmt":"2026-04-15T14:44:05","slug":"funciones-ejecutivas-el-centro-de-control-del-cerebro","status":"publish","type":"page","link":"https:\/\/webs.uab.cat\/estudiabcd\/funciones-ejecutivas-el-centro-de-control-del-cerebro\/","title":{"rendered":"Funcions executives"},"content":{"rendered":"\n<h2 class=\"wp-block-heading has-text-align-left\">El centre de control del cervell<\/h2>\n\n\n\n<p>Les funcions executives s\u00f3n les habilitats mentals que ens permeten planificar, organitzar-nos, prendre decisions i adaptar-nos als canvis. Podr\u00edem dir que actuen com el \u201cdirector d\u2019orquestra\u201d del nostre cervell, ajudant-nos a coordinar pensaments, emocions i accions per aconseguir un objectiu. Per tant, tenen un paper clau en l\u2019aprenentatge, la conducta i la vida quotidiana.<\/p>\n\n\n\n<h2 class=\"wp-block-heading\">Per qu\u00e8 s\u00f3n importants en el desenvolupament?<\/h2>\n\n\n\n<p>Durant la inf\u00e0ncia i l\u2019adolesc\u00e8ncia, les funcions executives es desenvolupen i es reforcen progressivament. Un bon desenvolupament d\u2019aquestes habilitats afavoreix l\u2019autonomia, el rendiment acad\u00e8mic i les relacions socials, mentre que les dificultats poden comportar impulsivitat, desorganitzaci\u00f3 o problemes d\u2019atenci\u00f3 i gesti\u00f3 de la frustraci\u00f3.<\/p>\n\n\n\n<h2 class=\"wp-block-heading\">Com s&#8217;avaluen?<\/h2>\n\n\n\n<p>En l\u2019estudi ABCD, les funcions executives s\u2019avaluen mitjan\u00e7ant les proves CANTAB, un conjunt de proves informatitzades \u00e0mpliament utilitzades en recerca neuropsicol\u00f2gica.<\/p>\n\n\n\n<p>Les proves que s&#8217;administren s\u00f3n:<\/p>\n\n\n\n<ul class=\"wp-block-list\">\n<li><em><strong>Stockings of Cambridge<\/strong><\/em> (SOC): avalua la planificaci\u00f3 i la resoluci\u00f3 de problemes.<\/li>\n\n\n\n<li><em><strong>Spatial Working Memory<\/strong><\/em> (SWM): avalua la mem\u00f2ria de treball i la capacitat d\u2019utilitzar estrat\u00e8gies per recordar ubicacions.<\/li>\n\n\n\n<li><em><strong>Intra-Extra Dimensional Set Shift<\/strong><\/em> (IED): avalua la flexibilitat cognitiva, \u00e9s a dir, la capacitat d\u2019aprendre i canviar de norma o estrat\u00e8gia segons la situaci\u00f3.<\/li>\n\n\n\n<li><strong><em>Rapid Visual Information Processing<\/em> <\/strong>(RVP): avalua l\u2019atenci\u00f3 sostinguda, o la capacitat de mantenir-se atent durant per\u00edodes prolongats.<\/li>\n<\/ul>\n\n\n<div class=\"wp-block-image\">\n<figure class=\"aligncenter size-full is-resized\"><img loading=\"lazy\" decoding=\"async\" width=\"664\" height=\"439\" src=\"https:\/\/webs.uab.cat\/estudiabcd\/wp-content\/uploads\/sites\/244\/2026\/03\/executives-Web.png\" alt=\"\" class=\"wp-image-3369\" style=\"aspect-ratio:1.5126247798003523;width:386px;height:auto\" srcset=\"https:\/\/webs.uab.cat\/estudiabcd\/wp-content\/uploads\/sites\/244\/2026\/03\/executives-Web.png 664w, https:\/\/webs.uab.cat\/estudiabcd\/wp-content\/uploads\/sites\/244\/2026\/03\/executives-Web-300x198.png 300w\" sizes=\"auto, (max-width: 664px) 100vw, 664px\" \/><\/figure>\n<\/div>\n\n\n<h2 class=\"wp-block-heading\">Per qu\u00e8 \u00e9s important participar-hi?<\/h2>\n\n\n\n<p>Participar-hi no implica cap risc ni requereix coneixements previs. Els resultats ajudaran a comprendre millor com es desenvolupen les habilitats cognitives i de regulaci\u00f3 i a identificar fortaleses i \u00e0rees de millora en el pensament estrat\u00e8gic i l\u2019atenci\u00f3.<\/p>\n\n\n\n<p><\/p>\n","protected":false},"excerpt":{"rendered":"<p>El centre de control del cervell Les funcions executives s\u00f3n les habilitats mentals que ens permeten planificar, organitzar-nos, prendre decisions i adaptar-nos als canvis. Podr\u00edem dir que actuen com el \u201cdirector d\u2019orquestra\u201d del nostre cervell, ajudant-nos a coordinar pensaments, emocions i accions per aconseguir un objectiu. Per tant, tenen un paper clau en l\u2019aprenentatge, la [&hellip;]<\/p>\n","protected":false},"author":3109,"featured_media":0,"parent":0,"menu_order":0,"comment_status":"closed","ping_status":"closed","template":"","meta":{"footnotes":""},"class_list":["post-3171","page","type-page","status-publish","hentry"],"_links":{"self":[{"href":"https:\/\/webs.uab.cat\/estudiabcd\/wp-json\/wp\/v2\/pages\/3171","targetHints":{"allow":["GET"]}}],"collection":[{"href":"https:\/\/webs.uab.cat\/estudiabcd\/wp-json\/wp\/v2\/pages"}],"about":[{"href":"https:\/\/webs.uab.cat\/estudiabcd\/wp-json\/wp\/v2\/types\/page"}],"author":[{"embeddable":true,"href":"https:\/\/webs.uab.cat\/estudiabcd\/wp-json\/wp\/v2\/users\/3109"}],"replies":[{"embeddable":true,"href":"https:\/\/webs.uab.cat\/estudiabcd\/wp-json\/wp\/v2\/comments?post=3171"}],"version-history":[{"count":13,"href":"https:\/\/webs.uab.cat\/estudiabcd\/wp-json\/wp\/v2\/pages\/3171\/revisions"}],"predecessor-version":[{"id":3562,"href":"https:\/\/webs.uab.cat\/estudiabcd\/wp-json\/wp\/v2\/pages\/3171\/revisions\/3562"}],"wp:attachment":[{"href":"https:\/\/webs.uab.cat\/estudiabcd\/wp-json\/wp\/v2\/media?parent=3171"}],"curies":[{"name":"wp","href":"https:\/\/api.w.org\/{rel}","templated":true}]}}