{"id":3266,"date":"2026-01-29T18:21:21","date_gmt":"2026-01-29T16:21:21","guid":{"rendered":"https:\/\/webs.uab.cat\/estudiabcd\/?page_id=3266"},"modified":"2026-04-15T16:57:00","modified_gmt":"2026-04-15T14:57:00","slug":"biomarcadors","status":"publish","type":"page","link":"https:\/\/webs.uab.cat\/estudiabcd\/biomarcadors\/","title":{"rendered":"Respostes fisiol\u00f2giques"},"content":{"rendered":"\n<h2 class=\"wp-block-heading\">Com ho estudiem?<\/h2>\n\n\n\n<p>En els nostres estudis en ocasions recollim mostres biol\u00f2giques. Aquestes mostres ens permeten entendre com el cos reflecteix all\u00f2 que sentim, com respon davant de situacions que s\u00f3n reptes i com es construeixen els vincles emocionals.<\/p>\n\n\n\n<p>L\u2019objectiu \u00e9s identificar biomarcadors, que s\u00f3n indicadors biol\u00f2gics, que ens ajudin a comprendre la connexi\u00f3 entre el cervell, el cos i les emocions en el desenvolupament dels infants.<\/p>\n\n\n\n<h2 class=\"wp-block-heading\">Quines mostres recollim i per a qu\u00e8 serveixen?<\/h2>\n\n\n\n<p><strong>Saliva<\/strong>: A partir de la saliva mesurem diversos indicadors: <\/p>\n\n\n\n<ul class=\"wp-block-list\">\n<li>Cortisol, una hormona relacionada amb l&#8217;estr\u00e8s i el benestar.<\/li>\n\n\n\n<li>Alfa-amilasa, un enzim que reflecteix l&#8217;activaci\u00f3 del sistema nervi\u00f3s davant d&#8217;una situaci\u00f3 d&#8217;activaci\u00f3.<\/li>\n<\/ul>\n\n\n<div class=\"wp-block-image\">\n<figure class=\"aligncenter size-large is-resized\"><img loading=\"lazy\" decoding=\"async\" width=\"1024\" height=\"683\" src=\"https:\/\/webs.uab.cat\/estudiabcd\/wp-content\/uploads\/sites\/244\/2026\/03\/mostres-Web-1024x683.png\" alt=\"\" class=\"wp-image-3389\" style=\"aspect-ratio:1.499330655957162;width:358px;height:auto\" srcset=\"https:\/\/webs.uab.cat\/estudiabcd\/wp-content\/uploads\/sites\/244\/2026\/03\/mostres-Web-1024x683.png 1024w, https:\/\/webs.uab.cat\/estudiabcd\/wp-content\/uploads\/sites\/244\/2026\/03\/mostres-Web-300x200.png 300w, https:\/\/webs.uab.cat\/estudiabcd\/wp-content\/uploads\/sites\/244\/2026\/03\/mostres-Web-768x512.png 768w, https:\/\/webs.uab.cat\/estudiabcd\/wp-content\/uploads\/sites\/244\/2026\/03\/mostres-Web-1200x800.png 1200w, https:\/\/webs.uab.cat\/estudiabcd\/wp-content\/uploads\/sites\/244\/2026\/03\/mostres-Web.png 1536w\" sizes=\"auto, (max-width: 1024px) 100vw, 1024px\" \/><\/figure>\n<\/div>\n\n\n<p><strong>Cabell<\/strong>: Obtenim informaci\u00f3 sobre el cortisol que es va acumulant al llarg del temps. Ens ajuda a comprendre com cada infant gestiona l&#8217;estr\u00e8s de manera continuada.<\/p>\n\n\n\n<p><strong>Mucosa bucal<\/strong>: Es recullen, de manera indolora, c\u00e8l\u00b7lules de la mucosa bucal per analitzar la llargada dels tel\u00f2mers. &nbsp;Dins de cada c\u00e8l\u00b7lula hi ha la informaci\u00f3 que la c\u00e8l\u00b7lula necessita per funcionar. Als extrems d&#8217;aquesta informaci\u00f3 hi ha els tel\u00f2mers, que actuen com protectors. Cada vegada que la c\u00e8l\u00b7lula es divideix, aquests protectors s\u2019escurcen una mica. La seva longitud \u00e9s un indicador del benestar i la salut cel\u00b7lular, ja que tendeixen a escur\u00e7ar-se amb l\u2019estr\u00e8s cr\u00f2nic o el pas del temps.<\/p>\n\n\n\n<p>Aix\u00f2 ens dona pistes sobre com el benestar emocional i l&#8217;estr\u00e8s poden influir en el cos a nivell cel\u00b7lular.<\/p>\n\n\n\n<h2 class=\"wp-block-heading\">Per qu\u00e8 \u00e9s rellevant la recollida de mostres biol\u00f2giques?<\/h2>\n\n\n\n<p>Combinant les dades biol\u00f2giques amb la informaci\u00f3 emocional i conductual, podem entendre millor com es connecten el cos, el cervell i les emocions.<\/p>\n\n\n\n<p>Aix\u00f2 ens ajuda a avan\u00e7ar cap a una ci\u00e8ncia que promou el benestar i la salut emocional dels infants. Disposar de biomarcadors ens pot permetre fer una detecci\u00f3 primerenca de problemes futurs i pot ajudar a la promoci\u00f3 de la salut emocional.<\/p>\n\n\n\n<p><\/p>\n","protected":false},"excerpt":{"rendered":"<p>Com ho estudiem? En els nostres estudis en ocasions recollim mostres biol\u00f2giques. Aquestes mostres ens permeten entendre com el cos reflecteix all\u00f2 que sentim, com respon davant de situacions que s\u00f3n reptes i com es construeixen els vincles emocionals. L\u2019objectiu \u00e9s identificar biomarcadors, que s\u00f3n indicadors biol\u00f2gics, que ens ajudin a comprendre la connexi\u00f3 entre [&hellip;]<\/p>\n","protected":false},"author":3109,"featured_media":0,"parent":0,"menu_order":0,"comment_status":"closed","ping_status":"closed","template":"","meta":{"footnotes":""},"class_list":["post-3266","page","type-page","status-publish","hentry"],"_links":{"self":[{"href":"https:\/\/webs.uab.cat\/estudiabcd\/wp-json\/wp\/v2\/pages\/3266","targetHints":{"allow":["GET"]}}],"collection":[{"href":"https:\/\/webs.uab.cat\/estudiabcd\/wp-json\/wp\/v2\/pages"}],"about":[{"href":"https:\/\/webs.uab.cat\/estudiabcd\/wp-json\/wp\/v2\/types\/page"}],"author":[{"embeddable":true,"href":"https:\/\/webs.uab.cat\/estudiabcd\/wp-json\/wp\/v2\/users\/3109"}],"replies":[{"embeddable":true,"href":"https:\/\/webs.uab.cat\/estudiabcd\/wp-json\/wp\/v2\/comments?post=3266"}],"version-history":[{"count":8,"href":"https:\/\/webs.uab.cat\/estudiabcd\/wp-json\/wp\/v2\/pages\/3266\/revisions"}],"predecessor-version":[{"id":3569,"href":"https:\/\/webs.uab.cat\/estudiabcd\/wp-json\/wp\/v2\/pages\/3266\/revisions\/3569"}],"wp:attachment":[{"href":"https:\/\/webs.uab.cat\/estudiabcd\/wp-json\/wp\/v2\/media?parent=3266"}],"curies":[{"name":"wp","href":"https:\/\/api.w.org\/{rel}","templated":true}]}}