{"id":58,"date":"2022-07-19T16:00:28","date_gmt":"2022-07-19T14:00:28","guid":{"rendered":"https:\/\/blogs.uab.cat\/abcd\/?page_id=58"},"modified":"2026-03-19T17:02:17","modified_gmt":"2026-03-19T15:02:17","slug":"inicio","status":"publish","type":"page","link":"https:\/\/webs.uab.cat\/estudiabcd\/","title":{"rendered":"Inici"},"content":{"rendered":"\n<div class=\"wp-block-media-text alignfull is-stacked-on-mobile\"><figure class=\"wp-block-media-text__media\"><img loading=\"lazy\" decoding=\"async\" width=\"1024\" height=\"588\" src=\"https:\/\/webs.uab.cat\/estudiabcd\/wp-content\/uploads\/sites\/244\/2023\/03\/DSC00754_r-1024x588.jpg\" alt=\"\" class=\"wp-image-1050 size-full\" srcset=\"https:\/\/webs.uab.cat\/estudiabcd\/wp-content\/uploads\/sites\/244\/2023\/03\/DSC00754_r-1024x588.jpg 1024w, https:\/\/webs.uab.cat\/estudiabcd\/wp-content\/uploads\/sites\/244\/2023\/03\/DSC00754_r-300x172.jpg 300w, https:\/\/webs.uab.cat\/estudiabcd\/wp-content\/uploads\/sites\/244\/2023\/03\/DSC00754_r-768x441.jpg 768w, https:\/\/webs.uab.cat\/estudiabcd\/wp-content\/uploads\/sites\/244\/2023\/03\/DSC00754_r-1536x883.jpg 1536w, https:\/\/webs.uab.cat\/estudiabcd\/wp-content\/uploads\/sites\/244\/2023\/03\/DSC00754_r-2048x1177.jpg 2048w, https:\/\/webs.uab.cat\/estudiabcd\/wp-content\/uploads\/sites\/244\/2023\/03\/DSC00754_r-1200x690.jpg 1200w, https:\/\/webs.uab.cat\/estudiabcd\/wp-content\/uploads\/sites\/244\/2023\/03\/DSC00754_r-1980x1138.jpg 1980w\" sizes=\"auto, (max-width: 1024px) 100vw, 1024px\" \/><\/figure><div class=\"wp-block-media-text__content\">\n<h2 class=\"wp-block-heading\">Benvingudes i benvinguts a l&#8217;estudi ABCD!<\/h2>\n\n\n\n<p><\/p>\n\n\n\n<p><strong>ABCD <\/strong>\u00e9s un estudi multidisciplinari que permet con\u00e8ixer diferents perfils de&nbsp;<strong>desenvolupament<\/strong>&nbsp;de comportaments adaptatius i desadaptatius en&nbsp;<strong>nenes i nens<\/strong>, aix\u00ed com les diferents formes de manifestar-se, a l\u2019inici de l\u2019etapa escolar. La finalitat \u00faltima \u00e9s estudiar els&nbsp;<strong>factors de risc i de protecci\u00f3<\/strong>&nbsp;associats a dificultats primerenques socioemocionals i acad\u00e8miques, aix\u00ed com contribuir al&nbsp;<strong>benestar<\/strong>&nbsp;de les nenes i nens.<\/p>\n\n\n\n<p>L&#8217;estudi es duu a terme a Sabadell, <a href=\"https:\/\/web.sabadell.cat\/ciutats-amigues-de-la-infancia\">ciutat amiga de la inf\u00e0ncia<\/a> i est\u00e0 liderat pel grup de recerca <a href=\"http:\/\/webs.uab.cat\/labhuma\">Laboratori Hum\u00e0<\/a> de la <a href=\"http:\/\/www.uab.cat\">Universitat Aut\u00f2noma de Barcelona<\/a> en col\u00b7laboraci\u00f3 amb el <a href=\"http:\/\/www.tauli.cat\/salutmental\/\">Servei de Salut Mental Infantojuvenil de l&#8217;Hospital Universitari Parc Taul\u00ed<\/a>.<\/p>\n\n\n\n<figure class=\"wp-block-image size-full is-resized\"><img loading=\"lazy\" decoding=\"async\" width=\"162\" height=\"162\" src=\"https:\/\/webs.uab.cat\/estudiabcd\/wp-content\/uploads\/sites\/244\/2022\/12\/Logo_ABCD-removebg-preview.png\" alt=\"\" class=\"wp-image-873\" style=\"width:170px;height:auto\" srcset=\"https:\/\/webs.uab.cat\/estudiabcd\/wp-content\/uploads\/sites\/244\/2022\/12\/Logo_ABCD-removebg-preview.png 162w, https:\/\/webs.uab.cat\/estudiabcd\/wp-content\/uploads\/sites\/244\/2022\/12\/Logo_ABCD-removebg-preview-150x150.png 150w\" sizes=\"auto, (max-width: 162px) 100vw, 162px\" \/><\/figure>\n\n\n\n<div class=\"wp-block-buttons is-layout-flex wp-block-buttons-is-layout-flex\">\n<div class=\"wp-block-button\"><a class=\"wp-block-button__link wp-element-button\" href=\"https:\/\/webs.uab.cat\/estudiabcd\/inicio\/sobre-el-projecte\/\">Coneix m\u00e9s<\/a><\/div>\n\n\n\n<div class=\"wp-block-button\"><a class=\"wp-block-button__link wp-element-button\" href=\"https:\/\/webs.uab.cat\/estudiabcd\/inicio\/sobre-el-projecte\/objetius\/\">Objectius de l&#8217;estudi<\/a><\/div>\n<\/div>\n<\/div><\/div>\n\n\n\n<p><\/p>\n","protected":false},"excerpt":{"rendered":"","protected":false},"author":544,"featured_media":0,"parent":0,"menu_order":0,"comment_status":"closed","ping_status":"closed","template":"","meta":{"footnotes":""},"class_list":["post-58","page","type-page","status-publish","hentry"],"_links":{"self":[{"href":"https:\/\/webs.uab.cat\/estudiabcd\/wp-json\/wp\/v2\/pages\/58","targetHints":{"allow":["GET"]}}],"collection":[{"href":"https:\/\/webs.uab.cat\/estudiabcd\/wp-json\/wp\/v2\/pages"}],"about":[{"href":"https:\/\/webs.uab.cat\/estudiabcd\/wp-json\/wp\/v2\/types\/page"}],"author":[{"embeddable":true,"href":"https:\/\/webs.uab.cat\/estudiabcd\/wp-json\/wp\/v2\/users\/544"}],"replies":[{"embeddable":true,"href":"https:\/\/webs.uab.cat\/estudiabcd\/wp-json\/wp\/v2\/comments?post=58"}],"version-history":[{"count":30,"href":"https:\/\/webs.uab.cat\/estudiabcd\/wp-json\/wp\/v2\/pages\/58\/revisions"}],"predecessor-version":[{"id":3165,"href":"https:\/\/webs.uab.cat\/estudiabcd\/wp-json\/wp\/v2\/pages\/58\/revisions\/3165"}],"wp:attachment":[{"href":"https:\/\/webs.uab.cat\/estudiabcd\/wp-json\/wp\/v2\/media?parent=58"}],"curies":[{"name":"wp","href":"https:\/\/api.w.org\/{rel}","templated":true}]}}