{"id":676,"date":"2022-10-28T15:02:59","date_gmt":"2022-10-28T13:02:59","guid":{"rendered":"https:\/\/webs.uab.cat\/estudiabcd\/?page_id=676"},"modified":"2025-12-03T17:17:00","modified_gmt":"2025-12-03T15:17:00","slug":"etapes","status":"publish","type":"page","link":"https:\/\/webs.uab.cat\/estudiabcd\/inicio\/sobre-el-projecte\/etapes\/","title":{"rendered":"Etapes"},"content":{"rendered":"\n<p class=\"has-text-align-left\">L&#8217;<strong>estudi&nbsp;ABCD<\/strong> consta de dues parts complement\u00e0ries, les fases comunit\u00e0ries i els laboratoris.<\/p>\n\n\n\n<p>Les<strong> fases comunit\u00e0ries<\/strong> es realitzen durant l&#8217;\u00faltim trimestre del curs acad\u00e8mic corresponent i participen fam\u00edlies i tutors\/es a trav\u00e9s de les escoles. La primera fase comunit\u00e0ria es va realitzar durant el curs acad\u00e8mic 2022-2023.<\/p>\n\n\n\n<p>Els <strong>laboratoris <\/strong>es realitzen al llarg de tot el curs acad\u00e8mic corresponent i participen un nombre redu\u00eft de fam\u00edlies, els qui assisteixen a les instal\u00b7lacions del grup de recerca Laboratori Hum\u00e0 en la UAB. El primer laboratori es va realitzar durant el curs acad\u00e8mic 2023-2024. <\/p>\n\n\n\n<p class=\"has-text-align-left\">A continuaci\u00f3 trobareu tota la informaci\u00f3 relacionada amb cada curs acad\u00e8mic.<\/p>\n\n\n\n<details class=\"wp-block-mamaduka-toggles wp-block-toggles\"><summary>Curs acad\u00e8mic 2025-2026<\/summary><div class=\"wp-block-toggles__content\">\n<h2 class=\"wp-block-heading\">Laboratori 4<\/h2>\n\n\n\n<p>Aquesta etapa ja ha comen\u00e7at i estar\u00e0 en marxa durant tot el curs acad\u00e8mic <strong>2025-2026<\/strong> a la Universitat Aut\u00f2noma de Barcelona. Es dirigeix a un subgrup de nenes i nens que cursen quart de prim\u00e0ria i havien participat en la Fase 1. <\/p>\n\n\n\n<div class=\"wp-block-buttons is-layout-flex wp-block-buttons-is-layout-flex\">\n<div class=\"wp-block-button\"><a class=\"wp-block-button__link wp-element-button\" href=\"https:\/\/webs.uab.cat\/estudiabcd\/laboratori-4\/\">llegir m\u00e9s<\/a><\/div>\n<\/div>\n\n\n\n<h2 class=\"wp-block-heading\">Fase 4<\/h2>\n\n\n\n<p class=\"has-text-align-left\">Aquesta fase es dur\u00e0 a terme a l&#8217;\u00faltim trimestre del curs <strong>2025-2026<\/strong> per fer un seguiment de les nenes i nens que cursen quart de prim\u00e0ria.<\/p>\n\n\n\n<div class=\"wp-block-buttons is-layout-flex wp-block-buttons-is-layout-flex\">\n<div class=\"wp-block-button\"><a class=\"wp-block-button__link wp-element-button\" href=\"https:\/\/webs.uab.cat\/estudiabcd\/fase-4-families\/\">llegir m\u00e9s (pr\u00f2ximament)<\/a><\/div>\n<\/div>\n<\/div><\/details>\n\n\n\n<details class=\"wp-block-mamaduka-toggles wp-block-toggles\"><summary>Curs acad\u00e8mic 2024-2025<\/summary><div class=\"wp-block-toggles__content\">\n<h2 class=\"wp-block-heading\"><strong>Laboratori 3 <\/strong><\/h2>\n\n\n\n<p>Aquesta etapa es va dur a terme durant el curs <strong>2024-2025<\/strong> a la Universitat Aut\u00f2noma de Barcelona i es dirigia a un subgrup de nenes i nens participants a la Fase 1 i que cursaven tercer de prim\u00e0ria. Al voltant de 200 nenes i nens hi ha participat. <\/p>\n\n\n\n<div class=\"wp-block-buttons is-layout-flex wp-block-buttons-is-layout-flex\">\n<div class=\"wp-block-button\"><a class=\"wp-block-button__link wp-element-button\" href=\"https:\/\/webs.uab.cat\/estudiabcd\/laboratori-3a\/\">llegir m\u00e9s<\/a><\/div>\n<\/div>\n\n\n\n<h2 class=\"wp-block-heading\"><strong>Fase 3<\/strong><\/h2>\n\n\n\n<p>Aquesta fase es va dur a terme durant l&#8217;\u00faltim trimestre del curs <strong>2024-2025<\/strong> per fer un seguiment de les nenes i nens que cursaven tercer de prim\u00e0ria i havien participat en la Fase 1 i 2. A m\u00e8s, es va obrir la participaci\u00f3 a fam\u00edlies noves de tercer de prim\u00e0ria interessades a participar. Al voltant de 600 nenes i nens de 52 centres hi ha participat.<\/p>\n\n\n\n<div class=\"wp-block-buttons is-layout-flex wp-block-buttons-is-layout-flex\">\n<div class=\"wp-block-button\"><a class=\"wp-block-button__link wp-element-button\" href=\"https:\/\/webs.uab.cat\/estudiabcd\/2025\/02\/03\/fase-3-families\/\">llegir m\u00e9s<\/a><\/div>\n<\/div>\n<\/div><\/details>\n\n\n\n<details class=\"wp-block-mamaduka-toggles wp-block-toggles\"><summary>Curs acad\u00e8mic 2023-2024<\/summary><div class=\"wp-block-toggles__content\">\n<h2 class=\"wp-block-heading\"><strong>Laboratori<\/strong> 2<\/h2>\n\n\n\n<p>Aquesta etapa es va dur a terme durant el curs <strong>2023-2024<\/strong> a la Universitat Aut\u00f2noma de Barcelona i es dirigia a un subgrup de nenes i nens participants a la Fase 1 i que cursaven segon de prim\u00e0ria. Al voltant de 200 nenes i nens hi ha participat. <\/p>\n\n\n\n<div class=\"wp-block-buttons is-layout-flex wp-block-buttons-is-layout-flex\">\n<div class=\"wp-block-button\"><a class=\"wp-block-button__link wp-element-button\" href=\"https:\/\/webs.uab.cat\/estudiabcd\/informacio-families\/laboratori-1\/\">Llegir m\u00e8s<\/a><\/div>\n<\/div>\n\n\n\n<h2 class=\"wp-block-heading\"><strong>Fase 2<\/strong><\/h2>\n\n\n\n<p>Aquesta fase es va dur a terme durant l&#8217;\u00faltim trimestre del curs <strong>2023-2024<\/strong> per fer un seguiment de les nenes i nens que havien participat en la Fase 1 i que cursaven segon de prim\u00e0ria. Al voltant de 600 nenes i nens de 52 centres hi ha participat.<\/p>\n\n\n\n<div class=\"wp-block-buttons is-layout-flex wp-block-buttons-is-layout-flex\">\n<div class=\"wp-block-button\"><a class=\"wp-block-button__link wp-element-button\" href=\"https:\/\/webs.uab.cat\/estudiabcd\/fase-2\/\">llegir m\u00e9s<\/a><\/div>\n<\/div>\n<\/div><\/details>\n\n\n\n<details class=\"wp-block-mamaduka-toggles wp-block-toggles\"><summary>Curs acad\u00e8mic 2022-2023<\/summary><div class=\"wp-block-toggles__content\">\n<h2 class=\"wp-block-heading\"><strong>Fase 1<\/strong><\/h2>\n\n\n\n<p>Aquesta fase va comen\u00e7ar el curs escolar <strong>2022-2023 <\/strong>i es dirigia a tot l\u2019alumnat cursant primer de prim\u00e0ria en centres p\u00fablics i concertats de la ciutat de Sabadell. Al voltant de 800 nenes i nens de 52 centres hi ha participat.<\/p>\n\n\n\n<div class=\"wp-block-buttons is-layout-flex wp-block-buttons-is-layout-flex\">\n<div class=\"wp-block-button\"><a class=\"wp-block-button__link wp-element-button\" href=\"https:\/\/webs.uab.cat\/estudiabcd\/fase-1-families\/\">llegir m\u00e9s<\/a><\/div>\n<\/div>\n<\/div><\/details>\n\n\n\n<h5 class=\"wp-block-heading alignfull has-text-align-center\">Moltes gr\u00e0cies fam\u00edlies i escoles per la vostra confian\u00e7a i participaci\u00f3!<\/h5>\n\n\n\n<p><\/p>\n","protected":false},"excerpt":{"rendered":"<p>L&#8217;estudi&nbsp;ABCD consta de dues parts complement\u00e0ries, les fases comunit\u00e0ries i els laboratoris. Les fases comunit\u00e0ries es realitzen durant l&#8217;\u00faltim trimestre del curs acad\u00e8mic corresponent i participen fam\u00edlies i tutors\/es a trav\u00e9s de les escoles. La primera fase comunit\u00e0ria es va realitzar durant el curs acad\u00e8mic 2022-2023. Els laboratoris es realitzen al llarg de tot el [&hellip;]<\/p>\n","protected":false},"author":544,"featured_media":0,"parent":248,"menu_order":0,"comment_status":"closed","ping_status":"closed","template":"","meta":{"footnotes":""},"class_list":["post-676","page","type-page","status-publish","hentry"],"_links":{"self":[{"href":"https:\/\/webs.uab.cat\/estudiabcd\/wp-json\/wp\/v2\/pages\/676","targetHints":{"allow":["GET"]}}],"collection":[{"href":"https:\/\/webs.uab.cat\/estudiabcd\/wp-json\/wp\/v2\/pages"}],"about":[{"href":"https:\/\/webs.uab.cat\/estudiabcd\/wp-json\/wp\/v2\/types\/page"}],"author":[{"embeddable":true,"href":"https:\/\/webs.uab.cat\/estudiabcd\/wp-json\/wp\/v2\/users\/544"}],"replies":[{"embeddable":true,"href":"https:\/\/webs.uab.cat\/estudiabcd\/wp-json\/wp\/v2\/comments?post=676"}],"version-history":[{"count":30,"href":"https:\/\/webs.uab.cat\/estudiabcd\/wp-json\/wp\/v2\/pages\/676\/revisions"}],"predecessor-version":[{"id":3096,"href":"https:\/\/webs.uab.cat\/estudiabcd\/wp-json\/wp\/v2\/pages\/676\/revisions\/3096"}],"up":[{"embeddable":true,"href":"https:\/\/webs.uab.cat\/estudiabcd\/wp-json\/wp\/v2\/pages\/248"}],"wp:attachment":[{"href":"https:\/\/webs.uab.cat\/estudiabcd\/wp-json\/wp\/v2\/media?parent=676"}],"curies":[{"name":"wp","href":"https:\/\/api.w.org\/{rel}","templated":true}]}}