{"id":786,"date":"2022-10-28T15:02:59","date_gmt":"2022-10-28T13:02:59","guid":{"rendered":"https:\/\/webs.uab.cat\/estudiabcd\/?page_id=786"},"modified":"2026-04-28T15:28:06","modified_gmt":"2026-04-28T13:28:06","slug":"etapes","status":"publish","type":"page","link":"https:\/\/webs.uab.cat\/estudiabcd\/etapes\/?lang=es","title":{"rendered":"Etapas"},"content":{"rendered":"\n<p class=\"has-text-align-left\">El<strong> estudio&nbsp;ABCD<\/strong>&nbsp;consta de dos partes complementarias, las fases comunitarias y los laboratorios.<\/p>\n\n\n\n<p class=\"has-text-align-left\">Las <strong>fases comunitarias <\/strong>se realizan durante el \u00faltimo trimestre del curso acad\u00e9mico correspondiente y participan familias y tutores\/se a trav\u00e9s de las escuelas. La primera fase comunitaria se realiz\u00f3 durante el curso acad\u00e9mico 2022-2023.<\/p>\n\n\n\n<p class=\"has-text-align-left\">Los <strong>laboratorios<\/strong> se realizan a lo largo de todo el curso acad\u00e9mico correspondiente y participan un n\u00famero reducido de familias, quienes asisten a las instalaciones del grupo de investigaci\u00f3n Laboratorio Humano en la UAB. El primer laboratorio se realiz\u00f3 durante el curso acad\u00e9mico 2023-2024.<\/p>\n\n\n\n<details class=\"wp-block-mamaduka-toggles wp-block-toggles\"><summary>\u00bfQuer\u00e9is saber qu\u00e9 actividades realizamos en los laboratorios?<\/summary><div class=\"wp-block-toggles__content\">\n<ul class=\"wp-block-list\">\n<li><a href=\"https:\/\/webs.uab.cat\/estudiabcd\/adaptacion-al-miedo\/?lang=es\" data-type=\"page\" data-id=\"3237\">Aprendizaje asociativo<\/a> <\/li>\n\n\n\n<li><a href=\"https:\/\/webs.uab.cat\/estudiabcd\/funciones-ejecutivas\/?lang=es\" data-type=\"page\" data-id=\"3223\">Funciones ejecutivas<\/a><\/li>\n\n\n\n<li><a href=\"https:\/\/webs.uab.cat\/estudiabcd\/como-reconocemos-las-emociones-a-traves-de-la-mirada\/?lang=es\" data-type=\"page\" data-id=\"3213\">Reconocimiento de emociones<\/a><\/li>\n\n\n\n<li><a href=\"https:\/\/webs.uab.cat\/estudiabcd\/respiracion-y-ritmo-cardiaco\/?lang=es\" data-type=\"page\" data-id=\"3241\">Respiraci\u00f3n y ritmo card\u00edaco <\/a><\/li>\n\n\n\n<li><a href=\"https:\/\/webs.uab.cat\/estudiabcd\/respuestas-fisiologicas\/?lang=es\" data-type=\"page\" data-id=\"3543\">Respuestas fisiol\u00f3gicas<\/a><\/li>\n\n\n\n<li><a href=\"https:\/\/webs.uab.cat\/estudiabcd\/adaptacion-al-estres\/?lang=es\" data-type=\"page\" data-id=\"3239\">Adaptaci\u00f3n a situaciones nuevas<\/a><\/li>\n\n\n\n<li><a href=\"https:\/\/webs.uab.cat\/estudiabcd\/conducta-y-comportamiento\/?lang=es\" data-type=\"page\" data-id=\"3262\">Comportamiento humano <\/a><\/li>\n<\/ul>\n<\/div><\/details>\n\n\n\n<p class=\"has-text-align-left\"><strong>A continuaci\u00f3n encontrar\u00e9is toda la informaci\u00f3n relacionada con cada curso acad\u00e9mico.<\/strong><\/p>\n\n\n\n<details class=\"wp-block-mamaduka-toggles wp-block-toggles\"><summary>Curso acad\u00e9mico 2025-2026<\/summary><div class=\"wp-block-toggles__content\">\n<h2 class=\"wp-block-heading\">Laboratorio 4<\/h2>\n\n\n\n<p>Esta etapa ya ha empezado y estar\u00e1 en marcha durante todo el curso acad\u00e9mico <strong>2025-2026<\/strong> en la Universitat Aut\u00f2noma de Barcelona. Se dirige a un subgrupo de ni\u00f1as y ni\u00f1os que cursan cuarto de primaria y hab\u00edan participado en la Fase 1. <\/p>\n\n\n\n<div class=\"wp-block-buttons is-layout-flex wp-block-buttons-is-layout-flex\">\n<div class=\"wp-block-button\"><a class=\"wp-block-button__link wp-element-button\" href=\"https:\/\/webs.uab.cat\/estudiabcd\/laboratori-4\/?lang=es\">Leer m\u00e1s<\/a><\/div>\n<\/div>\n\n\n\n<h2 class=\"wp-block-heading\">Fase 4<\/h2>\n\n\n\n<p>Esta fase se llevar\u00e1 a cabo en el \u00faltimo trimestre del curso <strong>2025-2026<\/strong> para hacer un seguimiento de las ni\u00f1as y ni\u00f1os de cuarto de primaria que han participado en fases anteriores  Fase 1, 2 y 3 y, adem\u00e1s, se abrir\u00e1 la participaci\u00f3n a familias nuevas de cuarto de primaria interesadas en participar. <\/p>\n\n\n\n<div class=\"wp-block-buttons is-layout-flex wp-block-buttons-is-layout-flex\">\n<div class=\"wp-block-button\"><a class=\"wp-block-button__link wp-element-button\" href=\"https:\/\/webs.uab.cat\/estudiabcd\/fase-4-familias\/?lang=es\">leer m\u00e1s<\/a><\/div>\n<\/div>\n<\/div><\/details>\n\n\n\n<details class=\"wp-block-mamaduka-toggles wp-block-toggles\"><summary>Curso acad\u00e9mico 2024-2025<\/summary><div class=\"wp-block-toggles__content\">\n<h2 class=\"wp-block-heading\">Laboratorio 3<\/h2>\n\n\n\n<p>Esta etapa se llev\u00f3 a cabo durante el curso<strong> 2024-2025<\/strong> en la Universitat Aut\u00f2noma de Barcelona y se dirig\u00eda a un subgrupo de ni\u00f1as y ni\u00f1os participantes a la Fase 1 y que cursaban tercero de primaria. Alrededor de 200 ni\u00f1as y ni\u00f1os han participado. <\/p>\n\n\n\n<div class=\"wp-block-buttons is-layout-flex wp-block-buttons-is-layout-flex\">\n<div class=\"wp-block-button\"><a class=\"wp-block-button__link wp-element-button\" href=\"https:\/\/webs.uab.cat\/estudiabcd\/laboratorio-3a\/?lang=es\">leer m\u00e1s<\/a><\/div>\n<\/div>\n\n\n\n<h2 class=\"wp-block-heading\"><strong>Fase 3<\/strong><\/h2>\n\n\n\n<p>Esta fase se llev\u00f3 a cabo durante el \u00faltimo trimestre del curso<strong> 2024-2025 <\/strong>para hacer un seguimiento de las ni\u00f1as y ni\u00f1os que cursaban tercero de primaria y hab\u00edan participado en fases anteriores. Adem\u00e1s, se abri\u00f3 la participaci\u00f3n a nuevas familias de tercero de primaria interesadas en participar. Alrededor de 600 ni\u00f1as y ni\u00f1os de 52 centros han participado.<\/p>\n\n\n\n<div class=\"wp-block-buttons is-layout-flex wp-block-buttons-is-layout-flex\">\n<div class=\"wp-block-button\"><a class=\"wp-block-button__link wp-element-button\" href=\"https:\/\/webs.uab.cat\/estudiabcd\/2025\/02\/03\/fase-3-families\/?lang=es\">Leer m\u00e1s<\/a><\/div>\n<\/div>\n<\/div><\/details>\n\n\n\n<details class=\"wp-block-mamaduka-toggles wp-block-toggles\"><summary>Curso acad\u00e9mico 2023-2024<\/summary><div class=\"wp-block-toggles__content\">\n<h2 class=\"wp-block-heading\"><strong>Laboratorio <\/strong>2<\/h2>\n\n\n\n<p>Esta etapa se llev\u00f3 a cabo durante el curso<strong> 2023-2024<\/strong> en la Universitat Aut\u00f2noma de Barcelona y se dirig\u00eda a un subgrupo de ni\u00f1as y ni\u00f1os participantes a la Fase 1 y que cursaban segundo de primaria. Alrededor de 200 ni\u00f1as y ni\u00f1os han participado. <\/p>\n\n\n\n<div class=\"wp-block-buttons is-layout-flex wp-block-buttons-is-layout-flex\">\n<div class=\"wp-block-button\"><a class=\"wp-block-button__link wp-element-button\" href=\"https:\/\/webs.uab.cat\/estudiabcd\/informacion-para-familias\/laboratorio-1\/?lang=es\">leer m\u00e1s<\/a><\/div>\n<\/div>\n\n\n\n<h2 class=\"wp-block-heading\"><strong>Fase 2<\/strong><\/h2>\n\n\n\n<p>Esta fase se realiz\u00f3 durante el \u00faltimo trimestre del curso <strong>2023-2024<\/strong> para realizar un seguimiento de las ni\u00f1as y ni\u00f1os que hab\u00edan participado en la Fase 1 y que cursaban segundo de primaria.&nbsp;Alrededor de 600 ni\u00f1as y ni\u00f1os de 52 centros han participado.<\/p>\n\n\n\n<div class=\"wp-block-buttons is-layout-flex wp-block-buttons-is-layout-flex\">\n<div class=\"wp-block-button\"><a class=\"wp-block-button__link wp-element-button\" href=\"https:\/\/webs.uab.cat\/estudiabcd\/fase-2-familias\/?lang=es\">leer m\u00e1s<\/a><\/div>\n<\/div>\n<\/div><\/details>\n\n\n\n<details class=\"wp-block-mamaduka-toggles wp-block-toggles\"><summary>Curso acad\u00e9mico 2022-2023<\/summary><div class=\"wp-block-toggles__content\">\n<h2 class=\"wp-block-heading\"><strong>Fase 1<\/strong><\/h2>\n\n\n\n<p>Esta fase empez\u00f3 el curso escolar <strong>2022-2023<\/strong> y se dirig\u00eda a todo el alumnado cursando primero de primaria en centros p\u00fablicos y concertados de la ciudad de Sabadell. Alrededor de 800 ni\u00f1as y ni\u00f1os de 52 centros han participado.<\/p>\n\n\n\n<div class=\"wp-block-buttons is-layout-flex wp-block-buttons-is-layout-flex\">\n<div class=\"wp-block-button\"><a class=\"wp-block-button__link wp-element-button\" href=\"https:\/\/webs.uab.cat\/estudiabcd\/fase-1\/?lang=es\">leer m\u00e1s<\/a><\/div>\n<\/div>\n<\/div><\/details>\n\n\n\n<h5 class=\"wp-block-heading\">\u00a1Muchas gracias familias y escuelas por vuestra confianza y participaci\u00f3n!<\/h5>\n","protected":false},"excerpt":{"rendered":"<p>El estudio&nbsp;ABCD&nbsp;consta de dos partes complementarias, las fases comunitarias y los laboratorios. Las fases comunitarias se realizan durante el \u00faltimo trimestre del curso acad\u00e9mico correspondiente y participan familias y tutores\/se a trav\u00e9s de las escuelas. La primera fase comunitaria se realiz\u00f3 durante el curso acad\u00e9mico 2022-2023. Los laboratorios se realizan a lo largo de todo [&hellip;]<\/p>\n","protected":false},"author":3109,"featured_media":0,"parent":0,"menu_order":0,"comment_status":"closed","ping_status":"closed","template":"","meta":{"footnotes":""},"class_list":["post-786","page","type-page","status-publish","hentry"],"_links":{"self":[{"href":"https:\/\/webs.uab.cat\/estudiabcd\/wp-json\/wp\/v2\/pages\/786","targetHints":{"allow":["GET"]}}],"collection":[{"href":"https:\/\/webs.uab.cat\/estudiabcd\/wp-json\/wp\/v2\/pages"}],"about":[{"href":"https:\/\/webs.uab.cat\/estudiabcd\/wp-json\/wp\/v2\/types\/page"}],"author":[{"embeddable":true,"href":"https:\/\/webs.uab.cat\/estudiabcd\/wp-json\/wp\/v2\/users\/3109"}],"replies":[{"embeddable":true,"href":"https:\/\/webs.uab.cat\/estudiabcd\/wp-json\/wp\/v2\/comments?post=786"}],"version-history":[{"count":24,"href":"https:\/\/webs.uab.cat\/estudiabcd\/wp-json\/wp\/v2\/pages\/786\/revisions"}],"predecessor-version":[{"id":3585,"href":"https:\/\/webs.uab.cat\/estudiabcd\/wp-json\/wp\/v2\/pages\/786\/revisions\/3585"}],"wp:attachment":[{"href":"https:\/\/webs.uab.cat\/estudiabcd\/wp-json\/wp\/v2\/media?parent=786"}],"curies":[{"name":"wp","href":"https:\/\/api.w.org\/{rel}","templated":true}]}}