{"id":948,"date":"2023-02-19T22:11:09","date_gmt":"2023-02-19T20:11:09","guid":{"rendered":"https:\/\/webs.uab.cat\/estudiabcd\/?page_id=948"},"modified":"2023-10-24T11:16:15","modified_gmt":"2023-10-24T09:16:15","slug":"fase-1-families","status":"publish","type":"page","link":"https:\/\/webs.uab.cat\/estudiabcd\/fase-1-families\/","title":{"rendered":"Fase I &#8211; Fam\u00edlies"},"content":{"rendered":"\n<p>Benvingudes fam\u00edlies a l&#8217;estudi ABCD! Us deixem un v\u00eddeo donant-vos informaci\u00f3 sobre l&#8217;estudi: <a href=\"https:\/\/videosdigitals.uab.cat\/video\/41\/playVideo.html?serial=642&amp;file=17168.mp4\">cliqueu aqu\u00ed<\/a>!<\/p>\n\n\n\n<p><strong><span style=\"text-decoration: underline\">Documentaci\u00f3<\/span><\/strong><\/p>\n\n\n\n<ul class=\"wp-block-list\"><li>Full d\u2019informaci\u00f3<\/li><\/ul>\n\n\n\n<div data-wp-interactive=\"core\/file\" class=\"wp-block-file\"><object data-wp-bind--hidden=\"!state.hasPdfPreview\" hidden class=\"wp-block-file__embed\" data=\"https:\/\/webs.uab.cat\/estudiabcd\/wp-content\/uploads\/sites\/244\/2023\/03\/Tri\u0301ptic-informatiu.pdf\" type=\"application\/pdf\" style=\"width:100%;height:600px\" aria-label=\"Incrustaci\u00f3 del fitxer Incrustaci\u00f3 del fitxer Tri\u0301ptic-informatiu..\"><\/object><a id=\"wp-block-file--media-36509ebd-26e0-4c22-86e2-4d0a22a17cda\" href=\"https:\/\/webs.uab.cat\/estudiabcd\/wp-content\/uploads\/sites\/244\/2023\/03\/Tri\u0301ptic-informatiu.pdf\">Tri\u0301ptic-informatiu<\/a><a href=\"https:\/\/webs.uab.cat\/estudiabcd\/wp-content\/uploads\/sites\/244\/2023\/03\/Tri\u0301ptic-informatiu.pdf\" class=\"wp-block-file__button\" download aria-describedby=\"wp-block-file--media-36509ebd-26e0-4c22-86e2-4d0a22a17cda\">Baixa<\/a><\/div>\n\n\n\n<ul class=\"wp-block-list\"><li><strong>Document de protecci\u00f3 de dades personals<\/strong><\/li><\/ul>\n\n\n\n<div data-wp-interactive=\"core\/file\" class=\"wp-block-file\"><object data-wp-bind--hidden=\"!state.hasPdfPreview\" hidden class=\"wp-block-file__embed\" data=\"https:\/\/webs.uab.cat\/estudiabcd\/wp-content\/uploads\/sites\/244\/2023\/03\/Proteccio\u0301-de-dades.pdf\" type=\"application\/pdf\" style=\"width:100%;height:600px\" aria-label=\"Incrustaci\u00f3 del fitxer Incrustaci\u00f3 del fitxer Proteccio\u0301-de-dades..\"><\/object><a id=\"wp-block-file--media-54ac3b23-2cbf-4404-a0cd-2934f1c14c51\" href=\"https:\/\/webs.uab.cat\/estudiabcd\/wp-content\/uploads\/sites\/244\/2023\/03\/Proteccio\u0301-de-dades.pdf\">Proteccio\u0301-de-dades<\/a><a href=\"https:\/\/webs.uab.cat\/estudiabcd\/wp-content\/uploads\/sites\/244\/2023\/03\/Proteccio\u0301-de-dades.pdf\" class=\"wp-block-file__button\" download aria-describedby=\"wp-block-file--media-54ac3b23-2cbf-4404-a0cd-2934f1c14c51\">Baixa<\/a><\/div>\n\n\n\n<ul class=\"wp-block-list\"><li><strong>Infografia sobre el procediment<\/strong><\/li><\/ul>\n\n\n\n<div data-wp-interactive=\"core\/file\" class=\"wp-block-file\"><object data-wp-bind--hidden=\"!state.hasPdfPreview\" hidden class=\"wp-block-file__embed\" data=\"https:\/\/webs.uab.cat\/estudiabcd\/wp-content\/uploads\/sites\/244\/2023\/03\/Infografia.pdf\" type=\"application\/pdf\" style=\"width:100%;height:600px\" aria-label=\"Incrustaci\u00f3 del fitxer Incrustaci\u00f3 del fitxer Infografia..\"><\/object><a id=\"wp-block-file--media-aad0502c-dfde-46d7-ac5e-0ae43d8a27a2\" href=\"https:\/\/webs.uab.cat\/estudiabcd\/wp-content\/uploads\/sites\/244\/2023\/03\/Infografia.pdf\">Infografia<\/a><a href=\"https:\/\/webs.uab.cat\/estudiabcd\/wp-content\/uploads\/sites\/244\/2023\/03\/Infografia.pdf\" class=\"wp-block-file__button\" download aria-describedby=\"wp-block-file--media-aad0502c-dfde-46d7-ac5e-0ae43d8a27a2\">Baixa<\/a><\/div>\n\n\n\n<p><\/p>\n","protected":false},"excerpt":{"rendered":"<p>Benvingudes fam\u00edlies a l&#8217;estudi ABCD! Us deixem un v\u00eddeo donant-vos informaci\u00f3 sobre l&#8217;estudi: cliqueu aqu\u00ed! Documentaci\u00f3 Full d\u2019informaci\u00f3 Document de protecci\u00f3 de dades personals Infografia sobre el procediment<\/p>\n","protected":false},"author":1806,"featured_media":0,"parent":0,"menu_order":0,"comment_status":"closed","ping_status":"closed","template":"","meta":{"footnotes":""},"class_list":["post-948","page","type-page","status-publish","hentry"],"_links":{"self":[{"href":"https:\/\/webs.uab.cat\/estudiabcd\/wp-json\/wp\/v2\/pages\/948","targetHints":{"allow":["GET"]}}],"collection":[{"href":"https:\/\/webs.uab.cat\/estudiabcd\/wp-json\/wp\/v2\/pages"}],"about":[{"href":"https:\/\/webs.uab.cat\/estudiabcd\/wp-json\/wp\/v2\/types\/page"}],"author":[{"embeddable":true,"href":"https:\/\/webs.uab.cat\/estudiabcd\/wp-json\/wp\/v2\/users\/1806"}],"replies":[{"embeddable":true,"href":"https:\/\/webs.uab.cat\/estudiabcd\/wp-json\/wp\/v2\/comments?post=948"}],"version-history":[{"count":10,"href":"https:\/\/webs.uab.cat\/estudiabcd\/wp-json\/wp\/v2\/pages\/948\/revisions"}],"predecessor-version":[{"id":1149,"href":"https:\/\/webs.uab.cat\/estudiabcd\/wp-json\/wp\/v2\/pages\/948\/revisions\/1149"}],"wp:attachment":[{"href":"https:\/\/webs.uab.cat\/estudiabcd\/wp-json\/wp\/v2\/media?parent=948"}],"curies":[{"name":"wp","href":"https:\/\/api.w.org\/{rel}","templated":true}]}}