{"id":32,"date":"2023-12-20T10:48:44","date_gmt":"2023-12-20T08:48:44","guid":{"rendered":"https:\/\/webs.uab.cat\/eupol\/?page_id=32"},"modified":"2024-11-08T11:03:07","modified_gmt":"2024-11-08T09:03:07","slug":"eu-talks","status":"publish","type":"page","link":"https:\/\/webs.uab.cat\/eupol\/eu-talks\/","title":{"rendered":"EU Talks"},"content":{"rendered":"\n<p><strong><strong><strong>EU Talk on&nbsp;Geoeconomic security: European and Nordic Perspectives, 25 October 2024<\/strong><\/strong><\/strong><\/p>\n\n\n\n<p>EU Talk on \u201cGeoeconomic security: European and Nordic Perspectives\u201d by Prof. Ulf Sverdrup. October 25, 2024, 12:00, Faculty of Law, Sala de Juntas (UAB). &lt;<a href=\"https:\/\/webs.uab.cat\/eupol\/2024\/10\/28\/eu-talk-on-geoeconomic-security-european-and-nordic-perspectives-25-october-2024\/\">More information<\/a>&gt;<\/p>\n\n\n\n<p><strong><strong><strong>European Parliament Simulation, 29 April 2024<\/strong><\/strong><\/strong><\/p>\n\n\n\n<p>This is a project of innovation and improvement of teaching<br>quality, approved by the UAB in June 2023, which was carried out in<br>collaboration with the European Documentation Centre and supported by<br>the European Parliament Information Office in Barcelona. EUPOL members<br>Ana Mar Fern\u00e1ndez-Pasar\u00edn, Nuria Font and Andrea Lanaia participated<br>in this Event which took place on April 29th 2024 at the Faculty of<br>Political Science and Sociology of the UAB. &lt;<a href=\"https:\/\/webs.uab.cat\/eupol\/2024\/05\/02\/european-parliament-simulation-29-april-2024\/\">More information<\/a>&gt;<\/p>\n\n\n\n<p><strong><strong><strong>EU Talk on &#8220;Qualities of Democracy: from corruption to conspiracy theories<\/strong><\/strong>&#8220;, 14 March 2024<\/strong><\/p>\n\n\n\n<p>EU Talk on \u201cQualities of Democracy: from corruption to conspiracy theories\u201d by Ainius Lasas. March 14, 2024, 15:00 \u2013 17:30h, Faculty of Law, Sala de Juntas, UAB.<\/p>\n\n\n\n<p><strong><strong><strong>EU Talk on \u201cConstitutional Law in Indonesia and Spain\u201d, 5 March 2024<\/strong><\/strong><\/strong><\/p>\n\n\n\n<p>EU Talk on \u201cConstitutional Law in Indonesia and Spain. Lessons learned from the appointment of constitutional court justices in Indonesia and European countries\u201d by Iwan Satriawan. March 5, 2024, 12:45 &#8211; 14:00h, Faculty of Law, Sala de Grados, UAB.<\/p>\n\n\n\n<p><strong><strong>European Union Law on Renewable Energies, 15 February 2024<\/strong><\/strong><\/p>\n\n\n\n<p>February 15, 2024, 15:30 &#8211; 17:00h, ICTA building, Sala Espai Montseny, UAB.<\/p>\n\n\n\n<p><strong>CJEU Case Law in the LGTB Field, 26 January 2024<\/strong><\/p>\n\n\n\n<p>EU Talk on the \u201cCJEU Case Law in the LGTB Field\u201d by Cr\u00edstian Or\u00f3. January 26, 2024, 16:00 &#8211; 17:30h, Faculty of Law, Sala de juntas, UAB. &lt;<a href=\"https:\/\/webs.uab.cat\/eupol\/wp-content\/uploads\/sites\/536\/2024\/01\/26Enero2024G.jpg\" target=\"_blank\" rel=\"noreferrer noopener\">More information<\/a>&gt;<\/p>\n\n\n\n<p><strong>La Implementaci\u00f3n del Plan de Recuperaci\u00f3n y Resiliencia en Espa\u00f1a, 19 January 2024<\/strong><\/p>\n\n\n\n<p>EU Talk on the \u201cImplementation of the Spain\u2019s recovery and resilience plan\u201d by Joan Rodr\u00edguez Salleras. January 19, 2024, 12:00 h, Faculty of Law, Sala de grados, UAB. &lt;<a href=\"https:\/\/webs.uab.cat\/eupol\/wp-content\/uploads\/sites\/536\/2024\/01\/9.9.9.9.1-Flyer-EU-Talk-19-January-2024.png\" target=\"_blank\" rel=\"noreferrer noopener\">More information<\/a>&gt;<\/p>\n\n\n\n<p><strong>Israel-Hamas war. Implications for Lebanon: a legal and political overview, 1 December 2023<\/strong><\/p>\n\n\n\n<p>EU Talk on the \u201cIsrael-Hamas war\u201d by Antonios Abou Kasm. December 1, 2023, 16:00 &#8211; 17:30h, Faculty of Law, Sala de grados, UAB.<\/p>\n\n\n\n<p><strong>Hungr\u00eda y el Estado de Derecho, 24 November 2023<\/strong><\/p>\n\n\n\n<p>EU Talk on \u201cHungr\u00eda y el Estado de Derecho\u201d by Balazs Rottek. November 24, 2023, 16h, Faculty of Law, Sala de grados, UAB.<\/p>\n\n\n\n<p><strong>La presidencia espa\u00f1ola en el Consejo de la UE, 3 November 2023<\/strong><\/p>\n\n\n\n<p>EU Talk on \u201cLa presidencia espa\u00f1ola en el Consejo de la UE\u201d by Juan Antonio Mayoral. November 3, 2023, 16h, Faculty of Law, Sala de grados, UAB.<\/p>\n\n\n\n<p><strong>New trajectories in risk regulation in the wake of COVID-19, 13 June 2023<\/strong><\/p>\n\n\n\n<p>EU Talk on \u201cNew trajectories in risk regulation in the wake of COVID-19\u201d by Marco Rizzi. June 13, 2023, 12:00-13:30h, Faculty of Law, Sala de grados, UAB.<\/p>\n\n\n\n<p><strong>La jurisprudencia del TJUE sobre derechos LGTBI, 17 March 2023<\/strong><\/p>\n\n\n\n<p>EU Talk on \u201cLa jurisprudencia del TJUE sobre derechos LGTBI\u201d by Cristian Or\u00f3. March 17, 2023, 16:00-18:00h, Faculty of Law, Sala de juntas, UAB.<\/p>\n\n\n\n<p><strong>International Development Architecture and India\u2019s Role, 13 March 2023<\/strong><\/p>\n\n\n\n<p>EU Talk on \u201cInternational Development Architecture and India\u2019s Role\u201d by Gulshan Sachdeva. March 13, 2023, 16:00-18:00h, Faculty of Law, Sala de juntas, UAB.<\/p>\n\n\n\n<p><strong>The unique legal story of autonomous territories, Greenland and the Faroe Islands, in the Danish Kingdom and their relationship with the EU, 23 February 2023<\/strong><\/p>\n\n\n\n<p>EU Talk on \u201cThe unique legal story of autonomous territories, Greenland and the Faroe Islands, in the Danish Kingdom and their relationship with the EU\u201d by Ulla Neergaard. February 23, 2023, 10:00-11:30h, Faculty of Law, Sala de juntas, UAB.<\/p>\n\n\n\n<p><strong>Sharing sovereignty means sharing infrastructures: the development of <em>TransEuropean Networks (TEN) in the fields of energy, communication and transport in the European Union<\/em>. A closer focus on the Railway Mediterranean Corridor in Spain, 21 February 2023<\/strong><\/p>\n\n\n\n<p>EU Talk on \u201cthe development of TransEuropean Networks (TEN) in the fields of energy, communication and transport in the European Union\u201d by Matteo Berzi. February 21, 2023, 11:00-12:30h, Faculty of Political Science and Sociology, room 5, UAB.<\/p>\n\n\n\n<p><strong>Europeanisation of Public Policies in Spain: Opportunities and challenges, 10 February 2023<\/strong><\/p>\n\n\n\n<p>EU Talk on \u201cEuropeanisation of Public Policies in Spain: Opportunities and challenges\u201d by Javier Arregui. February 10, 2023, 12:00-13:30h, Faculty of Law, Sala de grados, UAB.<\/p>\n\n\n\n<p><strong>The War in Ukraine and the Future of Europe, 18 January 2023<\/strong><\/p>\n\n\n\n<p>EU Talk on \u201cThe War in Ukraine and the Future of Europe\u201d by Federico Fabbrini. January 18, 2023, 16:00-17:30h, Faculty of Law, Sala de juntas, UAB.<\/p>\n\n\n\n<p><strong>An\u00e1lisis del Reglamento (UE) 2022\/2065, de 19 de octubre, relativo al mercado \u00fanico de servicios digitales, 2 December 2022<\/strong><\/p>\n\n\n\n<p>EU Talk on \u201cAn\u00e1lisis del Reglamento (UE) 2022\/2065, de 19 de octubre, relativo al mercado \u00fanico de servicios digitales\u201d by Pedro de Miguel Asensio. December 2, 2022, 12:00-13:30h, Faculty of Law, Sala de grados, UAB.<\/p>\n\n\n\n<p><strong>Oposiciones EPSO para acceder a lugares de trabajo en la UE, 11 November 2022<\/strong><\/p>\n\n\n\n<p>EU Talk on \u201cOposiciones EPSO para acceder a lugares de trabajo en la UE\u201d by Ritha Hinek. November 11, 2022, 9:00 &#8211; 10:00h, Faculty of Law, Aula Magna, UAB.<\/p>\n\n\n\n<p><strong>\u00bfQu\u00e9 reformas deber\u00eda adoptar la Uni\u00f3n Europea para poder afrontar futuras crisis?, 2 November 2022<\/strong><\/p>\n\n\n\n<p>EU Talk on \u201c\u00bfQu\u00e9 reformas deber\u00eda adoptar la Uni\u00f3n Europea para poder afrontar futuras crisis?\u201d by Eva Poptcheva. November 2, 2022, 12:00-13:30h, Faculty of Law, Sala de grados, UAB.<\/p>\n\n\n\n<p><strong>The EU and the Energy Policy Trilemma: supranationalization in spite of the odds?, 21 October 2022<\/strong><\/p>\n\n\n\n<p>EU Talk on \u201cThe EU and the Energy Policy Trilemma: supranationalization in spite of the odds?\u201d by Andrea Lanaia and Ana Mar Fern\u00e1ndez-Pasar\u00edn. October 21, 2022, 11:30 -13h, Faculty of Law, Sala de juntas, UAB.<\/p>\n\n\n\n<p><strong>El Punto Europeo de Ciudadan\u00eda, 14 October 2022<\/strong><\/p>\n\n\n\n<p>EU Talk on \u201cEl Punto Europeo de Ciudadan\u00eda\u201d by Manuel Garc\u00eda. October 14, 2022, 11-12:30h, Faculty of Law, room 9B, UAB.<\/p>\n\n\n\n<p><strong>EU asylum and migration frameworks, systems and policy: multi-scalar responsibility and implementation, 5 April 2022<\/strong><\/p>\n\n\n\n<p>EU Talk on \u201cEU asylum and migration frameworks, systems and policy: multi-scalar responsibility and implementation\u201d by Colleen Boland. April 5, 2022, 11-13h, Faculty of Political Science and Sociology, room 3, UAB.<\/p>\n\n\n\n<p><strong>The implementation of the Next Generation EU Plan in Spain, 24 March 2022<\/strong><\/p>\n\n\n\n<p>EU Talk on \u201cThe implementation of the Next Generation EU Plan in Spain\u201d by Joan Rodr\u00edguez Salleras and Ana Mar Fern\u00e1ndez-Pasar\u00edn. March 24, 2022, 11-13h, Faculty of Political Science and Sociology, room 3, UAB.<\/p>\n\n\n\n<p><strong>Scenarios and consequences of the intervention in Ukraine in the international system and the European security: analysis and prospective, 2 March 2022<\/strong><\/p>\n\n\n\n<p>EU Talk on \u201cScenarios and consequences of the intervention in Ukraine in the international system and the European security: analysis and prospective\u201d by Rafel Grasa, Francesc Serra and Ana Mar Fern\u00e1ndez-Pasar\u00edn. March 2, 2022, 13h, Faculty of Political Science and Sociology, room 12, UAB.<\/p>\n\n\n\n<p><\/p>\n","protected":false},"excerpt":{"rendered":"<p>EU Talk on&nbsp;Geoeconomic security: European and Nordic Perspectives, 25 October 2024 EU Talk on \u201cGeoeconomic security: European and Nordic Perspectives\u201d by Prof. Ulf Sverdrup. October 25, 2024, 12:00, Faculty of Law, Sala de Juntas (UAB). &lt;More information&gt; European Parliament Simulation, 29 April 2024 This is a project of innovation and improvement of teachingquality, approved by [&hellip;]<\/p>\n","protected":false},"author":1385,"featured_media":0,"parent":0,"menu_order":0,"comment_status":"closed","ping_status":"closed","template":"","meta":{"footnotes":""},"class_list":["post-32","page","type-page","status-publish","hentry"],"_links":{"self":[{"href":"https:\/\/webs.uab.cat\/eupol\/wp-json\/wp\/v2\/pages\/32","targetHints":{"allow":["GET"]}}],"collection":[{"href":"https:\/\/webs.uab.cat\/eupol\/wp-json\/wp\/v2\/pages"}],"about":[{"href":"https:\/\/webs.uab.cat\/eupol\/wp-json\/wp\/v2\/types\/page"}],"author":[{"embeddable":true,"href":"https:\/\/webs.uab.cat\/eupol\/wp-json\/wp\/v2\/users\/1385"}],"replies":[{"embeddable":true,"href":"https:\/\/webs.uab.cat\/eupol\/wp-json\/wp\/v2\/comments?post=32"}],"version-history":[{"count":17,"href":"https:\/\/webs.uab.cat\/eupol\/wp-json\/wp\/v2\/pages\/32\/revisions"}],"predecessor-version":[{"id":294,"href":"https:\/\/webs.uab.cat\/eupol\/wp-json\/wp\/v2\/pages\/32\/revisions\/294"}],"wp:attachment":[{"href":"https:\/\/webs.uab.cat\/eupol\/wp-json\/wp\/v2\/media?parent=32"}],"curies":[{"name":"wp","href":"https:\/\/api.w.org\/{rel}","templated":true}]}}