{"id":35,"date":"2023-12-20T10:48:58","date_gmt":"2023-12-20T08:48:58","guid":{"rendered":"https:\/\/webs.uab.cat\/eupol\/?page_id=35"},"modified":"2024-11-08T11:07:07","modified_gmt":"2024-11-08T09:07:07","slug":"transfer-to-schools","status":"publish","type":"page","link":"https:\/\/webs.uab.cat\/eupol\/transfer-to-schools\/","title":{"rendered":"Transfer to schools"},"content":{"rendered":"\n<p><strong>Taller sobre la UE per a alumnes de l\u2019institut l\u2019Estatut (Rub\u00ed), 7 and 11 November 2024<\/strong><\/p>\n\n\n\n<p>Taller sobre la UE per a alumnes de l\u2019institut l\u2019Estatut (Rub\u00ed)\u00a0by Jorge Pi\u00f1era amd Cristina Blasi. November 7 and 11, 2024, 10:00-13:00,\u00a0Aula 9 (Faculty of Political Science and Sociology) and\u00a0European Documentation Center of the UAB.<\/p>\n\n\n\n<p><strong><strong>Interactive workshop on the EU (Institut Serra de Noet), 15 December 2023<\/strong><\/strong><\/p>\n\n\n\n<p>Interactive workshop on the EU (Institut Serra de Noet) by Francesco Camonita. December 15, 2023, 12:00-13:30 and 13:30-15:00, Institut Serra de Noet.<\/p>\n\n\n\n<p><strong>Taller d\u2019indtroducci\u00f3 a la UE (Escolga Guixot), 23 November 2023<\/strong><\/p>\n\n\n\n<p>Taller d\u2019indtroducci\u00f3 a la UE (Escolga Guixot) by Francesco Camonita and Concepci\u00f3 Mu\u00f1oz. November 23, 2023, 10:00-12:00h, B1\/-127 Aula 3 (FCCPPS) and European Documentation Center of the UAB.<\/p>\n\n\n\n<p><strong>Workshop on the EU for exchange students, 25 October 2023<\/strong><\/p>\n\n\n\n<p>Workshop on the EU for exchange students by Ana Mar Fern\u00e1ndez-Pasar\u00edn and Concepci\u00f3 Mu\u00f1oz. October 25, 2023, European Documentation Center of the UAB.<\/p>\n\n\n\n<p><strong>Workshop on the EU at Lyc\u00e9e Fran\u00e7ais de Barcelone, 8 May 2023<\/strong><\/p>\n\n\n\n<p>Workshop on the EU at Lyc\u00e9e Fran\u00e7ais de Barcelone by Francesco Camonita. May 8, 2023, 18:00-19:30h, Lyc\u00e9e Fran\u00e7ais de Barcelone (Bosch i Gimpera n\u00ba8).<\/p>\n\n\n\n<p><strong>Transfer to schools \u201cThe EU and mobility programs\u201d, 6 May 2022<\/strong><\/p>\n\n\n\n<p>Transfer to schools \u201cThe EU and mobility programs\u201d by Francesco Camonita. May 6, 2022, 11:30-12:30h, Online.<\/p>\n\n\n\n<p><strong>Transfer to schools \u201cWorkshop on the EU\u201d, 5 May 2022<\/strong><\/p>\n\n\n\n<p>Transfer to schools \u201cWorkshop on the EU\u201d by Francesco Camonita and Concepci\u00f3 Mu\u00f1oz. May 5, 2022, 11:30-13:00h, Biblioteca Central de Terrassa.<\/p>\n\n\n\n<p><strong>Transfer to schools \u201cErasmus+\u201d, 28 April 2022<\/strong><\/p>\n\n\n\n<p>Transfer to schools \u201cErasmus+\u201d by Francesco Camonita. April 28, 2022, 11:30-12:30h, Google Meet.<\/p>\n\n\n\n<p><\/p>\n","protected":false},"excerpt":{"rendered":"<p>Taller sobre la UE per a alumnes de l\u2019institut l\u2019Estatut (Rub\u00ed), 7 and 11 November 2024 Taller sobre la UE per a alumnes de l\u2019institut l\u2019Estatut (Rub\u00ed)\u00a0by Jorge Pi\u00f1era amd Cristina Blasi. November 7 and 11, 2024, 10:00-13:00,\u00a0Aula 9 (Faculty of Political Science and Sociology) and\u00a0European Documentation Center of the UAB. Interactive workshop on the [&hellip;]<\/p>\n","protected":false},"author":1385,"featured_media":0,"parent":0,"menu_order":0,"comment_status":"closed","ping_status":"closed","template":"","meta":{"footnotes":""},"class_list":["post-35","page","type-page","status-publish","hentry"],"_links":{"self":[{"href":"https:\/\/webs.uab.cat\/eupol\/wp-json\/wp\/v2\/pages\/35","targetHints":{"allow":["GET"]}}],"collection":[{"href":"https:\/\/webs.uab.cat\/eupol\/wp-json\/wp\/v2\/pages"}],"about":[{"href":"https:\/\/webs.uab.cat\/eupol\/wp-json\/wp\/v2\/types\/page"}],"author":[{"embeddable":true,"href":"https:\/\/webs.uab.cat\/eupol\/wp-json\/wp\/v2\/users\/1385"}],"replies":[{"embeddable":true,"href":"https:\/\/webs.uab.cat\/eupol\/wp-json\/wp\/v2\/comments?post=35"}],"version-history":[{"count":7,"href":"https:\/\/webs.uab.cat\/eupol\/wp-json\/wp\/v2\/pages\/35\/revisions"}],"predecessor-version":[{"id":297,"href":"https:\/\/webs.uab.cat\/eupol\/wp-json\/wp\/v2\/pages\/35\/revisions\/297"}],"wp:attachment":[{"href":"https:\/\/webs.uab.cat\/eupol\/wp-json\/wp\/v2\/media?parent=35"}],"curies":[{"name":"wp","href":"https:\/\/api.w.org\/{rel}","templated":true}]}}