{"id":38,"date":"2023-12-20T10:49:09","date_gmt":"2023-12-20T08:49:09","guid":{"rendered":"https:\/\/webs.uab.cat\/eupol\/?page_id=38"},"modified":"2024-05-06T12:52:52","modified_gmt":"2024-05-06T10:52:52","slug":"train-and-inspire","status":"publish","type":"page","link":"https:\/\/webs.uab.cat\/eupol\/train-and-inspire\/","title":{"rendered":"Train and Inspire"},"content":{"rendered":"\n<p><strong>The right to consular protection in the EU context, 6 October 2022<\/strong><\/p>\n\n\n\n<p>Training \u201cThe right to consular protection in the EU context\u201d by Ana Mar Fern\u00e1ndez-Pasar\u00edn. October 6, 2022, 14:00-15:00h, Online.<\/p>\n\n\n\n<p><a href=\"https:\/\/webs.uab.cat\/eupol\/2024\/05\/06\/european-week-at-cerdanyola-del-valles\/\"><strong>European Week at Cerdanyola del Vall\u00e8s<\/strong><\/a><\/p>\n\n\n\n<p>Date: May 9, 14, 16, 19 and 21, 2024. Place: Museu d\u2019Art de Cerdanyola, Casal de Joves de Cerdanyola and Pla\u00e7a Francesc Layret.<\/p>\n","protected":false},"excerpt":{"rendered":"<p>The right to consular protection in the EU context, 6 October 2022 Training \u201cThe right to consular protection in the EU context\u201d by Ana Mar Fern\u00e1ndez-Pasar\u00edn. October 6, 2022, 14:00-15:00h, Online. European Week at Cerdanyola del Vall\u00e8s Date: May 9, 14, 16, 19 and 21, 2024. Place: Museu d\u2019Art de Cerdanyola, Casal de Joves de [&hellip;]<\/p>\n","protected":false},"author":1385,"featured_media":0,"parent":0,"menu_order":0,"comment_status":"closed","ping_status":"closed","template":"","meta":{"footnotes":""},"class_list":["post-38","page","type-page","status-publish","hentry"],"_links":{"self":[{"href":"https:\/\/webs.uab.cat\/eupol\/wp-json\/wp\/v2\/pages\/38","targetHints":{"allow":["GET"]}}],"collection":[{"href":"https:\/\/webs.uab.cat\/eupol\/wp-json\/wp\/v2\/pages"}],"about":[{"href":"https:\/\/webs.uab.cat\/eupol\/wp-json\/wp\/v2\/types\/page"}],"author":[{"embeddable":true,"href":"https:\/\/webs.uab.cat\/eupol\/wp-json\/wp\/v2\/users\/1385"}],"replies":[{"embeddable":true,"href":"https:\/\/webs.uab.cat\/eupol\/wp-json\/wp\/v2\/comments?post=38"}],"version-history":[{"count":4,"href":"https:\/\/webs.uab.cat\/eupol\/wp-json\/wp\/v2\/pages\/38\/revisions"}],"predecessor-version":[{"id":237,"href":"https:\/\/webs.uab.cat\/eupol\/wp-json\/wp\/v2\/pages\/38\/revisions\/237"}],"wp:attachment":[{"href":"https:\/\/webs.uab.cat\/eupol\/wp-json\/wp\/v2\/media?parent=38"}],"curies":[{"name":"wp","href":"https:\/\/api.w.org\/{rel}","templated":true}]}}