{"id":44,"date":"2023-12-20T10:49:55","date_gmt":"2023-12-20T08:49:55","guid":{"rendered":"https:\/\/webs.uab.cat\/eupol\/?page_id=44"},"modified":"2024-11-08T12:09:15","modified_gmt":"2024-11-08T10:09:15","slug":"conferences-and-lectures","status":"publish","type":"page","link":"https:\/\/webs.uab.cat\/eupol\/conferences-and-lectures\/","title":{"rendered":"Conferences and Lectures"},"content":{"rendered":"\n<p><strong><br>35 Years of Jean Monnet Actions&#8221; Anniversary Conference, 9-10 October 2024<\/strong><\/p>\n\n\n\n<p>Conference on the\u00a0&#8220;35 Years of Jean Monnet Actions&#8221; that took place atThe Square, Brussels, Belgium. It\u00a0welcomed over 180 onsite and 160 online participants from over 45 countries to reflect on European integration, the opportunities and challenges facing the EU, and how the Jean Monnet Actions could contribute by strengthening the European dimension in teaching and promoting excellence in research on European Union studies.<\/p>\n\n\n\n<p><strong><br>6th Research Conference on EU Studies, Universitat Pompeu Fabra, Barcelona Center for European Studies, 10 September 2024<\/strong><\/p>\n\n\n\n<p>Font, N.: &#8216;Standards of Transparency in the European Parliament&#8217;<\/p>\n\n\n\n<p><strong>30th International Conference of Europeanists, Lyon, 3 \u2013 5 July 2024<\/strong><\/p>\n\n\n\n<p>Ares, C. and Font, N.: \u2018Comparing Standards of Transparency in the European Parliament as an \u2018Actor\u2019 and as a \u2018Forum\u2019<\/p>\n\n\n\n<p><strong>12th Biennial Conference of the ECPR Standing Group on the European Union, Lisboa, 19 \u2013 21 June 2024<\/strong><\/p>\n\n\n\n<p>Ares, C. and Font, N.: \u2018Assessing Consistency vis-\u00e0-vis Transparency Supply and Demand in the European Parliament\u2019<\/p>\n\n\n\n<p><strong>Conference on \u201cNegotiated and Negotiable. Contractual Governance and the Flexibility&nbsp;of&nbsp;the&nbsp;RRF\u201d, 21 June 2024<\/strong><\/p>\n\n\n\n<p>Conference on \u201cNegotiated and Negotiable. Contractual Governance and the Flexibility&nbsp;of&nbsp;the&nbsp;RRF\u201d, by Ana Mar Fern\u00e1ndez Pasar\u00edn and Joan Mir\u00f3. June 21, 2024,&nbsp;ECPR SGEU Conference (Panel 126), Lisbon.<\/p>\n\n\n\n<p><strong><strong>Conference on \u201cThe Political Future of Russia: Regime Transformation and Change\u201d, 26 February 2024<\/strong><\/strong><\/p>\n\n\n\n<p>\u201cThe Political Future of Russia: Regime Transformation and Change\u201d, by Ekaterina Shulman and Maksim Kurnikov. February 26, 15:00h, 2024, Faculty of Law, Aula Magna, UAB.<\/p>\n\n\n\n<p>&lt;<a href=\"https:\/\/webs.uab.cat\/eupol\/2024\/02\/21\/conference-on-the-political-future-of-russia-regime-transformation-and-change-26-february-2024\/\">More information<\/a>&gt;<\/p>\n\n\n\n<p><strong>Solidarity in Health at the European level. Towards a research network on the European Health Union (RN4EUHEALTH), 27 October 2023<\/strong><\/p>\n\n\n\n<p>\u201cSolidarity in Health at the European level. Towards a research network on the European Health Union\u201d, by Ana Mar Fern\u00e1ndez-Pasar\u00edn, Nuria Font, Andrea Noferini and Ixchel P\u00e9rez. October 27, 9:45-13:00h, 2023, IGOP, Campus UAB, building Modul de Recerca A, 1st floor.<\/p>\n\n\n\n<p><strong>Les principes de gouvernement de l\u2019Union europ\u00e9enne, 20 October 2023<\/strong><\/p>\n\n\n\n<p>Conference on \u201cLes principes de gouvernement de l\u2019Union europ\u00e9enne\u201d by Ana Mar Fern\u00e1ndez-Pasar\u00edn and Michel Mangenot. October 20, 9:45-17:30h, CNRS, Site Pouchet &#8211; 59\/61 rue Pouchet 75 017 (Paris).<\/p>\n\n\n\n<p><strong>Contractual Leadership. The Role of the Commission in the Consensual Implementation of the Recovery and Resilience Facility, 16 September 2023<\/strong><\/p>\n\n\n\n<p>SISP Conference 2023: \u201cContractual Leadership. The Role of the Commission in the Consensual Implementation of the Recovery and Resilience Facility\u201d by Ana Mar Fern\u00e1ndez-Pasar\u00edn and Andrea Lanaia. September 16, 2023, 9:00-10:45h, Albergo dei Poveri (Piazzale Emanuele Brignole), Genoa (Italy).<\/p>\n\n\n\n<p><strong>8<sup>th<\/sup> Collaborative European Research Conference, 9 June 2023<\/strong><\/p>\n\n\n\n<p>8<sup>th<\/sup> Collaborative European Research Conference. Ana Mar Fern\u00e1ndez-Pasar\u00edn (Local Chair), June 9, 2023, Faculty of Law, Sala de grados, UAB.<\/p>\n\n\n\n<p><strong>The role of the presidency of the European Union Council 15 years after the Lisbon Treaty, 1 June 2023<\/strong><\/p>\n\n\n\n<p>Conference on \u201cThe role of the presidency of the European Union Council 15 years after the Lisbon Treaty\u201d by Ana Mar Fern\u00e1ndez-Pasar\u00edn, Johannes Greubel, Andr\u00e9 Gillissen and Jakob Lewander. June 1, 2023, 17:00-18:15h, Elcano Royal Institute, (Calle del Pr\u00edncipe de Vergara, 51).<\/p>\n\n\n\n<p><strong>La jurisprudencia del TJUE en materia de discriminaci\u00f3n, 5 May 2023<\/strong><\/p>\n\n\n\n<p>Conference on \u201cLa jurisprudencia del TJUE en materia de discriminaci\u00f3n\u201d by Mar\u00eda Lourdes Arastey Sah\u00fan. May 5, 2023, 12:00-14:00h, Faculty of Law, Aula Magna, UAB.<\/p>\n\n\n\n<p><strong>Espa\u00f1a 2023: Presidir el Consejo de la UE en tiempos de crisis, 23 February 2023<\/strong><\/p>\n\n\n\n<p>Conference on \u201cEspa\u00f1a 2023: Presidir el Consejo de la UE en tiempos de crisis\u201d by Emilio Lamo de Espinosa, Javier Zarzalejos and Joaqu\u00edn Almunia. February 23, 2023, 19:00-20:30h, Sede de las Instituciones Europeas en Barcelona, Paseo de Gracia 90, Barcelona.<\/p>\n\n\n\n<p><strong>Delegation and Consensual Decision-Making in Times of Crisis. Exploring the Role of the Commission in the Implementation of the Recovery and Resilience Facility, 20 January 2023<\/strong><\/p>\n\n\n\n<p>Conference on \u201cDelegation and Consensual Decision-Making in Times of Crisis\u201d by Ana Mar Fern\u00e1ndez-Pasar\u00edn and Andrea Lanaia. January 20, 2023, 13:00-14:30h, Amsterdam Centre for European Studies (ACES), Spui25-27, 1012 WX Amsterdam, Room TBA.<\/p>\n\n\n\n<p><strong>L&#8217;aire de l&#8217;extrema dreta refreda la democr\u00e0cia a Europa?, 10 October 2022<\/strong><\/p>\n\n\n\n<p>Conference on \u201cL&#8217;aire de l&#8217;extrema dreta refreda la democr\u00e0cia a Europa?\u201d by Steven Forti and Ana Mar Fern\u00e1ndez-Pasar\u00edn. October 10, 2022, 18:30h, ICPS headquarters (Institut de Ci\u00e8ncies Pol\u00edtiques i Socials).<\/p>\n\n\n\n<p><strong>Un solo bienestar (One Welfare), 12 July 2022<\/strong><\/p>\n\n\n\n<p>Conference on \u201cUn solo bienestar (One Welfare)\u201d by Rebeca Garc\u00eda Pinillos. July 12, 2022, 10:00h, Faculty of Veterinary Medicine, UAB.<\/p>\n\n\n\n<p><strong>Conference on the consequences of the Russian invasion of Ukraine, 29 March 2022<\/strong><\/p>\n\n\n\n<p>Conference on \u201cthe consequences of the Russian invasion of Ukraine\u201d by Jordi Bacaria, Ana Mar Fern\u00e1ndez-Pasar\u00edn, Cl\u00e0udia Jim\u00e9nez Cort\u00e9s and Francesc Serra Massansalvador. March 29, 2022, 12-14h, Aula Magna, Faculty of Law, UAB.<\/p>\n\n\n\n<p><strong>From supply-side spending towards an embryonal common fiscal policy? Analysis of the EU Budget, 10 March 2022<\/strong><\/p>\n\n\n\n<p>Lecture on \u201cFrom supply-side spending towards an embryonal common fiscal policy? Analysis of the EU Budget\u201d by Andrea Lanaia. March 10, 2022, 11-13h, Faculty of Political Science and Sociology, room 3, UAB.<\/p>\n\n\n\n<p><strong>The Differential Impact of EU on its Member States: Analyzing Europeanization, 8 March 2022<\/strong><\/p>\n\n\n\n<p>Lecture on \u201cThe Differential Impact of EU on its Member States: Analyzing Europeanization\u201d by Andrea Lanaia. March 8, 2022, 11-13h, Faculty of Political Science and Sociology, room 3, UAB.<\/p>\n\n\n\n<p><\/p>\n","protected":false},"excerpt":{"rendered":"<p>35 Years of Jean Monnet Actions&#8221; Anniversary Conference, 9-10 October 2024 Conference on the\u00a0&#8220;35 Years of Jean Monnet Actions&#8221; that took place atThe Square, Brussels, Belgium. It\u00a0welcomed over 180 onsite and 160 online participants from over 45 countries to reflect on European integration, the opportunities and challenges facing the EU, and how the Jean Monnet [&hellip;]<\/p>\n","protected":false},"author":1385,"featured_media":0,"parent":0,"menu_order":0,"comment_status":"closed","ping_status":"closed","template":"","meta":{"footnotes":""},"class_list":["post-44","page","type-page","status-publish","hentry"],"_links":{"self":[{"href":"https:\/\/webs.uab.cat\/eupol\/wp-json\/wp\/v2\/pages\/44","targetHints":{"allow":["GET"]}}],"collection":[{"href":"https:\/\/webs.uab.cat\/eupol\/wp-json\/wp\/v2\/pages"}],"about":[{"href":"https:\/\/webs.uab.cat\/eupol\/wp-json\/wp\/v2\/types\/page"}],"author":[{"embeddable":true,"href":"https:\/\/webs.uab.cat\/eupol\/wp-json\/wp\/v2\/users\/1385"}],"replies":[{"embeddable":true,"href":"https:\/\/webs.uab.cat\/eupol\/wp-json\/wp\/v2\/comments?post=44"}],"version-history":[{"count":18,"href":"https:\/\/webs.uab.cat\/eupol\/wp-json\/wp\/v2\/pages\/44\/revisions"}],"predecessor-version":[{"id":303,"href":"https:\/\/webs.uab.cat\/eupol\/wp-json\/wp\/v2\/pages\/44\/revisions\/303"}],"wp:attachment":[{"href":"https:\/\/webs.uab.cat\/eupol\/wp-json\/wp\/v2\/media?parent=44"}],"curies":[{"name":"wp","href":"https:\/\/api.w.org\/{rel}","templated":true}]}}