{"id":50,"date":"2023-12-20T10:50:27","date_gmt":"2023-12-20T08:50:27","guid":{"rendered":"https:\/\/webs.uab.cat\/eupol\/?page_id=50"},"modified":"2024-11-19T11:42:58","modified_gmt":"2024-11-19T09:42:58","slug":"publications","status":"publish","type":"page","link":"https:\/\/webs.uab.cat\/eupol\/publications\/","title":{"rendered":"Publications"},"content":{"rendered":"\n<h4 class=\"wp-block-heading\"><strong>202<\/strong>4<\/h4>\n\n\n\n<p><strong><a href=\"https:\/\/doi.org\/10.1002\/epa2.1230\">The Governance of the Recovery and Resilience<br>Facility. The Incremental Innovation of Standard Conditionality Regime<\/a><\/strong><a href=\"https:\/\/www.e-elgar.com\/shop\/gbp\/social-reformism-2-0-9781035311439.html\" target=\"_blank\" rel=\"noreferrer noopener\"><strong><br><\/strong><\/a>Fern\u00e1ndez-Pasar\u00edn, A.M and Lanaia, A. <em>\u00a0European Policy Analysis<\/em>. <\/p>\n\n\n\n<p><strong><a href=\"http:\/\/doi.org\/10.1111\/2047-8852.12439\" target=\"_blank\" rel=\"noreferrer noopener\">Spain: Political Developments and Data in 2023. European Semester, Snap Elections and the Reformulation of the Left-Wing Coalition<\/a><\/strong><a href=\"https:\/\/www.e-elgar.com\/shop\/gbp\/social-reformism-2-0-9781035311439.html\" target=\"_blank\" rel=\"noreferrer noopener\"><strong><br><\/strong><\/a>Fern\u00e1ndez-Pasar\u00edn, A.M. and Bohigues, A.&nbsp;<em>European Journal of Political Research Political Data Yearbook<\/em>.<\/p>\n\n\n\n<p><a href=\"https:\/\/www.e-elgar.com\/shop\/gbp\/social-reformism-2-0-9781035311439.html\" target=\"_blank\" rel=\"noreferrer noopener\"><strong>Social Reformism 2.0: Work, Welfare and Progressive Politics in the 21st Century<br><\/strong><\/a>Ferrera, M., Mir\u00f3, J. and Ronchi, S. (Cheltenham: Edward Elgar).<\/p>\n\n\n\n<h4 class=\"wp-block-heading\"><strong>2023<\/strong><\/h4>\n\n\n\n<p><strong><a rel=\"noreferrer noopener\" href=\"https:\/\/doi.org\/10.1177\/13540688231224059\" target=\"_blank\">Party position, electoral incentives, and attention to European Union issues in the 2019 European Parliament election<\/a><\/strong><br>Font, N.<em> Party Politics<\/em>.<\/p>\n\n\n\n<p><a rel=\"noreferrer noopener\" href=\"http:\/\/doi.org\/10.1111\/2047-8852.12400\" target=\"_blank\"><strong>Spain: Political Developments and Data in 2022. Implementing the Next Generation EU Plan in the Shadow of Political Turmoil<br><\/strong><\/a>Fern\u00e1ndez-Pasar\u00edn, A., Delgado, I. and Bohigues, A.&nbsp;<em>European Journal of Political Research Political Data Yearbook<\/em>.<\/p>\n\n\n\n<p><a href=\"https:\/\/doi.org\/10.1111\/jcms.13371\" target=\"_blank\" rel=\"noreferrer noopener\"><strong>Legislative Transparency in the European Parliament: Disclosing Legislators Meetings with Interest Groups<\/strong><\/a><br>Font, N. and P\u00e9rez-Dur\u00e1n, I.&nbsp;<em>Journal of Common Market Studies<\/em>,&nbsp;<em>61<\/em>(2): 379-396.<\/p>\n\n\n\n<p><a rel=\"noreferrer noopener\" href=\"https:\/\/doi.org\/10.1111\/spol.12979\" target=\"_blank\"><strong>Buffering national welfare states in hard times: The politics of EU capacity-building in the social policy domain<\/strong><\/a><br>Mir\u00f3, J., Kyriazi, A., Natili, M. and Ronchi, S.&nbsp;<em>Social Policy &amp; Administration<\/em>.<\/p>\n\n\n\n<p><a rel=\"noreferrer noopener\" href=\"https:\/\/doi.org\/10.1111\/jcms.13558\" target=\"_blank\"><strong>Money Makes the World Go Round: How much difference do Recovery and Resilience Plans make to member states\u2019 fiscal and social policy?<\/strong><\/a><br>Mir\u00f3, J., Natili, M. and Schelkle, W.&nbsp;<em>Journal of Common Market Studies<\/em>.<\/p>\n\n\n\n<p><a href=\"https:\/\/doi.org\/10.1080\/01402382.2023.2264717\" target=\"_blank\" rel=\"noreferrer noopener\"><strong>Quite unity: salience, politicisation and togetherness in the EU\u2019s Brexit negotiating position<\/strong><\/a><br>Kyriazi, A., Altiparmakis, A., Ganderson, J. and Mir\u00f3, J.&nbsp;<em>West European Politics<\/em>.<\/p>\n\n\n\n<p><a rel=\"noreferrer noopener\" href=\"https:\/\/doi.org\/10.1080\/13600826.2022.2110042\" target=\"_blank\"><strong>Responding to the global disorder: the EU\u2019s quest for open strategic autonomy<\/strong><\/a><br>Mir\u00f3, J.<em>&nbsp;Global Society<\/em>,&nbsp;<em>37<\/em>(3): 315-335.<\/p>\n\n\n\n<p><a href=\"https:\/\/doi.org\/10.4337\/9781803926155.00011\" target=\"_blank\" rel=\"noreferrer noopener\"><strong>Just Transition in practice: lessons from the EU\u2019s pathway to a socially fair green transition<\/strong><\/a><br>Mir\u00f3, J. in Craig, P. (Ed.).&nbsp;<em>Social Justice in a Turbulent Era<\/em>&nbsp;(Cheltenham: Edward Elgar), pp. 21-34.<\/p>\n\n\n\n<p><a rel=\"noreferrer noopener\" href=\"https:\/\/link.springer.com\/article\/10.1057\/s41295-022-00304-6\" target=\"_blank\"><strong>Towards a socially fair green transition in the EU: an analysis of the Just Transition Fund using the Multiple Streams Framework<\/strong><\/a><br>Kyriazi, A. and Mir\u00f3, J.&nbsp;<em>Comparative European Politics<\/em>,&nbsp;<em>21<\/em>(1): 112-132.<\/p>\n\n\n\n<p><a href=\"https:\/\/doi.org\/10.1080\/07256868.2023.2259819\" target=\"_blank\" rel=\"noreferrer noopener\"><strong>Madrid\u2019s Muslim Youth: What do Intersectional Discrimination and Resilience Mean for the Interculturalist Project?<\/strong><\/a><br>Boland, C.&nbsp;<em>Journal of Intercultural Studies<\/em>, 1-17.<\/p>\n\n\n\n<p><strong><a href=\"https:\/\/www.peterlang.com\/document\/1321490\" target=\"_blank\" rel=\"noreferrer noopener\">Moving Towards Europe: Diverse Trajectories and Multidimensional Drivers of Migration across the Mediterranean and the Atlantic<\/a><br><\/strong>Boland, C. et al. in Selin, A., Barana, L. and Boland, C. (Eds.)&nbsp; (Lausanne, Switzerland: Peter Lang Publishers).<\/p>\n\n\n\n<h4 class=\"wp-block-heading\"><strong>2022<\/strong><\/h4>\n\n\n\n<p><a href=\"https:\/\/ejpr.onlinelibrary.wiley.com\/doi\/10.1111\/2047-8852.12365\" target=\"_blank\" rel=\"noreferrer noopener\"><strong>Spain: Political Developments and Data in 2021. From the State of Alarm to the Recovery Plan<\/strong><\/a><br>Fern\u00e1ndez-Pasar\u00edn, A. M., Delgado, I., and Bohigues, A.&nbsp;<em>European Journal of Political Research<\/em>,&nbsp;<em>61<\/em>(1): 423-434.<strong><\/strong><\/p>\n\n\n\n<p><\/p>\n\n\n\n<p><a rel=\"noreferrer noopener\" href=\"https:\/\/doi.org\/10.1080\/07036337.2021.1977292\" target=\"_blank\"><strong>Debating fiscal solidarity in the EU: identities, values and interests in the legitimation of the NGEU programme<\/strong><\/a><br>Mir\u00f3, J. Journal of European Integration,&nbsp;<em>44<\/em>(3): 307-325.<\/p>\n\n\n\n<p><a href=\"https:\/\/doi.org\/10.1177\/0020852320946813\" target=\"_blank\" rel=\"noreferrer noopener\"><strong>The information phase of accountability: The role of management boards in European Union agencies<\/strong><br><\/a>Font, N. and P\u00e9rez-Dur\u00e1n, I.&nbsp;<em>International Review of Administrative Sciences<\/em>,&nbsp;<em>88<\/em>(3): 882-898.<\/p>\n\n\n\n<p><a href=\"https:\/\/doi.org\/10.1111\/jcms.13244\" target=\"_blank\" rel=\"noreferrer noopener\"><strong>Unveiling inconsistency: Consensus and contestation along the Council-Comitology cycle of EU policy-making<\/strong><\/a><br>Fern\u00e1ndez-Pasar\u00edn, A. M. and Font, N.&nbsp;<em>Journal of Common Market Studies<\/em>,&nbsp;<em>60<\/em>(2): 427-444.<\/p>\n\n\n\n<p><a rel=\"noreferrer noopener\" href=\"https:\/\/doi.org\/10.5565\/rev\/quadernsiee.9\" target=\"_blank\"><strong>COVID-19 Implications for migrant care workers. A gender perspective<\/strong><\/a><br>Boland, C., Vila, E. and Cottone, L.&nbsp;<em>Quaderns IEE: Revista de l\u2019Institut d\u2019Estudis Europeus<\/em>,&nbsp;<em>1<\/em>(1): 145-153.&nbsp;<\/p>\n\n\n\n<h4 class=\"wp-block-heading\"><strong>2021<\/strong><\/h4>\n\n\n\n<p><a href=\"https:\/\/doi.org\/10.1111\/2047-8852.12337\" target=\"_blank\" rel=\"noreferrer noopener\"><strong>Spain: Political Developments and Data in 2020<\/strong><\/a><br>Fern\u00e1ndez-Pasar\u00edn, A. M., L\u00f3pez-Nieto, L. and Redondo, J.&nbsp;<em>European Journal of Political Research<\/em>,&nbsp;<em>60<\/em>(1): 371-380.<strong><\/strong><\/p>\n\n\n\n<p><a rel=\"noreferrer noopener\" href=\"https:\/\/doi.org\/10.1080\/07036337.2020.1740697\" target=\"_blank\"><strong>Comitology: the strength of dissent<\/strong><\/a><br>Fern\u00e1ndez-Pasar\u00edn, A. M., Dehousse, R. and Plaza, J. P.<em>&nbsp;Journal of European Integration<\/em>,&nbsp;<em>43<\/em>(3): 311-330.<\/p>\n\n\n\n<p><a rel=\"noreferrer noopener\" href=\"https:\/\/doi.org\/10.17645\/pag.v9i4.4436\" target=\"_blank\"><strong>The Role of Emerging Predictive IT Tools in Effective Migration Governance<\/strong><\/a><br>Boland, C., Blasi, C., S\u00e1nchez-Montijano, E. and Vil\u00e0, E.&nbsp;<em>Politics and Governance<\/em>,&nbsp;<em>9<\/em>(4): 133-145.<\/p>\n\n\n\n<p><a rel=\"noreferrer noopener\" href=\"https:\/\/doi.org\/10.1080\/01402382.2021.1905328\" target=\"_blank\"><strong>Walking the road together? EU polity maintenance during the COVID-19 crisis<\/strong><\/a><br>Ferrera, M., Mir\u00f3, J. and Ronchi,&nbsp;<em>S. West European Politics,<\/em>&nbsp;<em>44<\/em>(5-6): 1329-1352.<\/p>\n\n\n\n<p><a rel=\"noreferrer noopener\" href=\"https:\/\/doi.org\/10.1080\/09692290.2020.1749868\" target=\"_blank\"><strong>Austerity\u2019s failures and policy learning: mapping European Commission officials\u2019 beliefs on fiscal governance in the post-crisis EU<\/strong><\/a><br>Mir\u00f3, J.&nbsp;<em>Review of International Political Economy<\/em>,&nbsp;<em>28<\/em>(5): 1224-1248.<\/p>\n\n\n\n<p><a rel=\"noreferrer noopener\" href=\"https:\/\/doi.org\/10.1080\/1600910X.2020.1765824\" target=\"_blank\"><strong>The tensions of populism in power: a discursive-theoretical analysis of the Catalan secessionist push (2006-2017)<\/strong><\/a><br>Mir\u00f3, J.&nbsp;<em>Distinktion: Journal of Social Theory<\/em>,&nbsp;<em>22<\/em>(1): 1-22.<\/p>\n\n\n\n<p><a rel=\"noreferrer noopener\" href=\"https:\/\/doi.org\/10.1093\/sp\/jxz025\" target=\"_blank\"><strong>Policy change and partisan politics: understanding family policy differentiation in two similar countries<\/strong><\/a><br>Le\u00f3n, M., Pavolini, E., Mir\u00f3, J. and Sorrenti, A.&nbsp;<em>Social Politics<\/em>,&nbsp;<em>28<\/em>(2): 451-576.<\/p>\n\n\n\n<p><a rel=\"noreferrer noopener\" href=\"https:\/\/doi.org\/10.1093\/ser\/mwz030\" target=\"_blank\"><strong>In the name of competitiveness: a discursive institutionalist analysis of the EU\u2019s approach to labour market structural reform, 2007-2016<\/strong><\/a><br>Mir\u00f3, J.&nbsp;<em>Socio-Economic Review<\/em>,&nbsp;<em>19<\/em>(2): 711-733.<\/p>\n\n\n\n<p><a rel=\"noreferrer noopener\" href=\"https:\/\/doi.org\/10.1080\/01442872.2019.1581162\" target=\"_blank\"><strong>Abolishing politics in the shadow of austerity? Assessing the (de)politicisation of budgetary policy in crisis-ridden Spain (2008-2015)<\/strong><\/a><br>Mir\u00f3, J.&nbsp;<em>Policy Studies<\/em>,&nbsp;<em>42<\/em>(1): 6-23.<\/p>\n\n\n\n<p><a href=\"https:\/\/doi.org\/10.1017\/gov.2019.17\" target=\"_blank\" rel=\"noreferrer noopener\"><strong>Varieties of Inclusionary Populism? SYRIZA, Podemos and the Five Star Movement<\/strong><\/a><br>Font, N., Graziano, P, and Tsakatika, M.&nbsp;<em>Government &amp; Opposition<\/em>,&nbsp;<em>56<\/em>(1): 163-183.<strong><\/strong><\/p>\n\n\n\n<p><a href=\"https:\/\/doi.org\/10.1007\/978-3-030-75626-0_6\" target=\"_blank\" rel=\"noreferrer noopener\"><strong>The veil as perceived and real boundary for Spanish Muslim youth: Case by case regulation in light of discrimination and individual rights claims<\/strong><\/a><br>Boland, C. in Profanter, A., and Maestri, E. (Eds.).&nbsp;<em>Migration and Integration Challenges of Muslim Immigrants in Europe: Debating Policies and Cultural Approaches<\/em>&nbsp;(London: Palgrave MacMilan), pp. 165-205.<\/p>\n\n\n\n<p><a rel=\"noreferrer noopener\" href=\"https:\/\/doi.org\/10.3390\/socsci10040133\" target=\"_blank\"><strong>European Muslim Youth and Gender (in)Equality Discourse: Towards a More Critical Academic Inquiry<\/strong><\/a><br>Boland, C.&nbsp;<em>Social Sciences<\/em>,&nbsp;<em>10<\/em>(4): 133.<\/p>\n\n\n\n<h4 class=\"wp-block-heading\"><strong>2020<\/strong><\/h4>\n\n\n\n<p><a href=\"https:\/\/doi.org\/10.1111\/2047-8852.12307\" target=\"_blank\" rel=\"noreferrer noopener\"><strong>Spain: Political Developments and Data in 2019<\/strong><br><\/a>Fern\u00e1ndez-Pasar\u00edn, A. M., Delgado, I., L\u00f3pez-Nieto, L. and Redondo, J.&nbsp;<em>European Journal of Political Research<\/em>,&nbsp;<em>59<\/em>(1): 339-349.<strong><\/strong><\/p>\n\n\n\n<p><a href=\"https:\/\/doi.org\/10.1186\/s40878-020-00185-2\" target=\"_blank\" rel=\"noreferrer noopener\"><strong>Hybrid identity and practices to negotiate belonging: Madrid\u2019s Muslim youth of migrant origin<\/strong><\/a><br>Boland, C.&nbsp;<em>Comparative Migration Studies<\/em>,&nbsp;<em>8<\/em>(26): 1-17.<\/p>\n\n\n\n<p><a href=\"https:\/\/doi.org\/10.1093\/hepl\/9780198737391.003.0007\" target=\"_blank\" rel=\"noreferrer noopener\"><strong>Spain: Pragmatic Europeanism or the End of Unconditional Support to European Integration<\/strong><\/a><br>Fern\u00e1ndez-Pasar\u00edn, A. M. and Morata, F. in Bulmer, S. and Lequesne, C. (Eds.).&nbsp;<em>The Member States of the European Union&nbsp;<\/em>(Oxford: Oxford University Press), pp. 149-177.<\/p>\n\n\n\n<p><a href=\"https:\/\/doi.org\/10.1093\/pa\/gsy043\" target=\"_blank\" rel=\"noreferrer noopener\"><strong>Competing Principals and Non-Vote Decisions in the European Parliament<\/strong><\/a><br>Font, N.&nbsp;<em>Parliamentary Affairs<\/em>,&nbsp;<em>73<\/em>(1): 166-185.<\/p>\n\n\n\n<h4 class=\"wp-block-heading\"><strong>2019<\/strong><\/h4>\n\n\n\n<p><a rel=\"noreferrer noopener\" href=\"https:\/\/doi.org\/10.1111\/1467-8675.12386\" target=\"_blank\"><strong>Beyond populism and institutionalism: anti-populism and the management of austerity in Spain<\/strong><\/a><br>Mir\u00f3, J.&nbsp;<em>Constellations, 26<\/em>(1): 116-131.<\/p>\n\n\n\n<p><a rel=\"noreferrer noopener\" href=\"https:\/\/portalrecerca.uab.cat\/en\/publications\/el-espacio-de-libertad-seguridad-y-justicia-la-pol%C3%ADtica-consular--2\" target=\"_blank\"><strong>El Espacio de Libertad, Seguridad y Justicia: La pol\u00edtica consular europea o la proyecci\u00f3n externa de un sistema de gobernanza multimodal<\/strong><\/a><br>Fern\u00e1ndez-Pasar\u00edn, A. M. in Ares, C. and Bouza, L. (Eds.).&nbsp;<em>La pol\u00edtica de la UE: crisis y continuidad<\/em>&nbsp;(Madrid: Centro de Investigaciones Sociol\u00f3gicas), pp. 419-436.<\/p>\n\n\n\n<p><strong>2018<\/strong><\/p>\n\n\n\n<p><a href=\"https:\/\/doi.org\/10.1177\/0095399715588782\" target=\"_blank\" rel=\"noreferrer noopener\"><strong>Informal Rules and Institutional Balances on the Boards of EU Agencies<\/strong><\/a><br>Font, N.&nbsp;<em>Administration &amp; Society,<\/em>&nbsp;<em>50<\/em>(2): 269-294.<strong><\/strong><\/p>\n\n\n\n<p><a href=\"https:\/\/portalrecerca.uab.cat\/en\/publications\/comitologie\" target=\"_blank\" rel=\"noreferrer noopener\"><strong>Comitologie<\/strong><\/a><br>Fern\u00e1ndez-Pasar\u00edn, A. M. in Charl\u00e9ty, V. et al. (Eds.).&nbsp;<em>Dictionnaire Encyclop\u00e9dique de la Gouvernance Europ\u00e9enne<\/em>&nbsp;(Bruxelles: Larcier).<\/p>\n\n\n\n<h4 class=\"wp-block-heading\"><strong>2017<\/strong><\/h4>\n\n\n\n<h4 class=\"wp-block-heading\"><strong>2016<\/strong><\/h4>\n\n\n\n<p><a href=\"https:\/\/doi.org\/10.1080\/13501763.2015.1076875\" target=\"_blank\" rel=\"noreferrer noopener\"><strong>The European Parliament oversight of EU agencies through written questions<\/strong><\/a><br>Font, N. and P\u00e9rez Dur\u00e1n, I.&nbsp;<em>Journal of European Public Policy,<\/em>&nbsp;<em>23<\/em>(9): 1349-1366.<\/p>\n\n\n\n<p><a href=\"https:\/\/portalrecerca.uab.cat\/en\/publications\/consulates-and-consular-diplomacy-2\" target=\"_blank\" rel=\"noreferrer noopener\"><strong>Consulates and Consular Diplomacy<\/strong><\/a><br>Fern\u00e1ndez-Pasar\u00edn, A. M. in Constantinou, C. M., Sharp, P., and Kerr, P. (Eds.).&nbsp;<em>The Sage Handbook of Diplomacy<\/em>&nbsp;(Thousand Oaks, California: Sage Publications), pp. 161-170.<\/p>\n\n\n\n<p><a href=\"https:\/\/doi.org\/10.3917\/rfap.158.0463\" target=\"_blank\" rel=\"noreferrer noopener\"><strong>The state back in: la comitologie ou la d\u00e9l\u00e9gation control\u00e9e et coordonn\u00e9e du pouvoir<\/strong><\/a><br>Fern\u00e1ndez-Pasar\u00edn, A. M.&nbsp;<em>Revue fran\u00e7aise d\u2019administration publique,<\/em>&nbsp;<em>2<\/em>(158): 463-475.<\/p>\n\n\n\n<h4 class=\"wp-block-heading\"><strong>2015<\/strong><\/h4>\n\n\n\n<p><a href=\"https:\/\/doi.org\/10.1177\/0020852314558037\" target=\"_blank\" rel=\"noreferrer noopener\"><strong>Policy properties and political influence in post-delegation: the case of EU agencies<\/strong><\/a><br>Font, N.&nbsp;<em>International Review of Administrative Sciences<\/em>,&nbsp;<em>81<\/em>(4): 773-792.<strong><\/strong><\/p>\n\n\n\n<p><a href=\"https:\/\/doi.org\/10.1057\/9781137383037_20\" target=\"_blank\" rel=\"noreferrer noopener\"><strong>Towards an EU Consular Policy?<\/strong><\/a><br>Fern\u00e1ndez-Pasar\u00edn, A. M. in Spence, D. and B\u00e1tora, J. (Eds.).&nbsp;<em>The European External Action Service.<\/em>&nbsp;<em>European Diplomacy Post-Westphalia<\/em>&nbsp;(New York: Springer International Publishing), pp. 356-369.<\/p>\n\n\n\n<p><a href=\"https:\/\/doi.org\/10.1386\/ijis.28.2-3.157_1\" target=\"_blank\" rel=\"noreferrer noopener\"><strong>Spain at the helm: The Spanish presidencies of the Council of the European Union<\/strong><\/a><br>Fern\u00e1ndez-Pasar\u00edn, A. M. and Morata, F.&nbsp;<em>International Journal of Iberian Studies,<\/em>&nbsp;<em>28<\/em>(2-3): 157-179.<\/p>\n\n\n\n<h4 class=\"wp-block-heading\"><strong>2014<\/strong><\/h4>\n\n\n\n<p><a href=\"https:\/\/doi.org\/10.1080\/13501763.2014.910819\" target=\"_blank\" rel=\"noreferrer noopener\"><strong>How consensual is comitology?<\/strong><\/a><br>Fern\u00e1ndez-Pasar\u00edn, A. M., Dehousse, R. and Plaza, J.&nbsp;<em>Journal of European Public Policy<\/em>,&nbsp;<em>21<\/em>(6): 842-859.<\/p>\n\n\n\n<p><a href=\"https:\/\/doi.org\/10.1057\/9781137349583_6\" target=\"_blank\" rel=\"noreferrer noopener\"><strong>Designing Accountability Regimes at the European Union Level<\/strong><\/a><br>Font, N. in Bianculli, A., Fern\u00e1ndez-Mar\u00edn, X. and Jordana, J. (Eds.).&nbsp;<em>Accountability and Regulatory Governance<\/em>.&nbsp;<em>Audiences, Controls and Responsibilities<\/em>&nbsp;(London: Palgrave Macmillan).<\/p>\n\n\n\n<h4 class=\"wp-block-heading\"><strong>2013<\/strong><\/h4>\n\n\n\n<p><a href=\"https:\/\/portalrecerca.uab.cat\/en\/publications\/the-communautarization-of-the-council-presidency-intra-institutio-2\" target=\"_blank\" rel=\"noreferrer noopener\"><strong>The communautarization of the Council presidency: intra- institutional dimensions and inter- institutional effect<\/strong><\/a><br>Fern\u00e1ndez-Pasar\u00edn, A. M. in Rittelmeyer, Y.-S. and Foret, F. (Eds.).&nbsp;<em>The European Council and European Governance<\/em>&nbsp;(Oxford: Routledge), pp. 104-120.<\/p>\n\n\n\n<h4 class=\"wp-block-heading\"><strong>2012<\/strong><\/h4>\n\n\n\n<p><a href=\"https:\/\/doi.org\/10.1080\/09644016.2010.489711\" target=\"_blank\" rel=\"noreferrer noopener\"><strong>Environmental governance in Southern Europe: the domestic filters of Europeanisation<\/strong><\/a><br>Fern\u00e1ndez-Pasar\u00edn, A. M., Font, N. and Koutalakis, C.&nbsp;<em>Environmental Politics<\/em>,&nbsp;<em>19<\/em>(4): 557-577.<strong><\/strong><\/p>\n\n\n\n<p><a href=\"https:\/\/www.jstor.org\/stable\/26268140\" target=\"_blank\" rel=\"noreferrer noopener\"><strong>Water Management in Spain: the Role of Policy Entrepreneurs in Shaping Change<\/strong><\/a><br>Font, N. and Subirats, J.&nbsp;<em>Ecology &amp; Society,<\/em>&nbsp;<em>15<\/em>(2): 25.<strong><\/strong><\/p>\n\n\n\n<p><strong>2011<\/strong><\/p>\n\n\n\n<p><a href=\"https:\/\/doi.org\/10.3917\/poeu.035.0029\" target=\"_blank\" rel=\"noreferrer noopener\"><strong>The Reform of the Council Presidency: paving the way for a new synergy with the European Commission?<\/strong><\/a><br>Fern\u00e1ndez-Pasar\u00edn, A. M.&nbsp;<em>Politique europ\u00e9enne<\/em>,&nbsp;<em>35<\/em>(3): 29-54.<\/p>\n\n\n\n<p><a href=\"https:\/\/brill.com\/view\/title\/19143\" target=\"_blank\" rel=\"noreferrer noopener\"><strong>Consular Affairs and Diplomacy<\/strong><\/a><br>Fern\u00e1ndez-Pasar\u00edn, A. M. and Melissen, J. (Eds.). (Leiden: Martinus Nijhoff Publishers).<\/p>\n\n\n\n<p><a href=\"https:\/\/doi.org\/10.1163\/ej.9789004188761.i-334.37\" target=\"_blank\" rel=\"noreferrer noopener\"><strong>Consular Affairs in an Integrated Europe<\/strong><\/a><br>Fern\u00e1ndez-Pasar\u00edn, A. M. in Fern\u00e1ndez-Pasar\u00edn, A. M. and Melissen, J. (Eds.).&nbsp;<em>Consular Affairs and Diplomacy<\/em>&nbsp;(Leiden: Martinus Nijhoff Publishers), pp. 97-114.<\/p>\n\n\n\n<p><a href=\"https:\/\/portalrecerca.uab.cat\/en\/publications\/spanish-water-management-in-transition-transition-management-wate-3\" target=\"_blank\" rel=\"noreferrer noopener\"><strong>Spanish Water Management in Transition: Transition Management Watered Down?<\/strong><\/a><br>Font, N. and Subirats, J. in Huitema, D. and Meijerink, S. (Eds.).&nbsp;<em>Water policy entrepreneurs. A research companion to water transitions around the Globe<\/em>&nbsp;(Cheltenham: Edward Elgar Publishing), pp. 272-286.<\/p>\n\n\n\n<h4 class=\"wp-block-heading\"><strong>2010<\/strong><\/h4>\n\n\n\n<h4 class=\"wp-block-heading\"><strong>2009<\/strong><\/h4>\n\n\n\n<p><a href=\"https:\/\/portalrecerca.uab.cat\/en\/publications\/4d17690d-75b9-475d-801a-224a91e22ced\" target=\"_blank\" rel=\"noreferrer noopener\"><strong>La Pr\u00e9sidence du Conseil de l\u2019UE: du pouvoir de la responsabilit\u00e9 \u00e0 la responsabilit\u00e9 du pouvoir<\/strong><\/a><br>Fern\u00e1ndez-Pasar\u00edn, A. M.&nbsp;<em>Etudes europ\u00e9ennes<\/em>,&nbsp;<em>1<\/em>(1).<\/p>\n\n\n\n<p><a href=\"https:\/\/doi.org\/10.54648\/eerr2009040\" target=\"_blank\" rel=\"noreferrer noopener\"><strong>Local Consular Cooperation: Administrating EU Internal Security Abroad<\/strong><\/a><br>Fern\u00e1ndez-Pasar\u00edn, A. M. European&nbsp;<em>Foreign Affairs Review<\/em>&nbsp;(Alphen aan den Rijn, The Netherlands: Kluwer Law International), pp. 591-606.<\/p>\n\n\n\n<p><a href=\"https:\/\/portalrecerca.uab.cat\/en\/publications\/fa56605e-0afe-455b-8312-24a64eef9f26\" target=\"_blank\" rel=\"noreferrer noopener\"><strong>Quel est le pouvoir d\u2019une Pr\u00e9sidence du Conseil de l\u2019UE?<\/strong><\/a><br>Fern\u00e1ndez-Pasar\u00edn, A. M. in Dehousse, R. (Ed.).&nbsp;<em>Que fait l\u2019Europe?<\/em>&nbsp;(Paris: Presses de Sciences Po), pp. 59-84.<\/p>\n\n\n\n<p><a href=\"https:\/\/doi.org\/10.1057\/9780230245358_6\" target=\"_blank\" rel=\"noreferrer noopener\"><strong>Spain: When Government Welcomes Environmental&nbsp;Governance<\/strong><\/a><br>Font, N. and Fern\u00e1ndez-Pasar\u00edn, A. M. in Borzel, T. (Ed.).&nbsp;<em>Coping with Accession to the European Union<\/em>&nbsp;(London: Palgrave Macmillan), pp. 95-122.<\/p>\n\n\n\n<h4 class=\"wp-block-heading\"><strong>2008<\/strong><\/h4>\n\n\n\n<p><a href=\"https:\/\/doi.org\/10.1080\/07036330802439590\" target=\"_blank\" rel=\"noreferrer noopener\"><strong>Change and Stability of the EU Institutional System: the Communitarization of the Council Presidency<\/strong><\/a><br>Fern\u00e1ndez-Pasar\u00edn, A. M.&nbsp;<em>Journal of European Integration<\/em>,&nbsp;<em>30<\/em>(5): 617-634.<\/p>\n\n\n\n<p><a href=\"https:\/\/doi.org\/10.1080\/15705850802223432\" target=\"_blank\" rel=\"noreferrer noopener\"><strong>The domestic politics of the EU in the constitutional treaty referendums<\/strong><\/a><br>Font, N.&nbsp;<em>European Politics and Society<\/em>,&nbsp;<em>9<\/em>(3): 301-315.<\/p>\n\n\n\n<p><a href=\"https:\/\/doi.org\/10.1163\/187119008X266164\" target=\"_blank\" rel=\"noreferrer noopener\"><strong>Consular Affairs in the EU: Visa Policy as a Catalyst for Integration?<\/strong><\/a><br>Fern\u00e1ndez-Pasar\u00edn, A. M.<em>&nbsp;The Hague Journal of Diplomacy<\/em>,&nbsp;<em>3<\/em>(1): 21-35.<\/p>\n\n\n\n<p><a href=\"http:\/\/dx.doi.org\/10.2139\/ssrn.1522264\" target=\"_blank\" rel=\"noreferrer noopener\"><strong>The EU Council Presidency Dilemma: An Historical Institutionalist Interpretation<\/strong><\/a><br>Fern\u00e1ndez-Pasar\u00edn, A. M.&nbsp;<em>Les Cahiers Europ\u00e9ens<\/em>. Centre d\u2019\u00e9tudes Europ\u00e9ennes, Sciences Po, n\u00fam. 1.<\/p>\n\n\n\n<p><a href=\"https:\/\/www.taylorfrancis.com\/chapters\/edit\/10.4324\/9780203400968-11\/11-spanish-presidencies-1989-1995-2002-francesc-morata-ana-mar-fern%C3%A1ndez\" target=\"_blank\" rel=\"noreferrer noopener\"><strong>The Spanish Presidencies of 1989, 1995 and 2002: From commitment to reluctance towards European integration<\/strong><\/a><strong>.<\/strong><br>Fern\u00e1ndez-Pasar\u00edn, A. M. and Morata, F. in Elgstr\u00f6m, O. (Ed.).&nbsp;<em>European Union Council Presidencies: A Comparative Analysis<\/em>&nbsp;(Oxford: Routledge), pp. 173-190.<\/p>\n\n\n\n<p><a href=\"https:\/\/doi.org\/10.1080\/14782800600892259\" target=\"_blank\" rel=\"noreferrer noopener\"><strong>Why the European Union gave Turkey the green light<\/strong><\/a><br>Font, N.&nbsp;<em>Journal of Contemporary European Studies<\/em>,&nbsp;<em>14<\/em>(2): 197-212.<\/p>\n","protected":false},"excerpt":{"rendered":"<p>2024 The Governance of the Recovery and ResilienceFacility. The Incremental Innovation of Standard Conditionality RegimeFern\u00e1ndez-Pasar\u00edn, A.M and Lanaia, A. \u00a0European Policy Analysis. Spain: Political Developments and Data in 2023. European Semester, Snap Elections and the Reformulation of the Left-Wing CoalitionFern\u00e1ndez-Pasar\u00edn, A.M. and Bohigues, A.&nbsp;European Journal of Political Research Political Data Yearbook. Social Reformism 2.0: Work, [&hellip;]<\/p>\n","protected":false},"author":1385,"featured_media":0,"parent":0,"menu_order":0,"comment_status":"closed","ping_status":"closed","template":"","meta":{"footnotes":""},"class_list":["post-50","page","type-page","status-publish","hentry"],"_links":{"self":[{"href":"https:\/\/webs.uab.cat\/eupol\/wp-json\/wp\/v2\/pages\/50","targetHints":{"allow":["GET"]}}],"collection":[{"href":"https:\/\/webs.uab.cat\/eupol\/wp-json\/wp\/v2\/pages"}],"about":[{"href":"https:\/\/webs.uab.cat\/eupol\/wp-json\/wp\/v2\/types\/page"}],"author":[{"embeddable":true,"href":"https:\/\/webs.uab.cat\/eupol\/wp-json\/wp\/v2\/users\/1385"}],"replies":[{"embeddable":true,"href":"https:\/\/webs.uab.cat\/eupol\/wp-json\/wp\/v2\/comments?post=50"}],"version-history":[{"count":13,"href":"https:\/\/webs.uab.cat\/eupol\/wp-json\/wp\/v2\/pages\/50\/revisions"}],"predecessor-version":[{"id":306,"href":"https:\/\/webs.uab.cat\/eupol\/wp-json\/wp\/v2\/pages\/50\/revisions\/306"}],"wp:attachment":[{"href":"https:\/\/webs.uab.cat\/eupol\/wp-json\/wp\/v2\/media?parent=50"}],"curies":[{"name":"wp","href":"https:\/\/api.w.org\/{rel}","templated":true}]}}