{"id":17,"date":"2009-05-08T11:16:08","date_gmt":"2009-05-08T09:16:08","guid":{"rendered":"https:\/\/webs.uab.cat\/evacodo\/scholarly-presentations\/"},"modified":"2024-11-18T17:24:14","modified_gmt":"2024-11-18T15:24:14","slug":"scholarly-presentations","status":"publish","type":"page","link":"https:\/\/webs.uab.cat\/evacodo\/scholarly-presentations\/","title":{"rendered":"Conference presentations"},"content":{"rendered":"\n<h2 class=\"wp-block-heading\"><strong>Plenaries<\/strong><\/h2>\n\n\n\n<p>Cod\u00f3, E. (2024) \u201cThe everyday making and unmaking of language polices: A critical ethnographic perspective\u201d. International Postgraduate Roundtable and Research Forum cum Summer School 2024. The Education University of Hong-Kong, Hong-Kong, SAR China, 9th-12th July. <\/p>\n\n\n\n<p>Cod\u00f3, E. (2024) \u201cMaking and receiving editorial decisions: An interpretive process\u201d. Keynote. Conference \u201cDialogue and Engagement: How to Navigate the Publication Process\u201d. University of Bath, UK. 13-14 June. <\/p>\n\n\n\n<p>Cod\u00f3, E. (2023) \u201cL\u2019angl\u00e8s a la Catalunya contempor\u00e0nia: apunts socioling\u00fc\u00edstics\u201d Inaugural plenary of the 2023\/24 academic year. Seminari de socioling\u00fc\u00edstica i pol\u00edtica ling\u00fc\u00edstica del Centre Universitari en Socioling\u00fc\u00edstica i Comunicaci\u00f3-CUSC (Universitat de Barcelona)<\/p>\n\n\n\n<p>Cod\u00f3, E. (2020) &#8220;Critical sociolinguistic ethnography as method and episteme: Why, how, who, where\u201d. Qualitative Methodologies in Sociolinguistic Research (Doctoral Seminar). University of Bern (Switzerland),\u00a04-6 November.<\/p>\n\n\n\n<p>Cod\u00f3, E. (2009) &#8216;When migrants meet the state: Control, evaluation and social categorisation in bureaucratic encounters&#8217;. AILA Migration and Language Research Network, 3rd International Seminar on Language and Migration. Universitat Aut\u00f2noma de Barcelona, Barcelona.<\/p>\n\n\n\n<h2 class=\"wp-block-heading\"><strong>Invited lectures<\/strong><\/h2>\n\n\n\n<p>Cod\u00f3, E. (2023) \u201cEn b\u00fasqueda del ingl\u00e9s \u2018total\u2019: imaginarios de inmersi\u00f3n e ideolog\u00edas ling\u00fc\u00edsticas entre adolescentes espa\u00f1oles y sus progenitores\u201d. <em>Instituto de Lengua y Literatura Hisp\u00e1nicas<\/em>, Universit\u00e4t Bern, Switzerland, 9th November. <\/p>\n\n\n\n<p>Cod\u00f3, E. (2023) \u201cInvestigating language policy in institutions ethnographically: Opening the focus, changing the questions. <em>MA in Multilingual Communication<\/em>. Universitet Ghent, Belgium, 19th October. <\/p>\n\n\n\n<p>Cod\u00f3, E. (2023) \u201c\u2019Esto tiene que quedar resuelto ya\u2019: Distinci\u00f3n y nuevos discursos y pr\u00e1cticas de aprendizaje del ingl\u00e9s en Catalunya\u201d. Seminario de investigaci\u00f3n \u201cEscuela, inmigraci\u00f3n y multiling\u00fcismo: Perspectivas hist\u00f3ricas y did\u00e1cticas para transformar la escuela del siglo XXI\u201d. <em>Centro de Investigaci\u00f3n Lascaray Ikergunea<\/em> (Universidad del Pa\u00eds Vasco-Euskal Herriko Unibertsitatea), 2nd June. <\/p>\n\n\n\n<p>Cod\u00f3, E. (2023)\u201c\u2019You need to make people want to talk to you\u2019: Spanish adolescents\u2019 discourses about their year abroad experience in an English-speaking country\u201d. <em>Centre for Linguistics, Language Education and Acquisition Research<\/em> (University of Southampton, UK). 17th May. <\/p>\n\n\n\n<p>Cod\u00f3, E. (2020) &#8220;The Writer\u2019s Dilemmas: Dissecting the Process \u00a0of Publishing a Journal Article\u201d &amp; \u201cTurning Your PhD into a Book\u201d PhD Seminar &#8211; &#8220;Steps to Getting Published&#8221;. University of Southampton (UK). 6th-7th June. <\/p>\n\n\n\n<p>Cod\u00f3, E. (2019)&nbsp;\u201cEnglishization policies in education: \u2018Democratizing\u2019 English or recreating social inequalities? Haute \u00c9cole P\u00e9dagogique (HPE) de Vaud, Universit\u00e9 de Lausanne and Research Centre Vaud Multilingue. Lausanne (Switzerland),&nbsp;5th December.&nbsp;<\/p>\n\n\n\n<p>Cod\u00f3, E. (2019)&nbsp;\u201cEnglishization policies in the Catalan education system: A political economy and ethnographic approach\u201d. Linguistic Society of Vienna (Austria),&nbsp;9th April.<\/p>\n\n\n\n<p>Cod\u00f3 (2018)&nbsp; \u201cHow English is changing the teaching profession: Evidence from school ethnographies in Catalonia\u201d. Universit\u00e9 de Lausanne (Switzerland), 29th November.<\/p>\n\n\n\n<p>Cod\u00f3, E. (2017) Bureaucracies faced with diversity; Inequalities amplified&#8217;.&nbsp;Pierhead Building, Welsh Assembly, Cardiff, 7th December.&nbsp;<\/p>\n\n\n\n<p>Cod\u00f3, E. (2017) &#8216;Englishization policies and contemporary regimes of precarization: What educational ethnographies reveal&#8217;.&nbsp;CLCR Seminar &#8216;BUreSeries Cardiff University, 6th December.&nbsp;<\/p>\n\n\n\n<p>Cod\u00f3, E. (2016) &#8216;Research methodologies in language education: Ethnographic perspectives&#8217; (lecture and workshop). Universit\u00e9 du Luxembourg, 8-9 March.<\/p>\n\n\n\n<p>Cod\u00f3, E. (2016) &#8216;From invited panel presentation to publishable paper: A long and winding road&#8217;.&nbsp;Spring School &#8220;Writing Language in Society&#8221;, 11-15 April. Universit\u00e9 de Fribourg, Switzerland.&nbsp;<\/p>\n\n\n\n<p>Cod\u00f3, E. (2016) &#8216;Turning your PhD into a book&#8217;.&nbsp;Spring School &#8220;Writing Language in Society&#8221;, 11-15 April. Universit\u00e9 de Fribourg, Switzerland.&nbsp;<\/p>\n\n\n\n<p>Cod\u00f3, E. (2010) &#8216;Civil society institutions and the state in neoliberalism: An ethnographic sociolinguistic study of legal advice services for migrants in Spain&#8217;. DLLL Lecture Series in Linguistics and Applied Linguistics. York University, Toronto (Canada)&nbsp;<\/p>\n\n\n\n<h2 class=\"wp-block-heading\"><strong>Invited discussions<\/strong><\/h2>\n\n\n\n<p>Cod\u00f3, E. (2014) Discussion piece for &#8220;Discurso, multiling\u00fcismo y migraciones&#8221; Seminar. I Simposium EDiSo, Univeridad de Sevilla, 15-16 May 2014.<\/p>\n\n\n\n<h2 class=\"wp-block-heading\"><b>Thematic Panels and Colloquia<\/b><\/h2>\n\n\n\n<p>Co-organiser (with Adriana Pati\u00f1o-Santos), thematic panel &#8220;Theorizing multilingual families as discursive spaces: Epistemological and methodological considerations&#8221;. <em>AILA 2023<\/em>, Lyon, July 2023.&nbsp;<\/p>\n\n\n\n<p>Organiser, thematic panel&nbsp;\u201cThe neoliberalization of educational systems: Englishization policies and the creation of flexible workers\u201d. <i>15<sup>th<\/sup> International Pragmatics Conference<\/i>. Belfast, UK, 16-21 July 2017.<\/p>\n\n\n\n<p>Co-organiser (with Maria Sabat\u00e9-Dalmau), thematic panel&nbsp;&#8216;The affordances of English as a global lingua franca in multilingual institutions: A critical perspective&#8217; at <em>AEDEAN XXXV Conference<\/em>, Universitat Aut\u00f2noma de Barcelona, November 2011.<\/p>\n\n\n\n<p>Co-organiser (with Miguel P\u00e9rez Milans), thematic panel &#8220;Practices, Processes and Institutions in Multilingual Spaces&#8221; at <em>International Symposium on Bilingualism <\/em>8, University of Oslo, June 2011.<\/p>\n\n\n\n<h2 class=\"wp-block-heading\"><strong>Conference presentations<\/strong><\/h2>\n\n\n\n<p>Pati\u00f1o-Santos, Adriana &amp; Eva Cod\u00f3 (2023) &#8220;Theorizing multilingual families as discursive spaces: Epistemological and methodological considerations&#8221;. AILA 20th World Congress. Lyon, 17-21 July. <\/p>\n\n\n\n<p>Pati\u00f1o-Santos, Adriana &amp; Eva Cod\u00f3 (2023) &#8220;Family as a discursive space: Notes for a research agenda&#8221;. VI EDiSo International Symposium, Universidad de Valladolid, 28-30 June. <\/p>\n\n\n\n<p>Cod\u00f3, Eva &amp; Avel.l\u00ed Flors-Mas (2022)\u00a0\u201c&#8217;I don\u2019t know what we should promote, linguistic equality or inequality&#8217;\u201d Imaginaries of linguistic (in)equality among civil society bodies in Catalonia. Sociolinguistics Symposium 24, Universiteit Gent &#8211; Belgium, 13-16 July.<\/p>\n\n\n\n<p>Cod\u00f3, Eva &amp; Andrea Sunyol (2021) \u201c\u2019A boarding school felt safer, but we\u2019ve given in to a homestay\u2019: Family strategizing in early study abroad\u201d. <em>V Simposio Internacional EdiSo<\/em> (Disruptions and vulnerabilities: Researching discourse in times of crises). Online, 27 Sept-1 Oct.<\/p>\n\n\n\n<p>Cod\u00f3, Eva &amp; Jessica McDaid (2020) \u201c\u2019They don\u2019t go abroad to learn the language\u2019\u201d: A social class lens on language immersion experiences in contemporary Spain. AILA International Conference. Online, 15 \u2013 20 August.<\/p>\n\n\n\n<p>Cod\u00f3, Eva, Sunyol, Andrea &amp; Jessica McDaid (2019) \u201cImmersion as branding: A preliminary analysis of immersion discourse in promotional materials in education\u201d. <em>IV Simposio Internacional EDiSo<\/em> (Vozes, sil\u00eancios e silenciamientos). Universidade de Santiago de Compostela, 5-7 June.<\/p>\n\n\n\n<p>Cod\u00f3, Eva (2018)&nbsp;\u201cLanguage awareness in multilingual and multicultural organisations\u201d <em>14<sup>th<\/sup> International Conference for Language Awareness<\/em> (ALA). Vrije Universiteit Amsterdam, The Netherlands, 4-7 July.<\/p>\n\n\n\n<p>Cod\u00f3, Eva &amp; Adriana Pati\u00f1o-Santos (2016)&nbsp; \u201cGEP is for masochists!\u2019 Language, labour market and inequality in a Catalan secondary school\u201d. <i>9<sup>th<\/sup> International Conference of English as a Lingua Franca (ELF9).<\/i> Universitat de Lleida, Spain, 27-29 June.<\/p>\n\n\n\n<p>Cod\u00f3, Eva (2016) \u201cForeignness, authenticity and legitimacy in internationalizing educational programmes in Barcelona\u201d. <i>Sociolinguistics Symposium 21.<\/i> Universidad de Murcia, Spain, 15-18 June.<\/p>\n\n\n\n<p>Cod\u00f3, Eva (2016)&nbsp;\u201cThe construction of Mandarin Chinese as an elite language in international schools in Barcelona\u201d. <i>Sociolinguistics Symposium 21.<\/i> Universidad de Murcia, Spain, 15-18 June.<\/p>\n\n\n\n<p>Cod\u00f3, Eva (2017)&nbsp;\u201cEnglish and contemporary regimes of precarization: What ethnographies of CLIL reveal\u201d. <i>15<sup>th<\/sup> International Pragmatics Conference<\/i>. Belfast, UK. 16-21 July.<\/p>\n\n\n\n<p>Cod\u00f3, Eva (2015) &#8220;Catalan, mobility and identity in the 21st century: A narrative approach to new speakerness&#8221;. Paper presented at 7th International Conference on Hispanic Linguistics. Heriott-Watt University, Edinburgh, 28-29 May 2015.&nbsp;<\/p>\n\n\n\n<p>Cod\u00f3, Eva (2014) &#8220;&#8216;In love with Barcelona&#8217;: An exploration of mobility, class and identity in the narratives of lifestyle migrants to Barcelona&#8221;. Paper presented at Sociolinguistics Symposium. University of Jyv\u00e4skyl\u00e4, 15-18 June 2014.<\/p>\n\n\n\n<p>Cod\u00f3, Eva (2014) &#8220;Local language learning and identity construction in the narratives of mobile citizens: A study of lifestyle mobilities and multilingualism&#8221;. Paper presented at XXXII Congreso International de la Asociaci\u00f3n Espa\u00f1ola de Ling\u00fc\u00edstica Aplicada, Universidad Pablo de Olavide (Sevilla), 3-5 April 2014.<\/p>\n\n\n\n<p>Cod\u00f3, Eva (2012) &#8220;Multiling\u00fcisme, noves mobilitats i narratives identit\u00e0ries&#8221;. Paper presented at Catalan Sociolinguistics Symposium\/Simposi Catal\u00e0 de Socioling\u00fc\u00edstica, Universitat de Lleida, 14 December 2012.<\/p>\n\n\n\n<p>Cod\u00f3, Eva (2012) &#8220;Screening applicants on the spot: Symbolic gatekeeping in a migrant documentation process&#8221;. Paper presented at the workshop &#8220;Passing in the gatekeeping interview: Methodological considerations and research impact&#8221; convened by celia Roberts and Louise Tranekjaer. Conference title: Explorations in Linguistic Ethnography, Language and Communication: Analysis and Impact in Linguistic Ethnography. University of Copenhaguen, 13-14 September 2012.<\/p>\n\n\n\n<p>Cod\u00f3, E. (2011) From Africa to Catalonia: Notes on a sociolinguistics of English, migration and youth. Paper presented at XXXV AEDEAN Conference, Barcelona (16-18 november 2011).<\/p>\n\n\n\n<p>Cod\u00f3, E. &amp; M. R. Garrido (2011) &#8216;Mystifying language and labour in social incorporation processes: The regulation of language and migration by civil society organisations&#8217;. Paper presented at <em>International Symposium on Bilingualism 8<\/em>. University of Oslo, Norway (15-18 June 2011).<\/p>\n\n\n\n<p>Cod\u00f3, E. (2011) &#8216;Inner, outer, expanding? Beyond a (post)colonial framework for understanding affordances of lingual francas today&#8217;. Paper presented at <em>17th International Workshop on Discourse Studies: Critique and Decolonization<\/em>. Universidad Aut\u00f3noma de Madrid (24-25 March 2011).<\/p>\n\n\n\n<p>Cod\u00f3, E. (2010) Truth and trust in the construction of legitimate knowledge: The analysis of two legal advice services for transnational citizens&#8217;. Paper presented at <em>Sociolinguistics Symposium 18<\/em>, University of Southampton, UK.<\/p>\n\n\n\n<p>Cod\u00f3, E. &amp; A. Pati\u00f1o (2010) &#8216;Language choice, agency and belonging at a multilingual school in Catalonia&#8217;. Paper presented at <em>Sociolinguistics Symposium 18<\/em>, University of Southampton, UK.<\/p>\n\n\n\n<p>Cod\u00f3, E. &amp; M.R. Garrido (2009) &#8216;Migrants and global language resources: A study of bureaucratic and legal advice encounters&#8217;. Paper presented at <em>11th International Pragmatics Conference, <\/em>Monash University, Melbourne, Australia.<\/p>\n\n\n\n<p>Garrido, M. R. &amp; Cod\u00f3, E. (2009) &#8216;The construction of transnational African migrants&#8217; identities at a Catalan NGO&#8217;. Paper presented at <em>International Symposium on Bilingualism 7<\/em>, Universiteit Utrecht, The Netherlands.<\/p>\n\n\n\n<p>Cod\u00f3, E. &amp; M.R. Garrido (2008) &#8216;Ideolog\u00edas y pr\u00e1cticas de multiling\u00fcismo en encuentros burocr\u00e1ticos y de asesoramiento legal&#8217;. Paper presented at <em>8\u00ba Congreso de Ling\u00fc\u00edstica General<\/em>, Universidad Aut\u00f3noma de Madrid, Madrid.<\/p>\n\n\n\n<p>Cod\u00f3, E., M. Dooly, M.R. Garrido, M. Moyer &amp; D. Ruiz (2007) &#8216;Constructions of multilingualism and multimodality in institutional sites&#8217;. Paper presented at <em>6th International Symposium on Bilingualism, <\/em>Universit\u00e4t Hamburg, Germany.<\/p>\n\n\n\n<p>Espinet, M., E. Cod\u00f3, M. Feixas, D. Masats &amp; D. Couso (2007) &#8216;Llegir i escriure cr\u00edticament en el context d&#8217;assignatures impartides en angl\u00e8s: El cas de la titulaci\u00f3 de mestre especialitat de llengua estrangera&#8217;. Paper presented at the <em>IV Jornada de Campus d&#8217;Innovaci\u00f3 Docent<\/em>. Universitat Aut\u00f2noma de Barcelona.<\/p>\n\n\n\n<p>Feixas, M., D. Masats, D. Couso, M. Espinet &amp; E. Cod\u00f3 (2006) &#8216;Improving Student Communi&nbsp;cative Competence Through English&#8217;. Paper presented at Improving Student Learning Through Teaching 2006, University of Bath, United Kingdom.<\/p>\n\n\n\n<p>Cod\u00f3, E. (2006) &#8216;&nbsp;Global languages, local contexts: English as a lingua franca at a government office in Catalonia&#8217;. Paper presented at<em> Sociolinguistics Symposium 16<\/em>, University of Limerick, Ireland.<\/p>\n\n\n\n<p>Cod\u00f3, E., M. Dooly, L. Nussbaum &amp; V. Unamuno (2006) &#8216;Un acercamiento m\u00faltiple a la categor\u00eda &#8220;extranjero&#8221; en las propuestas de acogida ling\u00fc\u00edstica para inmigrantes: estudio preliminar&#8217;. Paper presented at <em>VII Congr\u00e9s de Ling\u00fc\u00edstica General<\/em>, Universitat de Barcelona, Spain.<\/p>\n\n\n\n<p>Feixas, M., E. Cod\u00f3, M. Espinet, D. Masats &amp; D. Couso (2006) &#8216;Millora de les compet\u00e8ncies en llengua anglesa dels alumnes de la titulaci\u00f3 de mestre especialitat de llengua estrangera mitj\u00e7ant la impartici\u00f3 d&#8217;assignatures no ling\u00fc\u00edstiques en angl\u00e8s: una experi\u00e8ncia AICLE&#8217;. Paper presented at <em>III Jornada de Campus d&#8217;Innovaci\u00f3 Docent<\/em>. Universitat Aut\u00f2noma de Barcelona, Spain.<\/p>\n\n\n\n<p>Cod\u00f3, E. (2005) &#8216;&nbsp;Repertoris ling\u00fc\u00edstics a l\u2019administraci\u00f3 p\u00fablica a Barcelona: de la compet\u00e8ncia a l\u2019\u00fas&#8217;. Paper presented at <em>5th International Symposium on Bilingualism<\/em>, Universitat Aut\u00f2noma de Barcelona, Barcelona.<\/p>\n\n\n\n<p>Cod\u00f3, E. (2003) &#8216;Regimented spaces: Practices of control at a bureaucratic organisation&#8217;. Paper presented at <em>8th International Pragmatics Conference<\/em>, University of Toronto, Canada.<\/p>\n\n\n\n<p>Moyer, M.G. &amp; E. Cod\u00f3 (2002) &#8216;Language and dynamics of identity among immigrants: Challenging practices of social categorization in institutional settings&#8217;. Paper presented at <em>Segundo Simposio Internacional sobre o Biling\u00fcismo<\/em>, Universidade de Vigo, Spain.<\/p>\n\n\n\n<p>Cod\u00f3, E. (2001) &#8216;The limitations of intercultural analyses of situated data&#8217;. Paper presented at <em>XXV Congreso de AEDEAN<\/em>, Universidad de Granada, Spain.<\/p>\n\n\n\n<p>Cod\u00f3, E. (2000)&#8217;Non-nativeness as a Resource: Handling Communication Trouble in Foreign Language Talk&#8217;. Paper presented at <em>Sociolinguistics Symposium 2000<\/em>, University of the West of England, Bristol, United Kingdom.<\/p>\n\n\n\n<p>Cod\u00f3, E. (2000) &#8216;Identifying Instances of \u2018Interculture\u2019: Towards an Empirical Approach to the Analysis of Intercultural Communication Data&#8217;. Paper presented at <em>7<sup>th<\/sup> International Pragmatics Conference<\/em>, Budapest, Hungary.<\/p>\n\n\n\n<p>Cod\u00f3, E. (1999) &#8216;Constructing meaningful communication in intercultural discourse&#8217;. Paper presented at <em>Discourses and Learning: Theoretical and Applied Perspectives<\/em>, Lancaster University, United Kingdom.<\/p>\n\n\n\n<p>Cod\u00f3, E. &amp; M.C. Torras (1999) &#8216;Implicit and explicit negotiations: The establishment of the base code in two bi-\/multilingual situations in Catalonia&#8217;. Poster presented at <em>2nd International Symposium on Bilingualism, <\/em>University of Newcastle, United Kingdom.<\/p>\n\n\n\n<p>Cod\u00f3, E. (1999) &#8216;The nature of intercultural discourse: A conversation-analytical perspective&#8217;. Paper presented at <em>Postgraduate Linguistics Conference, <\/em>University of Manchester, United Kingdom.<\/p>\n\n\n\n<p>Cod\u00f3, E. (1999) &#8216;Native-Non-native speaker discourse: A construct of the analyst?&#8217;. Paper presented at <em>XXIII Congreso de AEDEAN<\/em>, Universidad de Le\u00f3n, Spain.<\/p>\n\n\n\n<p>Cod\u00f3, E. (1998) &#8216;Strategies of code negotiation in intercultural encounters&#8217;. Paper presented at <em>XXII Congreso de AEDEAN<\/em>, Universitat de Lleida, Spain.<\/p>\n\n\n\n<p>Cod\u00f3, E. &amp; Melissa G. Moyer (1997) &#8216;LIDES and the analysis of bilingual conversation&#8217;. Paper presented at <em>I Simposio Internacional sobre o Bilinguismo, <\/em>Universidade de Vigo, Spain.<\/p>\n","protected":false},"excerpt":{"rendered":"<p>Plenaries Cod\u00f3, E. (2024) \u201cThe everyday making and unmaking of language polices: A critical ethnographic perspective\u201d. International Postgraduate Roundtable and Research Forum cum Summer School 2024. The Education University of Hong-Kong, Hong-Kong, SAR China, 9th-12th July. Cod\u00f3, E. (2024) \u201cMaking and receiving editorial decisions: An interpretive process\u201d. Keynote. Conference \u201cDialogue and Engagement: How to Navigate [&hellip;]<\/p>\n","protected":false},"author":20,"featured_media":0,"parent":0,"menu_order":0,"comment_status":"closed","ping_status":"closed","template":"","meta":{"footnotes":""},"class_list":["post-17","page","type-page","status-publish","hentry"],"_links":{"self":[{"href":"https:\/\/webs.uab.cat\/evacodo\/wp-json\/wp\/v2\/pages\/17","targetHints":{"allow":["GET"]}}],"collection":[{"href":"https:\/\/webs.uab.cat\/evacodo\/wp-json\/wp\/v2\/pages"}],"about":[{"href":"https:\/\/webs.uab.cat\/evacodo\/wp-json\/wp\/v2\/types\/page"}],"author":[{"embeddable":true,"href":"https:\/\/webs.uab.cat\/evacodo\/wp-json\/wp\/v2\/users\/20"}],"replies":[{"embeddable":true,"href":"https:\/\/webs.uab.cat\/evacodo\/wp-json\/wp\/v2\/comments?post=17"}],"version-history":[{"count":3,"href":"https:\/\/webs.uab.cat\/evacodo\/wp-json\/wp\/v2\/pages\/17\/revisions"}],"predecessor-version":[{"id":98,"href":"https:\/\/webs.uab.cat\/evacodo\/wp-json\/wp\/v2\/pages\/17\/revisions\/98"}],"wp:attachment":[{"href":"https:\/\/webs.uab.cat\/evacodo\/wp-json\/wp\/v2\/media?parent=17"}],"curies":[{"name":"wp","href":"https:\/\/api.w.org\/{rel}","templated":true}]}}