{"id":18,"date":"2009-05-08T11:22:32","date_gmt":"2009-05-08T09:22:32","guid":{"rendered":"https:\/\/webs.uab.cat\/evacodo\/research-expertise\/"},"modified":"2025-12-16T11:13:15","modified_gmt":"2025-12-16T09:13:15","slug":"research-expertise","status":"publish","type":"page","link":"https:\/\/webs.uab.cat\/evacodo\/research-expertise\/","title":{"rendered":"Research projects"},"content":{"rendered":"\n<h2 class=\"wp-block-heading\">Membership of research groups<\/h2>\n\n\n\n<p>2023-2025: Principal Investigator&nbsp;of <em>GReLA<\/em> (<em>Grup de Recerca en Ling\u00fc\u00edstica Anglesa<\/em>). Consolidated research group (2021SGR 0684). Funding: 40,000\u20ac.&nbsp;<\/p>\n\n\n\n<p>2001-2022:&nbsp;Member of <em>CIEN<\/em> (<em>Comunicaci\u00f3 Intercultural i Estrat\u00e8gies de Negociaci\u00f3<\/em>). PI: Dr. Melissa G. Moyer (Department of English and German, UAB) https:\/\/grupsderecerca.uab.cat\/cien\/en &#8211; consolidated research group&nbsp;(2014-2016\/SGR 1508; 2009-2014\/2009 SGR 1340).<\/p>\n\n\n\n<p>2007- &nbsp; : External&nbsp;expert of <em>GREIP<\/em> (<em>Grup de Recerca en Ensenyament i Interacci\u00f3 Pluriling\u00fces<\/em>) &#8211; consolidated research group.&nbsp;PI: Dr. Melinda Dooly (Faculty of Education, UAB). https:\/\/webs.uab.cat\/greip.&nbsp;<\/p>\n\n\n\n<h2 class=\"wp-block-heading\">Participation in research groups<\/h2>\n\n\n\n<h3 class=\"wp-block-heading\"><u>Principal Investigator (PI) of:<\/u><\/h3>\n\n\n\n<p><em>HistEnCat &#8211; A Critical Sociolinguistic History of English Language Education in Late 20th Century Catalonia<\/em> (PID2024-157525NB-I00). Co-headed with M. Rosa Garrido Sard\u00e0 (PI2). 2025-2029. Funding Body: Spanish Ministry of Science, Innovation and Universities. Funding:\u00a065.000\u20ac.<\/p>\n\n\n\n<p><u>International collaborator of (and local PI of):<\/u><\/p>\n\n\n\n<p><em>L&#8217;\u00e9galit\u00e9 linguistique: entre multilinguisme et monolinguisme<\/em> (435-2019-0639). Funded by: Social Sciences and Humanities Research Council of Canada (SSHRC). PI: Dr. Mireille McLaughlin (University of Ottawa). Participating institutions: Universit\u00e9 de Moncton (CA), Aston University (UK). Funding: 229,673$ (UAB: 12,000$).&nbsp;&nbsp;<\/p>\n\n\n\n<h2 class=\"wp-block-heading\"><strong>Previous&nbsp;funded projects:<\/strong>&nbsp;<\/h2>\n\n\n\n<h3 class=\"wp-block-heading\"><strong>As Principal Investigator:&nbsp;<\/strong><\/h3>\n\n\n\n<p><em>ENIFALPO &#8211;&nbsp;English Immersion as Family Language Policy: Strategies, Mobilities and&nbsp;Investments<\/em> (PID2019-106710GB-I00). Co-headed with Ana M. Rela\u00f1o Pastor (Universidad de Castilla-La Mancha). 2020-2024. Funding Body: Spanish Ministry of Science and Innovation (MICINN). Funding:&nbsp;35.937\u20ac.<\/p>\n\n\n\n<p><em>APINGLO-Cat &#8211; The appropriation of English as a global language in Catalan schools: A multilingual, situated and comparative approach<\/em> (FFI2014-54179-C2-1-P). 2015-2018. Funding Body: Spanish Ministry of Science and Innovation (MICINN). Funding received:&nbsp;38.000\u20ac.<\/p>\n\n\n\n<h3 class=\"wp-block-heading\"><strong>As co-researcher:<\/strong><\/h3>\n\n\n\n<p><em>La llengua anglesa en el per\u00edode de transici\u00f3 educativa (1970-1990) a Catalunya: Evoluci\u00f3 dels discursos, ideologies i pr\u00e0ctiques sobre l&#8217;ensenyament\/aprenentatge de lleng\u00fces estrangeres<\/em>. PI: Dr. Maria Rosa Garrido. Funding body: UAB (projectes pre-competitius 2023, ref. 573959 (2023-2026).<\/p>\n\n\n\n<p><em>Multilingualism and Mobility: Language Practices and the Construction of Identity<\/em> (FFI2011-26964). PI: Dr. Melissa Moyer. Funding body: Spanish Ministry of Science and Innovation (2012-2014).<\/p>\n\n\n\n<p><em>The Multilingual Competence of Young People: Continuities and Discontinuities between In-school and Out-of-school Practice<\/em> (SEJ2007-62147-EDUC). PI: Dr. Virginia Unamuno. Funding body: Spanish Ministry of Education (2007-2010).<\/p>\n\n\n\n<p><em>Managing Multilingualism in Institutional Contexts <\/em>(HUM2007-61864). PI: Dr. Melissa Moyer<strong>. <\/strong>Funding body: Spanish Ministry of Science and Innovation (2007-2010<strong>).<\/strong><\/p>\n\n\n\n<p><em>Practical Applications for Communication with Newcomers in a Health Centre and a Non-Governmental Association<\/em> (2007 ARAFI 00018). PI: Dr. Melissa G. Moyer. Funding body: Catalan Research Agency (AGAUR) (2007-2008).<\/p>\n\n\n\n<p><em>Language Dynamics and Management of Diversity<\/em> (FP6-2004-Citizens-4-028702-2). PI: Dr. Anne-Claude Berthoud (Universit\u00e9 de Lausanne); (PI local team) Dr. Luci Nussbaum. Funding body: European Commission (2006-2007).<\/p>\n\n\n\n<p><em>The Construction of the Category &#8220;Foreigner&#8221; in the Proposals for the Linguistic Reception and Education of Migrant Children in the Catalan Education System<\/em> (PNL-38-2004). PI: Dr. Virginia Unamuno. Funding body: Universitat Aut\u00f2noma de Barcelona (2005-2006).<\/p>\n\n\n\n<p><em>Multilingual Competence in the Teaching and Learning of Primary Education Curricular Content.<\/em> (SEJ2004-06723-C02-01). PI: Dr. Luci Nussbaum. Funding body: Spanish Ministry of Education and Science (2004-2007).<\/p>\n\n\n\n<p><em>Verbal Practice in Intercultural Communication<\/em> (BFF2001-2576). PI: Dr. Melissa G. Moyer. Funding body: Spanish Ministry of Education and Science (2001-2004).<\/p>\n\n\n\n<p><em>Language interaction data exchange system <\/em>(LIDES). PIs: Dr. Mark Sebba, Dr. Roeland van Hout, Dr. Penelope Gardner-Chloros, Dr. Melissa G. Moyer. Funding bodies: various (1997-2008)<\/p>\n\n\n\n<h2 class=\"wp-block-heading\">Postgraduate supervision <\/h2>\n\n\n\n<h3 class=\"wp-block-heading\"><strong>PhD -Current<\/strong><\/h3>\n\n\n\n<p>J. McDaid (2020- &nbsp; ):&nbsp;\u2018Doing\u2019 Study Abroad:&nbsp;Spanish Adolescent EFL Mobility in Northern Ireland. Funded by pre-doctorat grant&nbsp;2021FI_B 01023.&nbsp;<\/p>\n\n\n\n<p>G. Turk (2020- &nbsp; &nbsp; ):&nbsp;Language Policies for Syrian Refugee Children in Turkish Education: A Critical Sociolinguistic&nbsp;Ethnograph. Funded by pre-doctoral grant&nbsp;2022 FI_B 00327.<\/p>\n\n\n\n<h3 class=\"wp-block-heading\"><strong>PhD -Completed<\/strong><\/h3>\n\n\n\n<p>L. Menna (deposited, 2023): <em>&#8220;El oro negro de la ciudad&#8221;: una etnograf\u00eda sobre la producci\u00f3n del sujeto mantero y su voz.<\/em> Universitat Pompeu Fabra. Departament de Traducci\u00f3 i Ci\u00e8ncies del Llenguatge (co-supervised with T.&nbsp;van Dijk).&nbsp;&nbsp;<\/p>\n\n\n\n<p>A.&nbsp;Sunyol (2019):&nbsp;<em>Multilingualism, Elitism and Ideologies of Globalism in International Schools in Catalonia: An Ethnographic Study. <\/em>Universitat Aut\u00f2noma de Barcelona. Departament de Filologia Anglesa i de German\u00edstica<i>&nbsp;(<\/i>cum laude and international doctorate). Funded by:&nbsp;<\/p>\n\n\n\n<p>M.R.&nbsp;Garrido (2014): <em>Emmaus as an Imagined Transnational Community: Language, Interdiscursivity and Stratification in a Social Movement.&nbsp;<\/em>Universitat Aut\u00f2noma de Barcelona. Departament de Filologia Anglesa i de German\u00edstica&nbsp;(cum laude and international doctorate). Funded by:&nbsp;<\/p>\n\n\n\n<h3 class=\"wp-block-heading\"><strong>MA-Completed (2004-2018)<\/strong><\/h3>\n\n\n\n<p>A.&nbsp;Trostyanskaya:&nbsp;An ethnographic study of a volunteer language camp&nbsp;in the Russian Federation<\/p>\n\n\n\n<p>L.&nbsp;Lechat:&nbsp;The self-confidence and linguistic difficulties of French graduates in English immersed in an Anglophone country: A qualitative study<\/p>\n\n\n\n<p>A. Rassadina (with E. Pladevall):&nbsp;Focus on form in CLIL and EFL instruction:&nbsp;A case study in Catalonia<\/p>\n\n\n\n<p>A.&nbsp;Sunyol: Multilingualism and ideologies of globalism in an international school in Catalonia: The linguistic construction of elitism<\/p>\n\n\n\n<p>J.&nbsp;Lozano: \u2018Create, invest, work, learn, research, smile. Do it in Barcelona\u2019: Narratives on educational and personal trajectories of mobile students taking postgraduate courses in English<\/p>\n\n\n\n<p>H.&nbsp;el Bakhouti: Globalization and the Spread of English in Morocco: Evidence from Education and the Media Space in Rabat<\/p>\n\n\n\n<p>M.&nbsp;Leiva: Internationalisation at a Catalan Public University: English as a Working Language from the Persepctive of the Administrative Staff<\/p>\n\n\n\n<p>M.R. Garrido: &#8216;If you slept in Catalunya you know that here it&#8217;s a paradise&#8217;: Multilingual Practices and Ideologies in a Residential Project for Migrants.<\/p>\n\n\n\n<p>J.P. Carmona: &#8220;Vengo a por mi tarjeta sanitaria&#8221;. El estudio de las pr\u00e1cticas ling\u00fc\u00edsticas en una oficina de atenci\u00f3n al usuario.<\/p>\n","protected":false},"excerpt":{"rendered":"<p>Membership of research groups 2023-2025: Principal Investigator&nbsp;of GReLA (Grup de Recerca en Ling\u00fc\u00edstica Anglesa). Consolidated research group (2021SGR 0684). Funding: 40,000\u20ac.&nbsp; 2001-2022:&nbsp;Member of CIEN (Comunicaci\u00f3 Intercultural i Estrat\u00e8gies de Negociaci\u00f3). PI: Dr. Melissa G. Moyer (Department of English and German, UAB) https:\/\/grupsderecerca.uab.cat\/cien\/en &#8211; consolidated research group&nbsp;(2014-2016\/SGR 1508; 2009-2014\/2009 SGR 1340). 2007- &nbsp; : External&nbsp;expert of [&hellip;]<\/p>\n","protected":false},"author":20,"featured_media":0,"parent":0,"menu_order":0,"comment_status":"closed","ping_status":"closed","template":"","meta":{"footnotes":""},"class_list":["post-18","page","type-page","status-publish","hentry"],"_links":{"self":[{"href":"https:\/\/webs.uab.cat\/evacodo\/wp-json\/wp\/v2\/pages\/18","targetHints":{"allow":["GET"]}}],"collection":[{"href":"https:\/\/webs.uab.cat\/evacodo\/wp-json\/wp\/v2\/pages"}],"about":[{"href":"https:\/\/webs.uab.cat\/evacodo\/wp-json\/wp\/v2\/types\/page"}],"author":[{"embeddable":true,"href":"https:\/\/webs.uab.cat\/evacodo\/wp-json\/wp\/v2\/users\/20"}],"replies":[{"embeddable":true,"href":"https:\/\/webs.uab.cat\/evacodo\/wp-json\/wp\/v2\/comments?post=18"}],"version-history":[{"count":7,"href":"https:\/\/webs.uab.cat\/evacodo\/wp-json\/wp\/v2\/pages\/18\/revisions"}],"predecessor-version":[{"id":127,"href":"https:\/\/webs.uab.cat\/evacodo\/wp-json\/wp\/v2\/pages\/18\/revisions\/127"}],"wp:attachment":[{"href":"https:\/\/webs.uab.cat\/evacodo\/wp-json\/wp\/v2\/media?parent=18"}],"curies":[{"name":"wp","href":"https:\/\/api.w.org\/{rel}","templated":true}]}}