{"id":130,"date":"2026-03-14T09:51:30","date_gmt":"2026-03-14T07:51:30","guid":{"rendered":"https:\/\/webs.uab.cat\/evanfe\/?page_id=130"},"modified":"2026-03-14T10:18:14","modified_gmt":"2026-03-14T08:18:14","slug":"project-highlights","status":"publish","type":"page","link":"https:\/\/webs.uab.cat\/evanfe\/project-highlights\/","title":{"rendered":"Highlights"},"content":{"rendered":"\n<p>&#8220;Las cr\u00f3nicas dominicas en el taller de imprenta: estrategias editoriales en el mundo moderno&#8221; (Dominican chronicles in the print workshop: editorial strategies in the early modern world), Ateneu Universitari Sant Paci\u00e0, Barcelona. Symposium, 27 January 2026.<\/p>\n\n\n\n<p>&#8220;Nuevas tendencias historiogr\u00e1ficas para el estudio de las \u00f3rdenes religiosas III&#8221; (New historiographical trends in the study of religious orders III),\u00a0\u00a0Ateneu Universitari Sant Paci\u00e0, Barcelona. Symposium, 25 November 2025.<\/p>\n\n\n\n<p>&#8220;Nuevas tendencias historiogr\u00e1ficas para el estudio de las \u00f3rdenes religiosas II&#8221; (New historiographical trends in the study of religious orders II),\u00a0\u00a0Ateneu Universitari Sant Paci\u00e0, Barcelona. Symposium, 27 November 2024.<\/p>\n\n\n\n<p>&#8220;Missioni domenicane nell&#8217;et\u00e0 moderna&#8221; (Dominican missions in the early modern period),\u00a0Institutum Historicum Ordinis Praedicatorum,\u00a0Roma. Symposium, 11 June 2024.<\/p>\n","protected":false},"excerpt":{"rendered":"<p>&#8220;Las cr\u00f3nicas dominicas en el taller de imprenta: estrategias editoriales en el mundo moderno&#8221; (Dominican chronicles in the print workshop: editorial strategies in the early modern world), Ateneu Universitari Sant Paci\u00e0, Barcelona. Symposium, 27 January 2026. &#8220;Nuevas tendencias historiogr\u00e1ficas para el estudio de las \u00f3rdenes religiosas III&#8221; (New historiographical trends in the study of religious [&hellip;]<\/p>\n","protected":false},"author":33,"featured_media":0,"parent":0,"menu_order":5,"comment_status":"closed","ping_status":"closed","template":"","meta":{"footnotes":""},"class_list":["post-130","page","type-page","status-publish","hentry"],"_links":{"self":[{"href":"https:\/\/webs.uab.cat\/evanfe\/wp-json\/wp\/v2\/pages\/130","targetHints":{"allow":["GET"]}}],"collection":[{"href":"https:\/\/webs.uab.cat\/evanfe\/wp-json\/wp\/v2\/pages"}],"about":[{"href":"https:\/\/webs.uab.cat\/evanfe\/wp-json\/wp\/v2\/types\/page"}],"author":[{"embeddable":true,"href":"https:\/\/webs.uab.cat\/evanfe\/wp-json\/wp\/v2\/users\/33"}],"replies":[{"embeddable":true,"href":"https:\/\/webs.uab.cat\/evanfe\/wp-json\/wp\/v2\/comments?post=130"}],"version-history":[{"count":6,"href":"https:\/\/webs.uab.cat\/evanfe\/wp-json\/wp\/v2\/pages\/130\/revisions"}],"predecessor-version":[{"id":138,"href":"https:\/\/webs.uab.cat\/evanfe\/wp-json\/wp\/v2\/pages\/130\/revisions\/138"}],"wp:attachment":[{"href":"https:\/\/webs.uab.cat\/evanfe\/wp-json\/wp\/v2\/media?parent=130"}],"curies":[{"name":"wp","href":"https:\/\/api.w.org\/{rel}","templated":true}]}}