{"id":53,"date":"2025-08-06T08:27:43","date_gmt":"2025-08-06T06:27:43","guid":{"rendered":"https:\/\/webs.uab.cat\/evanfe\/?page_id=53"},"modified":"2026-03-14T10:01:07","modified_gmt":"2026-03-14T08:01:07","slug":"sponsorship","status":"publish","type":"page","link":"https:\/\/webs.uab.cat\/evanfe\/sponsorship\/","title":{"rendered":"Funding"},"content":{"rendered":"\n<p class=\"has-large-font-size\"><strong>Funding<\/strong><\/p>\n\n\n\n<figure class=\"wp-block-image size-large\"><img loading=\"lazy\" decoding=\"async\" width=\"1024\" height=\"198\" src=\"https:\/\/webs.uab.cat\/evanfe\/wp-content\/uploads\/sites\/627\/2025\/08\/MICIUCofinanciadoAEI-1024x198.jpg\" alt=\"\" class=\"wp-image-64\" srcset=\"https:\/\/webs.uab.cat\/evanfe\/wp-content\/uploads\/sites\/627\/2025\/08\/MICIUCofinanciadoAEI-1024x198.jpg 1024w, https:\/\/webs.uab.cat\/evanfe\/wp-content\/uploads\/sites\/627\/2025\/08\/MICIUCofinanciadoAEI-300x58.jpg 300w, https:\/\/webs.uab.cat\/evanfe\/wp-content\/uploads\/sites\/627\/2025\/08\/MICIUCofinanciadoAEI-768x149.jpg 768w, https:\/\/webs.uab.cat\/evanfe\/wp-content\/uploads\/sites\/627\/2025\/08\/MICIUCofinanciadoAEI-1536x298.jpg 1536w, https:\/\/webs.uab.cat\/evanfe\/wp-content\/uploads\/sites\/627\/2025\/08\/MICIUCofinanciadoAEI-2048x397.jpg 2048w, https:\/\/webs.uab.cat\/evanfe\/wp-content\/uploads\/sites\/627\/2025\/08\/MICIUCofinanciadoAEI-1200x233.jpg 1200w, https:\/\/webs.uab.cat\/evanfe\/wp-content\/uploads\/sites\/627\/2025\/08\/MICIUCofinanciadoAEI-1980x384.jpg 1980w\" sizes=\"auto, (max-width: 1024px) 100vw, 1024px\" \/><\/figure>\n\n\n\n<p class=\"has-normal-font-size\">Ministerio de Ciencia, Innovaci\u00f3n y Universidades, Agencia Estatal de Investigaci\u00f3n, Spain. Grant <em>PID2023-146272NB-I00 <\/em>funded by MICIU\/AEI\/ 10.13039\/501100011033 and by the European Union NextGenerationEU\/PRTR.\u00a0<\/p>\n\n\n\n<p><\/p>\n\n\n\n<p class=\"has-large-font-size\"><strong>Partnership<\/strong><\/p>\n\n\n\n<p class=\"has-normal-font-size\"><a href=\"https:\/\/webs.uab.cat\/ceac\/\">Centro de Estudios de la Am\u00e9rica Colonial<\/a> (CEAC), Universitat Aut\u00f2noma de Barcelona<\/p>\n\n\n\n<p class=\"has-normal-font-size\"><a href=\"https:\/\/webs.uab.cat\/grehc\/\">Grup de Recerca d&#8217;Estudis d&#8217;Hist\u00f2ria Cultural<\/a> (GREHC), Universitat Aut\u00f2noma de Barcelona<\/p>\n\n\n\n<p class=\"has-normal-font-size\"><a href=\"https:\/\/institutohistorico.dominicos.org\/en\/\">Instituto Hist\u00f3rico de la Provincia Dominicana de Hispania<\/a><\/p>\n","protected":false},"excerpt":{"rendered":"<p>Funding Ministerio de Ciencia, Innovaci\u00f3n y Universidades, Agencia Estatal de Investigaci\u00f3n, Spain. Grant PID2023-146272NB-I00 funded by MICIU\/AEI\/ 10.13039\/501100011033 and by the European Union NextGenerationEU\/PRTR.\u00a0 Partnership Centro de Estudios de la Am\u00e9rica Colonial (CEAC), Universitat Aut\u00f2noma de Barcelona Grup de Recerca d&#8217;Estudis d&#8217;Hist\u00f2ria Cultural (GREHC), Universitat Aut\u00f2noma de Barcelona Instituto Hist\u00f3rico de la Provincia Dominicana de [&hellip;]<\/p>\n","protected":false},"author":33,"featured_media":0,"parent":0,"menu_order":6,"comment_status":"closed","ping_status":"closed","template":"","meta":{"footnotes":""},"class_list":["post-53","page","type-page","status-publish","hentry"],"_links":{"self":[{"href":"https:\/\/webs.uab.cat\/evanfe\/wp-json\/wp\/v2\/pages\/53","targetHints":{"allow":["GET"]}}],"collection":[{"href":"https:\/\/webs.uab.cat\/evanfe\/wp-json\/wp\/v2\/pages"}],"about":[{"href":"https:\/\/webs.uab.cat\/evanfe\/wp-json\/wp\/v2\/types\/page"}],"author":[{"embeddable":true,"href":"https:\/\/webs.uab.cat\/evanfe\/wp-json\/wp\/v2\/users\/33"}],"replies":[{"embeddable":true,"href":"https:\/\/webs.uab.cat\/evanfe\/wp-json\/wp\/v2\/comments?post=53"}],"version-history":[{"count":6,"href":"https:\/\/webs.uab.cat\/evanfe\/wp-json\/wp\/v2\/pages\/53\/revisions"}],"predecessor-version":[{"id":118,"href":"https:\/\/webs.uab.cat\/evanfe\/wp-json\/wp\/v2\/pages\/53\/revisions\/118"}],"wp:attachment":[{"href":"https:\/\/webs.uab.cat\/evanfe\/wp-json\/wp\/v2\/media?parent=53"}],"curies":[{"name":"wp","href":"https:\/\/api.w.org\/{rel}","templated":true}]}}