{"id":8,"date":"2025-02-12T16:07:46","date_gmt":"2025-02-12T14:07:46","guid":{"rendered":"https:\/\/webs.uab.cat\/evanfe\/?page_id=8"},"modified":"2026-03-16T20:37:54","modified_gmt":"2026-03-16T18:37:54","slug":"equipo","status":"publish","type":"page","link":"https:\/\/webs.uab.cat\/evanfe\/equipo\/","title":{"rendered":"Project Team"},"content":{"rendered":"\n<p class=\"has-large-font-size\"><strong>Project <\/strong><strong>Investigators<\/strong><\/p>\n\n\n\n<div class=\"wp-block-group\"><div class=\"wp-block-group__inner-container is-layout-constrained wp-block-group-is-layout-constrained\">\n<p class=\"has-normal-font-size\"><a href=\"https:\/\/orcid.org\/0000-0001-7830-9460\"><img loading=\"lazy\" decoding=\"async\" width=\"72\" height=\"72\" class=\"wp-image-45\" style=\"width: 20px\" src=\"https:\/\/webs.uab.cat\/evanfe\/wp-content\/uploads\/sites\/627\/2025\/08\/image.png\" alt=\"\"><\/a> Jos\u00e9 Luis Betr\u00e1n, PI, Universitat Aut\u00f2noma de Barcelona<\/p>\n\n\n\n<p class=\"has-normal-font-size\"><a href=\"https:\/\/orcid.org\/0000-0001-7014-4956\"><img loading=\"lazy\" decoding=\"async\" width=\"72\" height=\"72\" class=\"wp-image-45\" style=\"width: 20px\" src=\"https:\/\/webs.uab.cat\/evanfe\/wp-content\/uploads\/sites\/627\/2025\/08\/image.png\" alt=\"\"><\/a> Bernat Hern\u00e1ndez, PI, Universitat Aut\u00f2noma de Barcelona<\/p>\n\n\n\n<p class=\"has-normal-font-size\"><\/p>\n\n\n\n<p class=\"has-large-font-size\"><strong>Research Team<\/strong><\/p>\n\n\n\n<p class=\"has-normal-font-size\"><a href=\"https:\/\/orcid.org\/0000-0001-7593-4930\"><img loading=\"lazy\" decoding=\"async\" width=\"72\" height=\"72\" class=\"wp-image-45\" style=\"width: 20px\" src=\"https:\/\/webs.uab.cat\/evanfe\/wp-content\/uploads\/sites\/627\/2025\/08\/image.png\" alt=\"\"><\/a> Marcos Aceituno, Ateneu Universitari Sant Paci\u00e0<\/p>\n\n\n\n<p class=\"has-normal-font-size\"><a href=\"https:\/\/orcid.org\/0000-0002-1070-7419\"><img loading=\"lazy\" decoding=\"async\" width=\"72\" height=\"72\" class=\"wp-image-45\" style=\"width: 20px\" src=\"https:\/\/webs.uab.cat\/evanfe\/wp-content\/uploads\/sites\/627\/2025\/08\/image.png\" alt=\"\"><\/a> Alfonso Calder\u00f3n, Universitat de Lleida<\/p>\n\n\n\n<p class=\"has-normal-font-size\"><a href=\"https:\/\/orcid.org\/0000-0003-1845-1179\"><img loading=\"lazy\" decoding=\"async\" width=\"72\" height=\"72\" class=\"wp-image-45\" style=\"width: 20px\" src=\"https:\/\/webs.uab.cat\/evanfe\/wp-content\/uploads\/sites\/627\/2025\/08\/image.png\" alt=\"\"><\/a> Emilio Callado, Universidad CEU Cardenal Herrera<\/p>\n\n\n\n<p class=\"has-normal-font-size\"><a href=\"https:\/\/orcid.org\/0000-0002-7818-5039\"><img loading=\"lazy\" decoding=\"async\" width=\"72\" height=\"72\" class=\"wp-image-45\" style=\"width: 20px\" src=\"https:\/\/webs.uab.cat\/evanfe\/wp-content\/uploads\/sites\/627\/2025\/08\/image.png\" alt=\"\"><\/a> Chiao-In Chen, Universitat Aut\u00f2noma de Barcelona<\/p>\n\n\n\n<p class=\"has-normal-font-size\"><a href=\"https:\/\/orcid.org\/0000-0002-1124-3070\"><img loading=\"lazy\" decoding=\"async\" width=\"72\" height=\"72\" class=\"wp-image-45\" style=\"width: 20px\" src=\"https:\/\/webs.uab.cat\/evanfe\/wp-content\/uploads\/sites\/627\/2025\/08\/image.png\" alt=\"\"><\/a> Dominik Jurczak, Universitat Aut\u00f2noma de Barcelona &#8211; Pontificia Universit\u00e0 di San Tommasso d&#8217;Aquino, Italy<\/p>\n\n\n\n<p class=\"has-normal-font-size\"><a href=\"https:\/\/orcid.org\/0000-0003-3432-1083\"><img loading=\"lazy\" decoding=\"async\" width=\"72\" height=\"72\" class=\"wp-image-45\" style=\"width: 20px\" src=\"https:\/\/webs.uab.cat\/evanfe\/wp-content\/uploads\/sites\/627\/2025\/08\/image.png\" alt=\"\"><\/a> Alejandro J. L\u00f3pez-Ribao, Universitat Aut\u00f2noma de Barcelona &#8211; Ateneu Universitari Sant Paci\u00e0<\/p>\n\n\n\n<p class=\"has-normal-font-size\"><a href=\"https:\/\/orcid.org\/0000-0002-6760-9596\"><img loading=\"lazy\" decoding=\"async\" width=\"72\" height=\"72\" class=\"wp-image-45\" style=\"width: 20px\" src=\"https:\/\/webs.uab.cat\/evanfe\/wp-content\/uploads\/sites\/627\/2025\/08\/image.png\" alt=\"\"><\/a> Miguel Anxo Pena, Universidad Pontificia de Salamanca<\/p>\n\n\n\n<p class=\"has-normal-font-size\"><a href=\"https:\/\/orcid.org\/0000-0003-3179-0423\"><img loading=\"lazy\" decoding=\"async\" width=\"72\" height=\"72\" class=\"wp-image-45\" style=\"width: 20px\" src=\"https:\/\/webs.uab.cat\/evanfe\/wp-content\/uploads\/sites\/627\/2025\/08\/image.png\" alt=\"\"><\/a> Davinia Rodr\u00edguez, Universidad P\u00fablica de Navarra<\/p>\n\n\n\n<p class=\"has-normal-font-size\"><a href=\"https:\/\/orcid.org\/0000-0001-5212-0694\"><img loading=\"lazy\" decoding=\"async\" width=\"72\" height=\"72\" class=\"wp-image-45\" style=\"width: 20px\" src=\"https:\/\/webs.uab.cat\/evanfe\/wp-content\/uploads\/sites\/627\/2025\/08\/image.png\" alt=\"\"><\/a> Pilar Valor, Universidad CEU Cardenal Herrera<\/p>\n<\/div><\/div>\n\n\n\n<p><\/p>\n\n\n\n<p class=\"has-large-font-size\"><strong>Project Team<\/strong><\/p>\n\n\n\n<p class=\"has-normal-font-size\"><a href=\"https:\/\/orcid.org\/0000-0001-9399-6692\"><img loading=\"lazy\" decoding=\"async\" width=\"72\" height=\"72\" class=\"wp-image-45\" style=\"width: 20px\" src=\"https:\/\/webs.uab.cat\/evanfe\/wp-content\/uploads\/sites\/627\/2025\/08\/image.png\" alt=\"\"><\/a> Carlos Blanco, Universitat Rovira i Virgili<\/p>\n\n\n\n<p class=\"has-normal-font-size\"><a href=\"https:\/\/orcid.org\/0009-0002-4894-5743\"><img loading=\"lazy\" decoding=\"async\" width=\"72\" height=\"72\" class=\"wp-image-45\" style=\"width: 20px\" src=\"https:\/\/webs.uab.cat\/evanfe\/wp-content\/uploads\/sites\/627\/2025\/08\/image.png\" alt=\"\"><\/a> Claudio Ubaldo Cortoni, Pontificio Ateneo Sant&#8217;Anselmo, Italy<\/p>\n\n\n\n<p class=\"has-normal-font-size\"><a href=\"https:\/\/orcid.org\/0000-0002-5901-930X\"><img loading=\"lazy\" decoding=\"async\" width=\"72\" height=\"72\" class=\"wp-image-45\" style=\"width: 20px\" src=\"https:\/\/webs.uab.cat\/evanfe\/wp-content\/uploads\/sites\/627\/2025\/08\/image.png\" alt=\"\"><\/a> Antonio Do\u00f1as, Sophia University, Japan<\/p>\n\n\n\n<p class=\"has-normal-font-size\"><a href=\"https:\/\/orcid.org\/0000-0001-9801-124X\"><img loading=\"lazy\" decoding=\"async\" width=\"72\" height=\"72\" class=\"wp-image-45\" style=\"width: 20px\" src=\"https:\/\/webs.uab.cat\/evanfe\/wp-content\/uploads\/sites\/627\/2025\/08\/image.png\" alt=\"\"><\/a> Sylvie Duval, Universit\u00e0 di Bologna, Italy<\/p>\n\n\n\n<p class=\"has-normal-font-size\"><a href=\"https:\/\/orcid.org\/0009-0004-7001-7948\"><img loading=\"lazy\" decoding=\"async\" width=\"72\" height=\"72\" class=\"wp-image-45\" style=\"width: 20px\" src=\"https:\/\/webs.uab.cat\/evanfe\/wp-content\/uploads\/sites\/627\/2025\/08\/image.png\" alt=\"\"><\/a> Arturo Galindo, Universitat Aut\u00f2noma de Barcelona<\/p>\n\n\n\n<p class=\"has-normal-font-size\"><strong><img loading=\"lazy\" decoding=\"async\" width=\"72\" height=\"72\" class=\"wp-image-45\" style=\"width: 20px\" src=\"https:\/\/webs.uab.cat\/evanfe\/wp-content\/uploads\/sites\/627\/2025\/08\/image.png\" alt=\"\"> <\/strong>Isabel Harley, Universit\u00e9 Catholique de Louvain, Belgium<\/p>\n\n\n\n<p class=\"has-normal-font-size\"><a href=\"https:\/\/orcid.org\/0000-0003-2905-083X\"><img loading=\"lazy\" decoding=\"async\" width=\"72\" height=\"72\" class=\"wp-image-45\" style=\"width: 20px\" src=\"https:\/\/webs.uab.cat\/evanfe\/wp-content\/uploads\/sites\/627\/2025\/08\/image.png\" alt=\"\"><\/a> Zhicang Huang, Sun Yat-sen University, China<\/p>\n\n\n\n<p class=\"has-normal-font-size\"><a href=\"https:\/\/orcid.org\/0000-0002-8609-425X\"><img loading=\"lazy\" decoding=\"async\" width=\"72\" height=\"72\" class=\"wp-image-45\" style=\"width: 20px\" src=\"https:\/\/webs.uab.cat\/evanfe\/wp-content\/uploads\/sites\/627\/2025\/08\/image.png\" alt=\"\"><\/a> Wen-Chin Li, Tamkang University, Taiwan<\/p>\n\n\n\n<p class=\"has-normal-font-size\"><a href=\"https:\/\/orcid.org\/0000-0002-5858-2985\"><img loading=\"lazy\" decoding=\"async\" width=\"72\" height=\"72\" class=\"wp-image-45\" style=\"width: 20px\" src=\"https:\/\/webs.uab.cat\/evanfe\/wp-content\/uploads\/sites\/627\/2025\/08\/image.png\" alt=\"\"><\/a> Santiago Lugo, Universitat Aut\u00f2noma de Barcelona<\/p>\n\n\n\n<p class=\"has-normal-font-size\"><a href=\"https:\/\/orcid.org\/0009-0009-9084-6205\"><img loading=\"lazy\" decoding=\"async\" width=\"72\" height=\"72\" class=\"wp-image-45\" style=\"width: 20px\" src=\"https:\/\/webs.uab.cat\/evanfe\/wp-content\/uploads\/sites\/627\/2025\/08\/image.png\" alt=\"\"><\/a> Dar\u00edo Redolat-Berges, Universitat Aut\u00f2noma de Barcelona<\/p>\n\n\n\n<p class=\"has-normal-font-size\"><a href=\"https:\/\/orcid.org\/0000-0001-6219-5825\"><img loading=\"lazy\" decoding=\"async\" width=\"72\" height=\"72\" class=\"wp-image-45\" style=\"width: 20px\" src=\"https:\/\/webs.uab.cat\/evanfe\/wp-content\/uploads\/sites\/627\/2025\/08\/image.png\" alt=\"\"><\/a> Jean-No\u00ebl S\u00e1nchez, Universit\u00e9 d&#8217;Strasbourg, France<\/p>\n\n\n\n<p class=\"has-normal-font-size\"><a href=\"https:\/\/orcid.org\/0000-0002-5087-4932\"><img loading=\"lazy\" decoding=\"async\" width=\"72\" height=\"72\" class=\"wp-image-45\" style=\"width: 20px\" src=\"https:\/\/webs.uab.cat\/evanfe\/wp-content\/uploads\/sites\/627\/2025\/08\/image.png\" alt=\"\"><\/a> Carla Tronu, Tokyo Institute of Technology, Japan<\/p>\n\n\n\n<p class=\"has-normal-font-size\"><a href=\"https:\/\/orcid.org\/0009-0008-4033-866X\"><img loading=\"lazy\" decoding=\"async\" width=\"72\" height=\"72\" class=\"wp-image-45\" style=\"width: 20px\" src=\"https:\/\/webs.uab.cat\/evanfe\/wp-content\/uploads\/sites\/627\/2025\/08\/image.png\" alt=\"\"><\/a> Mar\u00eda Elena Valiente y L\u00f3pez de Bri\u00f1as, CESAG &#8211; Universidad Pontificia de Comillas<\/p>\n\n\n\n<p class=\"has-normal-font-size\"><a href=\"https:\/\/orcid.org\/0000-0001-9703-1433\" target=\"_blank\" rel=\"noreferrer noopener\"><img loading=\"lazy\" decoding=\"async\" width=\"72\" height=\"72\" class=\"wp-image-45\" style=\"width: 20px\" src=\"https:\/\/webs.uab.cat\/evanfe\/wp-content\/uploads\/sites\/627\/2025\/08\/image.png\" alt=\"\"><\/a> Concepci\u00f3n Zayas , Benem\u00e9rita Universidad Aut\u00f3noma de Puebla, M\u00e9xico<\/p>\n\n\n\n<p class=\"has-normal-font-size\"><\/p>\n","protected":false},"excerpt":{"rendered":"<p>Project Investigators Jos\u00e9 Luis Betr\u00e1n, PI, Universitat Aut\u00f2noma de Barcelona Bernat Hern\u00e1ndez, PI, Universitat Aut\u00f2noma de Barcelona Research Team Marcos Aceituno, Ateneu Universitari Sant Paci\u00e0 Alfonso Calder\u00f3n, Universitat de Lleida Emilio Callado, Universidad CEU Cardenal Herrera Chiao-In Chen, Universitat Aut\u00f2noma de Barcelona Dominik Jurczak, Universitat Aut\u00f2noma de Barcelona &#8211; Pontificia Universit\u00e0 di San Tommasso d&#8217;Aquino, [&hellip;]<\/p>\n","protected":false},"author":33,"featured_media":0,"parent":0,"menu_order":1,"comment_status":"closed","ping_status":"closed","template":"","meta":{"footnotes":""},"class_list":["post-8","page","type-page","status-publish","hentry"],"_links":{"self":[{"href":"https:\/\/webs.uab.cat\/evanfe\/wp-json\/wp\/v2\/pages\/8","targetHints":{"allow":["GET"]}}],"collection":[{"href":"https:\/\/webs.uab.cat\/evanfe\/wp-json\/wp\/v2\/pages"}],"about":[{"href":"https:\/\/webs.uab.cat\/evanfe\/wp-json\/wp\/v2\/types\/page"}],"author":[{"embeddable":true,"href":"https:\/\/webs.uab.cat\/evanfe\/wp-json\/wp\/v2\/users\/33"}],"replies":[{"embeddable":true,"href":"https:\/\/webs.uab.cat\/evanfe\/wp-json\/wp\/v2\/comments?post=8"}],"version-history":[{"count":27,"href":"https:\/\/webs.uab.cat\/evanfe\/wp-json\/wp\/v2\/pages\/8\/revisions"}],"predecessor-version":[{"id":168,"href":"https:\/\/webs.uab.cat\/evanfe\/wp-json\/wp\/v2\/pages\/8\/revisions\/168"}],"wp:attachment":[{"href":"https:\/\/webs.uab.cat\/evanfe\/wp-json\/wp\/v2\/media?parent=8"}],"curies":[{"name":"wp","href":"https:\/\/api.w.org\/{rel}","templated":true}]}}