{"id":193,"date":"2010-01-22T11:03:03","date_gmt":"2010-01-22T09:03:03","guid":{"rendered":"https:\/\/webs.uab.cat\/evolgenom\/collaborations\/"},"modified":"2025-02-23T12:15:44","modified_gmt":"2025-02-23T10:15:44","slug":"collaborations","status":"publish","type":"page","link":"https:\/\/webs.uab.cat\/evolgenom\/en\/collaborations\/","title":{"rendered":"Collaborations"},"content":{"rendered":"\n<h2 class=\"wp-block-heading\">Current collaborators<\/h2>\n\n\n<div class=\"wp-block-image\">\n<figure class=\"aligncenter size-large is-resized\"><img loading=\"lazy\" decoding=\"async\" width=\"1024\" height=\"516\" src=\"https:\/\/webs.uab.cat\/evolgenom\/wp-content\/uploads\/sites\/284\/2023\/03\/Screenshot-2023-03-05-at-12-53-22-Aurora-Manuela-Ruiz-Herrera-Moreno-1024x516.png\" alt=\"\" class=\"wp-image-932\" style=\"width:622px;height:313px\" srcset=\"https:\/\/webs.uab.cat\/evolgenom\/wp-content\/uploads\/sites\/284\/2023\/03\/Screenshot-2023-03-05-at-12-53-22-Aurora-Manuela-Ruiz-Herrera-Moreno-1024x516.png 1024w, https:\/\/webs.uab.cat\/evolgenom\/wp-content\/uploads\/sites\/284\/2023\/03\/Screenshot-2023-03-05-at-12-53-22-Aurora-Manuela-Ruiz-Herrera-Moreno-300x151.png 300w, https:\/\/webs.uab.cat\/evolgenom\/wp-content\/uploads\/sites\/284\/2023\/03\/Screenshot-2023-03-05-at-12-53-22-Aurora-Manuela-Ruiz-Herrera-Moreno-768x387.png 768w, https:\/\/webs.uab.cat\/evolgenom\/wp-content\/uploads\/sites\/284\/2023\/03\/Screenshot-2023-03-05-at-12-53-22-Aurora-Manuela-Ruiz-Herrera-Moreno.png 1120w\" sizes=\"auto, (max-width: 1024px) 100vw, 1024px\" \/><\/figure>\n<\/div>\n\n\n<ul class=\"wp-block-list\">\n<li>Paul Waters (The University of New South Wales, Sydney, Australia)<\/li>\n\n\n\n<li>Nicole Valenzuela (Iowa University, EEUU)<\/li>\n\n\n\n<li>Birgitte Regenberg (University of Copenhagen, Denmark)<\/li>\n\n\n\n<li>Marilyn Renfree (University of Melbourne, Victoria, Australia)<\/li>\n\n\n\n<li>Arthur Georges (Canberra University, Australia)<\/li>\n\n\n\n<li>Janine Deakin (Canberra University, Australia)<\/li>\n\n\n\n<li>Marta Farr\u00e9 (Kent University, UK)<\/li>\n\n\n\n<li>Marc Marti-Renom (Centre Nacional d&#8217;An\u00e0lisis Gen\u00f2mic, Barcelona, Spain)<\/li>\n\n\n\n<li>Alberto Pend\u00e1s (CSIC, Salamanca, Spain)<\/li>\n\n\n\n<li>Jes\u00fas Page (Universidad Aut\u00f3noma de Madrid, Spain)<\/li>\n\n\n\n<li>Jose A. Godoy (Estaci\u00f3n Biol\u00f3gica de Do\u00f1ana, Sevilla, Spain)<\/li>\n\n\n\n<li>Nerea Roher (UAB, Barcelona, Spain)<\/li>\n\n\n\n<li>Alex Clop (CRAG, Barcelona, Spain)<\/li>\n\n\n\n<li>Terence J Robinson (University of Stellenbosch, South Africa)<\/li>\n\n\n\n<li>Elena Giulotto (Universit\u00e0 di Pavia, Italy)<\/li>\n<\/ul>\n","protected":false},"excerpt":{"rendered":"<p>Current collaborators<\/p>\n","protected":false},"author":20,"featured_media":0,"parent":0,"menu_order":0,"comment_status":"closed","ping_status":"closed","template":"","meta":{"footnotes":""},"class_list":["post-193","page","type-page","status-publish","hentry"],"_links":{"self":[{"href":"https:\/\/webs.uab.cat\/evolgenom\/en\/wp-json\/wp\/v2\/pages\/193","targetHints":{"allow":["GET"]}}],"collection":[{"href":"https:\/\/webs.uab.cat\/evolgenom\/en\/wp-json\/wp\/v2\/pages"}],"about":[{"href":"https:\/\/webs.uab.cat\/evolgenom\/en\/wp-json\/wp\/v2\/types\/page"}],"author":[{"embeddable":true,"href":"https:\/\/webs.uab.cat\/evolgenom\/en\/wp-json\/wp\/v2\/users\/20"}],"replies":[{"embeddable":true,"href":"https:\/\/webs.uab.cat\/evolgenom\/en\/wp-json\/wp\/v2\/comments?post=193"}],"version-history":[{"count":9,"href":"https:\/\/webs.uab.cat\/evolgenom\/en\/wp-json\/wp\/v2\/pages\/193\/revisions"}],"predecessor-version":[{"id":981,"href":"https:\/\/webs.uab.cat\/evolgenom\/en\/wp-json\/wp\/v2\/pages\/193\/revisions\/981"}],"wp:attachment":[{"href":"https:\/\/webs.uab.cat\/evolgenom\/en\/wp-json\/wp\/v2\/media?parent=193"}],"curies":[{"name":"wp","href":"https:\/\/api.w.org\/{rel}","templated":true}]}}