{"id":746,"date":"2022-11-22T16:56:38","date_gmt":"2022-11-22T14:56:38","guid":{"rendered":"https:\/\/webs.uab.cat\/evolgenom\/?page_id=746"},"modified":"2025-02-23T12:13:39","modified_gmt":"2025-02-23T10:13:39","slug":"publications-2","status":"publish","type":"page","link":"https:\/\/webs.uab.cat\/evolgenom\/en\/publications-2\/","title":{"rendered":"Publications"},"content":{"rendered":"\n<h2 class=\"wp-block-heading\">Journal covers<\/h2>\n\n\n\n<figure class=\"wp-block-gallery has-nested-images columns-default is-cropped wp-block-gallery-1 is-layout-flex wp-block-gallery-is-layout-flex\">\n<figure class=\"wp-block-image size-large\"><img loading=\"lazy\" decoding=\"async\" width=\"197\" height=\"256\" data-id=\"895\" src=\"https:\/\/webs.uab.cat\/evolgenom\/wp-content\/uploads\/sites\/284\/2023\/03\/Cover-cell-report_2019-4.jpg\" alt=\"\" class=\"wp-image-895\" \/><\/figure>\n\n\n\n<figure class=\"wp-block-image size-large\"><img loading=\"lazy\" decoding=\"async\" width=\"591\" height=\"768\" data-id=\"908\" src=\"https:\/\/webs.uab.cat\/evolgenom\/wp-content\/uploads\/sites\/284\/2023\/03\/cover_FINAL.tif_-1.jpg\" alt=\"\" class=\"wp-image-908\" srcset=\"https:\/\/webs.uab.cat\/evolgenom\/wp-content\/uploads\/sites\/284\/2023\/03\/cover_FINAL.tif_-1.jpg 591w, https:\/\/webs.uab.cat\/evolgenom\/wp-content\/uploads\/sites\/284\/2023\/03\/cover_FINAL.tif_-1-231x300.jpg 231w\" sizes=\"auto, (max-width: 591px) 100vw, 591px\" \/><\/figure>\n\n\n\n<figure class=\"wp-block-image size-large\"><img loading=\"lazy\" decoding=\"async\" width=\"197\" height=\"256\" data-id=\"903\" src=\"https:\/\/webs.uab.cat\/evolgenom\/wp-content\/uploads\/sites\/284\/2023\/03\/Cover-TiG_2021-3.jpg\" alt=\"\" class=\"wp-image-903\" \/><\/figure>\n<\/figure>\n\n\n\n<p>Full list of publictions: <a href=\"https:\/\/www.ncbi.nlm.nih.gov\/myncbi\/aurora.ruiz-herrera.1\/bibliography\/public\/\">https:\/\/www.ncbi.nlm.nih.gov\/myncbi\/aurora.ruiz-herrera.1\/bibliography\/public\/<\/a><\/p>\n\n\n\n<h2 class=\"wp-block-heading\">2025<\/h2>\n\n\n\n<p>G. Pujol, L. Mar\u00edn-Gual, L. Gonz\u00e1lez-Rodelas, F. Chauvign\u00e9, J. Cerd\u00e0, M. Teles, N. Roher, A Ruiz-Herrera. Short-term polystyrene nanoplastic exposure alters zebrafish male and female germ line and reproductive outcomes, unveiling pollutant-impacted molecular pathways. Journal of Hazardous Materials 481, 136529 (2025). DOI: <a href=\"https:\/\/doi.org\/10.1016\/j.jhazmat.2024.136529\" target=\"_blank\" rel=\"noreferrer noopener\">https:\/\/doi.org\/10.1016\/j.jhazmat.2024.136529<\/a><\/p>\n\n\n\n<p>G. Arrey, X. Liang, Y. Qin, L. \u00c1lvarez-Gonz\u00e1lez, M.C. T\u00fcmmler, J. Ma, S. Holt, P. Han, Y. Luo, A. Ruiz-Herrera, H. Pilegaard, B. Regenberg.Atlas of eccDNA reveals protection of age-dependent transcription-induced eccDNA by intron and isoform gene densities.<strong> <\/strong>Nature Communications, 16:1872 (2025). DOI: 10.1038\/s41467-025-57042-y<\/p>\n\n\n\n<p>M. Coul\u00e9e, C. Gob\u00e9, M. Blanco, A. de la Iglesia, C. Lapoujade, C. Ialy-Radio, L. Alvarez-Gonzalez, A. Ruiz-Herrera, G. Meurice, P. Fouchet, J. Cocquet, L. El Khattabi. Chromatin Environment-Dependent Effects of DOT1L on Gene Expression in Male Germ Cells. Communication Biology, 8:138 (2025). DOI: 10.1038\/s42003-024-07393-x<\/p>\n\n\n\n<p>L. \u00c1lvarez-Gonz\u00e1lez &amp; A Ruiz-Herrera. Evolution of 3D Chromatin Folding. Annual Review of Animal Biosciences, 13(1):49-71 (2025). DOI:<a href=\"https:\/\/doi.org\/10.1146\/annurev-animal-111523-102233\" target=\"_blank\" rel=\"noreferrer noopener\">10.1146\/annurev-animal-111523-102233<\/a><\/p>\n\n\n\n<h2 class=\"wp-block-heading\">2024<\/h2>\n\n\n\n<p>Carlos Vargas-Chavez, Lisandra Benitez-Alvarez, Gemma I Martinez-Redondo, Lucia Alvarez-Gonzalez, Judit Salces-Ortiz, Klara Eleftheriadi, Nuria Escudero, Nadege Guiglielmoni, Jean-Francois Flot, Marta Novo, Aurora Ruiz-Herrera, Aoife McLysaght, Rosa Fernandez. Preprint: https:\/\/www.biorxiv.org\/content\/10.1101\/2024.05.16.594344v1<\/p>\n\n\n\n<p>C. J. Hogg, R. J. Edwards, K. A. Farquharson, L. W. Silver, P. Brandies, E. Peel, M. Escalona, F. R. Jaya, R. Thavornkanlapachai, K. Batley, T. M. Bradford, J. K. Chang, Z. Chen, N. Deshpande, M. Dziminski, K. M. Ewart, O. W. Griffith, L. Marin-Gual, K. L. Moon, K. J. Travouillon, P. Waters, C. M. Whittington, M. R. Wilkins, K. M. Helgen, N. Lo, S. Y. W. Ho, A. Ruiz Herrera, R. Paltridge, J. A. M. Graves, M. Renfree, B. Shapiro, K. Ottewell, K. Rangers, K. Belov. Extant and extinct bilby genomes combined with Indigenous knowledge improve conservation of a unique Australian marsupial. Nature Ecology and Evolution 8, 311\u20131326 (2024). DOI: <a href=\"https:\/\/doi.org\/10.1038\/s41559-024-02436-2\">10.1038\/s41559-024-02436-2<\/a><\/p>\n\n\n\n<p>B. Bista<sup>#<\/sup>, L. Gonz\u00e1lez-Rodelas<sup>#<\/sup>, L. \u00c1lvarez-Gonz\u00e1lez, Z.Q. Wu, E.E. Montiel, L.S. Lee, D.B. Badenhorst, S. Radhakrishnan, R. Literman, B. Navarro-Rodriguez, J.B. Iverson, A. Ruiz-Herrera*, N. Valenzuela*.De novo genome assemblies of two cryptodiran turtles with ZZ\/ZW and XX\/XY sex chromosomes provide insights into patterns of genome reshuffling and uncover novel 3D genome folding in amniotes. Genome Research 34(10):1553-1569, 2024. DOI: doi\/10.1101\/gr.279443.124<\/p>\n\n\n\n<p>C. Mar\u00edn-Garcia, L. \u00c1lvarez-Gonz\u00e1lez, S. Casillas, L. Mar\u00edn-Gual, J. Pic\u00f3n, K. Yam, M. Garcias-Ramis, C. Vara, J. Ventura, A. Ruiz-Herrera. Multiple genomic landscapes of recombination and genomic divergence in wild populations of mouse mice with chromosomal fusions.<strong> <\/strong>Mol Biol Evol 41(4):msae063 (2024). DOI: 10.1093\/molbev\/msae063<\/p>\n\n\n\n<p>A. M. Milton, L. Marin-Gual, B. J. Hanrahan, A. Ruiz-Herrera, P. D. Waters. Imprinted X chromosome inactivation in marsupials: the paternal X arrives at the egg with a silent DNA methylation profile. Proc Natl Acad Sci U S A \u00a0121 (36), e2412185121, (2024). DOI: 10.1073\/pnas.2412185121<\/p>\n\n\n\n<p>N.C. Lister, A.M. Milton, B.J. Hanrahan, H.R. Patel, K.L. McIntyre, W.B. Horspool. A. M. Livernois, S.A. Waters, L. Kian Wee, A. Ruiz-Herrera, P.D. Waters. Incomplete transcriptional dosage compensation of chicken and platypus sex chromosomes is balanced by post-transcriptional compensation. Proc Natl Acad Sci U S A 21(32):e2322360121 (2024). DOI: <a href=\"https:\/\/doi.org\/10.1073\/pnas.2322360121\">doi.org\/10.1073\/pnas.2322360121<\/a><\/p>\n\n\n\n<p>M. Corominas, T. Marqu\u00e8s-Bonet, M. A. Arnedo, M. Bay\u00e9s, J. Belmonte, H. Escriv\u00e0, R. Fern\u00e1ndez, T. Gabald\u00f3n, T. Garnatje, J. Germain, M. Niell, F. Palero, J. Pons, P. Puigdom\u00e8nech, The Catalan Initiative for the Earth BioGenome Project (including A. Ruiz-Herrera), V. Arroyo, C. Cuevas-Caball\u00e9, J. Ferrer Obiol, I. Gut, M. Gut, O. Hidalgo, G. Izquierdo-Ar\u00e0nega, L. P\u00e9rez-Sorribes, E. Righi, M. Riutort, J. Vall\u00e8s, J. Rozas, T. Alioto, R. Guig\u00f3. The Catalan initiative for the Earth BioGenome Project: contributing local data to global biodiversity genomics. NAR Genomics and Bioinformatics 6, lqae075 (2024). DOI:doi.org\/10.1093\/nargab\/lqae075<\/p>\n\n\n\n<p>O. Massafret, M. Barrag\u00e1n, L. \u00c1lvarez, B. Aran, B. Mart\u00edn, A. Esteve, A. Ruiz-Herrera, R. Vassena, E. Iba\u00f1ez, J. Santal\u00f3. The pluripotency state of human Embryonic Stem Cells derived from single blastomeres of eight-cell embryos. Cells &amp; Development 22:203935 (2024). DOI: <a href=\"https:\/\/doi.org\/10.1016\/j.cdev.2024.203935\" target=\"_blank\" rel=\"noreferrer noopener\">doi.org\/10.1016\/j.cdev.2024.203935<\/a><\/p>\n\n\n\n<p>M. Sandoval- Velasco, O. Dudchenko, J. A. Rodr\u00edguez, C. Perez Estrada, M.Dehasque, C. Fontsere1, S. S.T. Mak, V.Plotnikov, R. Khan, D.Weisz, V.G. Contessoto, A.B. Oliveira Junior, A. Kalluchi, S. S. Batra, M. S. Shamim, N.C. Durand, B. O\u2019Connell, R. E. Green, B.Shapiro, A.L. Roca, A. Gnirke, I.Garcia-Trevi\u00f1o, R.Coke, J. P. Flanagan, K. Pletch, A. Ruiz-Herrera, E. S. Lander, J. Rowley, J.N. Onichic, L. Dal\u00e9n, M.A. Marti-Renom, M. T. P. Gilbert, E. Lieberman Aiden. Three-dimensional genome architecture persists in a 52,000-year-old woolly mammoth skin sample.<strong> <\/strong>Cell 187, 3541\u20133562 (2024). DOI: <a href=\"https:\/\/doi.org\/10.1016\/j.cell.2024.06.002\" target=\"_blank\" rel=\"noreferrer noopener\">10.1016\/j.cell.2024.06.002<\/a><\/p>\n\n\n\n<h2 class=\"wp-block-heading\">2023<\/h2>\n\n\n\n<p>S. Alonso-Alonso, A. Esteve-Codina, B. Martin-Mur, L. \u00c1lvarez-Gonz\u00e1lez, A. Ruiz-Herrera J. Santal\u00f3, E. Ib\u00e1\u00f1ez. Blastomeres of 8-cell mouse embryos differ in their ability to generate stem cells and produce lines with different transcriptional signatures. Frontiers in Cell and Developmental Biology 11:1274660 (2023) doi: 10.3389\/fcell.2023.1274660<\/p>\n\n\n\n<p>P.D. Waters, J.A.M. Graves, S.L. Whiteley, A. Georges, A. Ruiz-Herrera. The three dimensions of thermolabile sex determination. Bioessays 45 (2), 2200123. DOI: 10.1002\/bies.202200123<\/p>\n\n\n\n<p>Francisco Javier Valero-Regal\u00f3n, Mireia Sol\u00e9, Pablo L\u00f3pez-Jim\u00e9nez, Mar\u00eda Valerio-de Arana, Marta Mart\u00edn-Ruiz, Roberto de la Fuente, Laia Mar\u00edn-Gual, Marilyn B Renfree, Geoff Shaw, Soledad Berr\u00eds, Raul Fern\u00e1ndez-Donoso, Paul D Waters, Aurora Ruiz-Herrera, Rocio G\u00f3mez, Jesus Page. <a href=\"https:\/\/www.biorxiv.org\/content\/10.1101\/2023.02.13.527877.abstract\">Divergent patterns of meiotic double strand breaks and synapsis initiation dynamics suggest an evolutionary shift in the meiosis program between American and Australian marsupials<\/a>. Frontiers in Cell and Developmental Biology 11:1147610<\/p>\n\n\n\n<h2 class=\"wp-block-heading\">2022<\/h2>\n\n\n\n<p>Luc\u00eda \u00c1lvarez-Gonz\u00e1lez, Cristina Arias-Sard\u00e1, Laia Montes-Espu\u00f1a, Laia Mar\u00edn-Gual, Covadonga Vara, Nicholas C Lister, Yasmina Cuartero, Francisca Garcia, Janine Deakin, Marilyn B Renfree, Terence J Robinson, Marc A Mart\u00ed-Renom, Paul D Waters, Marta Farr\u00e9, Aurora Ruiz-Herrera. <a href=\"https:\/\/www.sciencedirect.com\/science\/article\/pii\/S2211124722017314\">Principles of 3D chromosome folding and evolutionary genome reshuffling in mammals<\/a>. Cell Reports 41, 111839. <a href=\"https:\/\/doi.org\/10.1016\/j.celrep.2022.111839\" target=\"_blank\" rel=\"noreferrer noopener\">https:\/\/doi.org\/10.1016\/j.celrep.2022.111839<\/a><\/p>\n\n\n\n<p>Luc\u00eda \u00c1lvarez-Gonz\u00e1lez, Frances Burden, Dadakhalandar Doddamani, Roberto Malinverni, Emma Leach, Cristina Mar\u00edn-Garc\u00eda, Laia Mar\u00edn-Gual, Albert Gubern, Covadonga Vara, Andreu Paytuv\u00ed-Gallart, Marcus Buschbeck, Peter JI Ellis, Marta Farr\u00e9, Aurora Ruiz-Herrera.<a href=\"https:\/\/www.nature.com\/articles\/s41467-022-30296-6\">3D chromatin remodelling in the germ line modulates genome evolutionary plasticity<\/a>. Nature Communications 13 (2608). https:\/\/www.nature.com\/articles\/s41467-022-30296-6<\/p>\n\n\n\n<p>Aurora Ruiz-Herrera, Paul D Waters. <a href=\"https:\/\/www.nature.com\/articles\/s41437-022-00532-2\">Fragile, unfaithful and persistent Ys\u2014on how meiosis can shape sex chromosome evolution<\/a>. Heredity 129 (1), 22-30. https:\/\/www.nature.com\/articles\/s41437-022-00532-2<\/p>\n\n\n\n<p>Laia Mar\u00edn-Gual, Laura Gonz\u00e1lez-Rodelas, Gala Pujol, Covadonga Vara, Marta Mart\u00edn-Ruiz, Soledad Berr\u00edos, Ra\u00fal Fern\u00e1ndez-Donoso, Andrew Pask, Marilyn B Renfree, Jes\u00fas Page, Paul D Waters, Aurora Ruiz-Herrera. <a href=\"https:\/\/journals.plos.org\/plosgenetics\/article?id=10.1371\/journal.pgen.1010040\">Strategies for meiotic sex chromosome dynamics and telomeric elongation in Marsupials<\/a>. PLoS Genetics 18 (2), e1010040. <a href=\"https:\/\/doi.org\/10.1371\/journal.pgen.1010040\">https:\/\/doi.org\/10.1371\/journal.pgen.1010040<\/a><\/p>\n\n\n\n<p>Covadonga Vara, Aurora Ruiz-Herrera. <a href=\"https:\/\/www.sciencedirect.com\/science\/article\/pii\/S0168952521002912\">Unpacking chromatin remodelling in germ cells: implications for development and evolution<\/a>. Trends in Genetics, 38(5), pp. 422\u2013425. <a href=\"https:\/\/doi.org\/10.1016\/j.tig.2021.10.007\" target=\"_blank\" rel=\"noreferrer noopener\">https:\/\/doi.org\/10.1016\/j.tig.2021.10.007<\/a><\/p>\n\n\n\n<h2 class=\"wp-block-heading\">2021<\/h2>\n\n\n\n<p>Paul D Waters, Hardip R Patel, Aurora Ruiz-Herrera, Luc\u00eda \u00c1lvarez-Gonz\u00e1lez, Nicholas C Lister, Oleg Simakov, Tariq Ezaz, Parwinder Kaur, Celine Frere, Frank Gr\u00fctzner, Arthur Georges, Jennifer A Marshall Graves. <a href=\"https:\/\/www.pnas.org\/doi\/abs\/10.1073\/pnas.2112494118\">Microchromosomes are building blocks of bird, reptile, and mammal chromosomes<\/a>. Proceedings of the National Academy of Sciences 118 (45), e2112494118. <a href=\"https:\/\/doi.org\/10.1073\/pnas.2112494118\">https:\/\/doi.org\/10.1073\/pnas.2112494118<\/a><\/p>\n\n\n\n<p>Covadonga Vara, Andreu Paytuv\u00ed-Gallart, Yasmina Cuartero, Luc\u00eda \u00c1lvarez-Gonz\u00e1lez, Laia Mar\u00edn-Gual, Francisca Garcia, Beatriu Florit-Sabater, Laia Capilla, Rosa Ana Sanch\u00e9z-Guill\u00e9n, Zaida Sarrate, Riccardo Aiese Cigliano, Walter Sanseverino, Jeremy B Searle, Jacint Ventura, Marc A Marti-Renom, Fran\u00e7ois Le Dily, Aurora Ruiz-Herrera. <a href=\"https:\/\/www.nature.com\/articles\/s41467-021-23270-1\">The impact of chromosomal fusions on 3D genome folding and recombination in the germ line<\/a>. Nature communications 12 (1), 2981. https:\/\/www.nature.com\/articles\/s41467-021-23270-1<\/p>\n\n\n\n<p>Terence J Robinson, Halina Cernohorska, Svatava Kubickova, Miluse Vozdova, Petra Musilova, Aurora Ruiz-Herrera.<a href=\"https:\/\/www.nature.com\/articles\/s41598-021-82859-0\">Chromosomal evolution in <em>Raphicerus<\/em> antelope suggests divergent X chromosomes may drive speciation through females, rather than males, contrary to Haldane<\/a>\u2018s rule. Scientific Reports 11 (1), 3152. https:\/\/www.nature.com\/articles\/s41598-021-82859-0<\/p>\n\n\n","protected":false},"excerpt":{"rendered":"<p>Journal covers Full list of publictions: https:\/\/www.ncbi.nlm.nih.gov\/myncbi\/aurora.ruiz-herrera.1\/bibliography\/public\/ 2025 G. Pujol, L. Mar\u00edn-Gual, L. Gonz\u00e1lez-Rodelas, F. Chauvign\u00e9, J. Cerd\u00e0, M. Teles, N. Roher, A Ruiz-Herrera. Short-term polystyrene nanoplastic exposure alters zebrafish male and female germ line and reproductive outcomes, unveiling pollutant-impacted molecular pathways. Journal of Hazardous Materials 481, 136529 (2025). DOI: https:\/\/doi.org\/10.1016\/j.jhazmat.2024.136529 G. Arrey, X. Liang, [&hellip;]<\/p>\n","protected":false},"author":20,"featured_media":0,"parent":0,"menu_order":0,"comment_status":"closed","ping_status":"closed","template":"","meta":{"footnotes":""},"class_list":["post-746","page","type-page","status-publish","hentry"],"_links":{"self":[{"href":"https:\/\/webs.uab.cat\/evolgenom\/en\/wp-json\/wp\/v2\/pages\/746","targetHints":{"allow":["GET"]}}],"collection":[{"href":"https:\/\/webs.uab.cat\/evolgenom\/en\/wp-json\/wp\/v2\/pages"}],"about":[{"href":"https:\/\/webs.uab.cat\/evolgenom\/en\/wp-json\/wp\/v2\/types\/page"}],"author":[{"embeddable":true,"href":"https:\/\/webs.uab.cat\/evolgenom\/en\/wp-json\/wp\/v2\/users\/20"}],"replies":[{"embeddable":true,"href":"https:\/\/webs.uab.cat\/evolgenom\/en\/wp-json\/wp\/v2\/comments?post=746"}],"version-history":[{"count":16,"href":"https:\/\/webs.uab.cat\/evolgenom\/en\/wp-json\/wp\/v2\/pages\/746\/revisions"}],"predecessor-version":[{"id":979,"href":"https:\/\/webs.uab.cat\/evolgenom\/en\/wp-json\/wp\/v2\/pages\/746\/revisions\/979"}],"wp:attachment":[{"href":"https:\/\/webs.uab.cat\/evolgenom\/en\/wp-json\/wp\/v2\/media?parent=746"}],"curies":[{"name":"wp","href":"https:\/\/api.w.org\/{rel}","templated":true}]}}