{"id":197,"date":"2009-05-25T13:07:54","date_gmt":"2009-05-25T11:07:54","guid":{"rendered":"https:\/\/webs.uab.cat\/evolgenom\/inici\/"},"modified":"2023-03-05T14:50:42","modified_gmt":"2023-03-05T12:50:42","slug":"inici","status":"publish","type":"page","link":"https:\/\/webs.uab.cat\/evolgenom\/","title":{"rendered":"Inici"},"content":{"rendered":"\n<p>Understanding how genomes are organized is fundamental to the dynamics of genome composition, evolutionary relationships between species and, in the long run, speciation, providing insights to how biodiversity originates and is maintained. It is our goal to provide a unified and encompassing view of how genomes are organized, regulated and transmitted to the offspring in vertebrates.<\/p>\n\n\n\n<figure class=\"wp-block-image size-large\"><img loading=\"lazy\" decoding=\"async\" width=\"1024\" height=\"827\" src=\"https:\/\/webs.uab.cat\/evolgenom\/wp-content\/uploads\/sites\/284\/2023\/03\/foto_grupo_marzo2023-1024x827.jpg\" alt=\"\" class=\"wp-image-776\" srcset=\"https:\/\/webs.uab.cat\/evolgenom\/wp-content\/uploads\/sites\/284\/2023\/03\/foto_grupo_marzo2023-1024x827.jpg 1024w, https:\/\/webs.uab.cat\/evolgenom\/wp-content\/uploads\/sites\/284\/2023\/03\/foto_grupo_marzo2023-300x242.jpg 300w, https:\/\/webs.uab.cat\/evolgenom\/wp-content\/uploads\/sites\/284\/2023\/03\/foto_grupo_marzo2023-768x621.jpg 768w, https:\/\/webs.uab.cat\/evolgenom\/wp-content\/uploads\/sites\/284\/2023\/03\/foto_grupo_marzo2023-1536x1241.jpg 1536w, https:\/\/webs.uab.cat\/evolgenom\/wp-content\/uploads\/sites\/284\/2023\/03\/foto_grupo_marzo2023-2048x1655.jpg 2048w, https:\/\/webs.uab.cat\/evolgenom\/wp-content\/uploads\/sites\/284\/2023\/03\/foto_grupo_marzo2023-1200x970.jpg 1200w, https:\/\/webs.uab.cat\/evolgenom\/wp-content\/uploads\/sites\/284\/2023\/03\/foto_grupo_marzo2023-1980x1600.jpg 1980w\" sizes=\"auto, (max-width: 1024px) 100vw, 1024px\" \/><figcaption>March 2023<\/figcaption><\/figure>\n\n\n\n<ul class=\"wp-block-list\"><li><strong>Aurora Ruiz-Herrera Moreno<\/strong>&#8211; Principal Investigator and Associate Professor (<a href=\"mailto:aurora.ruizherrera@uab.cat\">aurora.ruizherrera@uab.cat<\/a>)<\/li><li><strong>Luc\u00eda \u00c1lvarez Gonz\u00e1lez<\/strong>\u00a0\u2013 PhD student<\/li><li><strong>Laia Mar\u00edn Gual\u00a0<\/strong>\u2013\u00a0PhD student<\/li><li><strong>Cristina Mar\u00edn Garc\u00eda\u00a0<\/strong>\u2013\u00a0PhD student<\/li><li><strong>Gala Pujol\u00a0<\/strong>\u2013 PhD student<\/li><li><strong>Laura Gonzalez\u00a0<\/strong>\u2013 PhD student<\/li><li><strong>Irene Alfonso\u00a0<\/strong>\u2013 MSc\u00a0student<\/li><li><strong>Sara Cuesta\u00a0<\/strong>\u2013 Research Intership<\/li><li><strong>Clara G\u00e1mez\u00a0<\/strong>\u2013 Research Intership<\/li><li><strong>Prof. Nicole Valenzuela <\/strong>&#8211; Visiting researcher, Iowa University (EEUU)<\/li><li><strong>Dr. Camila do Nascimento Moreira<\/strong> \u2013 Visiting researcher, Universidade Estadual Paulista (Brazil)<\/li><\/ul>\n\n\n\n<h2 class=\"wp-block-heading\">Alumni<\/h2>\n\n\n\n<ul class=\"wp-block-list\"><li><strong>Covadonga Vara<\/strong>, PhD student (2015-2020)<\/li><li><strong>Andreu Paytuv\u00ed<\/strong>, PhD student (2015-2020)<\/li><li><strong>Laia Capilla<\/strong>, PhD student (2010-2015), MSc student (2009-2010)<\/li><li><strong>Rita Reig,<\/strong> PhD student (2009-2014), MSc student (2009-2010)<\/li><li><strong>Marta Farr\u00e9<\/strong>, PhD student (2008-2012)<\/li><li><strong>Albert Gubern<\/strong>, MSc student (2021-2022)<\/li><li><strong>Keren E. Yam Duarte<\/strong>, MSc student (2021-2022)<\/li><li><strong>Gala Pujol<\/strong>, MSc student (2020-2021)<\/li><li><strong>Judit Pic\u00f3n<\/strong>, MSc student (2020-2021)<\/li><li><strong>Laura Gonz\u00e1lez<\/strong>, MSc student (2019-2020)<\/li><li><strong>Laia Mar\u00edn<\/strong>, MSc student (2018-2019)<\/li><li><strong>Ainoa Justicia<\/strong>, MSc student (2018-2019)<\/li><li><strong>Dale Abrahams<\/strong>, MSc student (2016-2018). Stellenbosch University (SA)<\/li><li><strong>Beatriu Florit<\/strong>, MSc student (2017-2018)<\/li><li><strong>Judit Salv\u00e0<\/strong>, MSc student (2017-2018)<\/li><li><strong>Judith Bello<\/strong>, MSc student (2016-2017)<\/li><li><strong>Adri\u00e0 Hern\u00e1ndez,<\/strong> MSc student (2014-2015)<\/li><li><strong>Ver\u00f3nica Olmos<\/strong>, MSc student (2014-2015)<\/li><li><strong>Marta Andres,<\/strong> MSc student (2013-2014)<\/li><li><strong>Jonathan Fern\u00e1ndez,<\/strong> MSc student (2013-2014)<\/li><li><strong>Marta Vila<\/strong>, MSc student (2012-2013), Research intership (2011)<\/li><li><strong>Joana Segura<\/strong>, MSc student (2011-2012), Research intership (2010)<\/li><li><strong>Anna Ullastres<\/strong>, MSc student (2011-2012)<\/li><li><strong>Lidia Anguiano<\/strong>, MSc student (2011-2012)<\/li><li><strong>Sarai Pacheco<\/strong>, MSc student (2009-2010)<\/li><\/ul>\n","protected":false},"excerpt":{"rendered":"<p>Understanding how genomes are organized is fundamental to the dynamics of genome composition, evolutionary relationships between species and, in the long run, speciation, providing insights to how biodiversity originates and is maintained. It is our goal to provide a unified and encompassing view of how genomes are organized, regulated and transmitted to the offspring in [&hellip;]<\/p>\n","protected":false},"author":20,"featured_media":0,"parent":0,"menu_order":0,"comment_status":"closed","ping_status":"closed","template":"","meta":{"footnotes":""},"class_list":["post-197","page","type-page","status-publish","hentry"],"_links":{"self":[{"href":"https:\/\/webs.uab.cat\/evolgenom\/wp-json\/wp\/v2\/pages\/197","targetHints":{"allow":["GET"]}}],"collection":[{"href":"https:\/\/webs.uab.cat\/evolgenom\/wp-json\/wp\/v2\/pages"}],"about":[{"href":"https:\/\/webs.uab.cat\/evolgenom\/wp-json\/wp\/v2\/types\/page"}],"author":[{"embeddable":true,"href":"https:\/\/webs.uab.cat\/evolgenom\/wp-json\/wp\/v2\/users\/20"}],"replies":[{"embeddable":true,"href":"https:\/\/webs.uab.cat\/evolgenom\/wp-json\/wp\/v2\/comments?post=197"}],"version-history":[{"count":9,"href":"https:\/\/webs.uab.cat\/evolgenom\/wp-json\/wp\/v2\/pages\/197\/revisions"}],"predecessor-version":[{"id":937,"href":"https:\/\/webs.uab.cat\/evolgenom\/wp-json\/wp\/v2\/pages\/197\/revisions\/937"}],"wp:attachment":[{"href":"https:\/\/webs.uab.cat\/evolgenom\/wp-json\/wp\/v2\/media?parent=197"}],"curies":[{"name":"wp","href":"https:\/\/api.w.org\/{rel}","templated":true}]}}