{"id":749,"date":"2022-11-22T16:56:38","date_gmt":"2022-11-22T14:56:38","guid":{"rendered":"https:\/\/webs.uab.cat\/evolgenom\/publications-2\/"},"modified":"2023-03-05T12:13:27","modified_gmt":"2023-03-05T10:13:27","slug":"publications-2","status":"publish","type":"page","link":"https:\/\/webs.uab.cat\/evolgenom\/publications-2\/","title":{"rendered":"Publicacions"},"content":{"rendered":"\n<h2 class=\"wp-block-heading\">Journal covers<\/h2>\n\n\n\n<div class=\"wp-block-group\"><div class=\"wp-block-group__inner-container is-layout-flow wp-block-group-is-layout-flow\">\n<div class=\"wp-block-columns is-layout-flex wp-container-core-columns-is-layout-9d6595d7 wp-block-columns-is-layout-flex\">\n<div class=\"wp-block-column is-layout-flow wp-block-column-is-layout-flow\"><\/div>\n\n\n\n<div class=\"wp-block-column is-layout-flow wp-block-column-is-layout-flow\"><\/div>\n<\/div>\n<\/div><\/div>\n\n\n\n<div class=\"wp-block-columns is-layout-flex wp-container-core-columns-is-layout-9d6595d7 wp-block-columns-is-layout-flex\">\n<div class=\"wp-block-column is-layout-flow wp-block-column-is-layout-flow\" style=\"flex-basis:100%\">\n<figure class=\"wp-block-gallery has-nested-images columns-default is-cropped wp-block-gallery-1 is-layout-flex wp-block-gallery-is-layout-flex\">\n<figure class=\"wp-block-image size-large\"><img loading=\"lazy\" decoding=\"async\" width=\"197\" height=\"256\" data-id=\"868\" src=\"https:\/\/webs.uab.cat\/evolgenom\/wp-content\/uploads\/sites\/284\/2023\/03\/Cover-cell-report_2019-3.jpg\" alt=\"\" class=\"wp-image-868\" \/><\/figure>\n\n\n\n<figure class=\"wp-block-image size-large\"><img loading=\"lazy\" decoding=\"async\" width=\"591\" height=\"768\" data-id=\"876\" src=\"https:\/\/webs.uab.cat\/evolgenom\/wp-content\/uploads\/sites\/284\/2023\/03\/cover_FINAL.tif_.jpg\" alt=\"\" class=\"wp-image-876\" srcset=\"https:\/\/webs.uab.cat\/evolgenom\/wp-content\/uploads\/sites\/284\/2023\/03\/cover_FINAL.tif_.jpg 591w, https:\/\/webs.uab.cat\/evolgenom\/wp-content\/uploads\/sites\/284\/2023\/03\/cover_FINAL.tif_-231x300.jpg 231w\" sizes=\"auto, (max-width: 591px) 100vw, 591px\" \/><\/figure>\n\n\n\n<figure class=\"wp-block-image size-large\"><img loading=\"lazy\" decoding=\"async\" width=\"197\" height=\"256\" data-id=\"874\" src=\"https:\/\/webs.uab.cat\/evolgenom\/wp-content\/uploads\/sites\/284\/2023\/03\/Cover-TiG_2021-2.jpg\" alt=\"\" class=\"wp-image-874\" \/><\/figure>\n<\/figure>\n<\/div>\n<\/div>\n\n\n\n<h2 class=\"wp-block-heading\">2023<\/h2>\n\n\n\n<p>2023. PD. Waters, J.A.M. Graves, S.L. Whiteley, A. Georges, A. Ruiz-Herrera.  The three dimensions of thermolabile sex determination. Bioessays 45 (2), 2200123. DOI: 10.1002\/bies.202200123<\/p>\n\n\n\n<p>2023. Nicholas C Lister, Ashley M Milton, Hardip R Patel, Shafagh Waters, Benjamin J Hanrahan, Kim L McIntyre, Alexandra M Livernois, Lee Kian Wee, Alessa R Ringel, Stefan Mundlos, Michael I Robson, Linda Shearwin-Whyatt, Frank Grutzner, Jennifer A Marshall Graves, Aurora Ruiz-Herrera, Paul D Waters. <a href=\"https:\/\/www.biorxiv.org\/content\/10.1101\/2023.02.23.529605.abstract\">Incomplete transcriptional dosage compensation of vertebrate sex chromosomes is balanced by post-transcriptional compensation.<\/a> https:\/\/www.biorxiv.org\/content\/10.1101\/2023.02.23.529605v1.abstract<\/p>\n\n\n\n<p>2023. Francisco Javier Valero-Regal\u00f3n, Mireia Sol\u00e9, Pablo L\u00f3pez-Jim\u00e9nez, Mar\u00eda Valerio-de Arana, Marta Mart\u00edn-Ruiz, Roberto de la Fuente, Laia Mar\u00edn-Gual, Marilyn B Renfree, Geoff Shaw, Soledad Berr\u00eds, Raul Fern\u00e1ndez-Donoso, Paul D Waters, Aurora Ruiz-Herrera, Rocio G\u00f3mez, Jesus Page. <a href=\"https:\/\/www.biorxiv.org\/content\/10.1101\/2023.02.13.527877.abstract\">Divergent patterns of meiotic double strand breaks and synapsis initiation dynamics suggest an evolutionary shift in the meiosis program between American and Australian marsupials<\/a>. https:\/\/www.biorxiv.org\/content\/10.1101\/2023.02.13.527877v1.abstract<\/p>\n\n\n\n<h2 class=\"wp-block-heading\">2022<\/h2>\n\n\n\n<p>2022. Luc\u00eda \u00c1lvarez-Gonz\u00e1lez, Cristina Arias-Sard\u00e1, Laia Montes-Espu\u00f1a, Laia Mar\u00edn-Gual, Covadonga Vara, Nicholas C Lister, Yasmina Cuartero, Francisca Garcia, Janine Deakin, Marilyn B Renfree, Terence J Robinson, Marc A Mart\u00ed-Renom, Paul D Waters, Marta Farr\u00e9, Aurora Ruiz-Herrera. <a href=\"https:\/\/www.sciencedirect.com\/science\/article\/pii\/S2211124722017314\">Principles of 3D chromosome folding and evolutionary genome reshuffling in mammals<\/a>. Cell Reports 41, 111839. <a rel=\"noreferrer noopener\" href=\"https:\/\/doi.org\/10.1016\/j.celrep.2022.111839\" target=\"_blank\">https:\/\/doi.org\/10.1016\/j.celrep.2022.111839<\/a><\/p>\n\n\n\n<p>2022. Luc\u00eda \u00c1lvarez-Gonz\u00e1lez, Frances Burden, Dadakhalandar Doddamani, Roberto Malinverni, Emma Leach, Cristina Mar\u00edn-Garc\u00eda, Laia Mar\u00edn-Gual, Albert Gubern, Covadonga Vara, Andreu Paytuv\u00ed-Gallart, Marcus Buschbeck, Peter JI Ellis, Marta Farr\u00e9, Aurora Ruiz-Herrera.<a href=\"https:\/\/www.nature.com\/articles\/s41467-022-30296-6\">3D chromatin remodelling in the germ line modulates genome evolutionary plasticity<\/a>. Nature Communications 13 (2608). https:\/\/www.nature.com\/articles\/s41467-022-30296-6<\/p>\n\n\n\n<p>2022. Aurora Ruiz-Herrera, Paul D Waters. <a href=\"https:\/\/www.nature.com\/articles\/s41437-022-00532-2\">Fragile, unfaithful and persistent Ys\u2014on how meiosis can shape sex chromosome evolution<\/a>. Heredity 129 (1), 22-30. https:\/\/www.nature.com\/articles\/s41437-022-00532-2<\/p>\n\n\n\n<p>2022. Laia Mar\u00edn-Gual, Laura Gonz\u00e1lez-Rodelas, Gala Pujol, Covadonga Vara, Marta Mart\u00edn-Ruiz, Soledad Berr\u00edos, Ra\u00fal Fern\u00e1ndez-Donoso, Andrew Pask, Marilyn B Renfree, Jes\u00fas Page, Paul D Waters, Aurora Ruiz-Herrera. <a href=\"https:\/\/journals.plos.org\/plosgenetics\/article?id=10.1371\/journal.pgen.1010040\">Strategies for meiotic sex chromosome dynamics and telomeric elongation in Marsupials<\/a>. PLoS Genetics 18 (2), e1010040. <a href=\"https:\/\/doi.org\/10.1371\/journal.pgen.1010040\">https:\/\/doi.org\/10.1371\/journal.pgen.1010040<\/a><\/p>\n\n\n\n<p>2022. Covadonga Vara, Aurora Ruiz-Herrera. <a href=\"https:\/\/www.sciencedirect.com\/science\/article\/pii\/S0168952521002912\">Unpacking chromatin remodelling in germ cells: implications for development and evolution<\/a>. Trends in Genetics, 38(5), pp. 422\u2013425. <a rel=\"noreferrer noopener\" href=\"https:\/\/doi.org\/10.1016\/j.tig.2021.10.007\" target=\"_blank\">https:\/\/doi.org\/10.1016\/j.tig.2021.10.007<\/a><\/p>\n\n\n\n<h2 class=\"wp-block-heading\">2021<\/h2>\n\n\n\n<p>2021. Paul D Waters, Hardip R Patel, Aurora Ruiz-Herrera, Luc\u00eda \u00c1lvarez-Gonz\u00e1lez, Nicholas C Lister, Oleg Simakov, Tariq Ezaz, Parwinder Kaur, Celine Frere, Frank Gr\u00fctzner, Arthur Georges, Jennifer A Marshall Graves. <a href=\"https:\/\/www.pnas.org\/doi\/abs\/10.1073\/pnas.2112494118\">Microchromosomes are building blocks of bird, reptile, and mammal chromosomes<\/a>. Proceedings of the National Academy of Sciences 118 (45), e2112494118. <a href=\"https:\/\/doi.org\/10.1073\/pnas.2112494118\">https:\/\/doi.org\/10.1073\/pnas.2112494118<\/a><\/p>\n\n\n\n<p>2021. Covadonga Vara, Andreu Paytuv\u00ed-Gallart, Yasmina Cuartero, Luc\u00eda \u00c1lvarez-Gonz\u00e1lez, Laia Mar\u00edn-Gual, Francisca Garcia, Beatriu Florit-Sabater, Laia Capilla, Rosa Ana Sanch\u00e9z-Guill\u00e9n, Zaida Sarrate, Riccardo Aiese Cigliano, Walter Sanseverino, Jeremy B Searle, Jacint Ventura, Marc A Marti-Renom, Fran\u00e7ois Le Dily, Aurora Ruiz-Herrera. <a href=\"https:\/\/www.nature.com\/articles\/s41467-021-23270-1\">The impact of chromosomal fusions on 3D genome folding and recombination in the germ line<\/a>. Nature communications 12 (1), 2981. https:\/\/www.nature.com\/articles\/s41467-021-23270-1<\/p>\n\n\n\n<p>2021. Terence J Robinson, Halina Cernohorska, Svatava Kubickova, Miluse Vozdova, Petra Musilova, Aurora Ruiz-Herrera.<a href=\"https:\/\/www.nature.com\/articles\/s41598-021-82859-0\">Chromosomal evolution in <em>Raphicerus<\/em> antelope suggests divergent X chromosomes may drive speciation through females, rather than males, contrary to Haldane<\/a>&#8216;s rule. Scientific Reports 11 (1), 3152. https:\/\/www.nature.com\/articles\/s41598-021-82859-0<\/p>\n\n\n","protected":false},"excerpt":{"rendered":"<p>Journal covers 2023 2023. PD. Waters, J.A.M. Graves, S.L. Whiteley, A. Georges, A. Ruiz-Herrera. The three dimensions of thermolabile sex determination. Bioessays 45 (2), 2200123. DOI: 10.1002\/bies.202200123 2023. Nicholas C Lister, Ashley M Milton, Hardip R Patel, Shafagh Waters, Benjamin J Hanrahan, Kim L McIntyre, Alexandra M Livernois, Lee Kian Wee, Alessa R Ringel, Stefan [&hellip;]<\/p>\n","protected":false},"author":20,"featured_media":0,"parent":0,"menu_order":0,"comment_status":"closed","ping_status":"closed","template":"","meta":{"footnotes":""},"class_list":["post-749","page","type-page","status-publish","hentry"],"_links":{"self":[{"href":"https:\/\/webs.uab.cat\/evolgenom\/wp-json\/wp\/v2\/pages\/749","targetHints":{"allow":["GET"]}}],"collection":[{"href":"https:\/\/webs.uab.cat\/evolgenom\/wp-json\/wp\/v2\/pages"}],"about":[{"href":"https:\/\/webs.uab.cat\/evolgenom\/wp-json\/wp\/v2\/types\/page"}],"author":[{"embeddable":true,"href":"https:\/\/webs.uab.cat\/evolgenom\/wp-json\/wp\/v2\/users\/20"}],"replies":[{"embeddable":true,"href":"https:\/\/webs.uab.cat\/evolgenom\/wp-json\/wp\/v2\/comments?post=749"}],"version-history":[{"count":17,"href":"https:\/\/webs.uab.cat\/evolgenom\/wp-json\/wp\/v2\/pages\/749\/revisions"}],"predecessor-version":[{"id":879,"href":"https:\/\/webs.uab.cat\/evolgenom\/wp-json\/wp\/v2\/pages\/749\/revisions\/879"}],"wp:attachment":[{"href":"https:\/\/webs.uab.cat\/evolgenom\/wp-json\/wp\/v2\/media?parent=749"}],"curies":[{"name":"wp","href":"https:\/\/api.w.org\/{rel}","templated":true}]}}