{"id":11,"date":"2020-05-11T09:28:29","date_gmt":"2020-05-11T09:28:29","guid":{"rendered":"http:\/\/blogs.uab.cat\/evot\/?page_id=11"},"modified":"2026-04-16T14:54:29","modified_gmt":"2026-04-16T12:54:29","slug":"inici","status":"publish","type":"page","link":"https:\/\/webs.uab.cat\/evot\/","title":{"rendered":"El vot electr\u00f2nic"},"content":{"rendered":"\n<p class=\"has-accent-color has-text-color\"><\/p>\n\n\n\n<div class=\"wp-block-columns alignwide is-layout-flex wp-container-core-columns-is-layout-9d6595d7 wp-block-columns-is-layout-flex\">\n<div class=\"wp-block-column is-layout-flow wp-block-column-is-layout-flow\" style=\"flex-basis:33.33%\">\n<div class=\"wp-block-group has-background has-small-font-size\" style=\"background-color:#ecf8ec\"><div class=\"wp-block-group__inner-container is-layout-flow wp-block-group-is-layout-flow\">\n<p class=\"has-normal-font-size\"><strong>CONTINGUTS<\/strong><br><\/p>\n\n\n\n<div class=\"wp-block-buttons is-layout-flex wp-block-buttons-is-layout-flex\">\n<div class=\"wp-block-button is-style-fill\"><a class=\"wp-block-button__link has-blanc-coco-color has-text-color has-link-color wp-element-button\" href=\"https:\/\/webs.uab.cat\/evot\/\">El vot electr\u00f2nic<\/a><\/div>\n<\/div>\n\n\n\n<ul class=\"wp-block-list has-primary-color has-text-color\">\n<li class=\"has-negre-eben-color has-text-color has-link-color wp-elements-f22143903249d8736c3b4b49701327ea\"><a href=\"https:\/\/webs.uab.cat\/evot\/\"><\/a><a href=\"https:\/\/webs.uab.cat\/evot\/\"><\/a><a href=\"https:\/\/webs.uab.cat\/evot\/\"><\/a><a href=\"https:\/\/webs.uab.cat\/evot\/inici\/evot-a-la-uab\/\">Qu\u00e8 \u00e9s el vot electr\u00f2nic<\/a><\/li>\n\n\n\n<li class=\"has-negre-eben-color has-text-color has-link-color wp-elements-d40bf1d19c62c6fae7a33fa93f1045ae\"><a href=\"https:\/\/webs.uab.cat\/evot\/inici\/que-es-el-vot-electronic\/\">L\u2019eVot a la UAB<\/a><\/li>\n<\/ul>\n\n\n\n<div class=\"wp-block-buttons is-content-justification-left is-layout-flex wp-container-core-buttons-is-layout-fdcfc74e wp-block-buttons-is-layout-flex\">\n<div class=\"wp-block-button is-style-fill\"><a class=\"wp-block-button__link has-blanc-coco-color has-text-color has-link-color wp-element-button\" href=\"https:\/\/webs.uab.cat\/evot\/evot-centres\/\">Gesti\u00f3 als centres<\/a><\/div>\n<\/div>\n\n\n\n<ul class=\"wp-block-list has-primary-color has-text-color\">\n<li class=\"has-negre-eben-color has-text-color has-link-color wp-elements-35db7dca4dcb11f9a6d2bdb598462e59\"><a href=\"https:\/\/webs.uab.cat\/evot\/evot-centres\/organitzacio-i-tasques\/\">Qu\u00e8 cal fer i qui ho fa<\/a><\/li>\n\n\n\n<li class=\"has-negre-eben-color has-text-color has-link-color wp-elements-1ce5166798ffd61769013f9dae2cbab2\"><a href=\"https:\/\/webs.uab.cat\/evot\/evot-centres\/calendari-evot\/\">Calendari electoral<\/a><\/li>\n\n\n\n<li class=\"has-negre-eben-color has-text-color has-link-color wp-elements-4ef16c236de6e3d1d5e44f91c0637ecd\"><a href=\"https:\/\/webs.uab.cat\/evot\/evot-centres\/convocatoria-eleccions\/\">Convocat\u00f2ria d\u2019eleccions<\/a><\/li>\n\n\n\n<li class=\"has-negre-eben-color has-text-color has-link-color wp-elements-37833cfd986be15f1c215ee2254a972f\"><a href=\"https:\/\/webs.uab.cat\/evot\/evot-centres\/junta-electoral-meses-electorals\/\" data-type=\"URL\" data-id=\"https:\/\/webs.uab.cat\/evot\/evot-centres\/junta-electoral-meses-electorals\/\">Junta Electoral i meses electorals electr\u00f2niques<\/a><\/li>\n\n\n\n<li class=\"has-negre-eben-color has-text-color has-link-color wp-elements-e62da76cac808951d36884ad1a80d47f\"><a href=\"https:\/\/webs.uab.cat\/evot\/evot-centres\/la-informacio-als-usuaris\/\">La informaci\u00f3 als usuaris<\/a><br><\/li>\n<\/ul>\n\n\n\n<div class=\"wp-block-buttons is-layout-flex wp-block-buttons-is-layout-flex\">\n<div class=\"wp-block-button is-style-fill\"><a class=\"wp-block-button__link has-blanc-coco-color has-text-color has-link-color wp-element-button\" href=\"https:\/\/webs.uab.cat\/evot\/implementacio-de-dades\/\">Implementaci\u00f3 de dades<\/a><\/div>\n<\/div>\n\n\n\n<ul class=\"wp-block-list has-primary-color has-text-color\">\n<li class=\"has-negre-eben-color has-text-color has-link-color wp-elements-bd004b70374967deea33dc9f8cd30060\"><a href=\"https:\/\/webs.uab.cat\/evot\/implementacio-de-dades\/com-es-fa-el-cens\/\">Com es fa el cens<\/a><\/li>\n\n\n\n<li class=\"has-negre-eben-color has-text-color has-link-color wp-elements-0f50b94a549cb4c7e43612e2a47d45fe\"><a href=\"https:\/\/webs.uab.cat\/evot\/implementacio-de-dades\/com-es-fan-les-candidatures\/\">Com es fan les candidatures<\/a><br><\/li>\n<\/ul>\n\n\n\n<p><\/p>\n\n\n\n<div class=\"wp-block-buttons is-layout-flex wp-container-core-buttons-is-layout-6b4e3324 wp-block-buttons-is-layout-flex\">\n<div class=\"wp-block-button is-style-fill\"><a class=\"wp-block-button__link has-blanc-coco-color has-text-color has-link-color wp-element-button\" href=\"https:\/\/webs.uab.cat\/evot\/eleccions-dins-duna-sessio-dun-organ-de-govern\/\"><strong>votaci\u00f3  dins d\u2019una sessi\u00f3<\/strong><\/a><\/div>\n<\/div>\n\n\n\n<ul class=\"wp-block-list\">\n<li class=\"has-negre-eben-color has-text-color has-link-color wp-elements-a4f719435b5e375d0d6694eb8b1c4beb\"><a href=\"https:\/\/webs.uab.cat\/evot\/eleccions-dins-duna-sessio-dun-organ-de-govern\/\">Votaci\u00f3 per TEAMS dins d\u2019una reuni\u00f3 virtual d\u2019un \u00f2rgan de govern<\/a>.<\/li>\n<\/ul>\n<\/div><\/div>\n<\/div>\n\n\n\n<div class=\"wp-block-column is-layout-flow wp-block-column-is-layout-flow\"><\/div>\n\n\n\n<div class=\"wp-block-column is-layout-flow wp-block-column-is-layout-flow\" style=\"flex-basis:66.66%\">\n<p class=\"has-accent-color has-text-color has-normal-font-size\"><strong>Aquest \u00e9s un espai de recursos, documents i manuals d\u2019ajuda destinat al personal de gesti\u00f3 i d\u2019organitzaci\u00f3 de comicis electorals a la UAB amb el sistema de votaci\u00f3 electr\u00f2nica.<\/strong><\/p>\n\n\n\n<figure class=\"wp-block-image size-full\"><img loading=\"lazy\" decoding=\"async\" width=\"900\" height=\"600\" src=\"https:\/\/webs.uab.cat\/evot\/wp-content\/uploads\/sites\/32\/2026\/04\/imatge.png\" alt=\"\" class=\"wp-image-1829\" srcset=\"https:\/\/webs.uab.cat\/evot\/wp-content\/uploads\/sites\/32\/2026\/04\/imatge.png 900w, https:\/\/webs.uab.cat\/evot\/wp-content\/uploads\/sites\/32\/2026\/04\/imatge-300x200.png 300w, https:\/\/webs.uab.cat\/evot\/wp-content\/uploads\/sites\/32\/2026\/04\/imatge-768x512.png 768w\" sizes=\"auto, (max-width: 900px) 100vw, 900px\" \/><\/figure>\n\n\n\n<p class=\"has-normal-font-size\">La votaci\u00f3 electr\u00f2nica a la UAB es desenvolupa mitjan\u00e7ant una plataforma inform\u00e0tica, comuna a totes les universitats p\u00fabliques de Catalunya, promoguda des de l\u2019<a rel=\"noopener\" href=\"http:\/\/www.acup.cat\/\" target=\"_blank\">ACUP<\/a> i gestionada des del <a rel=\"noopener\" href=\"https:\/\/www.csuc.cat\/ca\/serveis\/vot-electronic-e-vot\" target=\"_blank\">CSUC<\/a>.<\/p>\n\n\n\n<p><\/p>\n\n\n\n<p class=\"has-normal-font-size\">La UAB empra aquest sistema des de l\u2019any 2010 i va ser una de les primeres universitats que el va implementar. <\/p>\n<\/div>\n<\/div>\n\n\n\n<div class=\"wp-block-group alignfull has-verd-tropic-background-color has-background\"><div class=\"wp-block-group__inner-container is-layout-flow wp-block-group-is-layout-flow\">\n<p class=\"has-blanc-coco-color has-text-color\">El <strong><em>Diari Oficial de la Generalitat de Catalunya (DOGC) <\/em><\/strong>va publicar el 13 de mar\u00e7 de 2025 els nous <strong><a href=\"https:\/\/dogc.gencat.cat\/ca\/document-del-dogc\/?documentId=1008844\" target=\"_blank\" rel=\"noreferrer noopener\">Estatuts de la UAB<\/a><\/strong>, que regulen l&#8217;activitat de la Universitat i van entrar en vigor el 14 de mar\u00e7 de 2025.<\/p>\n\n\n\n<p class=\"has-blanc-coco-color has-text-color\"><strong>Les normes referenciades en aquest blog estan en proc\u00e9s de revisi\u00f3 i actualitzaci\u00f3 arran d&#8217;aquests nous estatuts.<\/strong><\/p>\n<\/div><\/div>\n","protected":false},"excerpt":{"rendered":"<p>CONTINGUTS Aquest \u00e9s un espai de recursos, documents i manuals d\u2019ajuda destinat al personal de gesti\u00f3 i d\u2019organitzaci\u00f3 de comicis electorals a la UAB amb el sistema de votaci\u00f3 electr\u00f2nica. La votaci\u00f3 electr\u00f2nica a la UAB es desenvolupa mitjan\u00e7ant una plataforma inform\u00e0tica, comuna a totes les universitats p\u00fabliques de Catalunya, promoguda des de l\u2019ACUP i [&hellip;]<\/p>\n","protected":false},"author":26,"featured_media":0,"parent":0,"menu_order":10,"comment_status":"closed","ping_status":"closed","template":"","meta":{"footnotes":""},"class_list":["post-11","page","type-page","status-publish","hentry"],"_links":{"self":[{"href":"https:\/\/webs.uab.cat\/evot\/wp-json\/wp\/v2\/pages\/11","targetHints":{"allow":["GET"]}}],"collection":[{"href":"https:\/\/webs.uab.cat\/evot\/wp-json\/wp\/v2\/pages"}],"about":[{"href":"https:\/\/webs.uab.cat\/evot\/wp-json\/wp\/v2\/types\/page"}],"author":[{"embeddable":true,"href":"https:\/\/webs.uab.cat\/evot\/wp-json\/wp\/v2\/users\/26"}],"replies":[{"embeddable":true,"href":"https:\/\/webs.uab.cat\/evot\/wp-json\/wp\/v2\/comments?post=11"}],"version-history":[{"count":78,"href":"https:\/\/webs.uab.cat\/evot\/wp-json\/wp\/v2\/pages\/11\/revisions"}],"predecessor-version":[{"id":1846,"href":"https:\/\/webs.uab.cat\/evot\/wp-json\/wp\/v2\/pages\/11\/revisions\/1846"}],"wp:attachment":[{"href":"https:\/\/webs.uab.cat\/evot\/wp-json\/wp\/v2\/media?parent=11"}],"curies":[{"name":"wp","href":"https:\/\/api.w.org\/{rel}","templated":true}]}}